{"id":27217,"date":"2025-09-15T21:59:47","date_gmt":"2025-09-15T21:59:47","guid":{"rendered":"https:\/\/petworld.ma\/?post_type=product&#038;p=27217"},"modified":"2026-03-19T11:09:34","modified_gmt":"2026-03-19T11:09:34","slug":"harnais-easy-p-noir-tailles-m-et-l","status":"publish","type":"product","link":"https:\/\/petworld.ma\/index.php\/produit\/harnais-easy-p-noir-tailles-m-et-l\/","title":{"rendered":"Harnais Easy P Noir (Tailles : M et L)"},"content":{"rendered":"<p>Easy P est un harnais pour chien tr\u00e8s pratique et confortable. Il est \u00e9quip\u00e9 de deux boucles pour l\u2019ajustement de la largeur rapidement et facilement, il s\u2019adaptera parfaitement \u00e0 la corpulence de votre compagnon \u00e0 quatre pattes. Une fois que vous aurez fait les ajustements initiaux, il sera facile \u00e0 porter pour l&rsquo;utilisation quotidienne, gr\u00e2ce \u00e0 la pince \u00e0 pression pratique qui ajuste la fermeture. Rapide \u00e0 utiliser et confortable pour votre petit chien, il est fabriqu\u00e9 en nylon, mat\u00e9riau qui le rend particuli\u00e8rement r\u00e9sistant et robuste, endurant les contraintes du chien dans le temps.<\/p>\n<p>Taille M: A et B = Entre 45 et 63 cm \/\u00a0 Epaisseur=15 mm<\/p>\n<p>Taille L:\u00a0 A et B = Entre 54-78 cm \/ Epaisseur=20 mm<\/p>\n","protected":false},"excerpt":{"rendered":"<p>Harnais pour chien en nylon<br \/>\nSyst\u00e8me de fermeture efficace avec crochet en plastique.<br \/>\nR\u00e9glable, il peut \u00eatre adapt\u00e9 \u00e0 la taille de votre chien<\/p>\n","protected":false},"featured_media":27218,"template":"","meta":{"jetpack_publicize_message":"","jetpack_publicize_feature_enabled":true,"jetpack_social_post_already_shared":true,"jetpack_social_options":{"image_generator_settings":{"template":"highway","default_image_id":0,"font":"","enabled":false},"version":2}},"product_brand":[],"product_cat":[92],"product_tag":[],"class_list":{"0":"post-27217","1":"product","2":"type-product","3":"status-publish","4":"has-post-thumbnail","6":"product_cat-harnais-et-laisses-pour-chien","8":"first","9":"instock","10":"sale","11":"taxable","12":"shipping-taxable","13":"purchasable","14":"product-type-variable"},"supplier_id":5587,"supplier_sku":"","barcode":null,"atum_controlled":true,"out_stock_date":null,"out_stock_threshold":null,"inheritable":true,"inbound_stock":0,"stock_on_hold":0,"sold_today":0,"sales_last_days":0,"reserved_stock":0,"customer_returns":0,"warehouse_damage":0,"lost_in_post":0,"other_logs":0,"out_stock_days":0,"lost_sales":0,"has_location":false,"update_date":"2026-05-13T00:23:00","atum_locations":[],"atum_stock_status":"instock","restock_status":false,"low_stock_amount":"","sales_update_date":"2026-05-13T00:23:00","calc_backorders":null,"jetpack_publicize_connections":[],"jetpack_sharing_enabled":true,"batches":[],"_links":{"self":[{"href":"https:\/\/petworld.ma\/index.php\/wp-json\/wp\/v2\/product\/27217","targetHints":{"allow":["GET"]}}],"collection":[{"href":"https:\/\/petworld.ma\/index.php\/wp-json\/wp\/v2\/product"}],"about":[{"href":"https:\/\/petworld.ma\/index.php\/wp-json\/wp\/v2\/types\/product"}],"wp:featuredmedia":[{"embeddable":true,"href":"https:\/\/petworld.ma\/index.php\/wp-json\/wp\/v2\/media\/27218"}],"wp:attachment":[{"href":"https:\/\/petworld.ma\/index.php\/wp-json\/wp\/v2\/media?parent=27217"}],"wp:term":[{"taxonomy":"product_brand","embeddable":true,"href":"https:\/\/petworld.ma\/index.php\/wp-json\/wp\/v2\/product_brand?post=27217"},{"taxonomy":"product_cat","embeddable":true,"href":"https:\/\/petworld.ma\/index.php\/wp-json\/wp\/v2\/product_cat?post=27217"},{"taxonomy":"product_tag","embeddable":true,"href":"https:\/\/petworld.ma\/index.php\/wp-json\/wp\/v2\/product_tag?post=27217"}],"curies":[{"name":"wp","href":"https:\/\/api.w.org\/{rel}","templated":true}]}}