{"id":27227,"date":"2025-09-15T22:52:20","date_gmt":"2025-09-15T22:52:20","guid":{"rendered":"https:\/\/petworld.ma\/?post_type=product&#038;p=27227"},"modified":"2026-03-15T22:40:22","modified_gmt":"2026-03-15T22:40:22","slug":"brosse-lissante-pour-chien-et-chat-small-medium-large","status":"publish","type":"product","link":"https:\/\/petworld.ma\/index.php\/produit\/brosse-lissante-pour-chien-et-chat-small-medium-large\/","title":{"rendered":"Brosse lissante pour chien et chat (Small | Medium | Large)"},"content":{"rendered":"<div class=\"tab-title\"><strong><span dir=\"auto\">Caract\u00e9ristiques:<\/span><\/strong><\/div>\n<div id=\"Product-content-6-5916251324570\" class=\"collapsible-content collapsible-content--all is-open\">\n<div class=\"collapsible-content__inner rte\">\n<ul>\n<li><span dir=\"auto\">Brosse lissante pour chiens et chats<\/span><\/li>\n<li><span dir=\"auto\">\u00c9limine parfaitement les poils morts du sous-poil de l&rsquo;animal<\/span><\/li>\n<li><span dir=\"auto\">Id\u00e9al pour les animaux \u00e0 poils moyens et longs<\/span><\/li>\n<li><span dir=\"auto\">Petit peigne inclus dans le paquet<\/span><\/li>\n<\/ul>\n<\/div>\n<\/div>\n<div class=\"tab-title\"><strong><span dir=\"auto\">Description:<\/span><\/strong><\/div>\n<div><\/div>\n<div id=\"Product-content-7-5916251324570\" class=\"collapsible-content collapsible-content--all is-open\">\n<div class=\"collapsible-content__inner rte\"><span dir=\"auto\">La brosse est cardeuse pour chats et chiens \u00e0 poils mi-longs et longs. Elle est \u00e9quip\u00e9e de poils courb\u00e9s en acier inoxydable qui \u00e9liminent les poils morts, facilitant ainsi le peignage final de votre animal. Un peigne pratique est \u00e9galement inclus dans l&#8217;emballage.<\/span><\/div>\n<\/div>\n<p><strong>Dimensions<\/strong> :<\/p>\n<p>Small: 15 x 7,3 x h 3,3 cm.<\/p>\n<p>Medium: 16 x 9,8 x h 3,3 cm<\/p>\n<p>Large: 16,5 x 11,4 x h 3,3 cm.<\/p>\n","protected":false},"excerpt":{"rendered":"<p>Caract\u00e9ristiques: Brosse lissante pour chiens et chats \u00c9limine parfaitement les poils morts du sous-poil de l&rsquo;animal Id\u00e9al pour les animaux \u00e0 poils moyens et longs Petit peigne inclus dans le paquet Description: La brosse est cardeuse pour chats et chiens \u00e0 poils mi-longs et longs. Elle est \u00e9quip\u00e9e de poils courb\u00e9s en acier inoxydable qui [&#8230;]\n","protected":false},"featured_media":27233,"template":"","meta":{"jetpack_publicize_message":"","jetpack_publicize_feature_enabled":true,"jetpack_social_post_already_shared":true,"jetpack_social_options":{"image_generator_settings":{"template":"highway","default_image_id":0,"font":"","enabled":false},"version":2}},"product_brand":[],"product_cat":[222,223],"product_tag":[],"class_list":{"0":"post-27227","1":"product","2":"type-product","3":"status-publish","4":"has-post-thumbnail","6":"product_cat-brosses-coupe-griffes","7":"product_cat-brosses-coupe-griffes-hygiene-et-soins","9":"first","10":"instock","11":"taxable","12":"shipping-taxable","13":"purchasable","14":"product-type-variable"},"supplier_id":5592,"supplier_sku":"","barcode":null,"atum_controlled":true,"out_stock_date":null,"out_stock_threshold":null,"inheritable":true,"inbound_stock":0,"stock_on_hold":0,"sold_today":0,"sales_last_days":0,"reserved_stock":0,"customer_returns":0,"warehouse_damage":0,"lost_in_post":0,"other_logs":0,"out_stock_days":0,"lost_sales":0,"has_location":false,"update_date":"2026-05-15T00:00:44","atum_locations":[],"atum_stock_status":"instock","restock_status":false,"low_stock_amount":"","sales_update_date":"2026-05-15T00:00:44","calc_backorders":null,"jetpack_publicize_connections":[],"jetpack_sharing_enabled":true,"batches":[],"_links":{"self":[{"href":"https:\/\/petworld.ma\/index.php\/wp-json\/wp\/v2\/product\/27227","targetHints":{"allow":["GET"]}}],"collection":[{"href":"https:\/\/petworld.ma\/index.php\/wp-json\/wp\/v2\/product"}],"about":[{"href":"https:\/\/petworld.ma\/index.php\/wp-json\/wp\/v2\/types\/product"}],"wp:featuredmedia":[{"embeddable":true,"href":"https:\/\/petworld.ma\/index.php\/wp-json\/wp\/v2\/media\/27233"}],"wp:attachment":[{"href":"https:\/\/petworld.ma\/index.php\/wp-json\/wp\/v2\/media?parent=27227"}],"wp:term":[{"taxonomy":"product_brand","embeddable":true,"href":"https:\/\/petworld.ma\/index.php\/wp-json\/wp\/v2\/product_brand?post=27227"},{"taxonomy":"product_cat","embeddable":true,"href":"https:\/\/petworld.ma\/index.php\/wp-json\/wp\/v2\/product_cat?post=27227"},{"taxonomy":"product_tag","embeddable":true,"href":"https:\/\/petworld.ma\/index.php\/wp-json\/wp\/v2\/product_tag?post=27227"}],"curies":[{"name":"wp","href":"https:\/\/api.w.org\/{rel}","templated":true}]}}