{"id":27253,"date":"2025-09-16T12:38:56","date_gmt":"2025-09-16T12:38:56","guid":{"rendered":"https:\/\/petworld.ma\/?post_type=product&#038;p=27253"},"modified":"2026-04-08T17:13:28","modified_gmt":"2026-04-08T17:13:28","slug":"brit-raw-snack-chat-hair-skin-40g","status":"publish","type":"product","link":"https:\/\/petworld.ma\/index.php\/produit\/brit-raw-snack-chat-hair-skin-40g\/","title":{"rendered":"Brit Raw Snack Chat Hair &amp; Skin 40g"},"content":{"rendered":"<div class=\"box-detail product-wrap\" data-eec-key=\"event\" data-eec-value=\"eec.detail\" data-eec-active=\"\">\n<div data-eec-key=\"ecommerce.detail.actionField.list\" data-eec-value=\"Product detail\" data-eec-active=\"\">\n<div class=\"row\" data-eec-key=\"ecommerce.detail.products[&quot;1086888&quot;]\" data-eec-value=\"{&quot;id&quot;:&quot;1086888&quot;,&quot;name&quot;:&quot;Brit RAW Treat Cat Urinary&quot;,&quot;category&quot;:&quot;Cats\/Snacks&quot;,&quot;brand&quot;:&quot;Brit Care Cat Snack&quot;}\" data-eec-type=\"json\" data-eec-active=\"\">\n<div class=\"col-sm-8\">\n<div class=\"box-detail product-wrap\" data-eec-key=\"event\" data-eec-value=\"eec.detail\" data-eec-active=\"\">\n<div data-eec-key=\"ecommerce.detail.actionField.list\" data-eec-value=\"Product detail\" data-eec-active=\"\">\n<div class=\"row\" data-eec-key=\"ecommerce.detail.products[&quot;1086148&quot;]\" data-eec-value=\"{&quot;id&quot;:&quot;1086148&quot;,&quot;name&quot;:&quot;Brit RAW Treat Cat Hair&amp;Skin&quot;,&quot;category&quot;:&quot;Cats\\\/Snacks&quot;,&quot;brand&quot;:&quot;Brit Care Cat Snack&quot;}\" data-eec-type=\"json\" data-eec-active=\"\">\n<div class=\"col-sm-8\">\n<p class=\"composition\"><strong><span dir=\"auto\">Composition:<\/span><\/strong><\/p>\n<p><span dir=\"auto\">parures de dinde fra\u00eeches (70%), parures de saumon fra\u00eeches (26%), lignocellulose (2%), argousier s\u00e9ch\u00e9 (0,5%), levure hydrolys\u00e9e (0,5%, source d&rsquo;inositol et d&rsquo;acides amin\u00e9s), bact\u00e9ries inactiv\u00e9es et leurs parties (Lactobacillus helveticus HA \u2013 122, 15&#215;109 cellules\/kg).<\/span><\/p>\n<p><strong><span dir=\"auto\">Ingr\u00e9dients analytiques :<\/span><\/strong><\/p>\n<p><span dir=\"auto\">Prot\u00e9ines brutes 43,0 %, mati\u00e8res grasses brutes 37,0 %, fibres brutes 2,5 %, cendres brutes 10,0 %, humidit\u00e9 4,0 %, calcium 3,0 %, phosphore 2,0 %, sodium 1,0 %. Contient des antioxydants naturels : extraits de tocoph\u00e9rols d&rsquo;huile v\u00e9g\u00e9tale (1b306(i)), palmitate d&rsquo;ascorbyle (1b304). Contient des conservateurs approuv\u00e9s par l&rsquo;UE : acide citrique (1a330).<\/span><\/p>\n<p><strong><span dir=\"auto\">\u00c9nergie m\u00e9tabolisable :<\/span><\/strong><\/p>\n<p><span dir=\"auto\">4 960 kcal\/kg.<\/span><\/p>\n<p><strong><span dir=\"auto\">Table d&rsquo;alimentation :<\/span><\/strong><\/p>\n<div class=\"overflow-auto\">\n<p><span dir=\"auto\">Les friandises crues lyophilis\u00e9es sont formul\u00e9es pour compl\u00e9ter, et non remplacer, une alimentation compl\u00e8te et \u00e9quilibr\u00e9e. Servez environ 2 friandises par 1 kg de poids corporel, sans d\u00e9passer 10 % de la ration journali\u00e8re. Si les friandises sont trop grosses pour votre chat, \u00e9miettez-les avant de servir. \u00c9miettez 5 \u00e0 10 friandises sur sa nourriture habituelle en guise d&rsquo;ap\u00e9ritif. Assurez-vous que votre chat ait toujours de l&rsquo;eau fra\u00eeche \u00e0 disposition. Conservez dans un endroit sec et frais, \u00e0 l&rsquo;abri de la lumi\u00e8re directe du soleil. Refermez bien apr\u00e8s ouverture. Voir au dos du sachet la date limite de consommation, le code de lot et le num\u00e9ro d&rsquo;enregistrement du fabricant.<\/span><\/p>\n<\/div>\n<\/div>\n<\/div>\n<\/div>\n<\/div>\n<\/div>\n<\/div>\n<\/div>\n<\/div>\n","protected":false},"excerpt":{"rendered":"<div class=\"hidden-xs\">\n<div class=\"hidden-xs\">\n<p><span dir=\"auto\">Aliment compl\u00e9mentaire pour chats adultes.<\/span><\/p>\n<\/div>\n<div class=\"benefits\"><\/div>\n<div class=\"catalog-wrap\"><\/div>\n<\/div>\n","protected":false},"featured_media":27255,"template":"","meta":{"jetpack_publicize_message":"","jetpack_publicize_feature_enabled":true,"jetpack_social_post_already_shared":true,"jetpack_social_options":{"image_generator_settings":{"template":"highway","default_image_id":0,"font":"","enabled":false},"version":2}},"product_brand":[],"product_cat":[41,238],"product_tag":[],"class_list":{"0":"post-27253","1":"product","2":"type-product","3":"status-publish","4":"has-post-thumbnail","6":"product_cat-friandises-et-pate-pour-chat","7":"product_cat-friandises-secs-chat","9":"first","10":"instock","11":"taxable","12":"shipping-taxable","13":"purchasable","14":"product-type-simple"},"supplier_id":5590,"supplier_sku":"569564","barcode":null,"atum_controlled":true,"out_stock_date":null,"out_stock_threshold":null,"inheritable":false,"inbound_stock":0,"stock_on_hold":0,"sold_today":0,"sales_last_days":0,"reserved_stock":0,"customer_returns":0,"warehouse_damage":0,"lost_in_post":0,"other_logs":0,"out_stock_days":0,"lost_sales":0,"has_location":false,"update_date":"2026-05-12T00:21:28","atum_locations":[],"atum_stock_status":"instock","restock_status":false,"low_stock_amount":5,"sales_update_date":"2026-05-12T00:21:28","calc_backorders":0,"jetpack_publicize_connections":[],"jetpack_sharing_enabled":true,"batches":[{"id":"5368","date_created":"2025-09-16 12:42:59","date_expiry":"2026-09-21 00:00:00","user_id":"2760","batch_number":"britrawtreathairskin210926","location":"","quantity":"10.0000","quantity_available":"0.0000","units":"1","status":"archived","order_ids":"[27455,27734,28847,29096,29269,29614,30587,31970,32179,32599]","supplier":" BRIT","po":{"id":"5326","date_created":"2025-09-16 12:43:07","batch_id":"5368","po_number":"","supplier":" BRIT","cost":null,"regular_price":null,"sale_price":null,"price_margin":null,"price_discount":null}},{"id":"7446","date_created":"2026-02-02 15:23:59","date_expiry":"2027-10-30 00:00:00","user_id":"2760","batch_number":"britrawtreathairskin30102027","location":"","quantity":"10.0000","quantity_available":"6.0000","units":"1","status":"active","order_ids":"[36467,38291,38816,39195]","supplier":"BRIT ","po":{"id":"7381","date_created":"2026-02-02 15:24:00","batch_id":"7446","po_number":"","supplier":"BRIT ","cost":null,"regular_price":null,"sale_price":null,"price_margin":null,"price_discount":null}}],"_links":{"self":[{"href":"https:\/\/petworld.ma\/index.php\/wp-json\/wp\/v2\/product\/27253","targetHints":{"allow":["GET"]}}],"collection":[{"href":"https:\/\/petworld.ma\/index.php\/wp-json\/wp\/v2\/product"}],"about":[{"href":"https:\/\/petworld.ma\/index.php\/wp-json\/wp\/v2\/types\/product"}],"wp:featuredmedia":[{"embeddable":true,"href":"https:\/\/petworld.ma\/index.php\/wp-json\/wp\/v2\/media\/27255"}],"wp:attachment":[{"href":"https:\/\/petworld.ma\/index.php\/wp-json\/wp\/v2\/media?parent=27253"}],"wp:term":[{"taxonomy":"product_brand","embeddable":true,"href":"https:\/\/petworld.ma\/index.php\/wp-json\/wp\/v2\/product_brand?post=27253"},{"taxonomy":"product_cat","embeddable":true,"href":"https:\/\/petworld.ma\/index.php\/wp-json\/wp\/v2\/product_cat?post=27253"},{"taxonomy":"product_tag","embeddable":true,"href":"https:\/\/petworld.ma\/index.php\/wp-json\/wp\/v2\/product_tag?post=27253"}],"curies":[{"name":"wp","href":"https:\/\/api.w.org\/{rel}","templated":true}]}}