{"id":27259,"date":"2025-09-16T13:00:24","date_gmt":"2025-09-16T13:00:24","guid":{"rendered":"https:\/\/petworld.ma\/?post_type=product&#038;p=27259"},"modified":"2026-02-14T17:20:22","modified_gmt":"2026-02-14T17:20:22","slug":"jouet-afp-meta-ball-a-presser-et-a-rapporter","status":"publish","type":"product","link":"https:\/\/petworld.ma\/index.php\/produit\/jouet-afp-meta-ball-a-presser-et-a-rapporter\/","title":{"rendered":"Jouet AFP Meta Ball \u00e0 Presser et \u00e0 Rapporter"},"content":{"rendered":"<div class=\"mb-2\">\n<div id=\"shopify-section-template--16172118278356__product-content\" class=\"shopify-section shopify-section--product-content\">\n<section class=\"container\">\n<div id=\"product-8578059829460-content\" class=\"product-content anchor\">\n<div id=\"product-8578059829460-tabs\" class=\"product-content__tabs anchor\">\n<div class=\"product-tabs\">\n<div class=\"product-tabs__content\">\n<div id=\"block-template--16172118278356__product-content-description\" class=\"product-tabs__tab-item-wrapper\">\n<div class=\"product-tabs__tab-item-content rte\">\n<h3><strong style=\"color: #555555;font-size: 14.4px\"><span dir=\"auto\">All For Paws (AFP) Meta Ball | Jouet dentaire couineur \u00e0 m\u00e2cher pour chiens (6,3 x 6,3 x 6,3 cm)<\/span><\/strong><\/h3>\n<div class=\"product-block\">\n<div class=\"rte\">\n<p><span dir=\"auto\">Amusez votre chien et favorisez sa sant\u00e9 bucco-dentaire avec la Meta Ball All For Paws (AFP) ! Ce jouet \u00e0 m\u00e2cher durable est fabriqu\u00e9 en TPR, un mat\u00e9riau \u00e0 la fois r\u00e9sistant et doux. Ses stries et ses picots aident \u00e0 nettoyer les dents et \u00e0 pr\u00e9venir la formation de plaque et de tartre. Le couineur int\u00e9gr\u00e9 ajoute une touche d&rsquo;amusement suppl\u00e9mentaire, encourageant le jeu et les s\u00e9ances de mastication. Mesurant 6,3 x 6,3 x 6,3 cm, sa taille est id\u00e9ale pour que les chiens s&rsquo;amusent tout en pr\u00e9servant leur hygi\u00e8ne bucco-dentaire. Un incontournable pour les chiots joueurs et leurs ma\u00eetres !<\/span><\/p>\n<p><strong><span dir=\"auto\">Caract\u00e9ristiques principales :<\/span><\/strong><\/p>\n<ul>\n<li><strong><span dir=\"auto\">Avantages pour la sant\u00e9 dentaire :<\/span><\/strong>\u00a0<span dir=\"auto\">\u00a0les cr\u00eates et les bosses nettoient les dents, r\u00e9duisant ainsi l\u2019accumulation de plaque et de tartre.<\/span><\/li>\n<li><strong><span dir=\"auto\">Mat\u00e9riau TPR durable :<\/span><\/strong>\u00a0<span dir=\"auto\">\u00a0suffisamment r\u00e9sistant pour les m\u00e2cheurs forts mais doux pour les dents et les gencives.<\/span><\/li>\n<li><strong><span dir=\"auto\">Couineur int\u00e9gr\u00e9 :<\/span><\/strong>\u00a0<span dir=\"auto\">\u00a0garde votre chien occup\u00e9 et diverti pendant les heures de jeu.<\/span><\/li>\n<li><strong><span dir=\"auto\">Taille compacte :<\/span><\/strong>\u00a0<span dir=\"auto\">\u00a0mesure 6,3 x 6,3 x 6,3 cm, id\u00e9al pour m\u00e2cher et jouer.<\/span><\/li>\n<li><strong><span dir=\"auto\">Amusant et fonctionnel :<\/span><\/strong>\u00a0<span dir=\"auto\">\u00a0combine divertissement et soins dentaires pour un chien en meilleure sant\u00e9 et plus heureux.<\/span><\/li>\n<\/ul>\n<p><strong><span dir=\"auto\">Dimensions du produit :<\/span><\/strong><\/p>\n<ul>\n<li><strong><span dir=\"auto\">Taille :<\/span><\/strong>\u00a0<span dir=\"auto\">\u00a06,3 x 6,3 x 6,3 cm<\/span><\/li>\n<\/ul>\n<\/div>\n<\/div>\n<div class=\"product-block product-block--tab\">\n<div class=\"collapsibles-wrapper collapsibles-wrapper--border-bottom\"><\/div>\n<\/div>\n<\/div>\n<\/div>\n<\/div>\n<\/div>\n<\/div>\n<\/div>\n<\/section>\n<\/div>\n<\/div>\n","protected":false},"excerpt":{"rendered":"<p>All For Paws (AFP) Meta Ball | Jouet dentaire couineur \u00e0 m\u00e2cher pour chiens (6,3 x 6,3 x 6,3 cm) Amusez votre chien et favorisez sa sant\u00e9 bucco-dentaire avec la Meta Ball All For Paws (AFP) ! Ce jouet \u00e0 m\u00e2cher durable est fabriqu\u00e9 en TPR, un mat\u00e9riau \u00e0 la fois r\u00e9sistant et doux. Ses [&#8230;]\n","protected":false},"featured_media":27260,"template":"","meta":{"jetpack_publicize_message":"","jetpack_publicize_feature_enabled":true,"jetpack_social_post_already_shared":true,"jetpack_social_options":{"image_generator_settings":{"template":"highway","default_image_id":0,"font":"","enabled":false},"version":2}},"product_brand":[],"product_cat":[106],"product_tag":[],"class_list":{"0":"post-27259","1":"product","2":"type-product","3":"status-publish","4":"has-post-thumbnail","6":"product_cat-jouet-et-dressage","8":"first","9":"outofstock","10":"taxable","11":"shipping-taxable","12":"purchasable","13":"product-type-simple"},"supplier_id":5603,"supplier_sku":"","barcode":"847922039080","atum_controlled":true,"out_stock_date":"2026-02-14 17:20:23","out_stock_threshold":null,"inheritable":false,"inbound_stock":0,"stock_on_hold":0,"sold_today":0,"sales_last_days":0,"reserved_stock":0,"customer_returns":0,"warehouse_damage":0,"lost_in_post":0,"other_logs":0,"out_stock_days":86,"lost_sales":466,"has_location":false,"update_date":"2026-05-12T00:23:10","atum_locations":[],"atum_stock_status":"outofstock","restock_status":false,"low_stock_amount":2,"sales_update_date":"2026-05-12T00:23:09","calc_backorders":null,"jetpack_publicize_connections":[],"jetpack_sharing_enabled":true,"batches":[],"_links":{"self":[{"href":"https:\/\/petworld.ma\/index.php\/wp-json\/wp\/v2\/product\/27259","targetHints":{"allow":["GET"]}}],"collection":[{"href":"https:\/\/petworld.ma\/index.php\/wp-json\/wp\/v2\/product"}],"about":[{"href":"https:\/\/petworld.ma\/index.php\/wp-json\/wp\/v2\/types\/product"}],"wp:featuredmedia":[{"embeddable":true,"href":"https:\/\/petworld.ma\/index.php\/wp-json\/wp\/v2\/media\/27260"}],"wp:attachment":[{"href":"https:\/\/petworld.ma\/index.php\/wp-json\/wp\/v2\/media?parent=27259"}],"wp:term":[{"taxonomy":"product_brand","embeddable":true,"href":"https:\/\/petworld.ma\/index.php\/wp-json\/wp\/v2\/product_brand?post=27259"},{"taxonomy":"product_cat","embeddable":true,"href":"https:\/\/petworld.ma\/index.php\/wp-json\/wp\/v2\/product_cat?post=27259"},{"taxonomy":"product_tag","embeddable":true,"href":"https:\/\/petworld.ma\/index.php\/wp-json\/wp\/v2\/product_tag?post=27259"}],"curies":[{"name":"wp","href":"https:\/\/api.w.org\/{rel}","templated":true}]}}