{"id":27278,"date":"2025-09-16T15:50:17","date_gmt":"2025-09-16T15:50:17","guid":{"rendered":"https:\/\/petworld.ma\/?post_type=product&#038;p=27278"},"modified":"2026-05-12T12:16:38","modified_gmt":"2026-05-12T12:16:38","slug":"lingettes-dentaires-afp-pour-les-doigts-50-unites","status":"publish","type":"product","link":"https:\/\/petworld.ma\/index.php\/produit\/lingettes-dentaires-afp-pour-les-doigts-50-unites\/","title":{"rendered":"Lingettes Dentaires AFP Pour Les Doigts ( 50 unit\u00e9s )"},"content":{"rendered":"<div class=\"block active\">\n<div class=\"product-block\">\n<div class=\"rte\">\n<p><strong><span dir=\"auto\">Lingettes dentaires pour les doigts AFP (All For Paws) &#8211; 50 unit\u00e9s<\/span><\/strong><\/p>\n<p><span dir=\"auto\">Les lingettes dentaires pour les doigts AFP (All For Paws) offrent un moyen simple et efficace de favoriser une bonne hygi\u00e8ne bucco-dentaire pour votre animal. Elles pr\u00e9viennent l&rsquo;accumulation de tartre et de plaque dentaire, rafra\u00eechissent l&rsquo;haleine et nettoient les dents et les gencives de votre animal. Gr\u00e2ce \u00e0 leur double texture, elles sont dot\u00e9es d&rsquo;une face frott\u00e9e pour un gommage puissant et d&rsquo;une face douce pour un nettoyage en douceur des gencives. Pratiques et portables, elles sont parfaites pour une utilisation \u00e0 la maison ou en d\u00e9placement\u00a0!<\/span><\/p>\n<p><strong><span dir=\"auto\">Caract\u00e9ristiques de l&rsquo;article :<\/span><\/strong><\/p>\n<ul>\n<li><strong><span dir=\"auto\">Quantit\u00e9 :<\/span><\/strong><span dir=\"auto\">\u00a050 lingettes par paquet<\/span><\/li>\n<li><span dir=\"auto\">Lingettes \u00e0 double texture : c\u00f4t\u00e9 friction pour nettoyer les dents, c\u00f4t\u00e9 doux pour les gencives<\/span><\/li>\n<li><span dir=\"auto\">Infus\u00e9 avec de la menthe poivr\u00e9e et de l&rsquo;extrait de th\u00e9 vert pour rafra\u00eechir l&rsquo;haleine<\/span><\/li>\n<li><span dir=\"auto\">Aide \u00e0 pr\u00e9venir l&rsquo;accumulation de tartre et de plaque dentaire<\/span><\/li>\n<li><span dir=\"auto\">Portable et facile \u00e0 utiliser n&rsquo;importe o\u00f9 (maison, parc, voyages en voiture, pique-niques)<\/span><\/li>\n<\/ul>\n<\/div>\n<\/div>\n<div class=\"product-block product-block--tab\">\n<div class=\"collapsibles-wrapper collapsibles-wrapper--border-bottom\"><\/div>\n<\/div>\n<\/div>\n","protected":false},"excerpt":{"rendered":"<p>Lingettes dentaires pour les doigts AFP (All For Paws) &#8211; 50 unit\u00e9s Les lingettes dentaires pour les doigts AFP (All For Paws) offrent un moyen simple et efficace de favoriser une bonne hygi\u00e8ne bucco-dentaire pour votre animal. Elles pr\u00e9viennent l&rsquo;accumulation de tartre et de plaque dentaire, rafra\u00eechissent l&rsquo;haleine et nettoient les dents et les gencives [&#8230;]\n","protected":false},"featured_media":27279,"template":"","meta":{"jetpack_publicize_message":"","jetpack_publicize_feature_enabled":true,"jetpack_social_post_already_shared":true,"jetpack_social_options":{"image_generator_settings":{"template":"highway","default_image_id":0,"font":"","enabled":false},"version":2}},"product_brand":[],"product_cat":[216,217],"product_tag":[],"class_list":{"0":"post-27278","1":"product","2":"type-product","3":"status-publish","4":"has-post-thumbnail","6":"product_cat-dentifrice-soin-buccal","7":"product_cat-dentifrice-soin-buccal-hygiene-et-soins","9":"first","10":"instock","11":"taxable","12":"shipping-taxable","13":"purchasable","14":"product-type-simple"},"supplier_id":5603,"supplier_sku":"","barcode":null,"atum_controlled":true,"out_stock_date":null,"out_stock_threshold":null,"inheritable":false,"inbound_stock":0,"stock_on_hold":0,"sold_today":0,"sales_last_days":1,"reserved_stock":0,"customer_returns":0,"warehouse_damage":0,"lost_in_post":0,"other_logs":0,"out_stock_days":0,"lost_sales":0,"has_location":false,"update_date":"2026-05-14T09:00:26","atum_locations":[],"atum_stock_status":"instock","restock_status":false,"low_stock_amount":10,"sales_update_date":"2026-05-14T09:00:25","calc_backorders":null,"jetpack_publicize_connections":[],"jetpack_sharing_enabled":true,"batches":[],"_links":{"self":[{"href":"https:\/\/petworld.ma\/index.php\/wp-json\/wp\/v2\/product\/27278","targetHints":{"allow":["GET"]}}],"collection":[{"href":"https:\/\/petworld.ma\/index.php\/wp-json\/wp\/v2\/product"}],"about":[{"href":"https:\/\/petworld.ma\/index.php\/wp-json\/wp\/v2\/types\/product"}],"wp:featuredmedia":[{"embeddable":true,"href":"https:\/\/petworld.ma\/index.php\/wp-json\/wp\/v2\/media\/27279"}],"wp:attachment":[{"href":"https:\/\/petworld.ma\/index.php\/wp-json\/wp\/v2\/media?parent=27278"}],"wp:term":[{"taxonomy":"product_brand","embeddable":true,"href":"https:\/\/petworld.ma\/index.php\/wp-json\/wp\/v2\/product_brand?post=27278"},{"taxonomy":"product_cat","embeddable":true,"href":"https:\/\/petworld.ma\/index.php\/wp-json\/wp\/v2\/product_cat?post=27278"},{"taxonomy":"product_tag","embeddable":true,"href":"https:\/\/petworld.ma\/index.php\/wp-json\/wp\/v2\/product_tag?post=27278"}],"curies":[{"name":"wp","href":"https:\/\/api.w.org\/{rel}","templated":true}]}}