{"id":27303,"date":"2025-09-16T22:28:07","date_gmt":"2025-09-16T22:28:07","guid":{"rendered":"https:\/\/petworld.ma\/?post_type=product&#038;p=27303"},"modified":"2025-11-06T18:35:56","modified_gmt":"2025-11-06T18:35:56","slug":"peluche-pour-chien-rough-and-tough-pingouin-small-beco","status":"publish","type":"product","link":"https:\/\/petworld.ma\/index.php\/produit\/peluche-pour-chien-rough-and-tough-pingouin-small-beco\/","title":{"rendered":"Peluche Pour Chien Rough and Tough Pingouin Small Beco"},"content":{"rendered":"<p><span dir=\"auto\">D\u00e9couvrez le jouet pour chien Beco Peggy le Pingouin (Petit Mod\u00e8le), le compagnon id\u00e9al de votre chien joueur ! Fabriqu\u00e9 \u00e0 64 % en polyester recycl\u00e9, ce jouet \u00e9cologique est con\u00e7u pour les aventures ludiques les plus intenses. Sa construction robuste, dot\u00e9e de coutures doubles et de couches renforc\u00e9es, lui permet de r\u00e9sister aux masticateurs les plus vigoureux. De plus, il est dot\u00e9 d&rsquo;un couineur pour plus d&rsquo;excitation et offrir \u00e0 votre compagnon \u00e0 quatre pattes un plaisir sans fin. L\u00e9ger et flottant, ce jouet flotte, id\u00e9al pour les chiens qui aiment l&rsquo;eau. Chaque Beco Peggy le Pingouin est fabriqu\u00e9 \u00e0 partir de 15 bouteilles en plastique recycl\u00e9es, favorisant ainsi le d\u00e9veloppement durable et la revalorisation des d\u00e9chets. Un excellent choix pour les propri\u00e9taires d&rsquo;animaux soucieux de l&rsquo;environnement, ce jouet encourage une utilisation responsable des ressources tout en offrant un divertissement sans fin. Id\u00e9al pour les chiens de moyenne et petite taille, ce jouet pingouin amusant et fonctionnel divertira votre animal pendant des heures. Surveillez votre chien pendant les jeux pour une s\u00e9curit\u00e9 et une long\u00e9vit\u00e9 optimales. Offrez-lui le meilleur avec le jouet pour chien Beco Peggy le Pingouin de Smartfox NZ d\u00e8s aujourd&rsquo;hui !<\/span><\/p>\n<p><span dir=\"auto\">Certains chiens croient en l&rsquo;amour dur. Celui-ci est fait pour eux. Un jouet robuste et r\u00e9sistant, capable de r\u00e9sister aux morsures et aux coups pendant les jeux. Fabriqu\u00e9 \u00e0 partir de mat\u00e9riaux recycl\u00e9s, il r\u00e9utilise les d\u00e9chets existants, donnant une seconde vie aux d\u00e9chets et encourageant leur collecte et leur r\u00e9utilisation.<\/span><\/p>\n<p><span dir=\"auto\">Le rembourrage de ce jouet est fabriqu\u00e9 \u00e0 partir de mat\u00e9riaux recycl\u00e9s, donnant une seconde vie aux d\u00e9chets et encourageant leur r\u00e9utilisation. Les panneaux sont tiss\u00e9s avec une double couture et les coutures sont renforc\u00e9es par une deuxi\u00e8me couche de tissu. En plus des coutures renforc\u00e9es, le tissu lui-m\u00eame est doublement r\u00e9sistant aux morsures. Robuste comme un roc, votre chien s&rsquo;amusera deux fois plus.<\/span><\/p>\n<p><span dir=\"auto\">Double couture pour plus de solidit\u00e9.<\/span><br \/>\n<span dir=\"auto\">Couineur \u00e0 l&rsquo;int\u00e9rieur pour plus de plaisir.<\/span><br \/>\n<span dir=\"auto\">Flotte.<\/span><br \/>\n<span dir=\"auto\">Fabriqu\u00e9 \u00e0 partir de jusqu&rsquo;\u00e0 15 bouteilles en plastique recycl\u00e9es.<\/span><\/p>\n<p><span dir=\"auto\">Mat\u00e9riaux : 64 % polyester recycl\u00e9, 36 % polyester.<\/span><\/p>\n<p><span dir=\"auto\">Entretien : Surveillez votre animal pendant qu&rsquo;il joue. Remplacez-le lorsqu&rsquo;il est us\u00e9.<\/span><\/p>\n<p><span dir=\"auto\">Poids : 0,04 kg.<\/span><br \/>\n<span dir=\"auto\">Dimensions : L : 13,50 cm x H : 15 cm x L : 4 cm.<\/span><\/p>\n","protected":false},"excerpt":{"rendered":"<p>D\u00e9couvrez le jouet pour chien Beco Peggy le Pingouin (Petit Mod\u00e8le), le compagnon id\u00e9al de votre chien joueur ! Fabriqu\u00e9 \u00e0 64 % en polyester recycl\u00e9, ce jouet \u00e9cologique est con\u00e7u pour les aventures ludiques les plus intenses. Sa construction robuste, dot\u00e9e de coutures doubles et de couches renforc\u00e9es, lui permet de r\u00e9sister aux masticateurs [&#8230;]\n","protected":false},"featured_media":27304,"template":"","meta":{"jetpack_publicize_message":"","jetpack_publicize_feature_enabled":true,"jetpack_social_post_already_shared":true,"jetpack_social_options":{"image_generator_settings":{"template":"highway","default_image_id":0,"font":"","enabled":false},"version":2}},"product_brand":[],"product_cat":[23,106],"product_tag":[],"class_list":{"0":"post-27303","1":"product","2":"type-product","3":"status-publish","4":"has-post-thumbnail","6":"product_cat-chien","7":"product_cat-jouet-et-dressage","9":"first","10":"instock","11":"sale","12":"taxable","13":"shipping-taxable","14":"purchasable","15":"product-type-simple"},"supplier_id":5603,"supplier_sku":"","barcode":null,"atum_controlled":true,"out_stock_date":null,"out_stock_threshold":null,"inheritable":false,"inbound_stock":0,"stock_on_hold":0,"sold_today":0,"sales_last_days":0,"reserved_stock":0,"customer_returns":0,"warehouse_damage":0,"lost_in_post":0,"other_logs":0,"out_stock_days":0,"lost_sales":0,"has_location":false,"update_date":"2026-05-10T00:21:35","atum_locations":[],"atum_stock_status":"instock","restock_status":false,"low_stock_amount":2,"sales_update_date":"2026-05-10T00:21:35","calc_backorders":null,"jetpack_publicize_connections":[],"jetpack_sharing_enabled":true,"batches":[],"_links":{"self":[{"href":"https:\/\/petworld.ma\/index.php\/wp-json\/wp\/v2\/product\/27303","targetHints":{"allow":["GET"]}}],"collection":[{"href":"https:\/\/petworld.ma\/index.php\/wp-json\/wp\/v2\/product"}],"about":[{"href":"https:\/\/petworld.ma\/index.php\/wp-json\/wp\/v2\/types\/product"}],"wp:featuredmedia":[{"embeddable":true,"href":"https:\/\/petworld.ma\/index.php\/wp-json\/wp\/v2\/media\/27304"}],"wp:attachment":[{"href":"https:\/\/petworld.ma\/index.php\/wp-json\/wp\/v2\/media?parent=27303"}],"wp:term":[{"taxonomy":"product_brand","embeddable":true,"href":"https:\/\/petworld.ma\/index.php\/wp-json\/wp\/v2\/product_brand?post=27303"},{"taxonomy":"product_cat","embeddable":true,"href":"https:\/\/petworld.ma\/index.php\/wp-json\/wp\/v2\/product_cat?post=27303"},{"taxonomy":"product_tag","embeddable":true,"href":"https:\/\/petworld.ma\/index.php\/wp-json\/wp\/v2\/product_tag?post=27303"}],"curies":[{"name":"wp","href":"https:\/\/api.w.org\/{rel}","templated":true}]}}