{"id":27310,"date":"2025-09-16T22:54:23","date_gmt":"2025-09-16T22:54:23","guid":{"rendered":"https:\/\/petworld.ma\/?post_type=product&#038;p=27310"},"modified":"2026-02-13T14:18:34","modified_gmt":"2026-02-13T14:18:34","slug":"snack-balle-beko-tailles-medium-et-large","status":"publish","type":"product","link":"https:\/\/petworld.ma\/index.php\/produit\/snack-balle-beko-tailles-medium-et-large\/","title":{"rendered":"Snack balle Beko Bleu (Tailles Medium et Large)"},"content":{"rendered":"<ul>\n<li style=\"list-style-type: none;\">\n<ul>\n<li><span dir=\"auto\">Fabriqu\u00e9 \u00e0 partir de caoutchouc naturel<\/span><\/li>\n<li><span dir=\"auto\">Parfum de vanille<\/span><\/li>\n<li><span dir=\"auto\">Ouverture pour les friandises<\/span><\/li>\n<li><span dir=\"auto\">Jouet durable<\/span><br \/>\n<h2><span dir=\"auto\">Description<\/span><\/h2>\n<p><span dir=\"auto\">Une balle amusante en caoutchouc naturel qui rebondit et poss\u00e8de un trou pour cacher des friandises. R\u00e9sistante, durable et suffisamment souple pour satisfaire m\u00eame les plus difficiles, elle est id\u00e9ale pour amuser votre compagnon \u00e0 quatre pattes. Disponible en plusieurs couleurs et tailles.<\/span><\/p>\n<h2><span dir=\"auto\">Caract\u00e9ristiques principales<\/span><\/h2>\n<\/li>\n<\/ul>\n<p><strong><span dir=\"auto\">Informations compl\u00e9mentaires et faits int\u00e9ressants<\/span><\/strong><span dir=\"auto\"> : Le caoutchouc naturel, extrait du tronc des h\u00e9v\u00e9as, est ce que la nature a de mieux \u00e0 offrir. Gr\u00e2ce \u00e0 sa r\u00e9sistance et \u00e0 son \u00e9lasticit\u00e9 naturelle, il est id\u00e9al pour la fabrication de jouets pour chiens.<\/span><\/p>\n<p><strong><span dir=\"auto\">Dimensions du produit<\/span><\/strong><span dir=\"auto\">\u00a0:<\/span><\/p>\n<ul>\n<li><span dir=\"auto\">M \u2013 premier 6,5 cm<\/span><\/li>\n<li><span dir=\"auto\">L \u2013 diam\u00e8tre 7,5 cm<\/span><\/li>\n<\/ul>\n<p><strong><span dir=\"auto\">Entretien du produit<\/span><\/strong><span dir=\"auto\">\u00a0: Gardez votre animal pr\u00e8s de vous pendant que vous l&rsquo;observez.<\/span><\/li>\n<\/ul>\n","protected":false},"excerpt":{"rendered":"<p>Fabriqu\u00e9 \u00e0 partir de caoutchouc naturel Parfum de vanille Ouverture pour les friandises Jouet durable Description Une balle amusante en caoutchouc naturel qui rebondit et poss\u00e8de un trou pour cacher des friandises. R\u00e9sistante, durable et suffisamment souple pour satisfaire m\u00eame les plus difficiles, elle est id\u00e9ale pour amuser votre compagnon \u00e0 quatre pattes. Disponible en [&#8230;]\n","protected":false},"featured_media":27311,"template":"","meta":{"jetpack_publicize_message":"","jetpack_publicize_feature_enabled":true,"jetpack_social_post_already_shared":true,"jetpack_social_options":{"image_generator_settings":{"template":"highway","default_image_id":0,"font":"","enabled":false},"version":2}},"product_brand":[],"product_cat":[133,134,106],"product_tag":[],"class_list":{"0":"post-27310","1":"product","2":"type-product","3":"status-publish","4":"has-post-thumbnail","6":"product_cat-gamelle","7":"product_cat-gamelles","8":"product_cat-jouet-et-dressage","10":"first","11":"instock","12":"sale","13":"taxable","14":"shipping-taxable","15":"purchasable","16":"product-type-variable"},"supplier_id":5587,"supplier_sku":"","barcode":null,"atum_controlled":true,"out_stock_date":null,"out_stock_threshold":null,"inheritable":true,"inbound_stock":0,"stock_on_hold":0,"sold_today":0,"sales_last_days":0,"reserved_stock":0,"customer_returns":0,"warehouse_damage":0,"lost_in_post":0,"other_logs":0,"out_stock_days":0,"lost_sales":0,"has_location":false,"update_date":"2026-05-07T00:20:25","atum_locations":[],"atum_stock_status":"instock","restock_status":false,"low_stock_amount":0,"sales_update_date":"2026-05-07T00:20:25","calc_backorders":null,"jetpack_publicize_connections":[],"jetpack_sharing_enabled":true,"batches":[],"_links":{"self":[{"href":"https:\/\/petworld.ma\/index.php\/wp-json\/wp\/v2\/product\/27310","targetHints":{"allow":["GET"]}}],"collection":[{"href":"https:\/\/petworld.ma\/index.php\/wp-json\/wp\/v2\/product"}],"about":[{"href":"https:\/\/petworld.ma\/index.php\/wp-json\/wp\/v2\/types\/product"}],"wp:featuredmedia":[{"embeddable":true,"href":"https:\/\/petworld.ma\/index.php\/wp-json\/wp\/v2\/media\/27311"}],"wp:attachment":[{"href":"https:\/\/petworld.ma\/index.php\/wp-json\/wp\/v2\/media?parent=27310"}],"wp:term":[{"taxonomy":"product_brand","embeddable":true,"href":"https:\/\/petworld.ma\/index.php\/wp-json\/wp\/v2\/product_brand?post=27310"},{"taxonomy":"product_cat","embeddable":true,"href":"https:\/\/petworld.ma\/index.php\/wp-json\/wp\/v2\/product_cat?post=27310"},{"taxonomy":"product_tag","embeddable":true,"href":"https:\/\/petworld.ma\/index.php\/wp-json\/wp\/v2\/product_tag?post=27310"}],"curies":[{"name":"wp","href":"https:\/\/api.w.org\/{rel}","templated":true}]}}