{"id":27345,"date":"2025-09-17T21:15:23","date_gmt":"2025-09-17T21:15:23","guid":{"rendered":"https:\/\/petworld.ma\/?post_type=product&#038;p=27345"},"modified":"2025-12-28T21:52:25","modified_gmt":"2025-12-28T21:52:25","slug":"collier-pour-chien-ferplast-en-nylon-bleu-orange-rose","status":"publish","type":"product","link":"https:\/\/petworld.ma\/index.php\/produit\/collier-pour-chien-ferplast-en-nylon-bleu-orange-rose\/","title":{"rendered":"Collier pour Chien FerPlast en Nylon 18-25cm (Bleu | Orange | Rose)"},"content":{"rendered":"<p>Les colliers en nylon Club ont un design tr\u00e8s simple, ils sont disponibles en diff\u00e9rentes tailles qui conviennent \u00e0 tous les types de chiens, des plus petits aux plus grands. Ils ont une fermeture en plastique solide et sont faciles \u00e0 ajuster gr\u00e2ce \u00e0 leur boucle sp\u00e9ciale en plastique.<br \/>\nEn plus des couleurs classiques comme le noir, le rouge et le bleu, les colliers Club sont \u00e9galement disponibles en rose, orange et marron.<\/p>\n<p>Nous tenons \u00e0 rappeler que la gamme Club comprend des laisses, des laisses d&rsquo;entra\u00eenement et des colliers.<\/p>\n<ul>\n<li>Collier en nylon<\/li>\n<li>Diff\u00e9rentes tailles pour tous types de chiens<\/li>\n<li>Large gamme de couleurs disponible<\/li>\n<li>Assorti aux autres produits de la m\u00eame gamme\n<div class=\"quantity buttons_added form-minimal\"><\/div>\n<\/li>\n<\/ul>\n","protected":false},"excerpt":{"rendered":"<p>Produit de tr\u00e8s haute qualit\u00e9 import\u00e9 d&rsquo;Europe.<\/p>\n<p>Taille : 18-25cm largeur 1cm<\/p>\n","protected":false},"featured_media":27346,"template":"","meta":{"jetpack_publicize_message":"","jetpack_publicize_feature_enabled":true,"jetpack_social_post_already_shared":true,"jetpack_social_options":{"image_generator_settings":{"template":"highway","default_image_id":0,"font":"","enabled":false},"version":2}},"product_brand":[],"product_cat":[92,106],"product_tag":[],"class_list":{"0":"post-27345","1":"product","2":"type-product","3":"status-publish","4":"has-post-thumbnail","6":"product_cat-harnais-et-laisses-pour-chien","7":"product_cat-jouet-et-dressage","9":"first","10":"instock","11":"sale","12":"taxable","13":"shipping-taxable","14":"purchasable","15":"product-type-variable"},"supplier_id":5587,"supplier_sku":"","barcode":null,"atum_controlled":true,"out_stock_date":null,"out_stock_threshold":null,"inheritable":true,"inbound_stock":0,"stock_on_hold":0,"sold_today":0,"sales_last_days":0,"reserved_stock":0,"customer_returns":0,"warehouse_damage":0,"lost_in_post":0,"other_logs":0,"out_stock_days":0,"lost_sales":0,"has_location":false,"update_date":"2026-05-07T00:19:55","atum_locations":[],"atum_stock_status":"instock","restock_status":false,"low_stock_amount":0,"sales_update_date":"2026-05-07T00:19:55","calc_backorders":null,"jetpack_publicize_connections":[],"jetpack_sharing_enabled":true,"batches":[],"_links":{"self":[{"href":"https:\/\/petworld.ma\/index.php\/wp-json\/wp\/v2\/product\/27345","targetHints":{"allow":["GET"]}}],"collection":[{"href":"https:\/\/petworld.ma\/index.php\/wp-json\/wp\/v2\/product"}],"about":[{"href":"https:\/\/petworld.ma\/index.php\/wp-json\/wp\/v2\/types\/product"}],"wp:featuredmedia":[{"embeddable":true,"href":"https:\/\/petworld.ma\/index.php\/wp-json\/wp\/v2\/media\/27346"}],"wp:attachment":[{"href":"https:\/\/petworld.ma\/index.php\/wp-json\/wp\/v2\/media?parent=27345"}],"wp:term":[{"taxonomy":"product_brand","embeddable":true,"href":"https:\/\/petworld.ma\/index.php\/wp-json\/wp\/v2\/product_brand?post=27345"},{"taxonomy":"product_cat","embeddable":true,"href":"https:\/\/petworld.ma\/index.php\/wp-json\/wp\/v2\/product_cat?post=27345"},{"taxonomy":"product_tag","embeddable":true,"href":"https:\/\/petworld.ma\/index.php\/wp-json\/wp\/v2\/product_tag?post=27345"}],"curies":[{"name":"wp","href":"https:\/\/api.w.org\/{rel}","templated":true}]}}