{"id":2747,"date":"2023-06-06T16:28:56","date_gmt":"2023-06-06T16:28:56","guid":{"rendered":"https:\/\/petworld.ma\/?post_type=product&#038;p=2747"},"modified":"2026-05-09T11:40:13","modified_gmt":"2026-05-09T11:40:13","slug":"reflex-sterilise-cat-adult-saumon-15kg","status":"publish","type":"product","link":"https:\/\/petworld.ma\/index.php\/produit\/reflex-sterilise-cat-adult-saumon-15kg\/","title":{"rendered":"Reflex St\u00e9rilis\u00e9 Cat Adult Saumon (2kg | 15kg)"},"content":{"rendered":"<div class=\"container pt-30\">\n<div class=\"row\">\n<div class=\"col-12\">\n<table class=\"table table-striped\">\n<tbody>\n<tr>\n<td>L&rsquo;\u00e9quilibre des om\u00e9ga 3 et 6 est assur\u00e9 par l&rsquo;utilisation de graines de lin miracles naturelles.<\/td>\n<\/tr>\n<tr>\n<td>La plante de yucca dans son contenu permet de contr\u00f4ler les odeurs et l&rsquo;ammoniac, augmente l&rsquo;absorption des nutriments;\u00a0renforce le syst\u00e8me immunitaire et am\u00e9liore la croissance et les performances des animaux.<\/td>\n<\/tr>\n<tr>\n<td>La sant\u00e9 et la performance intestinales sont soutenues par un oligosaccharide de mannane liant les agents pathog\u00e8nes, des b\u00eata-glucanes qui soutiennent le syst\u00e8me immunitaire et CitriStim, une riche source de levure favorable au syst\u00e8me immunitaire.<\/td>\n<\/tr>\n<tr>\n<td>La levure de bi\u00e8re est utilis\u00e9e dans son contenu pour une peau saine et des cheveux brillants.<\/td>\n<\/tr>\n<tr>\n<td>Le syst\u00e8me immunitaire est renforc\u00e9 en utilisant de la poudre de lactos\u00e9rum ;\u00a0les muscles, les organes et les cellules nerveuses sont soutenus.<\/td>\n<\/tr>\n<tr>\n<td>Il est enrichi en vitamines et min\u00e9raux<\/td>\n<\/tr>\n<\/tbody>\n<\/table>\n<\/div>\n<\/div>\n<\/div>\n<div class=\"container\">\n<p>&nbsp;<\/p>\n<div id=\"myTabContent\" class=\"tab-content\">\n<div id=\"home\" class=\"tab-pane fade show active\" role=\"tabpanel\" aria-labelledby=\"home-tab\">\n<div class=\"row py-20\">\n<div class=\"col-12 col-lg-12\">\n<div class=\"food-content-sec\">\n<p><strong>Ingr\u00e9dients :<\/strong>\u00a0Prot\u00e9ines animales d\u00e9shydrat\u00e9es , C\u00e9r\u00e9ales (riz, ma\u00efs) , Graisse de poulet , Prot\u00e9ines de saumon d\u00e9shydrat\u00e9es , Prot\u00e9ines d&rsquo;anchois d\u00e9shydrat\u00e9es , Gluten de ma\u00efs , Pulpe de betterave d\u00e9shydrat\u00e9e , Son de bl\u00e9 , Prot\u00e9ines de poisson hydrolys\u00e9es , Huile de saumon , Huile d&rsquo;anchois , Vitamines et min\u00e9raux , Graines de lin , Sel, MOS (mannan oligosaccharides) , Yucca schidigera ,Taurine (3A370) Conservateurs \u2013 antioxydants (E320 &amp; E321).<\/p>\n<p><strong>Min\u00e9raux :\u00a0<\/strong>\u00a0Fer 200 mg\/kg Iode 1,5 mg\/kg Cuivre 13 mg\/kg Mangan\u00e8se 50 mg\/kg Zinc 140 mg\/kg S\u00e9l\u00e9nium 0,3 mg\/kg<\/p>\n<p><strong>Vitamines :\u00a0<\/strong>\u00a0Vitamine A 18000 UI\/kg Vitamine D3 1500 UI\/kg Vitamine E 200 mg\/kg Vitamine C400 mg\/kg Vitamine B1 Vitamine B2 Vitamine B12 B9 (Acide folique) B7 (Biotine) B3 (Niacine) Vitamine K3 Taurine 1500 mg\/ kg<\/p>\n<\/div>\n<div class=\"row\">\n<div class=\"col-md-6\">\n<div class=\"food-content-sec mb-5\">\n<p class=\"food-content-title font-bold\"><strong>Composants nutritifs<\/strong><\/p>\n<table class=\"table table-striped\">\n<tbody>\n<tr>\n<td>Prot\u00e9ine brute<\/td>\n<td>33%<\/td>\n<\/tr>\n<tr>\n<td>Gras \u00e9prude<\/td>\n<td>12%<\/td>\n<\/tr>\n<tr>\n<td>Cendres brutes<\/td>\n<td>8%<\/td>\n<\/tr>\n<tr>\n<td>Cellulose brute (fibre)<\/td>\n<td>5%<\/td>\n<\/tr>\n<\/tbody>\n<\/table>\n<p>&nbsp;<\/p>\n<\/div>\n<\/div>\n<div class=\"col-md-6\">\n<div class=\"food-content-sec\">\n<p class=\"food-content-title font-bold\"><strong>Compl\u00e9ments alimentaires<\/strong><\/p>\n<table class=\"table table-striped\" width=\"440\">\n<tbody>\n<tr>\n<td>Vitamine A (3A672A)<\/td>\n<td>18000 UI\/kg<\/td>\n<\/tr>\n<tr>\n<td>Vitamine D3 (3A671)<\/td>\n<td>1 500 UI\/kg<\/td>\n<\/tr>\n<tr>\n<td>Vitamine E (3A700)<\/td>\n<td>200mg\/kg<\/td>\n<\/tr>\n<tr>\n<td>Vitamine C (3A300)<\/td>\n<td>400mg\/kg<\/td>\n<\/tr>\n<tr>\n<td>Taurine (3A370)<\/td>\n<td>1 500 mg\/kg<\/td>\n<\/tr>\n<\/tbody>\n<\/table>\n<\/div>\n<\/div>\n<\/div>\n<\/div>\n<\/div>\n<\/div>\n<\/div>\n<\/div>\n","protected":false},"excerpt":{"rendered":"<p>L&rsquo;\u00e9quilibre des om\u00e9ga 3 et 6 est assur\u00e9 par l&rsquo;utilisation de graines de lin miracles naturelles. La plante de yucca dans son contenu permet de contr\u00f4ler les odeurs et l&rsquo;ammoniac, augmente l&rsquo;absorption des nutriments;\u00a0renforce le syst\u00e8me immunitaire et am\u00e9liore la croissance et les performances des animaux. La sant\u00e9 et la performance intestinales sont soutenues par [&#8230;]\n","protected":false},"featured_media":11841,"template":"","meta":{"jetpack_publicize_message":"","jetpack_publicize_feature_enabled":true,"jetpack_social_post_already_shared":false,"jetpack_social_options":{"image_generator_settings":{"template":"highway","default_image_id":0,"font":"","enabled":false},"version":2}},"product_brand":[],"product_cat":[40],"product_tag":[],"class_list":{"0":"post-2747","1":"product","2":"type-product","3":"status-publish","4":"has-post-thumbnail","6":"product_cat-coquettes-pour-chat","8":"first","9":"instock","10":"taxable","11":"shipping-taxable","12":"purchasable","13":"product-type-variable"},"supplier_id":5593,"supplier_sku":"","barcode":null,"atum_controlled":true,"out_stock_date":"2024-09-29 10:20:04","out_stock_threshold":null,"inheritable":true,"inbound_stock":0,"stock_on_hold":4,"sold_today":0,"sales_last_days":1,"reserved_stock":0,"customer_returns":0,"warehouse_damage":0,"lost_in_post":0,"other_logs":0,"out_stock_days":584,"lost_sales":0,"has_location":false,"update_date":"2026-05-11T13:21:51","atum_locations":[],"atum_stock_status":"instock","restock_status":false,"low_stock_amount":"","sales_update_date":"2026-05-07T00:16:57","calc_backorders":null,"jetpack_publicize_connections":[],"jetpack_sharing_enabled":true,"batches":[],"_links":{"self":[{"href":"https:\/\/petworld.ma\/index.php\/wp-json\/wp\/v2\/product\/2747","targetHints":{"allow":["GET"]}}],"collection":[{"href":"https:\/\/petworld.ma\/index.php\/wp-json\/wp\/v2\/product"}],"about":[{"href":"https:\/\/petworld.ma\/index.php\/wp-json\/wp\/v2\/types\/product"}],"wp:featuredmedia":[{"embeddable":true,"href":"https:\/\/petworld.ma\/index.php\/wp-json\/wp\/v2\/media\/11841"}],"wp:attachment":[{"href":"https:\/\/petworld.ma\/index.php\/wp-json\/wp\/v2\/media?parent=2747"}],"wp:term":[{"taxonomy":"product_brand","embeddable":true,"href":"https:\/\/petworld.ma\/index.php\/wp-json\/wp\/v2\/product_brand?post=2747"},{"taxonomy":"product_cat","embeddable":true,"href":"https:\/\/petworld.ma\/index.php\/wp-json\/wp\/v2\/product_cat?post=2747"},{"taxonomy":"product_tag","embeddable":true,"href":"https:\/\/petworld.ma\/index.php\/wp-json\/wp\/v2\/product_tag?post=2747"}],"curies":[{"name":"wp","href":"https:\/\/api.w.org\/{rel}","templated":true}]}}