{"id":27486,"date":"2025-09-19T12:07:38","date_gmt":"2025-09-19T12:07:38","guid":{"rendered":"https:\/\/petworld.ma\/?post_type=product&#038;p=27486"},"modified":"2026-05-07T11:49:01","modified_gmt":"2026-05-07T11:49:01","slug":"beaphar-top-10-multivitamines-pour-chat-180-comprimes","status":"publish","type":"product","link":"https:\/\/petworld.ma\/index.php\/produit\/beaphar-top-10-multivitamines-pour-chat-180-comprimes\/","title":{"rendered":"Beaphar TOP 10 Multivitamines Pour Chat 180 comprim\u00e9s"},"content":{"rendered":"<div class=\"product-bottom__paragraph\" data-v-1367eb58=\"\">\n<p class=\"product-bottom__paragraph-title\"><span style=\"text-decoration: underline;\"><strong><span dir=\"auto\">Description:<\/span><\/strong><\/span><\/p>\n<p class=\"whitespace-pre-line\" data-v-1367eb58=\"\"><span dir=\"auto\">Beaphar Top 10 est un comprim\u00e9 multivitamin\u00e9 pour chats, tr\u00e8s app\u00e9tissant et facile \u00e0 utiliser, au d\u00e9licieux go\u00fbt de crevette. Il contient 10 vitamines, dont les vitamines A, B, D et E, pour une sant\u00e9 optimale, une vitalit\u00e9 et un pelage brillant, ainsi que des min\u00e9raux essentiels au d\u00e9veloppement naturel des os et des dents. De plus, Beaphar Top 10 est enrichi en taurine pour soutenir les fonctions oculaires et cardiaques. Convient \u00e0 toutes les races de chats.<\/span><\/p>\n<\/div>\n<div class=\"product-bottom__paragraph\" data-v-1367eb58=\"\">\n<p class=\"product-bottom__paragraph-title\"><strong><span dir=\"auto\"><span style=\"text-decoration: underline;\">Instructions<\/span>:<\/span><\/strong><\/p>\n<p class=\"whitespace-pre-line\" data-v-1367eb58=\"\"><span dir=\"auto\">LIRE ATTENTIVEMENT L&rsquo;\u00c9TIQUETTE AVANT UTILISATION. Donner 1 comprim\u00e9 de Beaphar Top 10 par 2,5 kg de poids corporel par jour. Toujours laisser de l&rsquo;eau fra\u00eeche \u00e0 disposition.<\/span><\/p>\n<\/div>\n<div class=\"product-bottom__paragraph\" data-v-1367eb58=\"\">\n<p class=\"product-bottom__paragraph-title\"><span style=\"text-decoration: underline;\"><strong><span dir=\"auto\">Caract\u00e9ristiques:<\/span><\/strong><\/span><\/p>\n<table class=\"mt-2 mb-6 w-full product-bottom__specifications overflow-auto\" data-v-1367eb58=\"\">\n<tbody data-v-1367eb58=\"\">\n<tr data-v-1367eb58=\"\">\n<th class=\"text-left py-3 px-5 w-1\/4 align-top\" data-v-1367eb58=\"\"><span dir=\"auto\">Contenu<\/span><\/th>\n<td class=\"w-3\/4 py-3 pr-4\" data-v-1367eb58=\"\"><span class=\"product-bottom__spec\" data-id=\"contents\" data-v-1367eb58=\"\"><span dir=\"auto\">180 comprim\u00e9s<\/span><\/span><\/td>\n<\/tr>\n<tr data-v-1367eb58=\"\">\n<th class=\"text-left py-3 px-5 w-1\/4 align-top\" data-v-1367eb58=\"\"><span dir=\"auto\">UGS<\/span><\/th>\n<td class=\"w-3\/4 py-3 pr-4\" data-v-1367eb58=\"\"><span class=\"product-bottom__spec\" data-id=\"sku\" data-v-1367eb58=\"\"><span dir=\"auto\">10395<\/span><\/span><\/td>\n<\/tr>\n<tr data-v-1367eb58=\"\">\n<th class=\"text-left py-3 px-5 w-1\/4 align-top\" data-v-1367eb58=\"\"><span dir=\"auto\">Code-barres<\/span><\/th>\n<td class=\"w-3\/4 py-3 pr-4\" data-v-1367eb58=\"\"><span class=\"product-bottom__spec\" data-id=\"barcode\" data-v-1367eb58=\"\"><span dir=\"auto\">8711231103959<\/span><\/span><\/td>\n<\/tr>\n<tr data-v-1367eb58=\"\">\n<th class=\"text-left py-3 px-5 w-1\/4 align-top\" data-v-1367eb58=\"\"><span dir=\"auto\">Formulaire<\/span><\/th>\n<td class=\"w-3\/4 py-3 pr-4\" data-v-1367eb58=\"\"><span class=\"product-bottom__spec\" data-id=\"form\" data-v-1367eb58=\"\"><span dir=\"auto\">Comprim\u00e9s<\/span><\/span><\/td>\n<\/tr>\n<tr data-v-1367eb58=\"\">\n<th class=\"text-left py-3 px-5 w-1\/4 align-top\" data-v-1367eb58=\"\"><span dir=\"auto\">\u00c2ge des animaux<\/span><\/th>\n<td class=\"w-3\/4 py-3 pr-4\" data-v-1367eb58=\"\"><span class=\"product-bottom__spec\" data-id=\"animal_age\" data-v-1367eb58=\"\"><span dir=\"auto\">\u00c0 partir de 7 semaines<\/span><\/span><\/td>\n<\/tr>\n<tr data-v-1367eb58=\"\">\n<th class=\"text-left py-3 px-5 w-1\/4 align-top\" data-v-1367eb58=\"\"><span dir=\"auto\">Type d&rsquo;animal<\/span><\/th>\n<td class=\"w-3\/4 py-3 pr-4\" data-v-1367eb58=\"\"><span class=\"product-bottom__spec\" data-id=\"animal_type\" data-v-1367eb58=\"\"><span dir=\"auto\">Chat<\/span><\/span><\/td>\n<\/tr>\n<tr data-v-1367eb58=\"\">\n<th class=\"text-left py-3 px-5 w-1\/4 align-top\" data-v-1367eb58=\"\"><span dir=\"auto\">Poids de l&rsquo;animal<\/span><\/th>\n<td class=\"w-3\/4 py-3 pr-4\" data-v-1367eb58=\"\"><span class=\"product-bottom__spec\" data-id=\"animal_weight\" data-v-1367eb58=\"\"><span dir=\"auto\">Tous les poids<\/span><\/span><\/td>\n<\/tr>\n<tr data-v-1367eb58=\"\">\n<th class=\"text-left py-3 px-5 w-1\/4 align-top\" data-v-1367eb58=\"\"><span dir=\"auto\">Ne pas appliquer lorsque<\/span><\/th>\n<td class=\"w-3\/4 py-3 pr-4\" data-v-1367eb58=\"\"><span class=\"product-bottom__spec\" data-id=\"do_not_apply_when\" data-v-1367eb58=\"\"><span dir=\"auto\">Lire attentivement l&rsquo;\u00e9tiquette du produit avant utilisation. \u00c9viter le surdosage. R\u00e9serv\u00e9 aux animaux.<\/span><\/span><\/td>\n<\/tr>\n<tr data-v-1367eb58=\"\">\n<th class=\"text-left py-3 px-5 w-1\/4 align-top\" data-v-1367eb58=\"\"><span dir=\"auto\">Stockage et s\u00e9curit\u00e9<\/span><\/th>\n<td class=\"w-3\/4 py-3 pr-4\" data-v-1367eb58=\"\"><span class=\"product-bottom__spec\" data-id=\"storage_and_safety\" data-v-1367eb58=\"\"><span dir=\"auto\">Lire attentivement l&rsquo;\u00e9tiquette du produit avant utilisation. \u00c0 conserver \u00e0 une temp\u00e9rature inf\u00e9rieure \u00e0 25 \u00b0C dans un endroit sec. Une fois vide, jeter le pot avec les ordures m\u00e9nag\u00e8res.<\/span><\/span><\/td>\n<\/tr>\n<tr data-v-1367eb58=\"\">\n<th class=\"text-left py-3 px-5 w-1\/4 align-top\" data-v-1367eb58=\"\"><span dir=\"auto\">Pr\u00e9cautions d&#8217;emploi du produit<\/span><\/th>\n<td class=\"w-3\/4 py-3 pr-4\" data-v-1367eb58=\"\"><span class=\"product-bottom__spec\" data-id=\"product_precautions\" data-v-1367eb58=\"\"><span dir=\"auto\">Lire attentivement l&rsquo;\u00e9tiquette du produit avant utilisation. \u00c9viter le surdosage. R\u00e9serv\u00e9 aux animaux.<\/span><\/span><\/td>\n<\/tr>\n<tr data-v-1367eb58=\"\">\n<th class=\"text-left py-3 px-5 w-1\/4 align-top\" data-v-1367eb58=\"\"><span dir=\"auto\">Principe(s) actif(s)<\/span><\/th>\n<td class=\"w-3\/4 py-3 pr-4\" data-v-1367eb58=\"\"><span class=\"product-bottom__spec\" data-id=\"item_active_ingredients\" data-v-1367eb58=\"\"><span dir=\"auto\">Vitamines A, B, D et E, taurine, L-carnitine<\/span><\/span><\/td>\n<\/tr>\n<\/tbody>\n<\/table>\n<\/div>\n","protected":false},"excerpt":{"rendered":"<p>Compl\u00e9ment multivitamin\u00e9 pour chats, facile \u00e0 utiliser, sous forme de comprim\u00e9s, contenant 10 vitamines. Favorise une sant\u00e9 optimale, la vitalit\u00e9 et le d\u00e9veloppement naturel des os et des dents. Contient de la taurine ajout\u00e9e pour soutenir les fonctions oculaires et cardiaques.<\/p>\n<ul class=\"product-info__usps list-reset\" data-v-546fda9a=\"\">\n<li data-v-546fda9a=\"\"><span class=\"product-info__usps-span\" data-v-546fda9a=\"\"><span dir=\"auto\">Multivitamines \u2013 favorise la vitalit\u00e9 et un pelage brillant<\/span><\/span><\/li>\n<li data-v-546fda9a=\"\"><span class=\"product-info__usps-span\" data-v-546fda9a=\"\"><span dir=\"auto\">Contient des vitamines A, B, D et E<\/span><\/span><\/li>\n<li data-v-546fda9a=\"\"><span class=\"product-info__usps-span\" data-v-546fda9a=\"\"><span dir=\"auto\">Ajout de taurine pour soutenir la fonction oculaire et cardiaque<\/span><\/span><\/li>\n<li data-v-546fda9a=\"\"><span class=\"product-info__usps-span\" data-v-546fda9a=\"\"><span dir=\"auto\">Soutient le d\u00e9veloppement naturel des os et des dents<\/span><\/span><\/li>\n<li data-v-546fda9a=\"\"><span class=\"product-info__usps-span\" data-v-546fda9a=\"\"><span dir=\"auto\">Convient \u00e0 toutes les races de chats<\/span><\/span><\/li>\n<\/ul>\n","protected":false},"featured_media":27488,"template":"","meta":{"jetpack_publicize_message":"","jetpack_publicize_feature_enabled":true,"jetpack_social_post_already_shared":true,"jetpack_social_options":{"image_generator_settings":{"template":"highway","default_image_id":0,"font":"","enabled":false},"version":2}},"product_brand":[],"product_cat":[219],"product_tag":[],"class_list":{"0":"post-27486","1":"product","2":"type-product","3":"status-publish","4":"has-post-thumbnail","6":"product_cat-complement-alimentaire-hygiene-et-soins-pour-chat","8":"first","9":"instock","10":"taxable","11":"shipping-taxable","12":"purchasable","13":"product-type-simple"},"supplier_id":5603,"supplier_sku":"10395","barcode":"8711231103959","atum_controlled":true,"out_stock_date":null,"out_stock_threshold":null,"inheritable":false,"inbound_stock":0,"stock_on_hold":0,"sold_today":0,"sales_last_days":0,"reserved_stock":0,"customer_returns":0,"warehouse_damage":0,"lost_in_post":0,"other_logs":0,"out_stock_days":0,"lost_sales":0,"has_location":false,"update_date":"2026-05-07T11:49:02","atum_locations":[],"atum_stock_status":"instock","restock_status":false,"low_stock_amount":2,"sales_update_date":"2026-05-07T00:18:57","calc_backorders":null,"jetpack_publicize_connections":[],"jetpack_sharing_enabled":true,"batches":[{"id":"5371","date_created":"2025-09-19 12:15:12","date_expiry":"2028-03-10 00:00:00","user_id":"2760","batch_number":"BeapharmultivitamineChat100328","location":"","quantity":"10.0000","quantity_available":"5.0000","units":"1","status":"active","order_ids":"[28544,28720,33929,34881,35279]","supplier":"Hill&#039;s","po":{"id":"5329","date_created":"2025-09-19 12:15:14","batch_id":"5371","po_number":"","supplier":"Hill&#039;s","cost":null,"regular_price":null,"sale_price":null,"price_margin":null,"price_discount":null}},{"id":"9360","date_created":"2026-05-07 11:49:00","date_expiry":"2028-03-10 00:00:00","user_id":"2760","batch_number":"BeapharmultivitamineChat100328","location":"","quantity":"1.0000","quantity_available":"1.0000","units":"1","status":"active","order_ids":null,"supplier":"HILLS","po":{"id":"9282","date_created":"2026-05-07 11:49:01","batch_id":"9360","po_number":"","supplier":"HILLS","cost":null,"regular_price":null,"sale_price":null,"price_margin":null,"price_discount":null}}],"_links":{"self":[{"href":"https:\/\/petworld.ma\/index.php\/wp-json\/wp\/v2\/product\/27486","targetHints":{"allow":["GET"]}}],"collection":[{"href":"https:\/\/petworld.ma\/index.php\/wp-json\/wp\/v2\/product"}],"about":[{"href":"https:\/\/petworld.ma\/index.php\/wp-json\/wp\/v2\/types\/product"}],"wp:featuredmedia":[{"embeddable":true,"href":"https:\/\/petworld.ma\/index.php\/wp-json\/wp\/v2\/media\/27488"}],"wp:attachment":[{"href":"https:\/\/petworld.ma\/index.php\/wp-json\/wp\/v2\/media?parent=27486"}],"wp:term":[{"taxonomy":"product_brand","embeddable":true,"href":"https:\/\/petworld.ma\/index.php\/wp-json\/wp\/v2\/product_brand?post=27486"},{"taxonomy":"product_cat","embeddable":true,"href":"https:\/\/petworld.ma\/index.php\/wp-json\/wp\/v2\/product_cat?post=27486"},{"taxonomy":"product_tag","embeddable":true,"href":"https:\/\/petworld.ma\/index.php\/wp-json\/wp\/v2\/product_tag?post=27486"}],"curies":[{"name":"wp","href":"https:\/\/api.w.org\/{rel}","templated":true}]}}