{"id":27508,"date":"2025-09-19T13:35:55","date_gmt":"2025-09-19T13:35:55","guid":{"rendered":"https:\/\/petworld.ma\/?post_type=product&#038;p=27508"},"modified":"2026-03-26T09:52:06","modified_gmt":"2026-03-26T09:52:06","slug":"pate-a-lhuile-de-saumon-pour-chien-beaphar-100g","status":"publish","type":"product","link":"https:\/\/petworld.ma\/index.php\/produit\/pate-a-lhuile-de-saumon-pour-chien-beaphar-100g\/","title":{"rendered":"P\u00e2te \u00e0 l&rsquo;huile de Saumon Pour Chien Beaphar 100g"},"content":{"rendered":"<div class=\"product-bottom__paragraph\" data-v-24efc48f=\"\">\n<div class=\"product-bottom__paragraph\" data-v-1367eb58=\"\">\n<p class=\"product-bottom__paragraph-title\"><span style=\"text-decoration: underline\"><strong><span dir=\"auto\">Description:<\/span><\/strong><\/span><\/p>\n<p class=\"whitespace-pre-line\" data-v-1367eb58=\"\"><span dir=\"auto\">La p\u00e2te \u00e0 l&rsquo;huile de saumon Beaphar est une friandise sp\u00e9ciale \u00e0 offrir quotidiennement. Elle contient 20 % d&rsquo;huile de saumon provenant du saumon de l&rsquo;Atlantique.<\/span><\/p>\n<\/div>\n<div class=\"product-bottom__paragraph\" data-v-1367eb58=\"\">\n<p class=\"product-bottom__paragraph-title\"><span style=\"text-decoration: underline\"><strong><span dir=\"auto\">Composition:<\/span><\/strong><\/span><\/p>\n<ul class=\"mb-6 list-reset\" data-v-1367eb58=\"\">\n<li data-v-1367eb58=\"\"><strong data-v-1367eb58=\"\"><span dir=\"auto\">Ingr\u00e9dients<\/span><\/strong><span dir=\"auto\">\u00a0:\u00a0<\/span><span data-v-1367eb58=\"\"><span dir=\"auto\">Viandes et sous-produits animaux, Huiles et graisses, Poissons et sous-produits de poissons, D\u00e9riv\u00e9s d&rsquo;origine v\u00e9g\u00e9tale<\/span><\/span><\/li>\n<li data-v-1367eb58=\"\"><strong data-v-1367eb58=\"\"><span dir=\"auto\">Additifs<\/span><\/strong><span dir=\"auto\">\u00a0:\u00a0<\/span><span data-v-1367eb58=\"\"><span dir=\"auto\">Antioxydants<\/span><\/span><\/li>\n<li data-v-1367eb58=\"\"><strong data-v-1367eb58=\"\"><span dir=\"auto\">Analyse<\/span><\/strong><span dir=\"auto\">\u00a0:\u00a0<\/span><span data-v-1367eb58=\"\"><span dir=\"auto\">Prot\u00e9ines brutes 36 %, Mati\u00e8res grasses brutes 53 %, Cendres brutes 5 %, Humidit\u00e9 3,4 %, Ca 1,6 %, P 1,1 %, Na 0,21 %, Mg 0,052 %, K 0,26 %, DHA 1,2 %, EPA 0,94 %, Autres acides gras om\u00e9ga-3 0,8 %, Autres acides gras om\u00e9ga-6 0,36 %<\/span><\/span><\/li>\n<\/ul>\n<\/div>\n<div class=\"product-bottom__paragraph\" data-v-1367eb58=\"\">\n<p class=\"product-bottom__paragraph-title\"><span style=\"text-decoration: underline\"><strong><span dir=\"auto\">Caract\u00e9ristiques:<\/span><\/strong><\/span><\/p>\n<table class=\"mt-2 mb-6 w-full product-bottom__specifications overflow-auto\" data-v-1367eb58=\"\">\n<tbody data-v-1367eb58=\"\">\n<tr data-v-1367eb58=\"\">\n<th class=\"text-left py-3 px-5 w-1\/4 align-top\" data-v-1367eb58=\"\"><span dir=\"auto\">Contenu<\/span><\/th>\n<td class=\"w-3\/4 py-3 pr-4\" data-v-1367eb58=\"\"><span class=\"product-bottom__spec\" data-id=\"contents\" data-v-1367eb58=\"\"><span dir=\"auto\">100 gr<\/span><\/span><\/td>\n<\/tr>\n<tr data-v-1367eb58=\"\">\n<th class=\"text-left py-3 px-5 w-1\/4 align-top\" data-v-1367eb58=\"\"><span dir=\"auto\">UGS<\/span><\/th>\n<td class=\"w-3\/4 py-3 pr-4\" data-v-1367eb58=\"\"><span class=\"product-bottom__spec\" data-id=\"sku\" data-v-1367eb58=\"\"><span dir=\"auto\">17121<\/span><\/span><\/td>\n<\/tr>\n<tr data-v-1367eb58=\"\">\n<th class=\"text-left py-3 px-5 w-1\/4 align-top\" data-v-1367eb58=\"\"><span dir=\"auto\">Code-barres<\/span><\/th>\n<td class=\"w-3\/4 py-3 pr-4\" data-v-1367eb58=\"\"><span class=\"product-bottom__spec\" data-id=\"barcode\" data-v-1367eb58=\"\"><span dir=\"auto\">8711231171217<\/span><\/span><\/td>\n<\/tr>\n<tr data-v-1367eb58=\"\">\n<th class=\"text-left py-3 px-5 w-1\/4 align-top\" data-v-1367eb58=\"\"><span dir=\"auto\">Formulaire<\/span><\/th>\n<td class=\"w-3\/4 py-3 pr-4\" data-v-1367eb58=\"\"><span class=\"product-bottom__spec\" data-id=\"form\" data-v-1367eb58=\"\"><span dir=\"auto\">Coller<\/span><\/span><\/td>\n<\/tr>\n<tr data-v-1367eb58=\"\">\n<th class=\"text-left py-3 px-5 w-1\/4 align-top\" data-v-1367eb58=\"\"><span dir=\"auto\">\u00c2ge des animaux<\/span><\/th>\n<td class=\"w-3\/4 py-3 pr-4\" data-v-1367eb58=\"\"><span class=\"product-bottom__spec\" data-id=\"animal_age\" data-v-1367eb58=\"\"><span dir=\"auto\">Adulte<\/span><\/span><\/td>\n<\/tr>\n<tr data-v-1367eb58=\"\">\n<th class=\"text-left py-3 px-5 w-1\/4 align-top\" data-v-1367eb58=\"\"><span dir=\"auto\">Type d&rsquo;animal<\/span><\/th>\n<td class=\"w-3\/4 py-3 pr-4\" data-v-1367eb58=\"\"><span class=\"product-bottom__spec\" data-id=\"animal_type\" data-v-1367eb58=\"\"><span dir=\"auto\">Chien<\/span><\/span><\/td>\n<\/tr>\n<tr data-v-1367eb58=\"\">\n<th class=\"text-left py-3 px-5 w-1\/4 align-top\" data-v-1367eb58=\"\"><span dir=\"auto\">Poids de l&rsquo;animal<\/span><\/th>\n<td class=\"w-3\/4 py-3 pr-4\" data-v-1367eb58=\"\"><span class=\"product-bottom__spec\" data-id=\"animal_weight\" data-v-1367eb58=\"\"><span dir=\"auto\">Tous les poids<\/span><\/span><\/td>\n<\/tr>\n<\/tbody>\n<\/table>\n<\/div>\n<h3 class=\"product-bottom__paragraph-title\" data-v-24efc48f=\"\"><\/h3>\n<\/div>\n","protected":false},"excerpt":{"rendered":"<p class=\"product-info__description\" data-v-546fda9a=\"\"><span dir=\"auto\">La p\u00e2te \u00e0 l&rsquo;huile de saumon Beaphar est une friandise sp\u00e9ciale \u00e0 offrir quotidiennement. Elle contient 20 % d&rsquo;huile de saumon provenant du saumon de l&rsquo;Atlantique.<\/span><\/p>\n<ul class=\"product-info__usps list-reset\" data-v-546fda9a=\"\">\n<li data-v-546fda9a=\"\"><span class=\"product-info__usps-span\" data-v-546fda9a=\"\"><span dir=\"auto\">Avec 0% de sucres ajout\u00e9s<\/span><\/span><\/li>\n<li data-v-546fda9a=\"\"><span class=\"product-info__usps-span\" data-v-546fda9a=\"\"><span dir=\"auto\">Pour la peau et le pelage<\/span><\/span><\/li>\n<li data-v-546fda9a=\"\"><span class=\"product-info__usps-span\" data-v-546fda9a=\"\"><span dir=\"auto\">Sans c\u00e9r\u00e9ales<\/span><\/span><\/li>\n<\/ul>\n","protected":false},"featured_media":27509,"template":"","meta":{"jetpack_publicize_message":"","jetpack_publicize_feature_enabled":true,"jetpack_social_post_already_shared":true,"jetpack_social_options":{"image_generator_settings":{"template":"highway","default_image_id":0,"font":"","enabled":false},"version":2}},"product_brand":[],"product_cat":[218,127],"product_tag":[],"class_list":{"0":"post-27508","1":"product","2":"type-product","3":"status-publish","4":"has-post-thumbnail","6":"product_cat-complement-alimentaire","7":"product_cat-huile-de-saumon","9":"first","10":"instock","11":"taxable","12":"shipping-taxable","13":"purchasable","14":"product-type-simple"},"supplier_id":5603,"supplier_sku":"17121","barcode":"8711231171217","atum_controlled":true,"out_stock_date":null,"out_stock_threshold":null,"inheritable":false,"inbound_stock":0,"stock_on_hold":0,"sold_today":0,"sales_last_days":0,"reserved_stock":0,"customer_returns":0,"warehouse_damage":0,"lost_in_post":0,"other_logs":0,"out_stock_days":0,"lost_sales":0,"has_location":false,"update_date":"2026-05-12T11:13:08","atum_locations":[],"atum_stock_status":"instock","restock_status":false,"low_stock_amount":2,"sales_update_date":"2026-05-12T11:13:08","calc_backorders":null,"jetpack_publicize_connections":[],"jetpack_sharing_enabled":true,"batches":[{"id":"5381","date_created":"2025-09-19 14:21:56","date_expiry":"2026-11-30 00:00:00","user_id":"2461","batch_number":"patehuilesaumon301126","location":"","quantity":"10.0000","quantity_available":"10.0000","units":"1","status":"active","order_ids":null,"supplier":"Hill&#039;s","po":{"id":"5339","date_created":"2025-09-19 14:22:02","batch_id":"5381","po_number":"","supplier":"Hill&#039;s","cost":null,"regular_price":null,"sale_price":null,"price_margin":null,"price_discount":null}},{"id":"5524","date_created":"2025-09-25 15:36:48","date_expiry":"2026-11-30 00:00:00","user_id":"2461","batch_number":"patehuilesaumon301126","location":"","quantity":"1.0000","quantity_available":"1.0000","units":"1","status":"active","order_ids":"[]","supplier":"Hill&#039;s","po":{"id":"5478","date_created":"2025-09-25 15:36:48","batch_id":"5524","po_number":"","supplier":"Hill&#039;s","cost":null,"regular_price":null,"sale_price":null,"price_margin":null,"price_discount":null}}],"_links":{"self":[{"href":"https:\/\/petworld.ma\/index.php\/wp-json\/wp\/v2\/product\/27508","targetHints":{"allow":["GET"]}}],"collection":[{"href":"https:\/\/petworld.ma\/index.php\/wp-json\/wp\/v2\/product"}],"about":[{"href":"https:\/\/petworld.ma\/index.php\/wp-json\/wp\/v2\/types\/product"}],"wp:featuredmedia":[{"embeddable":true,"href":"https:\/\/petworld.ma\/index.php\/wp-json\/wp\/v2\/media\/27509"}],"wp:attachment":[{"href":"https:\/\/petworld.ma\/index.php\/wp-json\/wp\/v2\/media?parent=27508"}],"wp:term":[{"taxonomy":"product_brand","embeddable":true,"href":"https:\/\/petworld.ma\/index.php\/wp-json\/wp\/v2\/product_brand?post=27508"},{"taxonomy":"product_cat","embeddable":true,"href":"https:\/\/petworld.ma\/index.php\/wp-json\/wp\/v2\/product_cat?post=27508"},{"taxonomy":"product_tag","embeddable":true,"href":"https:\/\/petworld.ma\/index.php\/wp-json\/wp\/v2\/product_tag?post=27508"}],"curies":[{"name":"wp","href":"https:\/\/api.w.org\/{rel}","templated":true}]}}