{"id":27531,"date":"2025-09-19T18:56:41","date_gmt":"2025-09-19T18:56:41","guid":{"rendered":"https:\/\/petworld.ma\/?post_type=product&#038;p=27531"},"modified":"2026-02-11T16:19:35","modified_gmt":"2026-02-11T16:19:35","slug":"beaphar-flexifit-treats-dog-150g","status":"publish","type":"product","link":"https:\/\/petworld.ma\/index.php\/produit\/beaphar-flexifit-treats-dog-150g\/","title":{"rendered":"Flexifit Friandises Chien 150g &#8211; Beaphar"},"content":{"rendered":"<div class=\"product-bottom__paragraph\" data-v-24efc48f=\"\">\n<div class=\"product-bottom__paragraph\" data-v-1367eb58=\"\">\n<div class=\"product-bottom__paragraph\" data-v-1367eb58=\"\">\n<p class=\"product-bottom__paragraph-title\"><span style=\"text-decoration: underline;\"><strong>Description:<\/strong><\/span><\/p>\n<p class=\"whitespace-pre-line\" data-v-1367eb58=\"\">Les friandises Beaphar Flexifit\u00ae apportent un soutien aux articulations du chien, en plus d&rsquo;\u00eatre savoureuses. Gr\u00e2ce \u00e0 leur formule multi-actions, compos\u00e9e de glucosamine a.o., d&rsquo;om\u00e9gas 3, de vitamine C et de calcium, elles aident \u00e0 maintenir des articulations souples, tout en favorisant le maintien d&rsquo;os solides. Elles sont \u00e9galement bonnes pour les muscles et vont aider votre chien \u00e0 se mouvoir facilement et \u00e0 mener une vie active. Les friandises Beaphar Flexifit\u00ae sont recommand\u00e9es pour les chiens n\u00e9cessitant un soutien suppl\u00e9mentaire au niveau des articulations, et constituent un compl\u00e9ment essentiel pour les chiens actifs, de travail ou \u00e2g\u00e9s. Convient aux chiens \u00e0 partir de 12 semaines<\/p>\n<\/div>\n<div class=\"product-bottom__paragraph\" data-v-1367eb58=\"\">\n<p class=\"product-bottom__paragraph-title\"><span style=\"text-decoration: underline;\"><strong>Conseils d&rsquo;utilisation:<\/strong><\/span><\/p>\n<p class=\"whitespace-pre-line\" data-v-1367eb58=\"\">Conseils d\u2019utilisation : Voir ci-dessous. Veillez \u00e0 ce que l\u2019animal dispose toujours d\u2019eau potable fra\u00eeche. Quantit\u00e9s recommand\u00e9es par jour : Poids de l&rsquo;animal\/ Quantit\u00e9s :Inf\u00e9rieur \u00e0 15kg : 2 \u00e0 4 friandises15 &#8211; 30 kg :\u00a0\u00a04 \u00e0 8 friandisesSup\u00e9rieur \u00e0 30kg :\u00a08 friandises<\/p>\n<\/div>\n<div class=\"product-bottom__paragraph\" data-v-1367eb58=\"\">\n<p class=\"product-bottom__paragraph-title\"><span style=\"text-decoration: underline;\"><strong>Composition:<\/strong><\/span><\/p>\n<ul class=\"mb-6 list-reset\" data-v-1367eb58=\"\">\n<li data-v-1367eb58=\"\"><strong data-v-1367eb58=\"\">Ingr\u00e9dients<\/strong>:\u00a0<span data-v-1367eb58=\"\">Composition: C\u00e9r\u00e9ales, sous-produits d\u2019origine v\u00e9g\u00e9tale, viandes et sous-produits animaux, substances min\u00e9rales (phosphate tricalcique 4,04%), mollusques et crustac\u00e9s (glucosamine hydrochloride 4,04%), huiles et graisses (huile de saumon 1,5%), poissons et sous-produits de poissons, levures. Constituants analytiques : Prot\u00e9ine brute 11%, Cellulose brute 0,4%, Mati\u00e8res grasses brutes 7%, Cendres brutes 5,4%, Humidit\u00e9 22,5%, Calcium 1,38%, Acides gras Om\u00e9ga 3 0,61%.<\/span><\/li>\n<li data-v-1367eb58=\"\"><strong data-v-1367eb58=\"\">Additifs<\/strong>:\u00a0<span data-v-1367eb58=\"\">Additifs technologiques : Conservateurs \/ Antioxyg\u00e8nes Additifs sensoriels : Colorants. Additifs Nutritionnels : Vitamine C (3a300) 1957 mg, Taurine (3a370) 1957 mg.<\/span><\/li>\n<\/ul>\n<\/div>\n<div class=\"product-bottom__paragraph\" data-v-1367eb58=\"\">\n<p class=\"product-bottom__paragraph-title\"><span style=\"text-decoration: underline;\"><strong>Caract\u00e9ristiques:<\/strong><\/span><\/p>\n<table class=\"mt-2 mb-6 w-full product-bottom__specifications overflow-auto\" data-v-1367eb58=\"\">\n<tbody data-v-1367eb58=\"\">\n<tr data-v-1367eb58=\"\">\n<th class=\"text-left py-3 px-5 w-1\/4 align-top\" data-v-1367eb58=\"\">Code produit \/ SKU<\/th>\n<td class=\"w-3\/4 py-3 pr-4\" data-v-1367eb58=\"\"><span class=\"product-bottom__spec\" data-id=\"sku\" data-v-1367eb58=\"\">1000021<\/span><\/td>\n<\/tr>\n<tr data-v-1367eb58=\"\">\n<th class=\"text-left py-3 px-5 w-1\/4 align-top\" data-v-1367eb58=\"\">Code-barres \/ EAN<\/th>\n<td class=\"w-3\/4 py-3 pr-4\" data-v-1367eb58=\"\"><span class=\"product-bottom__spec\" data-id=\"barcode\" data-v-1367eb58=\"\">8711231200306<\/span><\/td>\n<\/tr>\n<tr data-v-1367eb58=\"\">\n<th class=\"text-left py-3 px-5 w-1\/4 align-top\" data-v-1367eb58=\"\">Formulaire<\/th>\n<td class=\"w-3\/4 py-3 pr-4\" data-v-1367eb58=\"\"><span class=\"product-bottom__spec\" data-id=\"form\" data-v-1367eb58=\"\">Snack<\/span><\/td>\n<\/tr>\n<tr data-v-1367eb58=\"\">\n<th class=\"text-left py-3 px-5 w-1\/4 align-top\" data-v-1367eb58=\"\">\u00c2ge de l&rsquo;animal<\/th>\n<td class=\"w-3\/4 py-3 pr-4\" data-v-1367eb58=\"\"><span class=\"product-bottom__spec\" data-id=\"animal_age\" data-v-1367eb58=\"\">Adulte<\/span><\/td>\n<\/tr>\n<tr data-v-1367eb58=\"\">\n<th class=\"text-left py-3 px-5 w-1\/4 align-top\" data-v-1367eb58=\"\">Type d&rsquo;animal<\/th>\n<td class=\"w-3\/4 py-3 pr-4\" data-v-1367eb58=\"\"><span class=\"product-bottom__spec\" data-id=\"animal_type\" data-v-1367eb58=\"\">Chien<\/span><\/td>\n<\/tr>\n<tr data-v-1367eb58=\"\">\n<th class=\"text-left py-3 px-5 w-1\/4 align-top\" data-v-1367eb58=\"\">Stockage et s\u00e9curit\u00e9<\/th>\n<td class=\"w-3\/4 py-3 pr-4\" data-v-1367eb58=\"\"><span class=\"product-bottom__spec\" data-id=\"storage_and_safety\" data-v-1367eb58=\"\">Conservation : A conserver dans un endroit frais et sec, \u00e0 l\u2019abri de la lumi\u00e8re. Conserver dans l\u2019emballage d\u2019origine, bien ferm\u00e9. Pour de meilleurs r\u00e9sultats, utiliser dans les 3 mois suivant l\u2019ouverture. Eliminer le contenu\/r\u00e9cipient conform\u00e9ment aux prescriptions du r\u00e8glement municipal d\u2019\u00e9limination des d\u00e9chets.<\/span><\/td>\n<\/tr>\n<\/tbody>\n<\/table>\n<\/div>\n<\/div>\n<\/div>\n","protected":false},"excerpt":{"rendered":"<p class=\"product-info__description\" data-v-546fda9a=\"\">Aliment compl\u00e9mentaire pour chien:<\/p>\n<ul class=\"product-info__usps list-reset\" data-v-546fda9a=\"\">\n<li data-v-546fda9a=\"\"><span class=\"product-info__usps-span\" data-v-546fda9a=\"\">Apporte un soutien aux articulations<\/span><\/li>\n<li data-v-546fda9a=\"\"><span class=\"product-info__usps-span\" data-v-546fda9a=\"\">Formule multi-actions \u00e0 la glucosamine a.o., aux om\u00e9gas 3, \u00e0 la vitamine C et au Calcium<\/span><\/li>\n<li data-v-546fda9a=\"\"><span class=\"product-info__usps-span\" data-v-546fda9a=\"\">Aident les chiens \u00e0 se mouvoir et \u00e0 mener une vie active<\/span><\/li>\n<li data-v-546fda9a=\"\"><span class=\"product-info__usps-span\" data-v-546fda9a=\"\">Tr\u00e8s app\u00e9tentes<\/span><\/li>\n<\/ul>\n","protected":false},"featured_media":27539,"template":"","meta":{"jetpack_publicize_message":"","jetpack_publicize_feature_enabled":true,"jetpack_social_post_already_shared":true,"jetpack_social_options":{"image_generator_settings":{"template":"highway","default_image_id":0,"font":"","enabled":false},"version":2}},"product_brand":[],"product_cat":[218,39],"product_tag":[],"class_list":{"0":"post-27531","1":"product","2":"type-product","3":"status-publish","4":"has-post-thumbnail","6":"product_cat-complement-alimentaire","7":"product_cat-friandises-et-pates-pour-chien","9":"first","10":"instock","11":"sale","12":"taxable","13":"shipping-taxable","14":"purchasable","15":"product-type-simple"},"supplier_id":5603,"supplier_sku":"1000021","barcode":"8711231200306","atum_controlled":true,"out_stock_date":null,"out_stock_threshold":null,"inheritable":false,"inbound_stock":0,"stock_on_hold":0,"sold_today":0,"sales_last_days":0,"reserved_stock":0,"customer_returns":0,"warehouse_damage":0,"lost_in_post":0,"other_logs":0,"out_stock_days":0,"lost_sales":0,"has_location":false,"update_date":"2026-04-23T00:13:37","atum_locations":[],"atum_stock_status":"instock","restock_status":false,"low_stock_amount":2,"sales_update_date":"2026-04-23T00:13:36","calc_backorders":null,"jetpack_publicize_connections":[],"jetpack_sharing_enabled":true,"batches":[],"_links":{"self":[{"href":"https:\/\/petworld.ma\/index.php\/wp-json\/wp\/v2\/product\/27531","targetHints":{"allow":["GET"]}}],"collection":[{"href":"https:\/\/petworld.ma\/index.php\/wp-json\/wp\/v2\/product"}],"about":[{"href":"https:\/\/petworld.ma\/index.php\/wp-json\/wp\/v2\/types\/product"}],"wp:featuredmedia":[{"embeddable":true,"href":"https:\/\/petworld.ma\/index.php\/wp-json\/wp\/v2\/media\/27539"}],"wp:attachment":[{"href":"https:\/\/petworld.ma\/index.php\/wp-json\/wp\/v2\/media?parent=27531"}],"wp:term":[{"taxonomy":"product_brand","embeddable":true,"href":"https:\/\/petworld.ma\/index.php\/wp-json\/wp\/v2\/product_brand?post=27531"},{"taxonomy":"product_cat","embeddable":true,"href":"https:\/\/petworld.ma\/index.php\/wp-json\/wp\/v2\/product_cat?post=27531"},{"taxonomy":"product_tag","embeddable":true,"href":"https:\/\/petworld.ma\/index.php\/wp-json\/wp\/v2\/product_tag?post=27531"}],"curies":[{"name":"wp","href":"https:\/\/api.w.org\/{rel}","templated":true}]}}