{"id":27602,"date":"2025-09-20T14:53:39","date_gmt":"2025-09-20T14:53:39","guid":{"rendered":"https:\/\/petworld.ma\/?post_type=product&#038;p=27602"},"modified":"2026-05-07T00:36:07","modified_gmt":"2026-05-07T00:36:07","slug":"brit-care-pate-pate-anti-boule-de-poils-a-la-taurine-100g","status":"publish","type":"product","link":"https:\/\/petworld.ma\/index.php\/produit\/brit-care-pate-pate-anti-boule-de-poils-a-la-taurine-100g\/","title":{"rendered":"Brit Care P\u00e2te P\u00c2TE Anti Boule De Poils \u00e0 la taurine 100g"},"content":{"rendered":"<div>\n<p>&nbsp;<\/p>\n<\/div>\n<p><span dir=\"auto\">La p\u00e2te fonctionnelle anti-boules de poils est le compl\u00e9ment alimentaire id\u00e9al pour les chats adultes, en particulier ceux \u00e0 poils longs ou vivant principalement \u00e0 l&rsquo;int\u00e9rieur et n&rsquo;ayant pas facilement acc\u00e8s \u00e0 des fibres naturelles comme l&rsquo;herbe. Riche en fibres, cette p\u00e2te pr\u00e9vient la formation de boules de poils et facilite leur transit intestinal sans provoquer de vomissements.<\/span><\/p>\n<p><span dir=\"auto\">Ce comportement est favoris\u00e9 par la pr\u00e9sence de taurine, qui assure le bon fonctionnement du c\u0153ur, des yeux et du cerveau du chat. La p\u00e2te poss\u00e8de un go\u00fbt et un ar\u00f4me irr\u00e9sistibles, m\u00eame pour les chats les plus exigeants, ce qui en fait un compl\u00e9ment facile et agr\u00e9able \u00e0 leur alimentation quotidienne.<\/span><\/p>\n<p><strong><span dir=\"auto\">Caract\u00e9ristiques:<\/span><\/strong><\/p>\n<ul>\n<li><span dir=\"auto\">Pr\u00e9vient la formation de boules de poils et facilite leur \u00e9limination<\/span><\/li>\n<li><span dir=\"auto\">Aide \u00e0 une digestion fluide et \u00e0 un nettoyage naturel du syst\u00e8me digestif<\/span><\/li>\n<li><span dir=\"auto\">Contient de la taurine pour soutenir le c\u0153ur, les yeux et le cerveau<\/span><\/li>\n<li><span dir=\"auto\">Sans sucre, conservateurs ni ar\u00f4mes artificiels<\/span><\/li>\n<li><span dir=\"auto\">Id\u00e9al pour les chats \u00e0 poils longs ou ceux vivant \u00e0 l&rsquo;int\u00e9rieur sans suffisamment de fibres.<\/span><\/li>\n<\/ul>\n<p>&nbsp;<\/p>\n<table class=\"table table-hover extra_fields_table\">\n<tbody>\n<tr>\n<td><strong><span dir=\"auto\">\u00c2ge de l&rsquo;animal<\/span><\/strong><span dir=\"auto\">\u00a0:<\/span><\/td>\n<td><span dir=\"auto\">Adulte<\/span><\/td>\n<\/tr>\n<tr>\n<td><strong><span dir=\"auto\">Composition<\/span><\/strong><span dir=\"auto\">\u00a0:<\/span><\/td>\n<td><span dir=\"auto\">malt 60%, huiles et graisses, cellulose de pomme 4%, l\u00e9gumes hydrolys\u00e9s.<\/span><\/td>\n<\/tr>\n<tr>\n<td><strong><span dir=\"auto\">Ingr\u00e9dients d\u00e9taill\u00e9s<\/span><\/strong><span dir=\"auto\">\u00a0:<\/span><\/td>\n<td><span dir=\"auto\">prot\u00e9ines brutes 3 %, mati\u00e8res grasses brutes 29 %, fibres brutes 3,5 %, cendres brutes 2 %, sodium 0,65 %.<\/span><\/td>\n<\/tr>\n<tr>\n<td><strong><span dir=\"auto\">Ingr\u00e9dients nutritionnels suppl\u00e9mentaires<\/span><\/strong><span dir=\"auto\">\u00a0:<\/span><\/td>\n<td><span dir=\"auto\">Pour 1 kg\u00a0: taurine 5\u00a0000\u00a0mg, vitamine A (3a672a) 12\u00a0000\u00a0UI, vitamine D3 (3a671) 980\u00a0UI, vitamine E (3a700) 60\u00a0mg, vitamine C (3a300) 28\u00a0mg, vitamine B1 (3a821) 14,4\u00a0mg, vitamine B2 (riboflavine) 9,6\u00a0mg, vitamine B6 (3a831) 7,2\u00a0mg, vitamine B12 (cyanocobalamine) 19,2\u00a0mcg, niacine (3a314) 28,8\u00a0mg, acide pantoth\u00e9nique (3a841) 18\u00a0mg, acide folique 1,44\u00a0mg, biotine (3a880) 48\u00a0mcg.<\/span><\/p>\n<p><span dir=\"auto\">Contient des conservateurs approuv\u00e9s par l\u2019UE.<\/span><\/td>\n<\/tr>\n<tr>\n<td><strong><span dir=\"auto\">Additifs technologiques<\/span><\/strong><span dir=\"auto\">\u00a0:<\/span><\/td>\n<td><span dir=\"auto\">gomme xanthane (E415) 0,4%, carboxym\u00e9thylcellulose (E466) 0,2%, carragh\u00e9nane (E407) 0,2%.<\/span><\/td>\n<\/tr>\n<tr>\n<td><strong><span dir=\"auto\">\u00c9nergie m\u00e9tabolisable<\/span><\/strong><span dir=\"auto\">\u00a0:<\/span><\/td>\n<td><span dir=\"auto\">4 407 kcal\/kg.<\/span><\/td>\n<\/tr>\n<tr>\n<td><strong><span dir=\"auto\">Mode d&#8217;emploi<\/span><\/strong><span dir=\"auto\">\u00a0:<\/span><\/td>\n<td><span dir=\"auto\">Voir le tableau. Ajouter \u00e0 la nourriture ou servir s\u00e9par\u00e9ment. Assurez-vous que votre chat ait toujours acc\u00e8s \u00e0 de l&rsquo;eau fra\u00eeche.<\/span><\/td>\n<\/tr>\n<\/tbody>\n<\/table>\n<p>&nbsp;<\/p>\n<table border=\"0\" data-end=\"355\" data-is-last-node=\"\" data-is-only-node=\"\" data-start=\"52\">\n<tbody data-end=\"355\" data-is-last-node=\"\" data-is-only-node=\"\" data-start=\"204\">\n<tr data-end=\"127\" data-start=\"52\">\n<td data-end=\"66\" data-start=\"52\"><span dir=\"auto\">But<\/span><\/td>\n<td data-end=\"100\" data-is-only-node=\"\" data-start=\"66\"><span dir=\"auto\">Dosage (pour un chat de 3-4 kg)<\/span><\/td>\n<td data-end=\"127\" data-start=\"100\"><span dir=\"auto\">Fr\u00e9quence<\/span><\/td>\n<\/tr>\n<tr data-end=\"279\" data-start=\"204\">\n<td><span dir=\"auto\">Traitement<\/span><\/td>\n<td><span dir=\"auto\">3 cm<\/span><\/td>\n<td><span dir=\"auto\">Pendant 3 \u00e0 5 jours<\/span><\/td>\n<\/tr>\n<tr data-end=\"355\" data-is-last-node=\"\" data-is-only-node=\"\" data-start=\"280\">\n<td><span dir=\"auto\">Pr\u00e9vention<\/span><\/td>\n<td><span dir=\"auto\">3 cm<\/span><\/td>\n<td><span dir=\"auto\">1 \u00e0 2 fois par semaine<\/span><\/td>\n<\/tr>\n<\/tbody>\n<\/table>\n<p><em><span dir=\"auto\">*L&rsquo;administration quotidienne ne pose aucun probl\u00e8me<\/span><\/em><\/p>\n","protected":false},"excerpt":{"rendered":"<p><span dir=\"auto\">P\u00e2te fonctionnelle anti-boules de poils pour chats, riche en fibres et en taurine, qui aide \u00e0 pr\u00e9venir la formation de boules de poils et facilite leur passage en toute s\u00e9curit\u00e9 dans le syst\u00e8me digestif.<\/span><\/p>\n","protected":false},"featured_media":27603,"template":"","meta":{"jetpack_publicize_message":"","jetpack_publicize_feature_enabled":true,"jetpack_social_post_already_shared":true,"jetpack_social_options":{"image_generator_settings":{"template":"highway","default_image_id":0,"font":"","enabled":false},"version":2}},"product_brand":[],"product_cat":[219],"product_tag":[],"class_list":{"0":"post-27602","1":"product","2":"type-product","3":"status-publish","4":"has-post-thumbnail","6":"product_cat-complement-alimentaire-hygiene-et-soins-pour-chat","8":"first","9":"outofstock","10":"sale","11":"taxable","12":"shipping-taxable","13":"purchasable","14":"product-type-simple"},"supplier_id":5590,"supplier_sku":"","barcode":null,"atum_controlled":true,"out_stock_date":"2026-05-07 00:36:07","out_stock_threshold":null,"inheritable":false,"inbound_stock":0,"stock_on_hold":2,"sold_today":0,"sales_last_days":3,"reserved_stock":0,"customer_returns":0,"warehouse_damage":0,"lost_in_post":0,"other_logs":0,"out_stock_days":1,"lost_sales":14,"has_location":false,"update_date":"2026-05-08T14:18:13","atum_locations":[],"atum_stock_status":"outofstock","restock_status":false,"low_stock_amount":5,"sales_update_date":"2026-05-08T14:18:13","calc_backorders":null,"jetpack_publicize_connections":[],"jetpack_sharing_enabled":true,"batches":[{"id":"6794","date_created":"2025-12-21 11:18:42","date_expiry":"2027-05-30 00:00:00","user_id":"2760","batch_number":"LOT0527","location":"","quantity":"4.0000","quantity_available":"0.0000","units":"1","status":"archived","order_ids":"[33631,33843,33901,34456]","supplier":"BRIT","po":{"id":"6740","date_created":"2025-12-21 11:18:42","batch_id":"6794","po_number":"","supplier":"BRIT","cost":null,"regular_price":null,"sale_price":null,"price_margin":null,"price_discount":null}},{"id":"8087","date_created":"2026-03-05 11:19:37","date_expiry":"2027-05-30 00:00:00","user_id":"2760","batch_number":"LOT0527","location":"","quantity":"8.0000","quantity_available":"0.0000","units":"1","status":"archived","order_ids":"[37491,37873,38458,38676,40751,40781,41507]","supplier":"BRIT","po":{"id":"8025","date_created":"2026-03-05 11:19:38","batch_id":"8087","po_number":"","supplier":"BRIT","cost":null,"regular_price":null,"sale_price":null,"price_margin":null,"price_discount":null}}],"_links":{"self":[{"href":"https:\/\/petworld.ma\/index.php\/wp-json\/wp\/v2\/product\/27602","targetHints":{"allow":["GET"]}}],"collection":[{"href":"https:\/\/petworld.ma\/index.php\/wp-json\/wp\/v2\/product"}],"about":[{"href":"https:\/\/petworld.ma\/index.php\/wp-json\/wp\/v2\/types\/product"}],"wp:featuredmedia":[{"embeddable":true,"href":"https:\/\/petworld.ma\/index.php\/wp-json\/wp\/v2\/media\/27603"}],"wp:attachment":[{"href":"https:\/\/petworld.ma\/index.php\/wp-json\/wp\/v2\/media?parent=27602"}],"wp:term":[{"taxonomy":"product_brand","embeddable":true,"href":"https:\/\/petworld.ma\/index.php\/wp-json\/wp\/v2\/product_brand?post=27602"},{"taxonomy":"product_cat","embeddable":true,"href":"https:\/\/petworld.ma\/index.php\/wp-json\/wp\/v2\/product_cat?post=27602"},{"taxonomy":"product_tag","embeddable":true,"href":"https:\/\/petworld.ma\/index.php\/wp-json\/wp\/v2\/product_tag?post=27602"}],"curies":[{"name":"wp","href":"https:\/\/api.w.org\/{rel}","templated":true}]}}