{"id":27621,"date":"2025-09-20T18:08:14","date_gmt":"2025-09-20T18:08:14","guid":{"rendered":"https:\/\/petworld.ma\/?post_type=product&#038;p=27621"},"modified":"2026-04-25T14:14:54","modified_gmt":"2026-04-25T14:14:54","slug":"litiere-agglomerante-ultra-absorbante-et-parfumee-10l-et-20l-lavande-savon-de-marseille-baby-powder-2","status":"publish","type":"product","link":"https:\/\/petworld.ma\/index.php\/produit\/litiere-agglomerante-ultra-absorbante-et-parfumee-10l-et-20l-lavande-savon-de-marseille-baby-powder-2\/","title":{"rendered":"Liti\u00e8re agglom\u00e9rante ultra absorbante et parfum\u00e9e 10L et 20L (Lavande | Savon de Marseille | Baby Powder)"},"content":{"rendered":"<p><strong><span class=\"\">POUSSI\u00c8RE MINIMALE :<\/span><\/strong><span class=\"\"> La liti\u00e8re pour chats Proline est sp\u00e9cialement trait\u00e9e afin de minimiser la formation de poussi\u00e8re.<\/span><\/p>\n<p><strong>CARACT\u00c9RISTIQUE ABSORBANTE:<\/strong> La liti\u00e8re pour chat Proline absorbe le liquide rapidement en formant des grumeaux. Il pr\u00e9vient toutes sortes de contaminations bact\u00e9riennes qui peuvent \u00eatre nocives pour vous ou votre chat<\/p>\n<p><strong>BLOCAGE DES ODEURS :<\/strong> Tout en bloquant les mauvaises odeurs qui se d\u00e9gagent, la liti\u00e8re pour chat Proline donne \u00e9galement une odeur fra\u00eeche lorsqu\u2019elle est en contact avec un liquide.<\/p>\n<p><strong>USAGE DIRECTIONS:<\/strong>.<\/p>\n<ul>\n<li>Versez la liti\u00e8re pour chat dans tout le fond du bac \u00e0 liti\u00e8re de 7 \u00e0 8 cm d\u2019\u00e9paisseur.<\/li>\n<li>Nettoyez les mottes et les d\u00e9chets solides tous les jours avec une pelle appropri\u00e9e.<\/li>\n<li>Compl\u00e9tez la liti\u00e8re pour chat en ajoutant de la liti\u00e8re fra\u00eeche lorsque le niveau diminue.<\/li>\n<\/ul>\n","protected":false},"excerpt":{"rendered":"<p>POUSSI\u00c8RE MINIMALE : La liti\u00e8re pour chats Proline est sp\u00e9cialement trait\u00e9e afin de minimiser la formation de poussi\u00e8re. CARACT\u00c9RISTIQUE ABSORBANTE: La liti\u00e8re pour chat Proline absorbe le liquide rapidement en formant des grumeaux. Il pr\u00e9vient toutes sortes de contaminations bact\u00e9riennes qui peuvent \u00eatre nocives pour vous ou votre chat BLOCAGE DES ODEURS : Tout en [&#8230;]\n","protected":false},"featured_media":11191,"template":"","meta":{"jetpack_publicize_message":"","jetpack_publicize_feature_enabled":true,"jetpack_social_post_already_shared":true,"jetpack_social_options":{"image_generator_settings":{"template":"highway","default_image_id":0,"font":"","enabled":false},"version":2}},"product_brand":[],"product_cat":[94],"product_tag":[],"class_list":{"0":"post-27621","1":"product","2":"type-product","3":"status-publish","4":"has-post-thumbnail","6":"product_cat-litieres-et-bacs","8":"first","9":"instock","10":"taxable","11":"shipping-taxable","12":"purchasable","13":"product-type-variable","14":"has-default-attributes"},"supplier_id":null,"supplier_sku":"","barcode":null,"atum_controlled":true,"out_stock_date":null,"out_stock_threshold":null,"inheritable":true,"inbound_stock":0,"stock_on_hold":5,"sold_today":1,"sales_last_days":14,"reserved_stock":0,"customer_returns":0,"warehouse_damage":0,"lost_in_post":0,"other_logs":0,"out_stock_days":null,"lost_sales":0,"has_location":false,"update_date":"2026-04-25T14:14:57","atum_locations":[],"atum_stock_status":"instock","restock_status":false,"low_stock_amount":"","sales_update_date":"2026-04-21T23:17:48","calc_backorders":null,"jetpack_publicize_connections":[],"jetpack_sharing_enabled":true,"batches":[],"_links":{"self":[{"href":"https:\/\/petworld.ma\/index.php\/wp-json\/wp\/v2\/product\/27621","targetHints":{"allow":["GET"]}}],"collection":[{"href":"https:\/\/petworld.ma\/index.php\/wp-json\/wp\/v2\/product"}],"about":[{"href":"https:\/\/petworld.ma\/index.php\/wp-json\/wp\/v2\/types\/product"}],"wp:featuredmedia":[{"embeddable":true,"href":"https:\/\/petworld.ma\/index.php\/wp-json\/wp\/v2\/media\/11191"}],"wp:attachment":[{"href":"https:\/\/petworld.ma\/index.php\/wp-json\/wp\/v2\/media?parent=27621"}],"wp:term":[{"taxonomy":"product_brand","embeddable":true,"href":"https:\/\/petworld.ma\/index.php\/wp-json\/wp\/v2\/product_brand?post=27621"},{"taxonomy":"product_cat","embeddable":true,"href":"https:\/\/petworld.ma\/index.php\/wp-json\/wp\/v2\/product_cat?post=27621"},{"taxonomy":"product_tag","embeddable":true,"href":"https:\/\/petworld.ma\/index.php\/wp-json\/wp\/v2\/product_tag?post=27621"}],"curies":[{"name":"wp","href":"https:\/\/api.w.org\/{rel}","templated":true}]}}