{"id":2763,"date":"2023-06-08T10:14:00","date_gmt":"2023-06-08T10:14:00","guid":{"rendered":"https:\/\/petworld.ma\/?post_type=product&#038;p=2763"},"modified":"2026-05-13T20:57:22","modified_gmt":"2026-05-13T20:57:22","slug":"anti-puces-pour-chats-x1-pipette-fabrique-en-france","status":"publish","type":"product","link":"https:\/\/petworld.ma\/index.php\/produit\/anti-puces-pour-chats-x1-pipette-fabrique-en-france\/","title":{"rendered":"Anti-puces pour chats Adult \u00d71 pipette &#8211; Fabriqu\u00e9 en France &#8211;"},"content":{"rendered":"<p>Spot-on chat offre une protection anti-puces et anti-tiques compl\u00e8te pour votre chat et son environnement. Pr\u00e9curseur dans le traitement combin\u00e9 de l\u2019animal et de la maison, il s\u2019agit de la pipette la plus efficace pour le chat dans notre gamme antiparasitaires.<\/p>\n<div class=\"text-with-supporting-bullet__headline\">\n<h2>CARACT\u00c9RISTIQUES<\/h2>\n<\/div>\n<div class=\"text-with-supporting-bullet__wrapper row\">\n<div class=\"text-with-supporting-bullet__left col-md-12 col-lg-6\">\n<div class=\"field field--name-field-bullet-text-area-1 field--type-entity-reference-revisions field--label-visually_hidden\">\n<ul class=\"field__items\">\n<li class=\"field__item\">Anti-puces pour chat qui \u00e9limine et inhibe la reproduction des puces pendant 4 semaines<\/li>\n<li class=\"field__item\">Contribue \u00e0 la pr\u00e9vention des r\u00e9actions allergiques li\u00e9es aux puces chez le chat<\/li>\n<li class=\"field__item\">Anti-tiques pour chat ayant une action sur les 3 esp\u00e8ces de tiques pr\u00e9sentes en France<\/li>\n<li class=\"field__item\">Pr\u00e9vient l&rsquo;infestation de l&rsquo;habitat en r\u00e9duisant la ponte des puces, \u00e9vitant l&rsquo;\u00e9closion des larves et limitant la formation de cocons<\/li>\n<li class=\"field__item\">Peut-\u00eatre utilis\u00e9 chez les chatons de plus de 2 mois et de plus de 1 kg<\/li>\n<\/ul>\n<div class=\"field__item col-md-4 col-xs-12 three-columns__item\">\n<div class=\"paragraph paragraph--type--icon-column paragraph--view-mode--default\">\n<div class=\"three-columns__inner\">\n<div class=\"three-columns__pic\"><img decoding=\"async\" class=\"three-columns__img\" src=\"https:\/\/frontline.fr\/sites\/default\/files\/2022-07\/protection-frontline.png\" \/><\/div>\n<h2 class=\"three-columns__header smallhead text-color__black\">Protection efficace<\/h2>\n<div class=\"three-columns__body body-copy-18 text-center\">\n<p>Qu&rsquo;il vive \u00e0 l&rsquo;int\u00e9rieur ou \u00e0 l&rsquo;ext\u00e9rieur, votre chat m\u00e8ne une vie d&rsquo;aventures le mettant sur la route de parasites. Puces et tiques repr\u00e9sentent un danger particulier pour votre animal, c&rsquo;est pourquoi il est important de le prot\u00e9ger gr\u00e2ce \u00e0 un antiparasitaire adapt\u00e9 \u00e0 son style de vie !<\/p>\n<\/div>\n<\/div>\n<\/div>\n<\/div>\n<div class=\"field__item col-md-4 col-xs-12 three-columns__item\">\n<div class=\"paragraph paragraph--type--icon-column paragraph--view-mode--default\">\n<div class=\"three-columns__inner\">\n<div class=\"three-columns__pic\"><img decoding=\"async\" class=\"three-columns__img\" src=\"https:\/\/frontline.fr\/sites\/default\/files\/2022-09\/igr-actif-frontline-combo.png\" \/><\/div>\n<h2 class=\"three-columns__header smallhead text-color__black\">IGR actif<\/h2>\n<div class=\"three-columns__body body-copy-18 text-center\">\n<p>Un anti-puces int\u00e8grant un IGR actif (Insect Growth Regulator) qui permet de r\u00e9duire le risque d&rsquo;infestation de votre maison en limitant la ponte des puces, le d\u00e9veloppement des larves et la formation de cocons.<\/p>\n<\/div>\n<\/div>\n<\/div>\n<\/div>\n<div class=\"field__item col-md-4 col-xs-12 three-columns__item\">\n<div class=\"paragraph paragraph--type--icon-column paragraph--view-mode--default\">\n<div class=\"three-columns__inner\">\n<div class=\"three-columns__pic\"><img decoding=\"async\" class=\"three-columns__img\" src=\"https:\/\/frontline.fr\/sites\/default\/files\/2022-09\/frontline-antipuces-maison.png\" \/><\/div>\n<h2 class=\"three-columns__header smallhead text-color__black\">Prot\u00e8ge votre habitat<\/h2>\n<div class=\"three-columns__body body-copy-18 text-center\">\n<p>95% des puces vivent dans votre habitat et 5% seulement sur votre animal. Un anti-puces adapt\u00e9 vous permettra de limiter la contamination de votre maison et assainir le lieu de vie de votre animal.<\/p>\n<\/div>\n<\/div>\n<\/div>\n<\/div>\n<\/div>\n<\/div>\n<\/div>\n","protected":false},"excerpt":{"rendered":"<p>Spot-on chat offre une protection anti-puces et anti-tiques compl\u00e8te pour votre chat et son environnement. Pr\u00e9curseur dans le traitement combin\u00e9 de l\u2019animal et de la maison, il s\u2019agit de la pipette la plus efficace pour le chat dans notre gamme antiparasitaires. CARACT\u00c9RISTIQUES Anti-puces pour chat qui \u00e9limine et inhibe la reproduction des puces pendant 4 [&#8230;]\n","protected":false},"featured_media":2766,"template":"","meta":{"jetpack_publicize_message":"","jetpack_publicize_feature_enabled":true,"jetpack_social_post_already_shared":false,"jetpack_social_options":{"image_generator_settings":{"template":"highway","default_image_id":0,"font":"","enabled":false},"version":2}},"product_brand":[],"product_cat":[229],"product_tag":[],"class_list":{"0":"post-2763","1":"product","2":"type-product","3":"status-publish","4":"has-post-thumbnail","6":"product_cat-antiparasitaires-vermifuges-hygiene-et-soins-pour-chat","8":"first","9":"instock","10":"taxable","11":"shipping-taxable","12":"purchasable","13":"product-type-simple"},"supplier_id":5592,"supplier_sku":"","barcode":null,"atum_controlled":true,"out_stock_date":null,"out_stock_threshold":null,"inheritable":false,"inbound_stock":0,"stock_on_hold":7,"sold_today":3,"sales_last_days":8,"reserved_stock":0,"customer_returns":0,"warehouse_damage":0,"lost_in_post":0,"other_logs":0,"out_stock_days":0,"lost_sales":0,"has_location":false,"update_date":"2026-05-13T20:57:44","atum_locations":[],"atum_stock_status":"instock","restock_status":false,"low_stock_amount":4,"sales_update_date":"2026-05-13T20:57:44","calc_backorders":null,"jetpack_publicize_connections":[],"jetpack_sharing_enabled":true,"batches":[{"id":"57","date_created":"2024-09-13 10:16:04","date_expiry":"2026-02-28 00:00:00","user_id":"2753","batch_number":"PIPETTECHATetfurets280226","location":"","quantity":"15.0000","quantity_available":"0.0000","units":"1","status":"archived","order_ids":"[11611,11702,11827,11871,11943,12000,12063,12090,12088,12170,12578,12668,12726,12729,12750,12779,12794,12971,13251,13346,13763,13798,13808,14147,14626,14634,14753,14765,14897,14945,15010,15061,15382,15812,15875]","supplier":"Rabat","po":{"id":"54","date_created":"2024-09-13 10:16:07","batch_id":"57","po_number":"","supplier":"Rabat","cost":null,"regular_price":null,"sale_price":null,"price_margin":null,"price_discount":null}},{"id":"1352","date_created":"2024-12-21 10:05:29","date_expiry":"2026-12-28 00:00:00","user_id":"2753","batch_number":"PIPETTECHATetfurets281226","location":"","quantity":"12.0000","quantity_available":"0.0000","units":"1","status":"archived","order_ids":"[15875,15908,15925,15973,16014,16045,16314]","supplier":"Rabat","po":{"id":"1328","date_created":"2024-12-21 19:08:11","batch_id":"1352","po_number":"","supplier":"Rabat","cost":null,"regular_price":null,"sale_price":null,"price_margin":null,"price_discount":null}},{"id":"1628","date_created":"2025-01-14 17:40:51","date_expiry":"2026-02-28 00:00:00","user_id":"2753","batch_number":"PIPETTECHATetfurets280226","location":"","quantity":"15.0000","quantity_available":"0.0000","units":"1","status":"archived","order_ids":"[16961,17204,17429]","supplier":"Rabat","po":{"id":"1602","date_created":"2025-01-14 17:40:54","batch_id":"1628","po_number":"","supplier":"Rabat","cost":null,"regular_price":null,"sale_price":null,"price_margin":null,"price_discount":null}},{"id":"1872","date_created":"2025-02-05 09:45:04","date_expiry":"2026-12-28 00:00:00","user_id":"2753","batch_number":"PIPETTECHATetfurets281226","location":"","quantity":"15.0000","quantity_available":"0.0000","units":"1","status":"archived","order_ids":"[17847,17982,18154,18184,18509,18510,18544,18625,18929]","supplier":"Rabat","po":{"id":"1846","date_created":"2025-02-05 09:45:08","batch_id":"1872","po_number":"","supplier":"Rabat","cost":null,"regular_price":null,"sale_price":null,"price_margin":null,"price_discount":null}},{"id":"2207","date_created":"2025-02-27 11:45:34","date_expiry":"2026-12-28 00:00:00","user_id":"2753","batch_number":"PIPETTECHATetfurets281226","location":"","quantity":"6.0000","quantity_available":"0.0000","units":"1","status":"archived","order_ids":"[18460,18468,18469,18503,18509]","supplier":"Rabat","po":{"id":"2176","date_created":"2025-02-27 11:45:37","batch_id":"2207","po_number":"","supplier":"Rabat","cost":null,"regular_price":null,"sale_price":null,"price_margin":null,"price_discount":null}},{"id":"2369","date_created":"2025-03-14 10:23:47","date_expiry":"2026-12-28 00:00:00","user_id":"2753","batch_number":"PIPETTECHATetfurets281226","location":"","quantity":"45.0000","quantity_available":"0.0000","units":"1","status":"archived","order_ids":"[19083,19691,20134,20224,20311,20333,20346,20474,20619,20671,20672,20749,20896,20900,21152,21224,21229,21241,21251,21258,21323,21321]","supplier":"Casablanca","po":{"id":"2338","date_created":"2025-03-14 10:23:50","batch_id":"2369","po_number":"","supplier":"Casablanca","cost":null,"regular_price":null,"sale_price":null,"price_margin":null,"price_discount":null}},{"id":"3376","date_created":"2025-05-09 21:06:50","date_expiry":"2027-12-28 00:00:00","user_id":"2753","batch_number":"PIPETTECHATetfurets281227","location":"","quantity":"54.0000","quantity_available":"0.0000","units":"1","status":"archived","order_ids":"[21479,21752,21815,21909,21945,22214,22303,22332,22482,22521,22574,22659,23019,23275,23290,23312,23374,23386,23416,23515,23674,23821,23837,23887,23927,24025,24039,24158,24216,24260,24266,24297,24315,24899]","supplier":"PARIS ","po":{"id":"3343","date_created":"2025-05-09 21:06:51","batch_id":"3376","po_number":"","supplier":"PARIS ","cost":null,"regular_price":null,"sale_price":null,"price_margin":null,"price_discount":null}},{"id":"4564","date_created":"2025-07-22 18:36:32","date_expiry":"2027-02-28 00:00:00","user_id":"2753","batch_number":"PIPETTECHATetfurets281227","location":"","quantity":"28.0000","quantity_available":"0.0000","units":"1","status":"archived","order_ids":"[24995,25139,25208,25210,25241,25375,25451,25494,25520,25606,25666,25697,25837,26082]","supplier":"Casablanca","po":{"id":"4528","date_created":"2025-07-22 18:36:32","batch_id":"4564","po_number":"","supplier":"Casablanca","cost":null,"regular_price":null,"sale_price":null,"price_margin":null,"price_discount":null}},{"id":"4979","date_created":"2025-08-22 17:12:01","date_expiry":"2027-02-28 00:00:00","user_id":"2753","batch_number":"PIPETTECHATetfurets281227","location":"","quantity":"21.0000","quantity_available":"0.0000","units":"1","status":"archived","order_ids":"[26225,26318,26381,26549,26562,26564,26751,27055,27076]","supplier":"Rabat","po":{"id":"4943","date_created":"2025-08-22 17:12:02","batch_id":"4979","po_number":"","supplier":"Rabat","cost":null,"regular_price":null,"sale_price":null,"price_margin":null,"price_discount":null}},{"id":"5428","date_created":"2025-09-20 19:04:44","date_expiry":"2027-09-30 00:00:00","user_id":"2753","batch_number":"PIPETTECHATetfurets300927","location":"","quantity":"6.0000","quantity_available":"0.0000","units":"1","status":"archived","order_ids":"[28182,28239,28242]","supplier":"Rabat","po":{"id":"5385","date_created":"2025-09-20 19:04:44","batch_id":"5428","po_number":"","supplier":"Rabat","cost":null,"regular_price":null,"sale_price":null,"price_margin":null,"price_discount":null}},{"id":"5429","date_created":"2025-09-20 19:04:45","date_expiry":"2027-02-28 00:00:00","user_id":"2753","batch_number":"PIPETTECHATetfurets280227","location":"","quantity":"6.0000","quantity_available":"0.0000","units":"1","status":"archived","order_ids":"[27663,27964,28012,28176,28182]","supplier":"Rabat","po":{"id":"5386","date_created":"2025-09-20 19:04:46","batch_id":"5429","po_number":"","supplier":"Rabat","cost":null,"regular_price":null,"sale_price":null,"price_margin":null,"price_discount":null}},{"id":"5581","date_created":"2025-10-01 15:21:42","date_expiry":"2027-09-30 00:00:00","user_id":"2753","batch_number":"PIPETTECHATetfurets30092027","location":"","quantity":"60.0000","quantity_available":"0.0000","units":"1","status":"archived","order_ids":"[28449,28669,28750,29183,29262,29287,29307,29510,29569,29669,29777,29956,30499,30835,31133,31255,31583,31691,31738,31937,32202,32290,32368,32649,32926,32934,32972,33027,33046,33047,33686,33687,33717,33915,34070,34425,34428,34445,34643,34850,34935,35005,35032,35175,35232,35386,35792]","supplier":"Rabat","po":{"id":"5535","date_created":"2025-10-01 15:21:44","batch_id":"5581","po_number":"","supplier":"Rabat","cost":null,"regular_price":null,"sale_price":null,"price_margin":null,"price_discount":null}},{"id":"7894","date_created":"2026-02-23 16:12:10","date_expiry":"2028-03-30 00:00:00","user_id":"2753","batch_number":"PIPETTECHATetfurets300828","location":"","quantity":"30.0000","quantity_available":"0.0000","units":"1","status":"archived","order_ids":"[36562,36741,36799,36898,37162,37383,37449,37714,37841,37854,38072,38075,38154,38319,38446,38451]","supplier":"Casablanca","po":{"id":"7829","date_created":"2026-02-23 16:12:11","batch_id":"7894","po_number":"","supplier":"Casablanca","cost":null,"regular_price":null,"sale_price":null,"price_margin":null,"price_discount":null}},{"id":"8583","date_created":"2026-03-28 13:44:54","date_expiry":"2028-03-30 00:00:00","user_id":"2753","batch_number":"PIPETTECHATetfurets300828","location":"","quantity":"4.0000","quantity_available":"0.0000","units":"1","status":"archived","order_ids":"[38535,38709,38821,39281]","supplier":"Casablanca","po":{"id":"8511","date_created":"2026-03-28 13:44:55","batch_id":"8583","po_number":"","supplier":"Casablanca","cost":null,"regular_price":null,"sale_price":null,"price_margin":null,"price_discount":null}},{"id":"8828","date_created":"2026-04-15 11:52:42","date_expiry":"2028-03-30 00:00:00","user_id":"2753","batch_number":"PIPETTECHATetfurets300828","location":"","quantity":"15.0000","quantity_available":"0.0000","units":"1","status":"archived","order_ids":"[39918,39919,39993,40332,40416,40738,40840,40948,41164,41193,41360,41676]","supplier":"Casablanca","po":{"id":"8755","date_created":"2026-04-15 11:52:43","batch_id":"8828","po_number":"","supplier":"Casablanca","cost":null,"regular_price":null,"sale_price":null,"price_margin":null,"price_discount":null}},{"id":"9391","date_created":"2026-05-13 13:43:12","date_expiry":"2028-03-30 00:00:00","user_id":"2753","batch_number":"PIPETTECHATetfurets300828","location":"","quantity":"15.0000","quantity_available":"12.0000","units":"1","status":"active","order_ids":"[41894]"}],"_links":{"self":[{"href":"https:\/\/petworld.ma\/index.php\/wp-json\/wp\/v2\/product\/2763","targetHints":{"allow":["GET"]}}],"collection":[{"href":"https:\/\/petworld.ma\/index.php\/wp-json\/wp\/v2\/product"}],"about":[{"href":"https:\/\/petworld.ma\/index.php\/wp-json\/wp\/v2\/types\/product"}],"wp:featuredmedia":[{"embeddable":true,"href":"https:\/\/petworld.ma\/index.php\/wp-json\/wp\/v2\/media\/2766"}],"wp:attachment":[{"href":"https:\/\/petworld.ma\/index.php\/wp-json\/wp\/v2\/media?parent=2763"}],"wp:term":[{"taxonomy":"product_brand","embeddable":true,"href":"https:\/\/petworld.ma\/index.php\/wp-json\/wp\/v2\/product_brand?post=2763"},{"taxonomy":"product_cat","embeddable":true,"href":"https:\/\/petworld.ma\/index.php\/wp-json\/wp\/v2\/product_cat?post=2763"},{"taxonomy":"product_tag","embeddable":true,"href":"https:\/\/petworld.ma\/index.php\/wp-json\/wp\/v2\/product_tag?post=2763"}],"curies":[{"name":"wp","href":"https:\/\/api.w.org\/{rel}","templated":true}]}}