{"id":27652,"date":"2025-09-20T22:41:06","date_gmt":"2025-09-20T22:41:06","guid":{"rendered":"https:\/\/petworld.ma\/?post_type=product&#038;p=27652"},"modified":"2026-05-13T13:41:57","modified_gmt":"2026-05-13T13:41:57","slug":"webbox-selection-mixte-adulte-en-gelee-12x100g","status":"publish","type":"product","link":"https:\/\/petworld.ma\/index.php\/produit\/webbox-selection-mixte-adulte-en-gelee-12x100g\/","title":{"rendered":"Webbox &#8211; S\u00e9lection Mixte Adulte en Gel\u00e9e (12x100g)"},"content":{"rendered":"<p><span dir=\"auto\">Webbox Cats Delight est un aliment complet pour chats adultes.<\/span><\/p>\n<p><span dir=\"auto\">Avec 4 saveurs irr\u00e9sistibles : B\u0153uf et poulet, Poulet et canard, Saumon et truite, Agneau et dinde<\/span><\/p>\n<table class=\"standard_table\">\n<tbody>\n<tr class=\"odd\">\n<td><span dir=\"auto\">Prot\u00e9ines brutes:\u00a0<\/span><\/td>\n<td><span dir=\"auto\">8%<\/span><\/td>\n<\/tr>\n<tr class=\"even\">\n<td><span dir=\"auto\">Mati\u00e8res grasses brutes :\u00a0<\/span><\/td>\n<td><span dir=\"auto\">4,5%<\/span><\/td>\n<\/tr>\n<tr class=\"odd\">\n<td><span dir=\"auto\">Fibres brutes :\u00a0<\/span><\/td>\n<td><span dir=\"auto\">0,3%<\/span><\/td>\n<\/tr>\n<tr class=\"even\">\n<td><span dir=\"auto\">Cendres brutes :\u00a0<\/span><\/td>\n<td><span dir=\"auto\">2,5%<\/span><\/td>\n<\/tr>\n<tr class=\"odd\">\n<td><span dir=\"auto\">Humidit\u00e9:\u00a0<\/span><\/td>\n<td><span dir=\"auto\">82%<\/span><\/td>\n<\/tr>\n<tr class=\"even\">\n<td><span dir=\"auto\">Teneur en calories :\u00a0<\/span><\/td>\n<td><span dir=\"auto\">81,6 kcal par sachet<\/span><\/td>\n<\/tr>\n<\/tbody>\n<\/table>\n<p><strong><span dir=\"auto\">Composition:<\/span><\/strong><\/p>\n<p><span dir=\"auto\">Agneau et dinde : Viandes et sous-produits animaux (5 % agneau, 5 % dinde), min\u00e9raux, sucres divers. Poulet et canard : Viandes et sous-produits animaux (5 % poulet, 5 % canard), min\u00e9raux, sucres divers. B\u0153uf et poulet : Viandes et sous-produits animaux (5 % b\u0153uf, 5 % poulet), min\u00e9raux, sucres divers. Saumon et truite : Viandes et sous-produits animaux (5 % saumon, 5 % truite), min\u00e9raux, sucres divers.<\/span><\/p>\n<p><strong><span dir=\"auto\">Additifs:<\/span><\/strong><\/p>\n<p><span dir=\"auto\">Par kg : Agents g\u00e9lifiants ; Vitamine D3 : 250 UI, Vitamine E (sous forme d&rsquo;ac\u00e9tate de tocoph\u00e9rol) : 15 mg, Cuivre (sous forme de sulfate de cuivre pentahydrat\u00e9) : 1 mg<\/span><\/p>\n<p><strong><span dir=\"auto\">Guide d&rsquo;alimentation:<\/span><\/strong><\/p>\n<p>Un chat adulte moyen a besoin de 3 \u00e0 4 sachets par jour, r\u00e9partis sur plusieurs repas. Les m\u00e8res allaitantes peuvent n\u00e9cessiter jusqu&rsquo;\u00e0 quatre fois plus que leur apport habituel. Servir \u00e0 temp\u00e9rature ambiante.<\/p>\n","protected":false},"excerpt":{"rendered":"<h3 data-end=\"385\" data-start=\"355\"><strong data-end=\"383\" data-start=\"359\"><span dir=\"auto\">Saveurs incluses :<\/span><\/strong><\/h3>\n<ul>\n<li data-end=\"463\" data-start=\"386\">B\u0153uf et poulet,<\/li>\n<li data-end=\"463\" data-start=\"386\">Poulet et canard,<\/li>\n<li data-end=\"463\" data-start=\"386\">Saumon et truite,<\/li>\n<li data-end=\"463\" data-start=\"386\">Agneau et dinde.<\/li>\n<\/ul>\n<p data-end=\"542\" data-start=\"465\"><strong data-end=\"482\" data-start=\"468\"><span dir=\"auto\">Conditionnement :\u00a0<\/span><\/strong><strong data-end=\"504\" data-start=\"483\"><span dir=\"auto\">12 sachets de 100 g<\/span><\/strong><span dir=\"auto\">\u00a0, avec trois sachets de chaque saveur.<\/span><\/p>\n<p data-end=\"1878\" data-start=\"1718\">\n","protected":false},"featured_media":27653,"template":"","meta":{"jetpack_publicize_message":"","jetpack_publicize_feature_enabled":true,"jetpack_social_post_already_shared":true,"jetpack_social_options":{"image_generator_settings":{"template":"highway","default_image_id":0,"font":"","enabled":false},"version":2}},"product_brand":[],"product_cat":[41,239],"product_tag":[],"class_list":{"0":"post-27652","1":"product","2":"type-product","3":"status-publish","4":"has-post-thumbnail","6":"product_cat-friandises-et-pate-pour-chat","7":"product_cat-pate-humides-chat","9":"first","10":"instock","11":"sale","12":"taxable","13":"shipping-taxable","14":"purchasable","15":"product-type-simple"},"supplier_id":5590,"supplier_sku":"","barcode":null,"atum_controlled":true,"out_stock_date":null,"out_stock_threshold":null,"inheritable":false,"inbound_stock":0,"stock_on_hold":1,"sold_today":1,"sales_last_days":2,"reserved_stock":0,"customer_returns":0,"warehouse_damage":0,"lost_in_post":0,"other_logs":0,"out_stock_days":0,"lost_sales":0,"has_location":false,"update_date":"2026-05-13T14:34:19","atum_locations":[],"atum_stock_status":"instock","restock_status":false,"low_stock_amount":"","sales_update_date":"2026-05-13T14:34:19","calc_backorders":null,"jetpack_publicize_connections":[],"jetpack_sharing_enabled":true,"batches":[{"id":"5458","date_created":"2025-09-20 22:44:18","date_expiry":"2027-01-31 00:00:00","user_id":"9","batch_number":"WebooxJellyMixte","location":"","quantity":"20.0000","quantity_available":"7.0000","units":"1","status":"active","order_ids":"[29776,30372,30561,31761,32844,38068,39334,39502,41283,41868]","supplier":"Brit","po":{"id":"5416","date_created":"2025-09-20 22:44:19","batch_id":"5458","po_number":"","supplier":"Brit","cost":null,"regular_price":null,"sale_price":null,"price_margin":null,"price_discount":null}}],"_links":{"self":[{"href":"https:\/\/petworld.ma\/index.php\/wp-json\/wp\/v2\/product\/27652","targetHints":{"allow":["GET"]}}],"collection":[{"href":"https:\/\/petworld.ma\/index.php\/wp-json\/wp\/v2\/product"}],"about":[{"href":"https:\/\/petworld.ma\/index.php\/wp-json\/wp\/v2\/types\/product"}],"wp:featuredmedia":[{"embeddable":true,"href":"https:\/\/petworld.ma\/index.php\/wp-json\/wp\/v2\/media\/27653"}],"wp:attachment":[{"href":"https:\/\/petworld.ma\/index.php\/wp-json\/wp\/v2\/media?parent=27652"}],"wp:term":[{"taxonomy":"product_brand","embeddable":true,"href":"https:\/\/petworld.ma\/index.php\/wp-json\/wp\/v2\/product_brand?post=27652"},{"taxonomy":"product_cat","embeddable":true,"href":"https:\/\/petworld.ma\/index.php\/wp-json\/wp\/v2\/product_cat?post=27652"},{"taxonomy":"product_tag","embeddable":true,"href":"https:\/\/petworld.ma\/index.php\/wp-json\/wp\/v2\/product_tag?post=27652"}],"curies":[{"name":"wp","href":"https:\/\/api.w.org\/{rel}","templated":true}]}}