{"id":27762,"date":"2025-09-23T10:47:36","date_gmt":"2025-09-23T10:47:36","guid":{"rendered":"https:\/\/petworld.ma\/?post_type=product&#038;p=27762"},"modified":"2026-02-11T16:20:11","modified_gmt":"2026-02-11T16:20:11","slug":"lingettes-leopet-desinfectantes-pour-chiens-et-chats-40-pcs-talc","status":"publish","type":"product","link":"https:\/\/petworld.ma\/index.php\/produit\/lingettes-leopet-desinfectantes-pour-chiens-et-chats-40-pcs-talc\/","title":{"rendered":"Lingettes Hygi\u00e9niques et Nettoyantes pour chiens et chats (40 PCS) Talc &#8211; LeoPet"},"content":{"rendered":"<p><span dir=\"auto\">Lingettes nettoyantes parfum\u00e9es au talc pour nettoyer la fourrure.<\/span><\/p>\n<p><span dir=\"auto\">Pratique et utile \u00e0 la maison, en voiture, pour les promenades en plein air et quand il pleut pour parfumer et rafra\u00eechir votre compagnon \u00e0 quatre pattes.<\/span><\/p>\n<p><strong><span dir=\"auto\">Mode d&#8217;emploi\u00a0:<\/span><\/strong><span dir=\"auto\">\u00a0\u00a0Retirez la lingette et essuyez d\u00e9licatement la zone \u00e0 nettoyer. Aucun rin\u00e7age n&rsquo;est n\u00e9cessaire. Bien refermer l&#8217;emballage pour pr\u00e9server l&rsquo;hydratation du produit.<\/span><\/p>\n","protected":false},"excerpt":{"rendered":"<p>Lingettes nettoyantes parfum\u00e9es au talc pour nettoyer la fourrure. Pratique et utile \u00e0 la maison, en voiture, pour les promenades en plein air et quand il pleut pour parfumer et rafra\u00eechir votre compagnon \u00e0 quatre pattes. Mode d&#8217;emploi\u00a0:\u00a0\u00a0Retirez la lingette et essuyez d\u00e9licatement la zone \u00e0 nettoyer. Aucun rin\u00e7age n&rsquo;est n\u00e9cessaire. Bien refermer l&#8217;emballage pour [&#8230;]\n","protected":false},"featured_media":27784,"template":"","meta":{"jetpack_publicize_message":"","jetpack_publicize_feature_enabled":true,"jetpack_social_post_already_shared":true,"jetpack_social_options":{"image_generator_settings":{"template":"highway","default_image_id":0,"font":"","enabled":false},"version":2}},"product_brand":[],"product_cat":[225,224],"product_tag":[],"class_list":{"0":"post-27762","1":"product","2":"type-product","3":"status-publish","4":"has-post-thumbnail","6":"product_cat-lingettes-serviettes-hygiene-et-soins-pour-chat","7":"product_cat-lingettes-serviettes","9":"first","10":"instock","11":"taxable","12":"shipping-taxable","13":"purchasable","14":"product-type-simple"},"supplier_id":5588,"supplier_sku":"ST001T","barcode":null,"atum_controlled":true,"out_stock_date":null,"out_stock_threshold":null,"inheritable":false,"inbound_stock":0,"stock_on_hold":0,"sold_today":0,"sales_last_days":0,"reserved_stock":0,"customer_returns":0,"warehouse_damage":0,"lost_in_post":0,"other_logs":0,"out_stock_days":0,"lost_sales":0,"has_location":false,"update_date":"2026-04-04T10:35:28","atum_locations":[],"atum_stock_status":"instock","restock_status":false,"low_stock_amount":2,"sales_update_date":"2026-04-04T10:35:28","calc_backorders":null,"jetpack_publicize_connections":[],"jetpack_sharing_enabled":true,"batches":[],"_links":{"self":[{"href":"https:\/\/petworld.ma\/index.php\/wp-json\/wp\/v2\/product\/27762","targetHints":{"allow":["GET"]}}],"collection":[{"href":"https:\/\/petworld.ma\/index.php\/wp-json\/wp\/v2\/product"}],"about":[{"href":"https:\/\/petworld.ma\/index.php\/wp-json\/wp\/v2\/types\/product"}],"wp:featuredmedia":[{"embeddable":true,"href":"https:\/\/petworld.ma\/index.php\/wp-json\/wp\/v2\/media\/27784"}],"wp:attachment":[{"href":"https:\/\/petworld.ma\/index.php\/wp-json\/wp\/v2\/media?parent=27762"}],"wp:term":[{"taxonomy":"product_brand","embeddable":true,"href":"https:\/\/petworld.ma\/index.php\/wp-json\/wp\/v2\/product_brand?post=27762"},{"taxonomy":"product_cat","embeddable":true,"href":"https:\/\/petworld.ma\/index.php\/wp-json\/wp\/v2\/product_cat?post=27762"},{"taxonomy":"product_tag","embeddable":true,"href":"https:\/\/petworld.ma\/index.php\/wp-json\/wp\/v2\/product_tag?post=27762"}],"curies":[{"name":"wp","href":"https:\/\/api.w.org\/{rel}","templated":true}]}}