{"id":27796,"date":"2025-09-23T15:49:07","date_gmt":"2025-09-23T15:49:07","guid":{"rendered":"https:\/\/petworld.ma\/?post_type=product&#038;p=27796"},"modified":"2026-03-15T14:24:13","modified_gmt":"2026-03-15T14:24:13","slug":"lingettes-leopet-desinfectantes-pour-chiens-et-chats-40-pcs-citronelle","status":"publish","type":"product","link":"https:\/\/petworld.ma\/index.php\/produit\/lingettes-leopet-desinfectantes-pour-chiens-et-chats-40-pcs-citronelle\/","title":{"rendered":"Lingettes Hygi\u00e9niques et Nettoyantes pour chiens et chats (40 PCS) Citronelle &#8211; LeoPet"},"content":{"rendered":"<div class=\"woocommerce-tabs wc-tabs-wrapper ziggy-tabs-wrapper\">\n<div class=\"col-full\" data-rocket-location-hash=\"81862300d475a45a0de5ef78ff5a7e58\">\n<div id=\"tab-description\" class=\"woocommerce-Tabs-panel woocommerce-Tabs-panel--description panel entry-content wc-tab\" role=\"tabpanel\" aria-labelledby=\"tab-title-description\">\n<div class=\"elementor-toggle-item\">\n<div id=\"elementor-tab-content-3301\" class=\"elementor-tab-content elementor-clearfix elementor-active\" role=\"region\" data-tab=\"1\" aria-labelledby=\"elementor-tab-title-3301\">\n<div class=\"woocommerce-tabs wc-tabs-wrapper ziggy-tabs-wrapper\">\n<div class=\"col-full\" data-rocket-location-hash=\"81862300d475a45a0de5ef78ff5a7e58\">\n<div id=\"tab-description\" class=\"woocommerce-Tabs-panel woocommerce-Tabs-panel--description panel entry-content wc-tab\" role=\"tabpanel\" aria-labelledby=\"tab-title-description\">\n<div class=\"elementor-toggle-item\">\n<div id=\"elementor-tab-content-3301\" class=\"elementor-tab-content elementor-clearfix elementor-active\" role=\"region\" data-tab=\"1\" aria-labelledby=\"elementor-tab-title-3301\">Lingettes humides parfum\u00e9es \u00e0 la citronnelle et \u00e0 la chlorhexidine pour un nettoyage en douceur du pelage. Pratiques et utiles \u00e0 la maison, en voiture, pour les promenades en plein air et par temps de pluie, elles d\u00e9sodorisent et rafra\u00eechissent votre compagnon \u00e0 quatre pattes.<\/div>\n<\/div>\n<\/div>\n<\/div>\n<\/div>\n<\/div>\n<\/div>\n<\/div>\n<\/div>\n<\/div>\n<p><strong><span dir=\"auto\">Mode d&#8217;emploi\u00a0:<\/span><\/strong><span dir=\"auto\">\u00a0\u00a0Retirez la lingette et essuyez d\u00e9licatement la zone \u00e0 nettoyer. Aucun rin\u00e7age n&rsquo;est n\u00e9cessaire. Bien refermer l&#8217;emballage pour pr\u00e9server l&rsquo;hydratation du produit.<\/span><\/p>\n","protected":false},"excerpt":{"rendered":"<p>Lingettes humides parfum\u00e9es \u00e0 la citronnelle et \u00e0 la chlorhexidine pour un nettoyage en douceur du pelage. Pratiques et utiles \u00e0 la maison, en voiture, pour les promenades en plein air et par temps de pluie, elles d\u00e9sodorisent et rafra\u00eechissent votre compagnon \u00e0 quatre pattes. Mode d&#8217;emploi\u00a0:\u00a0\u00a0Retirez la lingette et essuyez d\u00e9licatement la zone \u00e0 [&#8230;]\n","protected":false},"featured_media":27797,"template":"","meta":{"jetpack_publicize_message":"","jetpack_publicize_feature_enabled":true,"jetpack_social_post_already_shared":true,"jetpack_social_options":{"image_generator_settings":{"template":"highway","default_image_id":0,"font":"","enabled":false},"version":2}},"product_brand":[],"product_cat":[225,224],"product_tag":[],"class_list":{"0":"post-27796","1":"product","2":"type-product","3":"status-publish","4":"has-post-thumbnail","6":"product_cat-lingettes-serviettes-hygiene-et-soins-pour-chat","7":"product_cat-lingettes-serviettes","9":"first","10":"instock","11":"taxable","12":"shipping-taxable","13":"purchasable","14":"product-type-simple"},"supplier_id":5588,"supplier_sku":"ST005C","barcode":null,"atum_controlled":true,"out_stock_date":null,"out_stock_threshold":null,"inheritable":false,"inbound_stock":0,"stock_on_hold":0,"sold_today":0,"sales_last_days":0,"reserved_stock":0,"customer_returns":0,"warehouse_damage":0,"lost_in_post":0,"other_logs":0,"out_stock_days":0,"lost_sales":0,"has_location":false,"update_date":"2026-05-07T00:17:20","atum_locations":[],"atum_stock_status":"instock","restock_status":false,"low_stock_amount":2,"sales_update_date":"2026-05-07T00:17:20","calc_backorders":null,"jetpack_publicize_connections":[],"jetpack_sharing_enabled":true,"batches":[],"_links":{"self":[{"href":"https:\/\/petworld.ma\/index.php\/wp-json\/wp\/v2\/product\/27796","targetHints":{"allow":["GET"]}}],"collection":[{"href":"https:\/\/petworld.ma\/index.php\/wp-json\/wp\/v2\/product"}],"about":[{"href":"https:\/\/petworld.ma\/index.php\/wp-json\/wp\/v2\/types\/product"}],"wp:featuredmedia":[{"embeddable":true,"href":"https:\/\/petworld.ma\/index.php\/wp-json\/wp\/v2\/media\/27797"}],"wp:attachment":[{"href":"https:\/\/petworld.ma\/index.php\/wp-json\/wp\/v2\/media?parent=27796"}],"wp:term":[{"taxonomy":"product_brand","embeddable":true,"href":"https:\/\/petworld.ma\/index.php\/wp-json\/wp\/v2\/product_brand?post=27796"},{"taxonomy":"product_cat","embeddable":true,"href":"https:\/\/petworld.ma\/index.php\/wp-json\/wp\/v2\/product_cat?post=27796"},{"taxonomy":"product_tag","embeddable":true,"href":"https:\/\/petworld.ma\/index.php\/wp-json\/wp\/v2\/product_tag?post=27796"}],"curies":[{"name":"wp","href":"https:\/\/api.w.org\/{rel}","templated":true}]}}