{"id":27835,"date":"2025-09-23T21:02:15","date_gmt":"2025-09-23T21:02:15","guid":{"rendered":"https:\/\/petworld.ma\/?post_type=product&#038;p=27835"},"modified":"2026-03-22T18:33:57","modified_gmt":"2026-03-22T18:33:57","slug":"ballon-de-billiard-en-caoutchouc-numerote-o-75-cm","status":"publish","type":"product","link":"https:\/\/petworld.ma\/index.php\/produit\/ballon-de-billiard-en-caoutchouc-numerote-o-75-cm\/","title":{"rendered":"Jouet Ballon de Billiard en Caoutchouc Num\u00e9rot\u00e9 LeoPet \u00d8 7,5 cm"},"content":{"rendered":"<div class=\"tabs\">\n<div id=\"tab-content\" class=\"tab-content\">\n<div id=\"description\" class=\"tab-pane fade in active\" role=\"tabpanel\">\n<div class=\"product-description\">\n<ul>\n<li><strong><span dir=\"auto\">Jouet pour chien :<\/span><\/strong><span dir=\"auto\">\u00a0balle de piscine en caoutchouc pour chiens de tous \u00e2ges et de toutes esp\u00e8ces.<\/span><\/li>\n<li><strong><span dir=\"auto\">Amusement interactif :<\/span><\/strong><span dir=\"auto\">\u00a0Fabriqu\u00e9 en caoutchouc souple pour des heures de plaisir et de jeu interactif.<\/span><\/li>\n<li><strong><span dir=\"auto\">Boules de billard :<\/span><\/strong><span dir=\"auto\">\u00a0Design inspir\u00e9 des boules de billard pour une touche amusante.<\/span><\/li>\n<li><strong><span dir=\"auto\">Diam\u00e8tre appropri\u00e9 :<\/span><\/strong><span dir=\"auto\">\u00a0avec un diam\u00e8tre de 6,5 cm, id\u00e9al pour que le chien joue et morde.<\/span><\/li>\n<li><strong><span dir=\"auto\">Types assortis :<\/span><\/strong><span dir=\"auto\">\u00a0Disponibles en types assortis, exp\u00e9di\u00e9s sous r\u00e9serve de disponibilit\u00e9 des stocks.<\/span><\/li>\n<li>Vendu \u00e0 l&rsquo;unit\u00e9<\/li>\n<\/ul>\n<\/div>\n<\/div>\n<\/div>\n<\/div>\n<section class=\"page-product-box clearfix\"><\/section>\n","protected":false},"excerpt":{"rendered":"<p>Jouet pour chien :\u00a0balle de piscine en caoutchouc pour chiens de tous \u00e2ges et de toutes esp\u00e8ces. Amusement interactif :\u00a0Fabriqu\u00e9 en caoutchouc souple pour des heures de plaisir et de jeu interactif. Boules de billard :\u00a0Design inspir\u00e9 des boules de billard pour une touche amusante. Diam\u00e8tre appropri\u00e9 :\u00a0avec un diam\u00e8tre de 6,5 cm, id\u00e9al pour [&#8230;]\n","protected":false},"featured_media":27836,"template":"","meta":{"jetpack_publicize_message":"","jetpack_publicize_feature_enabled":true,"jetpack_social_post_already_shared":true,"jetpack_social_options":{"image_generator_settings":{"template":"highway","default_image_id":0,"font":"","enabled":false},"version":2}},"product_brand":[],"product_cat":[106,100],"product_tag":[],"class_list":{"0":"post-27835","1":"product","2":"type-product","3":"status-publish","4":"has-post-thumbnail","6":"product_cat-jouet-et-dressage","7":"product_cat-accessoires-jouets-et-colliers","9":"first","10":"instock","11":"taxable","12":"shipping-taxable","13":"purchasable","14":"product-type-simple"},"supplier_id":5588,"supplier_sku":"269139","barcode":null,"atum_controlled":true,"out_stock_date":null,"out_stock_threshold":null,"inheritable":false,"inbound_stock":0,"stock_on_hold":0,"sold_today":0,"sales_last_days":0,"reserved_stock":0,"customer_returns":0,"warehouse_damage":0,"lost_in_post":0,"other_logs":0,"out_stock_days":0,"lost_sales":0,"has_location":false,"update_date":"2026-05-02T00:17:47","atum_locations":[],"atum_stock_status":"instock","restock_status":false,"low_stock_amount":3,"sales_update_date":"2026-05-02T00:17:47","calc_backorders":null,"jetpack_publicize_connections":[],"jetpack_sharing_enabled":true,"batches":[],"_links":{"self":[{"href":"https:\/\/petworld.ma\/index.php\/wp-json\/wp\/v2\/product\/27835","targetHints":{"allow":["GET"]}}],"collection":[{"href":"https:\/\/petworld.ma\/index.php\/wp-json\/wp\/v2\/product"}],"about":[{"href":"https:\/\/petworld.ma\/index.php\/wp-json\/wp\/v2\/types\/product"}],"wp:featuredmedia":[{"embeddable":true,"href":"https:\/\/petworld.ma\/index.php\/wp-json\/wp\/v2\/media\/27836"}],"wp:attachment":[{"href":"https:\/\/petworld.ma\/index.php\/wp-json\/wp\/v2\/media?parent=27835"}],"wp:term":[{"taxonomy":"product_brand","embeddable":true,"href":"https:\/\/petworld.ma\/index.php\/wp-json\/wp\/v2\/product_brand?post=27835"},{"taxonomy":"product_cat","embeddable":true,"href":"https:\/\/petworld.ma\/index.php\/wp-json\/wp\/v2\/product_cat?post=27835"},{"taxonomy":"product_tag","embeddable":true,"href":"https:\/\/petworld.ma\/index.php\/wp-json\/wp\/v2\/product_tag?post=27835"}],"curies":[{"name":"wp","href":"https:\/\/api.w.org\/{rel}","templated":true}]}}