{"id":27838,"date":"2025-09-23T21:08:57","date_gmt":"2025-09-23T21:08:57","guid":{"rendered":"https:\/\/petworld.ma\/?post_type=product&#038;p=27838"},"modified":"2026-03-31T17:57:03","modified_gmt":"2026-03-31T17:57:03","slug":"ballon-de-football-en-caoutchouc-leopet-o-75-cm","status":"publish","type":"product","link":"https:\/\/petworld.ma\/index.php\/produit\/ballon-de-football-en-caoutchouc-leopet-o-75-cm\/","title":{"rendered":"Jouet Ballon de Football en Caoutchouc LeoPet \u00d8 7,5 cm"},"content":{"rendered":"<div class=\"tabs\">\n<div id=\"tab-content\" class=\"tab-content\">\n<div id=\"description\" class=\"tab-pane fade in active\" role=\"tabpanel\">\n<div class=\"product-description\"><span dir=\"auto\">Le ballon de football n\u00e9on Leopet <\/span><span dir=\"auto\">est fabriqu\u00e9 en vinyle de haute qualit\u00e9 et non toxique, pour que vous puissiez jouer en toute s\u00e9curit\u00e9 avec votre animal. <\/span><span dir=\"auto\">Ce jouet lui offrira des heures de jeu.<\/span><\/div>\n<\/div>\n<\/div>\n<\/div>\n<section class=\"page-product-box clearfix\"><\/section>\n","protected":false},"excerpt":{"rendered":"<p>Le ballon de football n\u00e9on Leopet est fabriqu\u00e9 en vinyle de haute qualit\u00e9 et non toxique, pour que vous puissiez jouer en toute s\u00e9curit\u00e9 avec votre animal. Ce jouet lui offrira des heures de jeu.<\/p>\n","protected":false},"featured_media":27840,"template":"","meta":{"jetpack_publicize_message":"","jetpack_publicize_feature_enabled":true,"jetpack_social_post_already_shared":true,"jetpack_social_options":{"image_generator_settings":{"template":"highway","default_image_id":0,"font":"","enabled":false},"version":2}},"product_brand":[],"product_cat":[106,100],"product_tag":[],"class_list":{"0":"post-27838","1":"product","2":"type-product","3":"status-publish","4":"has-post-thumbnail","6":"product_cat-jouet-et-dressage","7":"product_cat-accessoires-jouets-et-colliers","9":"first","10":"instock","11":"taxable","12":"shipping-taxable","13":"purchasable","14":"product-type-simple"},"supplier_id":5588,"supplier_sku":"GHP129","barcode":null,"atum_controlled":true,"out_stock_date":null,"out_stock_threshold":null,"inheritable":false,"inbound_stock":0,"stock_on_hold":0,"sold_today":0,"sales_last_days":0,"reserved_stock":0,"customer_returns":0,"warehouse_damage":0,"lost_in_post":0,"other_logs":0,"out_stock_days":0,"lost_sales":0,"has_location":false,"update_date":"2026-04-28T00:13:14","atum_locations":[],"atum_stock_status":"instock","restock_status":false,"low_stock_amount":3,"sales_update_date":"2026-04-28T00:13:14","calc_backorders":null,"jetpack_publicize_connections":[],"jetpack_sharing_enabled":true,"batches":[],"_links":{"self":[{"href":"https:\/\/petworld.ma\/index.php\/wp-json\/wp\/v2\/product\/27838","targetHints":{"allow":["GET"]}}],"collection":[{"href":"https:\/\/petworld.ma\/index.php\/wp-json\/wp\/v2\/product"}],"about":[{"href":"https:\/\/petworld.ma\/index.php\/wp-json\/wp\/v2\/types\/product"}],"wp:featuredmedia":[{"embeddable":true,"href":"https:\/\/petworld.ma\/index.php\/wp-json\/wp\/v2\/media\/27840"}],"wp:attachment":[{"href":"https:\/\/petworld.ma\/index.php\/wp-json\/wp\/v2\/media?parent=27838"}],"wp:term":[{"taxonomy":"product_brand","embeddable":true,"href":"https:\/\/petworld.ma\/index.php\/wp-json\/wp\/v2\/product_brand?post=27838"},{"taxonomy":"product_cat","embeddable":true,"href":"https:\/\/petworld.ma\/index.php\/wp-json\/wp\/v2\/product_cat?post=27838"},{"taxonomy":"product_tag","embeddable":true,"href":"https:\/\/petworld.ma\/index.php\/wp-json\/wp\/v2\/product_tag?post=27838"}],"curies":[{"name":"wp","href":"https:\/\/api.w.org\/{rel}","templated":true}]}}