{"id":27852,"date":"2025-09-23T22:12:37","date_gmt":"2025-09-23T22:12:37","guid":{"rendered":"https:\/\/petworld.ma\/?post_type=product&#038;p=27852"},"modified":"2026-03-12T11:39:26","modified_gmt":"2026-03-12T11:39:26","slug":"aloe-vera-mexicain-en-tissu-avec-herbe-a-chat-leopet","status":"publish","type":"product","link":"https:\/\/petworld.ma\/index.php\/produit\/aloe-vera-mexicain-en-tissu-avec-herbe-a-chat-leopet\/","title":{"rendered":"Jouet Aloe Vera Mexicain en Tissu avec Herbe \u00e0 Chat LeoPet"},"content":{"rendered":"<p>Ce jouet est id\u00e9al pour stimuler l&rsquo;instinct naturel de votre chat, celui de chasser et de jouer. Fabriqu\u00e9 \u00e0 partir de mat\u00e9riaux doux et r\u00e9sistants, l&rsquo;association du tissu et des pompons le rend irr\u00e9sistible au toucher. L&rsquo;herbe \u00e0 chat qu&rsquo;il contient lib\u00e8re un ar\u00f4me irr\u00e9sistible qui stimule son odorat et l&rsquo;occupera pendant des heures<\/p>\n","protected":false},"excerpt":{"rendered":"<p>Ce jouet est id\u00e9al pour stimuler l&rsquo;instinct naturel de votre chat, celui de chasser et de jouer. Fabriqu\u00e9 \u00e0 partir de mat\u00e9riaux doux et r\u00e9sistants, l&rsquo;association du tissu et des pompons le rend irr\u00e9sistible au toucher. L&rsquo;herbe \u00e0 chat qu&rsquo;il contient lib\u00e8re un ar\u00f4me irr\u00e9sistible qui stimule son odorat et l&rsquo;occupera pendant des heures<\/p>\n","protected":false},"featured_media":27853,"template":"","meta":{"jetpack_publicize_message":"","jetpack_publicize_feature_enabled":true,"jetpack_social_post_already_shared":true,"jetpack_social_options":{"image_generator_settings":{"template":"highway","default_image_id":0,"font":"","enabled":false},"version":2}},"product_brand":[],"product_cat":[100],"product_tag":[],"class_list":{"0":"post-27852","1":"product","2":"type-product","3":"status-publish","4":"has-post-thumbnail","6":"product_cat-accessoires-jouets-et-colliers","8":"first","9":"instock","10":"taxable","11":"shipping-taxable","12":"purchasable","13":"product-type-simple"},"supplier_id":5588,"supplier_sku":"GH527979","barcode":null,"atum_controlled":true,"out_stock_date":null,"out_stock_threshold":null,"inheritable":false,"inbound_stock":0,"stock_on_hold":0,"sold_today":0,"sales_last_days":0,"reserved_stock":0,"customer_returns":0,"warehouse_damage":0,"lost_in_post":0,"other_logs":0,"out_stock_days":0,"lost_sales":0,"has_location":false,"update_date":"2026-04-30T00:14:25","atum_locations":[],"atum_stock_status":"instock","restock_status":false,"low_stock_amount":2,"sales_update_date":"2026-04-30T00:14:25","calc_backorders":null,"jetpack_publicize_connections":[],"jetpack_sharing_enabled":true,"batches":[],"_links":{"self":[{"href":"https:\/\/petworld.ma\/index.php\/wp-json\/wp\/v2\/product\/27852","targetHints":{"allow":["GET"]}}],"collection":[{"href":"https:\/\/petworld.ma\/index.php\/wp-json\/wp\/v2\/product"}],"about":[{"href":"https:\/\/petworld.ma\/index.php\/wp-json\/wp\/v2\/types\/product"}],"wp:featuredmedia":[{"embeddable":true,"href":"https:\/\/petworld.ma\/index.php\/wp-json\/wp\/v2\/media\/27853"}],"wp:attachment":[{"href":"https:\/\/petworld.ma\/index.php\/wp-json\/wp\/v2\/media?parent=27852"}],"wp:term":[{"taxonomy":"product_brand","embeddable":true,"href":"https:\/\/petworld.ma\/index.php\/wp-json\/wp\/v2\/product_brand?post=27852"},{"taxonomy":"product_cat","embeddable":true,"href":"https:\/\/petworld.ma\/index.php\/wp-json\/wp\/v2\/product_cat?post=27852"},{"taxonomy":"product_tag","embeddable":true,"href":"https:\/\/petworld.ma\/index.php\/wp-json\/wp\/v2\/product_tag?post=27852"}],"curies":[{"name":"wp","href":"https:\/\/api.w.org\/{rel}","templated":true}]}}