{"id":27858,"date":"2025-09-23T23:02:07","date_gmt":"2025-09-23T23:02:07","guid":{"rendered":"https:\/\/petworld.ma\/?post_type=product&#038;p=27858"},"modified":"2026-03-27T17:10:26","modified_gmt":"2026-03-27T17:10:26","slug":"leopet-gamelle-antiderapante-en-melanine-et-acier-inoxydable-rouge-400ml-o-115-cm","status":"publish","type":"product","link":"https:\/\/petworld.ma\/index.php\/produit\/leopet-gamelle-antiderapante-en-melanine-et-acier-inoxydable-rouge-400ml-o-115-cm\/","title":{"rendered":"LeoPet Gamelle Antid\u00e9rapante en M\u00e9lanine et Acier Inoxydable Rouge 400ml  \u00d8 11,5 cm"},"content":{"rendered":"<div class=\"mt0 mt--first-child-0\">Cette gamelle pour chien offre de nombreux avantages: qualit\u00e9 sup\u00e9rieure, non toxique, nettoyable au lave-vaisselle, antid\u00e9rapante, r\u00e9sistante aux chocs et aux rayures, longue dur\u00e9e de vie, facile \u00e0 nettoyer, hygi\u00e9nique, robuste et r\u00e9sistante \u00e0 l&rsquo;impr\u00e9gnation d&rsquo;odeurs. Elle est adapt\u00e9e \u00e0 la p\u00e2t\u00e9e et aux croquettes pour chien et pour chat, \u00e0 l\u2019eau et aux friandises, \u00e0 la maison comme dans la voiture.<\/div>\n<div class=\"chm-toggle__button\">\n<p>Dimension: 11,5 cm de diam\u00e8tre<\/p>\n<p>Capacit\u00e9:400ml<\/p>\n<\/div>\n","protected":false},"excerpt":{"rendered":"<p>Cette gamelle pour chien offre de nombreux avantages: qualit\u00e9 sup\u00e9rieure, non toxique, nettoyable au lave-vaisselle, antid\u00e9rapante, r\u00e9sistante aux chocs et aux rayures, longue dur\u00e9e de vie, facile \u00e0 nettoyer, hygi\u00e9nique, robuste et r\u00e9sistante \u00e0 l&rsquo;impr\u00e9gnation d&rsquo;odeurs. Elle est adapt\u00e9e \u00e0 la p\u00e2t\u00e9e et aux croquettes pour chien et pour chat, \u00e0 l\u2019eau et aux friandises, [&#8230;]\n","protected":false},"featured_media":27859,"template":"","meta":{"jetpack_publicize_message":"","jetpack_publicize_feature_enabled":true,"jetpack_social_post_already_shared":true,"jetpack_social_options":{"image_generator_settings":{"template":"highway","default_image_id":0,"font":"","enabled":false},"version":2}},"product_brand":[],"product_cat":[133,134],"product_tag":[],"class_list":{"0":"post-27858","1":"product","2":"type-product","3":"status-publish","4":"has-post-thumbnail","6":"product_cat-gamelle","7":"product_cat-gamelles","9":"first","10":"instock","11":"sale","12":"taxable","13":"shipping-taxable","14":"purchasable","15":"product-type-simple"},"supplier_id":5588,"supplier_sku":"CD527177","barcode":null,"atum_controlled":true,"out_stock_date":null,"out_stock_threshold":null,"inheritable":false,"inbound_stock":0,"stock_on_hold":0,"sold_today":0,"sales_last_days":0,"reserved_stock":0,"customer_returns":0,"warehouse_damage":0,"lost_in_post":0,"other_logs":0,"out_stock_days":0,"lost_sales":0,"has_location":false,"update_date":"2026-05-13T00:21:54","atum_locations":[],"atum_stock_status":"instock","restock_status":false,"low_stock_amount":2,"sales_update_date":"2026-05-13T00:21:54","calc_backorders":null,"jetpack_publicize_connections":[],"jetpack_sharing_enabled":true,"batches":[],"_links":{"self":[{"href":"https:\/\/petworld.ma\/index.php\/wp-json\/wp\/v2\/product\/27858","targetHints":{"allow":["GET"]}}],"collection":[{"href":"https:\/\/petworld.ma\/index.php\/wp-json\/wp\/v2\/product"}],"about":[{"href":"https:\/\/petworld.ma\/index.php\/wp-json\/wp\/v2\/types\/product"}],"wp:featuredmedia":[{"embeddable":true,"href":"https:\/\/petworld.ma\/index.php\/wp-json\/wp\/v2\/media\/27859"}],"wp:attachment":[{"href":"https:\/\/petworld.ma\/index.php\/wp-json\/wp\/v2\/media?parent=27858"}],"wp:term":[{"taxonomy":"product_brand","embeddable":true,"href":"https:\/\/petworld.ma\/index.php\/wp-json\/wp\/v2\/product_brand?post=27858"},{"taxonomy":"product_cat","embeddable":true,"href":"https:\/\/petworld.ma\/index.php\/wp-json\/wp\/v2\/product_cat?post=27858"},{"taxonomy":"product_tag","embeddable":true,"href":"https:\/\/petworld.ma\/index.php\/wp-json\/wp\/v2\/product_tag?post=27858"}],"curies":[{"name":"wp","href":"https:\/\/api.w.org\/{rel}","templated":true}]}}