{"id":27862,"date":"2025-09-24T07:59:52","date_gmt":"2025-09-24T07:59:52","guid":{"rendered":"https:\/\/petworld.ma\/?post_type=product&#038;p=27862"},"modified":"2026-03-30T16:51:38","modified_gmt":"2026-03-30T16:51:38","slug":"set-de-3-balles-en-sisal-couleurs-assorties-o45cm","status":"publish","type":"product","link":"https:\/\/petworld.ma\/index.php\/produit\/set-de-3-balles-en-sisal-couleurs-assorties-o45cm\/","title":{"rendered":"Jouet Set de 3 Balles en Sisal Couleurs Assorties \u00d84,5cm"},"content":{"rendered":"<ul class=\"a-unordered-list a-vertical a-spacing-mini\">\n<li class=\"a-spacing-mini\"><span class=\"a-list-item\">Mat\u00e9riau fiable : la balle \u00e0 rouler pour chat est fabriqu\u00e9e en sisal, s\u00fbr et respectueux de l&rsquo;environnement, flexible et l\u00e9ger, r\u00e9sistant aux morsures et \u00e0 l&rsquo;usure, sans danger pour vos animaux de compagnie.<\/span><\/li>\n<li class=\"a-spacing-mini\"><span class=\"a-list-item\">Contenu de l&#8217;emballage : livr\u00e9 avec 3 boules en sisal pour chat. Taille : mesure environ 5,5 cm de diam\u00e8tre, facile \u00e0 transporter et \u00e0 ranger.<\/span><\/li>\n<li class=\"a-spacing-mini\"><span class=\"a-list-item\">Bonne fonction : ces adorables boules de sisal pour chat aideront les chats \u00e0 grincer leurs griffes et \u00e0 nettoyer les dents, ce qui peut favoriser leur sant\u00e9 tout en faisant de l&rsquo;exercice et en s&rsquo;amusant.<\/span><\/li>\n<li class=\"a-spacing-mini\"><span class=\"a-list-item\">Large application : les balles sont adapt\u00e9es \u00e0 tous les chats et chiens, dressage des animaux, entra\u00eenement int\u00e9rieur et divertissement ext\u00e9rieur.<\/span><\/li>\n<li class=\"a-spacing-mini\"><span class=\"a-list-item\">Joli cadeau : ces belles balles \u00e0 gratter sont un cadeau parfait pour vos animaux de compagnie. Il aidera \u00e0 r\u00e9duire les dommages \u00e0 vos meubles et \u00e0 \u00e9viter de crier quand ils se sentent seuls ou ennuyeux.<\/span><\/li>\n<\/ul>\n","protected":false},"excerpt":{"rendered":"<p>Mat\u00e9riau fiable : la balle \u00e0 rouler pour chat est fabriqu\u00e9e en sisal, s\u00fbr et respectueux de l&rsquo;environnement, flexible et l\u00e9ger, r\u00e9sistant aux morsures et \u00e0 l&rsquo;usure, sans danger pour vos animaux de compagnie. Contenu de l&#8217;emballage : livr\u00e9 avec 3 boules en sisal pour chat. Taille : mesure environ 5,5 cm de diam\u00e8tre, facile [&#8230;]\n","protected":false},"featured_media":27864,"template":"","meta":{"jetpack_publicize_message":"","jetpack_publicize_feature_enabled":true,"jetpack_social_post_already_shared":true,"jetpack_social_options":{"image_generator_settings":{"template":"highway","default_image_id":0,"font":"","enabled":false},"version":2}},"product_brand":[],"product_cat":[106,100],"product_tag":[],"class_list":{"0":"post-27862","1":"product","2":"type-product","3":"status-publish","4":"has-post-thumbnail","6":"product_cat-jouet-et-dressage","7":"product_cat-accessoires-jouets-et-colliers","9":"first","10":"instock","11":"taxable","12":"shipping-taxable","13":"purchasable","14":"product-type-simple"},"supplier_id":5588,"supplier_sku":"220-306","barcode":"3375762203066","atum_controlled":true,"out_stock_date":null,"out_stock_threshold":null,"inheritable":false,"inbound_stock":0,"stock_on_hold":0,"sold_today":0,"sales_last_days":0,"reserved_stock":0,"customer_returns":0,"warehouse_damage":0,"lost_in_post":0,"other_logs":0,"out_stock_days":0,"lost_sales":0,"has_location":false,"update_date":"2026-05-07T00:17:16","atum_locations":[],"atum_stock_status":"instock","restock_status":false,"low_stock_amount":2,"sales_update_date":"2026-05-07T00:17:16","calc_backorders":null,"jetpack_publicize_connections":[],"jetpack_sharing_enabled":true,"batches":[],"_links":{"self":[{"href":"https:\/\/petworld.ma\/index.php\/wp-json\/wp\/v2\/product\/27862","targetHints":{"allow":["GET"]}}],"collection":[{"href":"https:\/\/petworld.ma\/index.php\/wp-json\/wp\/v2\/product"}],"about":[{"href":"https:\/\/petworld.ma\/index.php\/wp-json\/wp\/v2\/types\/product"}],"wp:featuredmedia":[{"embeddable":true,"href":"https:\/\/petworld.ma\/index.php\/wp-json\/wp\/v2\/media\/27864"}],"wp:attachment":[{"href":"https:\/\/petworld.ma\/index.php\/wp-json\/wp\/v2\/media?parent=27862"}],"wp:term":[{"taxonomy":"product_brand","embeddable":true,"href":"https:\/\/petworld.ma\/index.php\/wp-json\/wp\/v2\/product_brand?post=27862"},{"taxonomy":"product_cat","embeddable":true,"href":"https:\/\/petworld.ma\/index.php\/wp-json\/wp\/v2\/product_cat?post=27862"},{"taxonomy":"product_tag","embeddable":true,"href":"https:\/\/petworld.ma\/index.php\/wp-json\/wp\/v2\/product_tag?post=27862"}],"curies":[{"name":"wp","href":"https:\/\/api.w.org\/{rel}","templated":true}]}}