{"id":27869,"date":"2025-09-24T08:10:38","date_gmt":"2025-09-24T08:10:38","guid":{"rendered":"https:\/\/petworld.ma\/?post_type=product&#038;p=27869"},"modified":"2026-03-30T23:04:05","modified_gmt":"2026-03-30T23:04:05","slug":"set-de-2-souris-colorees-65cm","status":"publish","type":"product","link":"https:\/\/petworld.ma\/index.php\/produit\/set-de-2-souris-colorees-65cm\/","title":{"rendered":"Jouet Set de 2 Souris Color\u00e9es 6,5cm"},"content":{"rendered":"<ul class=\"a-unordered-list a-vertical a-spacing-mini\">\n<li class=\"a-spacing-mini\"><span class=\"a-list-item\"><span dir=\"auto\"><span dir=\"auto\">Conception de souris, int\u00e9ressante et amusante.<\/span><\/span><\/span><\/li>\n<li class=\"a-spacing-mini\"><span class=\"a-list-item\"><span dir=\"auto\"><span dir=\"auto\">Attire facilement l&rsquo;attention des chats gr\u00e2ce \u00e0 ses couleurs vives<\/span><\/span><\/span><\/li>\n<li class=\"a-spacing-mini\"><span class=\"a-list-item\"><span dir=\"auto\"><span dir=\"auto\">Id\u00e9al pour chaton\/chat<\/span><\/span><\/span><\/li>\n<li class=\"a-spacing-mini\"><span class=\"a-list-item\"><span dir=\"auto\"><span dir=\"auto\">Petite souris color\u00e9e, souris assez simul\u00e9e, attire l&rsquo;int\u00e9r\u00eat du chat.<\/span><\/span><\/span><\/li>\n<li class=\"a-spacing-mini\"><span class=\"a-list-item\"><span dir=\"auto\"><span dir=\"auto\">Fabrication soign\u00e9e, jouet sonore couineur, tr\u00e8s int\u00e9ressant, jouets pour chats, petits chats souris jouant \u00e0 des jouets.<\/span><\/span><\/span><\/li>\n<\/ul>\n","protected":false},"excerpt":{"rendered":"<p>Conception de souris, int\u00e9ressante et amusante. Attire facilement l&rsquo;attention des chats gr\u00e2ce \u00e0 ses couleurs vives Id\u00e9al pour chaton\/chat Petite souris color\u00e9e, souris assez simul\u00e9e, attire l&rsquo;int\u00e9r\u00eat du chat. Fabrication soign\u00e9e, jouet sonore couineur, tr\u00e8s int\u00e9ressant, jouets pour chats, petits chats souris jouant \u00e0 des jouets.<\/p>\n","protected":false},"featured_media":27872,"template":"","meta":{"jetpack_publicize_message":"","jetpack_publicize_feature_enabled":true,"jetpack_social_post_already_shared":true,"jetpack_social_options":{"image_generator_settings":{"template":"highway","default_image_id":0,"font":"","enabled":false},"version":2}},"product_brand":[],"product_cat":[100],"product_tag":[],"class_list":{"0":"post-27869","1":"product","2":"type-product","3":"status-publish","4":"has-post-thumbnail","6":"product_cat-accessoires-jouets-et-colliers","8":"first","9":"instock","10":"taxable","11":"shipping-taxable","12":"purchasable","13":"product-type-simple"},"supplier_id":5588,"supplier_sku":"","barcode":"220-303","atum_controlled":true,"out_stock_date":null,"out_stock_threshold":null,"inheritable":false,"inbound_stock":0,"stock_on_hold":0,"sold_today":0,"sales_last_days":0,"reserved_stock":0,"customer_returns":0,"warehouse_damage":0,"lost_in_post":0,"other_logs":0,"out_stock_days":0,"lost_sales":0,"has_location":false,"update_date":"2026-05-07T00:17:16","atum_locations":[],"atum_stock_status":"instock","restock_status":false,"low_stock_amount":2,"sales_update_date":"2026-05-07T00:17:16","calc_backorders":null,"jetpack_publicize_connections":[],"jetpack_sharing_enabled":true,"batches":[],"_links":{"self":[{"href":"https:\/\/petworld.ma\/index.php\/wp-json\/wp\/v2\/product\/27869","targetHints":{"allow":["GET"]}}],"collection":[{"href":"https:\/\/petworld.ma\/index.php\/wp-json\/wp\/v2\/product"}],"about":[{"href":"https:\/\/petworld.ma\/index.php\/wp-json\/wp\/v2\/types\/product"}],"wp:featuredmedia":[{"embeddable":true,"href":"https:\/\/petworld.ma\/index.php\/wp-json\/wp\/v2\/media\/27872"}],"wp:attachment":[{"href":"https:\/\/petworld.ma\/index.php\/wp-json\/wp\/v2\/media?parent=27869"}],"wp:term":[{"taxonomy":"product_brand","embeddable":true,"href":"https:\/\/petworld.ma\/index.php\/wp-json\/wp\/v2\/product_brand?post=27869"},{"taxonomy":"product_cat","embeddable":true,"href":"https:\/\/petworld.ma\/index.php\/wp-json\/wp\/v2\/product_cat?post=27869"},{"taxonomy":"product_tag","embeddable":true,"href":"https:\/\/petworld.ma\/index.php\/wp-json\/wp\/v2\/product_tag?post=27869"}],"curies":[{"name":"wp","href":"https:\/\/api.w.org\/{rel}","templated":true}]}}