{"id":27873,"date":"2025-09-24T08:27:40","date_gmt":"2025-09-24T08:27:40","guid":{"rendered":"https:\/\/petworld.ma\/?post_type=product&#038;p=27873"},"modified":"2026-03-11T12:32:11","modified_gmt":"2026-03-11T12:32:11","slug":"distributeur-de-friandises-sablier-dentaire-en-caoutchouc","status":"publish","type":"product","link":"https:\/\/petworld.ma\/index.php\/produit\/distributeur-de-friandises-sablier-dentaire-en-caoutchouc\/","title":{"rendered":"Distributeur de Friandises Sablier dentaire en Caoutchouc"},"content":{"rendered":"<div class=\"product-short-description rte\">\n<p><span dir=\"auto\">Ce jouet color\u00e9 est enti\u00e8rement fabriqu\u00e9 en caoutchouc et peut \u00eatre rempli de croquettes.<\/span><\/p>\n<p><strong style=\"color: #333333\"><span style=\"font-size: 20.16px;color: #333333\">Nageoires en spirale pour une alimentation lente<\/span><\/strong><\/p>\n<\/div>\n<p><span dir=\"auto\">Les ailettes en spirale sur les ouvertures de ce jouet cr\u00e9ent une exp\u00e9rience d&rsquo;alimentation lente et stimulante pour votre chien. Au fur et \u00e0 mesure que le jouet roule, les friandises tombent progressivement, l&rsquo;incitant \u00e0 travailler dur pour obtenir sa r\u00e9compense.<\/span><\/p>\n","protected":false},"excerpt":{"rendered":"<p>Ce jouet color\u00e9 est enti\u00e8rement fabriqu\u00e9 en caoutchouc et peut \u00eatre rempli de croquettes. Nageoires en spirale pour une alimentation lente Les ailettes en spirale sur les ouvertures de ce jouet cr\u00e9ent une exp\u00e9rience d&rsquo;alimentation lente et stimulante pour votre chien. Au fur et \u00e0 mesure que le jouet roule, les friandises tombent progressivement, l&rsquo;incitant [&#8230;]\n","protected":false},"featured_media":27876,"template":"","meta":{"jetpack_publicize_message":"","jetpack_publicize_feature_enabled":true,"jetpack_social_post_already_shared":true,"jetpack_social_options":{"image_generator_settings":{"template":"highway","default_image_id":0,"font":"","enabled":false},"version":2}},"product_brand":[],"product_cat":[26,39,134,106],"product_tag":[],"class_list":{"0":"post-27873","1":"product","2":"type-product","3":"status-publish","4":"has-post-thumbnail","6":"product_cat-croquettes","7":"product_cat-friandises-et-pates-pour-chien","8":"product_cat-gamelles","9":"product_cat-jouet-et-dressage","11":"first","12":"outofstock","13":"sale","14":"taxable","15":"shipping-taxable","16":"purchasable","17":"product-type-simple"},"supplier_id":5588,"supplier_sku":"GHP124","barcode":null,"atum_controlled":true,"out_stock_date":"2026-03-11 12:32:12","out_stock_threshold":null,"inheritable":false,"inbound_stock":0,"stock_on_hold":0,"sold_today":0,"sales_last_days":0,"reserved_stock":0,"customer_returns":0,"warehouse_damage":0,"lost_in_post":0,"other_logs":0,"out_stock_days":62,"lost_sales":0,"has_location":false,"update_date":"2026-05-13T00:20:26","atum_locations":[],"atum_stock_status":"outofstock","restock_status":false,"low_stock_amount":1,"sales_update_date":"2026-05-13T00:20:25","calc_backorders":null,"jetpack_publicize_connections":[],"jetpack_sharing_enabled":true,"batches":[],"_links":{"self":[{"href":"https:\/\/petworld.ma\/index.php\/wp-json\/wp\/v2\/product\/27873","targetHints":{"allow":["GET"]}}],"collection":[{"href":"https:\/\/petworld.ma\/index.php\/wp-json\/wp\/v2\/product"}],"about":[{"href":"https:\/\/petworld.ma\/index.php\/wp-json\/wp\/v2\/types\/product"}],"wp:featuredmedia":[{"embeddable":true,"href":"https:\/\/petworld.ma\/index.php\/wp-json\/wp\/v2\/media\/27876"}],"wp:attachment":[{"href":"https:\/\/petworld.ma\/index.php\/wp-json\/wp\/v2\/media?parent=27873"}],"wp:term":[{"taxonomy":"product_brand","embeddable":true,"href":"https:\/\/petworld.ma\/index.php\/wp-json\/wp\/v2\/product_brand?post=27873"},{"taxonomy":"product_cat","embeddable":true,"href":"https:\/\/petworld.ma\/index.php\/wp-json\/wp\/v2\/product_cat?post=27873"},{"taxonomy":"product_tag","embeddable":true,"href":"https:\/\/petworld.ma\/index.php\/wp-json\/wp\/v2\/product_tag?post=27873"}],"curies":[{"name":"wp","href":"https:\/\/api.w.org\/{rel}","templated":true}]}}