{"id":27916,"date":"2025-09-24T13:22:34","date_gmt":"2025-09-24T13:22:34","guid":{"rendered":"https:\/\/petworld.ma\/?post_type=product&#038;p=27916"},"modified":"2026-03-06T20:01:11","modified_gmt":"2026-03-06T20:01:11","slug":"souris-en-peluche-mouton-avec-reservoir-a-friandises-et-etoile","status":"publish","type":"product","link":"https:\/\/petworld.ma\/index.php\/produit\/souris-en-peluche-mouton-avec-reservoir-a-friandises-et-etoile\/","title":{"rendered":"Souris en Peluche Mouton Avec R\u00e9servoir \u00e0 Friandises et \u00c9toile"},"content":{"rendered":"<div class=\"tabs\">\n<div id=\"tab-content\" class=\"tab-content\">\n<div id=\"description\" class=\"tab-pane fade in active\" role=\"tabpanel\">\n<div class=\"product-description\">\n<div class=\"tabs product-tabs\">\n<div id=\"product-infos-tabs-content\" class=\"tab-content\">\n<div id=\"description\" class=\"tab-pane in active\" role=\"tabpanel\">\n<div class=\"product-description\">\n<div class=\"rte-content\">\n<div class=\"product-tabs__content__slice\">\n<div class=\"product-tabs__content__cms\">\n<div class=\"card__header\">\n<p class=\"card__title heading h3\"><strong><span dir=\"auto\">Description:<\/span><\/strong><\/p>\n<\/div>\n<div class=\"card__section \">\n<div class=\"rte text--pull\">\n<p><span dir=\"auto\">Pour chiots et petits chiens<\/span><\/p>\n<p><span dir=\"auto\">Con\u00e7u pour offrir \u00e0 votre chiot et \u00e0 votre petit chien des heures de plaisir, d\u00e9velopper ses aptitudes ludiques et occuper ses petites gueules. Comprend \u00e9galement une poche \u00e0 friandises pour cacher les friandises pr\u00e9f\u00e9r\u00e9es de votre chiot et stimuler son esprit.<\/span><\/p>\n<ul>\n<li><span dir=\"auto\">Multi-texture &#8211; peluche et caoutchouc<\/span><\/li>\n<li><span dir=\"auto\">Couineur cach\u00e9 pour plus de temps de jeu<\/span><\/li>\n<li><span dir=\"auto\">Doux et c\u00e2lin pour plus de confort\u00a0<\/span><\/li>\n<li><span dir=\"auto\">\u00c9toile pour chiots en p\u00e9riode de dentition<\/span><\/li>\n<\/ul>\n<\/div>\n<\/div>\n<\/div>\n<\/div>\n<\/div>\n<\/div>\n<\/div>\n<\/div>\n<\/div>\n<\/div>\n<\/div>\n<\/div>\n<\/div>\n<section class=\"page-product-box clearfix\"><\/section>\n","protected":false},"excerpt":{"rendered":"<p>Description: Pour chiots et petits chiens Con\u00e7u pour offrir \u00e0 votre chiot et \u00e0 votre petit chien des heures de plaisir, d\u00e9velopper ses aptitudes ludiques et occuper ses petites gueules. Comprend \u00e9galement une poche \u00e0 friandises pour cacher les friandises pr\u00e9f\u00e9r\u00e9es de votre chiot et stimuler son esprit. Multi-texture &#8211; peluche et caoutchouc Couineur cach\u00e9 [&#8230;]\n","protected":false},"featured_media":27917,"template":"","meta":{"jetpack_publicize_message":"","jetpack_publicize_feature_enabled":true,"jetpack_social_post_already_shared":true,"jetpack_social_options":{"image_generator_settings":{"template":"highway","default_image_id":0,"font":"","enabled":false},"version":2}},"product_brand":[],"product_cat":[106],"product_tag":[],"class_list":{"0":"post-27916","1":"product","2":"type-product","3":"status-publish","4":"has-post-thumbnail","6":"product_cat-jouet-et-dressage","8":"first","9":"instock","10":"sale","11":"taxable","12":"shipping-taxable","13":"purchasable","14":"product-type-simple"},"supplier_id":5588,"supplier_sku":"GH952808","barcode":null,"atum_controlled":true,"out_stock_date":null,"out_stock_threshold":null,"inheritable":false,"inbound_stock":0,"stock_on_hold":0,"sold_today":0,"sales_last_days":0,"reserved_stock":0,"customer_returns":0,"warehouse_damage":0,"lost_in_post":0,"other_logs":0,"out_stock_days":0,"lost_sales":0,"has_location":false,"update_date":"2026-05-13T00:23:44","atum_locations":[],"atum_stock_status":"instock","restock_status":false,"low_stock_amount":1,"sales_update_date":"2026-05-13T00:23:44","calc_backorders":null,"jetpack_publicize_connections":[],"jetpack_sharing_enabled":true,"batches":[],"_links":{"self":[{"href":"https:\/\/petworld.ma\/index.php\/wp-json\/wp\/v2\/product\/27916","targetHints":{"allow":["GET"]}}],"collection":[{"href":"https:\/\/petworld.ma\/index.php\/wp-json\/wp\/v2\/product"}],"about":[{"href":"https:\/\/petworld.ma\/index.php\/wp-json\/wp\/v2\/types\/product"}],"wp:featuredmedia":[{"embeddable":true,"href":"https:\/\/petworld.ma\/index.php\/wp-json\/wp\/v2\/media\/27917"}],"wp:attachment":[{"href":"https:\/\/petworld.ma\/index.php\/wp-json\/wp\/v2\/media?parent=27916"}],"wp:term":[{"taxonomy":"product_brand","embeddable":true,"href":"https:\/\/petworld.ma\/index.php\/wp-json\/wp\/v2\/product_brand?post=27916"},{"taxonomy":"product_cat","embeddable":true,"href":"https:\/\/petworld.ma\/index.php\/wp-json\/wp\/v2\/product_cat?post=27916"},{"taxonomy":"product_tag","embeddable":true,"href":"https:\/\/petworld.ma\/index.php\/wp-json\/wp\/v2\/product_tag?post=27916"}],"curies":[{"name":"wp","href":"https:\/\/api.w.org\/{rel}","templated":true}]}}