{"id":27949,"date":"2025-09-24T16:35:30","date_gmt":"2025-09-24T16:35:30","guid":{"rendered":"https:\/\/petworld.ma\/?post_type=product&#038;p=27949"},"modified":"2026-03-12T17:09:34","modified_gmt":"2026-03-12T17:09:34","slug":"purina-gourmet-gold-mousseline-4x85g-boeuf-foie-thon-dinde","status":"publish","type":"product","link":"https:\/\/petworld.ma\/index.php\/produit\/purina-gourmet-gold-mousseline-4x85g-boeuf-foie-thon-dinde\/","title":{"rendered":"Purina Gourmet Gold Mousseline 4x85g (Boeuf | Foie | Thon | Dinde)"},"content":{"rendered":"<p><strong>Caract\u00e9ristiques<\/strong><\/p>\n<ul>\n<li>\u00c9labor\u00e9es avec des ingr\u00e9dients de haute qualit\u00e9.<\/li>\n<li>Alimentation 100% compl\u00e8te et \u00e9quilibr\u00e9e pour chats adultes.<\/li>\n<li>Sans colorants ajout\u00e9s. Sans ar\u00f4mes artificiels ajout\u00e9s et sans conservateurs artificiels ajout\u00e9s.<\/li>\n<li>Servi en bo\u00eetes de 85g pour que chaque repas reste frais et pratique \u00e0 servir.<\/li>\n<\/ul>\n<p>Vous ne voulez pas que votre chat se lasse de ses repas et vous souhaitez toujours le surprendre en lui proposant diff\u00e9rentes textures pour ravir son palais. GOURMET\u00ae GOLD a donc cr\u00e9\u00e9 Les Mousselines, une d\u00e9licieuse recette qui \u00e9veillera le palais de votre chat avec une exp\u00e9rience culinaire unique. Des mousses moelleuses au b\u0153uf, au poulet, au saumon ou d&rsquo;autres succulentes saveurs, soigneusement pr\u00e9par\u00e9es pour offrir \u00e0 votre chat le plaisir d&rsquo;une d\u00e9licate sensation. Les Mousselines de GOURMET\u00ae GOLD, s\u00e9duisez votre chat avec un repas onctueux et raffin\u00e9 !<\/p>\n<p><strong>Composition<\/strong><\/p>\n<p>Au Thon :<br \/>\nViandes et sous-produits animaux<br \/>\nPoissons et sous-produits de poissons (thon 4 %)<br \/>\nSubstances min\u00e9rales<br \/>\nSous-produits d&rsquo;origine v\u00e9g\u00e9tale<br \/>\nSucres<\/p>\n<p>Au Foie :<br \/>\nViandes et sous-produits animaux (58 %, dont foie 12 %)<br \/>\nSubstances min\u00e9rales<br \/>\nSous-produits d&rsquo;origine v\u00e9g\u00e9tale<br \/>\nSucres<\/p>\n<p>\u00c0 la Dinde :<br \/>\nViandes et sous-produits animaux (57 %, dont dinde 4 %)<br \/>\nSubstances min\u00e9rales<br \/>\nSous-produits d&rsquo;origine v\u00e9g\u00e9tale<br \/>\nSucres<\/p>\n<p>Au B\u0153uf :<br \/>\nViandes et sous-produits animaux (57 %, dont b\u0153uf 4 %)<br \/>\nSubstances min\u00e9rales<br \/>\nSous-produits d&rsquo;origine v\u00e9g\u00e9tale<br \/>\nSucres<\/p>\n","protected":false},"excerpt":{"rendered":"<ul>\n<li>\u00c9labor\u00e9es avec des ingr\u00e9dients de haute qualit\u00e9.<\/li>\n<li>Alimentation 100% compl\u00e8te et \u00e9quilibr\u00e9e pour chats adultes.<\/li>\n<li>Sans colorants ajout\u00e9s. Sans ar\u00f4mes artificiels ajout\u00e9s et sans conservateurs artificiels ajout\u00e9s.<\/li>\n<li>Servi en bo\u00eetes de 85g pour que chaque repas reste frais et pratique \u00e0 servir.<\/li>\n<\/ul>\n","protected":false},"featured_media":27952,"template":"","meta":{"jetpack_publicize_message":"","jetpack_publicize_feature_enabled":true,"jetpack_social_post_already_shared":true,"jetpack_social_options":{"image_generator_settings":{"template":"highway","default_image_id":0,"font":"","enabled":false},"version":2}},"product_brand":[],"product_cat":[41,239],"product_tag":[],"class_list":{"0":"post-27949","1":"product","2":"type-product","3":"status-publish","4":"has-post-thumbnail","6":"product_cat-friandises-et-pate-pour-chat","7":"product_cat-pate-humides-chat","9":"first","10":"outofstock","11":"taxable","12":"shipping-taxable","13":"purchasable","14":"product-type-simple"},"supplier_id":5598,"supplier_sku":"","barcode":null,"atum_controlled":true,"out_stock_date":"2026-03-12 17:09:34","out_stock_threshold":null,"inheritable":false,"inbound_stock":0,"stock_on_hold":0,"sold_today":0,"sales_last_days":0,"reserved_stock":0,"customer_returns":0,"warehouse_damage":0,"lost_in_post":0,"other_logs":0,"out_stock_days":58,"lost_sales":0,"has_location":false,"update_date":"2026-05-10T00:21:00","atum_locations":[],"atum_stock_status":"outofstock","restock_status":false,"low_stock_amount":10,"sales_update_date":"2026-05-10T00:21:00","calc_backorders":null,"jetpack_publicize_connections":[],"jetpack_sharing_enabled":true,"batches":[{"id":"5499","date_created":"2025-09-24 16:40:21","date_expiry":"2027-02-28 00:00:00","user_id":"1","batch_number":"GourmetPack4x85g0227","location":"","quantity":"10.0000","quantity_available":"0.0000","units":"1","status":"archived","order_ids":"[29509,30296,30760,31590,31915,31879,32716,33315,36192]","supplier":"Proplan","po":{"id":"5453","date_created":"2025-09-24 16:40:31","batch_id":"5499","po_number":"","supplier":"Proplan","cost":null,"regular_price":null,"sale_price":null,"price_margin":null,"price_discount":null}}],"_links":{"self":[{"href":"https:\/\/petworld.ma\/index.php\/wp-json\/wp\/v2\/product\/27949","targetHints":{"allow":["GET"]}}],"collection":[{"href":"https:\/\/petworld.ma\/index.php\/wp-json\/wp\/v2\/product"}],"about":[{"href":"https:\/\/petworld.ma\/index.php\/wp-json\/wp\/v2\/types\/product"}],"wp:featuredmedia":[{"embeddable":true,"href":"https:\/\/petworld.ma\/index.php\/wp-json\/wp\/v2\/media\/27952"}],"wp:attachment":[{"href":"https:\/\/petworld.ma\/index.php\/wp-json\/wp\/v2\/media?parent=27949"}],"wp:term":[{"taxonomy":"product_brand","embeddable":true,"href":"https:\/\/petworld.ma\/index.php\/wp-json\/wp\/v2\/product_brand?post=27949"},{"taxonomy":"product_cat","embeddable":true,"href":"https:\/\/petworld.ma\/index.php\/wp-json\/wp\/v2\/product_cat?post=27949"},{"taxonomy":"product_tag","embeddable":true,"href":"https:\/\/petworld.ma\/index.php\/wp-json\/wp\/v2\/product_tag?post=27949"}],"curies":[{"name":"wp","href":"https:\/\/api.w.org\/{rel}","templated":true}]}}