{"id":28113,"date":"2025-09-28T20:57:32","date_gmt":"2025-09-28T20:57:32","guid":{"rendered":"https:\/\/petworld.ma\/?post_type=product&#038;p=28113"},"modified":"2026-04-10T18:47:28","modified_gmt":"2026-04-10T18:47:28","slug":"biodent-hexidine-50ml","status":"publish","type":"product","link":"https:\/\/petworld.ma\/index.php\/produit\/biodent-hexidine-50ml\/","title":{"rendered":"Soins bucco dentaires pour chats et chiens Biodent Hexi\u0307di\u0307ne 50mL"},"content":{"rendered":"<p>Biodent Hexidine assure l&rsquo;hygi\u00e8ne bucco-dentaire des chats et des chiens. Il r\u00e9duit et pr\u00e9vient \u00e9galement la plaque bact\u00e9rienne, la cause la plus fr\u00e9quente des maladies des gencives.<\/p>\n<p><strong><span dir=\"auto\">Le gluconate de chlorhexidine<\/span><\/strong><span dir=\"auto\">\u00a0poss\u00e8de des propri\u00e9t\u00e9s antiseptiques. Il aide \u00e0 \u00e9liminer la plaque et le tartre sur les dents et pr\u00e9vient la mauvaise haleine.<\/span><\/p>\n<p><strong><span dir=\"auto\">Le gluconate de zinc<\/span><\/strong><span dir=\"auto\">\u00a0est efficace pour pr\u00e9venir la formation de plaque dentaire. Il inhibe les compos\u00e9s soufr\u00e9s dans la bouche et pr\u00e9vient la mauvaise haleine.<\/span><\/p>\n<p><span dir=\"auto\">Rafra\u00eechit l&rsquo;haleine et aide \u00e0 maintenir des dents et des gencives saines.<\/span><\/p>\n<p><strong><em><span dir=\"auto\">Mode d&#8217;emploi\u00a0:<\/span><\/em><\/strong><em><span dir=\"auto\"> Ajouter le produit dans l&rsquo;eau. Le produit fait effet en 2 \u00e0 4 jours. Administrer quotidiennement avec de l&rsquo;eau fra\u00eeche. La quantit\u00e9 journali\u00e8re recommand\u00e9e est indiqu\u00e9e sur l&#8217;emballage.<\/span><\/em><\/p>\n","protected":false},"excerpt":{"rendered":"<p>Biodent Hexidine assure l&rsquo;hygi\u00e8ne bucco-dentaire des chats et des chiens. Il r\u00e9duit et pr\u00e9vient \u00e9galement la plaque bact\u00e9rienne, la cause la plus fr\u00e9quente des maladies des gencives.<\/p>\n<p>&nbsp;<\/p>\n","protected":false},"featured_media":28114,"template":"","meta":{"jetpack_publicize_message":"","jetpack_publicize_feature_enabled":true,"jetpack_social_post_already_shared":true,"jetpack_social_options":{"image_generator_settings":{"template":"highway","default_image_id":0,"font":"","enabled":false},"version":2}},"product_brand":[],"product_cat":[216,217],"product_tag":[],"class_list":{"0":"post-28113","1":"product","2":"type-product","3":"status-publish","4":"has-post-thumbnail","6":"product_cat-dentifrice-soin-buccal","7":"product_cat-dentifrice-soin-buccal-hygiene-et-soins","9":"first","10":"instock","11":"taxable","12":"shipping-taxable","13":"purchasable","14":"product-type-simple"},"supplier_id":5589,"supplier_sku":"PA346","barcode":null,"atum_controlled":true,"out_stock_date":null,"out_stock_threshold":null,"inheritable":false,"inbound_stock":0,"stock_on_hold":0,"sold_today":0,"sales_last_days":0,"reserved_stock":0,"customer_returns":0,"warehouse_damage":0,"lost_in_post":0,"other_logs":0,"out_stock_days":0,"lost_sales":0,"has_location":false,"update_date":"2026-04-30T00:17:35","atum_locations":[],"atum_stock_status":"instock","restock_status":false,"low_stock_amount":5,"sales_update_date":"2026-04-30T00:17:35","calc_backorders":null,"jetpack_publicize_connections":[],"jetpack_sharing_enabled":true,"batches":[{"id":"5531","date_created":"2025-09-28 21:03:22","date_expiry":"2027-04-12 00:00:00","user_id":"2760","batch_number":"Biodent120427","location":"","quantity":"12.0000","quantity_available":"0.0000","units":"1","status":"archived","order_ids":"[28220,29509,29835,29892,30568,31349,31497,32236,32290,32501]","supplier":"Zoolux","po":{"id":"5485","date_created":"2025-09-28 21:03:23","batch_id":"5531","po_number":"","supplier":"Zoolux","cost":null,"regular_price":null,"sale_price":null,"price_margin":null,"price_discount":null}},{"id":"5954","date_created":"2025-11-02 18:17:58","date_expiry":"2027-04-12 00:00:00","user_id":"2760","batch_number":"Biodent120427","location":"","quantity":"12.0000","quantity_available":"0.0000","units":"1","status":"archived","order_ids":"[32764,33013,33022,33104,33184,33226,33686,34436,38006,38172]","supplier":"Zoolux","po":{"id":"5893","date_created":"2025-11-02 18:17:59","batch_id":"5954","po_number":"","supplier":"Zoolux","cost":null,"regular_price":null,"sale_price":null,"price_margin":null,"price_discount":null}},{"id":"8328","date_created":"2026-03-18 14:36:24","date_expiry":"2027-04-12 00:00:00","user_id":"2760","batch_number":"Biodent120427","location":"","quantity":"24.0000","quantity_available":"21.0000","units":"1","status":"active","order_ids":"[38560,39387]","supplier":"Zoolux","po":{"id":"8256","date_created":"2026-03-18 14:36:25","batch_id":"8328","po_number":"","supplier":"Zoolux","cost":null,"regular_price":null,"sale_price":null,"price_margin":null,"price_discount":null}}],"_links":{"self":[{"href":"https:\/\/petworld.ma\/index.php\/wp-json\/wp\/v2\/product\/28113","targetHints":{"allow":["GET"]}}],"collection":[{"href":"https:\/\/petworld.ma\/index.php\/wp-json\/wp\/v2\/product"}],"about":[{"href":"https:\/\/petworld.ma\/index.php\/wp-json\/wp\/v2\/types\/product"}],"wp:featuredmedia":[{"embeddable":true,"href":"https:\/\/petworld.ma\/index.php\/wp-json\/wp\/v2\/media\/28114"}],"wp:attachment":[{"href":"https:\/\/petworld.ma\/index.php\/wp-json\/wp\/v2\/media?parent=28113"}],"wp:term":[{"taxonomy":"product_brand","embeddable":true,"href":"https:\/\/petworld.ma\/index.php\/wp-json\/wp\/v2\/product_brand?post=28113"},{"taxonomy":"product_cat","embeddable":true,"href":"https:\/\/petworld.ma\/index.php\/wp-json\/wp\/v2\/product_cat?post=28113"},{"taxonomy":"product_tag","embeddable":true,"href":"https:\/\/petworld.ma\/index.php\/wp-json\/wp\/v2\/product_tag?post=28113"}],"curies":[{"name":"wp","href":"https:\/\/api.w.org\/{rel}","templated":true}]}}