{"id":28126,"date":"2025-09-28T21:53:36","date_gmt":"2025-09-28T21:53:36","guid":{"rendered":"https:\/\/petworld.ma\/?post_type=product&#038;p=28126"},"modified":"2026-05-06T13:18:49","modified_gmt":"2026-05-06T13:18:49","slug":"sticks-pour-chats-reflex-gibier-et-oie-3x5g","status":"publish","type":"product","link":"https:\/\/petworld.ma\/index.php\/produit\/sticks-pour-chats-reflex-gibier-et-oie-3x5g\/","title":{"rendered":"Reflex Sticks pour chats Gibier et Oie 3x5g"},"content":{"rendered":"<p class=\"prod-title font-bold bordered-bottom-white pb-20\"><span dir=\"auto\">B\u00e2tonnets de viande de gibier et d&rsquo;oie<\/span><\/p>\n<section class=\"prd-bg\">\n<div class=\"container\">\n<div class=\"prd-wrapper\">\n<div class=\"prd-detail-grid\">\n<div>\n<div class=\"prod-body text-dark\">\n<p class=\"prod-sub-desc\"><span dir=\"auto\">Barres de r\u00e9compense d\u00e9licieuses et nutritives avec une teneur en viande de haute qualit\u00e9 et sans c\u00e9r\u00e9ales.<\/span><\/p>\n<\/div>\n<\/div>\n<\/div>\n<\/div>\n<\/div>\n<\/section>\n<div class=\"food-content-sec\"><strong style=\"color: #555555;font-size: 14.4px\"><span dir=\"auto\">Ingr\u00e9dients :<\/span><\/strong><span dir=\"auto\" style=\"color: #555555;font-size: 14.4px\"> Viandes et sous-produits animaux (95%, Viande de gibier 15%, Viande d&rsquo;oie 15%), Levure, Min\u00e9raux.<\/span><\/div>\n<div class=\"row\">\n<div class=\"col-md-6\">\n<div class=\"food-content-sec mb-5\">\n<div class=\"col-md-6\">\n<div class=\"food-content-sec\">\n<div class=\"row\">\n<div class=\"col-md-6\">\n<div class=\"food-content-sec mb-5\"><\/div>\n<\/div>\n<div class=\"col-md-6\">\n<div class=\"food-content-sec\">\n<div class=\"col-md-6\">\n<div class=\"food-content-sec mb-5\">\n<p class=\"food-content-title font-bold\"><span dir=\"auto\">Composants nutritionnels<\/span><\/p>\n<table width=\"176\">\n<tbody>\n<tr>\n<td width=\"105\"><strong><span dir=\"auto\">Prot\u00e9ines brutes<\/span><\/strong><\/td>\n<td width=\"71\"><span dir=\"auto\">38%<\/span><\/td>\n<\/tr>\n<tr>\n<td><strong><span dir=\"auto\">Teneur en mati\u00e8res grasses\u00a0<\/span><\/strong><\/td>\n<td><span dir=\"auto\">23,5%<\/span><\/td>\n<\/tr>\n<tr>\n<td><strong><span dir=\"auto\">Fibres brutes\u00a0<\/span><\/strong><\/td>\n<td><span dir=\"auto\">1%<\/span><\/td>\n<\/tr>\n<tr>\n<td><strong><span dir=\"auto\">Cendres brutes\u00a0<\/span><\/strong><\/td>\n<td><span dir=\"auto\">8%<\/span><\/td>\n<\/tr>\n<tr>\n<td><strong><span dir=\"auto\">Teneur en humidit\u00e9<\/span><\/strong><\/td>\n<td><span dir=\"auto\">27%<\/span><\/td>\n<\/tr>\n<\/tbody>\n<\/table>\n<p>&nbsp;<\/p>\n<\/div>\n<\/div>\n<div class=\"col-md-6\">\n<div class=\"food-content-sec\">\n<p class=\"food-content-title font-bold\"><span dir=\"auto\">Additifs nutritionnels<\/span><\/p>\n<table width=\"224\">\n<tbody>\n<tr>\n<td colspan=\"2\"><strong><span dir=\"auto\">Additifs : Additifs nutritionnels :<\/span><\/strong><\/td>\n<\/tr>\n<tr>\n<td colspan=\"2\"><span dir=\"auto\">Vitamine A 5000 UI\/kg, Vitamine D3 500 UI\/kg, Vitamine E 5 mg\/kg, Taurine 1 000 mg\/kg.<\/span><\/td>\n<\/tr>\n<tr>\n<td><strong><span dir=\"auto\">Contributions technologiques :<\/span><\/strong><\/td>\n<td><\/td>\n<\/tr>\n<tr>\n<td><span dir=\"auto\">Gardiens.<\/span><\/td>\n<\/tr>\n<\/tbody>\n<\/table>\n<\/div>\n<\/div>\n<\/div>\n<\/div>\n<\/div>\n<\/div>\n<\/div>\n<\/div>\n<\/div>\n<\/div>\n","protected":false},"excerpt":{"rendered":"<p class=\"prod-title font-bold bordered-bottom-white pb-20\"><span dir=\"auto\">B\u00e2tonnets de viande \/ Chats adultes au poulet et au canard: <\/span><span dir=\"auto\" style=\"font-size: 14.4px\">B\u00e2tonnets de r\u00e9compense d\u00e9licieux et nutritifs, sans c\u00e9r\u00e9ales et \u00e0 teneur \u00e9lev\u00e9e en viande de haute qualit\u00e9<\/span><span style=\"font-size: 14.4px\">.<\/span><\/p>\n","protected":false},"featured_media":28127,"template":"","meta":{"jetpack_publicize_message":"","jetpack_publicize_feature_enabled":true,"jetpack_social_post_already_shared":true,"jetpack_social_options":{"image_generator_settings":{"template":"highway","default_image_id":0,"font":"","enabled":false},"version":2}},"product_brand":[],"product_cat":[41,238],"product_tag":[],"class_list":{"0":"post-28126","1":"product","2":"type-product","3":"status-publish","4":"has-post-thumbnail","6":"product_cat-friandises-et-pate-pour-chat","7":"product_cat-friandises-secs-chat","9":"first","10":"instock","11":"taxable","12":"shipping-taxable","13":"purchasable","14":"product-type-simple"},"supplier_id":5589,"supplier_sku":"RFT029","barcode":null,"atum_controlled":true,"out_stock_date":null,"out_stock_threshold":null,"inheritable":false,"inbound_stock":0,"stock_on_hold":2,"sold_today":0,"sales_last_days":2,"reserved_stock":0,"customer_returns":0,"warehouse_damage":0,"lost_in_post":0,"other_logs":0,"out_stock_days":0,"lost_sales":0,"has_location":false,"update_date":"2026-05-07T11:56:00","atum_locations":[],"atum_stock_status":"instock","restock_status":false,"low_stock_amount":20,"sales_update_date":"2026-05-07T11:56:00","calc_backorders":null,"jetpack_publicize_connections":[],"jetpack_sharing_enabled":true,"batches":[{"id":"5537","date_created":"2025-09-28 21:58:23","date_expiry":"2026-11-15 00:00:00","user_id":"1","batch_number":"StickReflexGibier151126","location":"","quantity":"132.0000","quantity_available":"102.0000","units":"1","status":"active","order_ids":"[28197,28270,28272,28449,29358,35027,35539,36694,37183,38315,40051,40101,40135,40375,40567,41470]","supplier":"Zooluxe","po":{"id":"5491","date_created":"2025-09-28 21:58:23","batch_id":"5537","po_number":"","supplier":"Zooluxe","cost":null,"regular_price":null,"sale_price":null,"price_margin":null,"price_discount":null}}],"_links":{"self":[{"href":"https:\/\/petworld.ma\/index.php\/wp-json\/wp\/v2\/product\/28126","targetHints":{"allow":["GET"]}}],"collection":[{"href":"https:\/\/petworld.ma\/index.php\/wp-json\/wp\/v2\/product"}],"about":[{"href":"https:\/\/petworld.ma\/index.php\/wp-json\/wp\/v2\/types\/product"}],"wp:featuredmedia":[{"embeddable":true,"href":"https:\/\/petworld.ma\/index.php\/wp-json\/wp\/v2\/media\/28127"}],"wp:attachment":[{"href":"https:\/\/petworld.ma\/index.php\/wp-json\/wp\/v2\/media?parent=28126"}],"wp:term":[{"taxonomy":"product_brand","embeddable":true,"href":"https:\/\/petworld.ma\/index.php\/wp-json\/wp\/v2\/product_brand?post=28126"},{"taxonomy":"product_cat","embeddable":true,"href":"https:\/\/petworld.ma\/index.php\/wp-json\/wp\/v2\/product_cat?post=28126"},{"taxonomy":"product_tag","embeddable":true,"href":"https:\/\/petworld.ma\/index.php\/wp-json\/wp\/v2\/product_tag?post=28126"}],"curies":[{"name":"wp","href":"https:\/\/api.w.org\/{rel}","templated":true}]}}