{"id":28325,"date":"2025-10-02T20:52:13","date_gmt":"2025-10-02T20:52:13","guid":{"rendered":"https:\/\/petworld.ma\/?post_type=product&#038;p=28325"},"modified":"2026-02-11T16:26:28","modified_gmt":"2026-02-11T16:26:28","slug":"lingettes-amoremio-humides-pour-chiens-et-chats-40-pcs-lavande","status":"publish","type":"product","link":"https:\/\/petworld.ma\/index.php\/produit\/lingettes-amoremio-humides-pour-chiens-et-chats-40-pcs-lavande\/","title":{"rendered":"Lingettes Amoremio humides pour chiens et chats (40 PCS) Lavande"},"content":{"rendered":"<ul class=\"a-unordered-list a-vertical a-spacing-mini\">\n<li class=\"a-spacing-mini\">Lingettes humides rafra\u00eechissantes au parfum de lavande, imbib\u00e9es d&rsquo;une solution sp\u00e9ciale qui nettoie, d\u00e9sodorise et rafra\u00eechit le pelage de votre animal<\/li>\n<li class=\"a-spacing-mini\">Enrichies en extraits de plantes biologiques, les mol\u00e9cules actives NO ODOR aident \u00e0 contrer l&rsquo;apparition des mauvaises odeurs, notamment lorsque le pelage est mouill\u00e9 par la pluie<\/li>\n<li class=\"a-spacing-mini\">Nouveau format 30 cm x 20 cm, plus pratique pour les grands animaux<\/li>\n<li class=\"a-spacing-mini\">Formul\u00e9 avec des ingr\u00e9dients sp\u00e9cialement s\u00e9lectionn\u00e9s pour \u00e9viter les intol\u00e9rances<\/li>\n<li class=\"a-spacing-mini\">Convient aux chiens, chats et chiots<\/li>\n<li class=\"a-spacing-mini\">Taille de la lingette : 30 cm x 20 cm<\/li>\n<li class=\"a-spacing-mini\">Avec couvercle en plastique<\/li>\n<\/ul>\n","protected":false},"excerpt":{"rendered":"<p>Lingettes humides rafra\u00eechissantes au parfum de lavande, imbib\u00e9es d&rsquo;une solution sp\u00e9ciale qui nettoie, d\u00e9sodorise et rafra\u00eechit le pelage de votre animal Enrichies en extraits de plantes biologiques, les mol\u00e9cules actives NO ODOR aident \u00e0 contrer l&rsquo;apparition des mauvaises odeurs, notamment lorsque le pelage est mouill\u00e9 par la pluie Nouveau format 30 cm x 20 cm, [&#8230;]\n","protected":false},"featured_media":28327,"template":"","meta":{"jetpack_publicize_message":"","jetpack_publicize_feature_enabled":true,"jetpack_social_post_already_shared":true,"jetpack_social_options":{"image_generator_settings":{"template":"highway","default_image_id":0,"font":"","enabled":false},"version":2}},"product_brand":[],"product_cat":[225,224],"product_tag":[],"class_list":{"0":"post-28325","1":"product","2":"type-product","3":"status-publish","4":"has-post-thumbnail","6":"product_cat-lingettes-serviettes-hygiene-et-soins-pour-chat","7":"product_cat-lingettes-serviettes","9":"first","10":"instock","11":"taxable","12":"shipping-taxable","13":"purchasable","14":"product-type-simple"},"supplier_id":8770,"supplier_sku":"ART017","barcode":"8052190991257","atum_controlled":true,"out_stock_date":null,"out_stock_threshold":null,"inheritable":false,"inbound_stock":0,"stock_on_hold":0,"sold_today":0,"sales_last_days":0,"reserved_stock":0,"customer_returns":0,"warehouse_damage":0,"lost_in_post":0,"other_logs":0,"out_stock_days":0,"lost_sales":0,"has_location":false,"update_date":"2026-05-06T00:19:22","atum_locations":[],"atum_stock_status":"instock","restock_status":false,"low_stock_amount":2,"sales_update_date":"2026-05-06T00:19:22","calc_backorders":null,"jetpack_publicize_connections":[],"jetpack_sharing_enabled":true,"batches":[],"_links":{"self":[{"href":"https:\/\/petworld.ma\/index.php\/wp-json\/wp\/v2\/product\/28325","targetHints":{"allow":["GET"]}}],"collection":[{"href":"https:\/\/petworld.ma\/index.php\/wp-json\/wp\/v2\/product"}],"about":[{"href":"https:\/\/petworld.ma\/index.php\/wp-json\/wp\/v2\/types\/product"}],"wp:featuredmedia":[{"embeddable":true,"href":"https:\/\/petworld.ma\/index.php\/wp-json\/wp\/v2\/media\/28327"}],"wp:attachment":[{"href":"https:\/\/petworld.ma\/index.php\/wp-json\/wp\/v2\/media?parent=28325"}],"wp:term":[{"taxonomy":"product_brand","embeddable":true,"href":"https:\/\/petworld.ma\/index.php\/wp-json\/wp\/v2\/product_brand?post=28325"},{"taxonomy":"product_cat","embeddable":true,"href":"https:\/\/petworld.ma\/index.php\/wp-json\/wp\/v2\/product_cat?post=28325"},{"taxonomy":"product_tag","embeddable":true,"href":"https:\/\/petworld.ma\/index.php\/wp-json\/wp\/v2\/product_tag?post=28325"}],"curies":[{"name":"wp","href":"https:\/\/api.w.org\/{rel}","templated":true}]}}