{"id":2833,"date":"2023-06-13T15:18:39","date_gmt":"2023-06-13T15:18:39","guid":{"rendered":"https:\/\/petworld.ma\/?post_type=product&#038;p=2833"},"modified":"2026-05-11T10:59:53","modified_gmt":"2026-05-11T10:59:53","slug":"huile-de-saumon-oropharma-opti-coat-1l","status":"publish","type":"product","link":"https:\/\/petworld.ma\/index.php\/produit\/huile-de-saumon-oropharma-opti-coat-1l\/","title":{"rendered":"Huile de Saumon Oropharma OPTI COAT 1L"},"content":{"rendered":"<p><b>Suppl\u00e9ment alimentaire pour un pelage luisant<\/b><\/p>\n<p>Oropharma Opti Coat est un compl\u00e9ment alimentaire 100 % naturel \u00e0 base d&rsquo;huile de saumon. Il limite la mue en dehors de la saison habituelle et pr\u00e9vient l&rsquo;ass\u00e8chement de la peau et la formation de squames.<\/p>\n<ul>\n<li>Acides gras om\u00e9ga-3 DHA et EPA pour un pelage sain et luisant<\/li>\n<li>\u03b2-carot\u00e8ne pour une belle couleur intense du pelage<\/li>\n<li>Flacon doseur tr\u00e8s pratique (uniquement pour le conditionnement de 250 ml)<\/li>\n<\/ul>\n<div class=\"row\">\n<div class=\"col-12\">\n<div class=\"rich-text\">\n<p><strong>COMPOSITION<\/strong><\/p>\n<p>huile de saumon (99%), huile de tournesol<\/p>\n<\/div>\n<\/div>\n<\/div>\n<div class=\"row\">\n<div class=\"col-12\">\n<div class=\"rich-text\">\n<p><strong>CONSTITUANTS ANALYTIQUES<\/strong><\/p>\n<p>prot\u00e9ine 0%, teneur en mati\u00e8res grasses 100%, cellulose brute 0%, cendres brutes 0%, EPA 5%, DHA 7%<\/p>\n<\/div>\n<\/div>\n<\/div>\n<p><strong>ADDITIFS\/KG<\/strong><\/p>\n<div class=\"row\">\n<div class=\"col-12\">\n<div class=\"rich-text\">\n<h4>ADDITIFS NUTRITIONNELS<\/h4>\n<p>b\u00eata-carot\u00e8ne 1000 mg<\/p>\n<\/div>\n<\/div>\n<\/div>\n<div class=\"row\">\n<div class=\"col-12\">\n<div class=\"rich-text\">\n<h4>ADDITIFS TECHNIQUES<\/h4>\n<p>antioxyg\u00e8nes, conservateurs<\/p>\n<p><strong>MODE D&rsquo;EMPLOI<\/strong><\/p>\n<p>Dosage :<br \/>\nchien &lt;5 kg : 2,5 ml par jour<br \/>\nchien 5-15 kg : 5 ml par jour<br \/>\nchien 15-30 kg : 10 ml par jour<br \/>\nchien &gt; 30 kg : 15 ml par jour<br \/>\nAdministrer Opti Coat avec l\u2019aliment. Agiter avant l&#8217;emploi.<\/p>\n<\/div>\n<\/div>\n<\/div>\n","protected":false},"excerpt":{"rendered":"<p>Suppl\u00e9ment alimentaire pour un pelage luisant Oropharma Opti Coat est un compl\u00e9ment alimentaire 100 % naturel \u00e0 base d&rsquo;huile de saumon. Il limite la mue en dehors de la saison habituelle et pr\u00e9vient l&rsquo;ass\u00e8chement de la peau et la formation de squames. Acides gras om\u00e9ga-3 DHA et EPA pour un pelage sain et luisant \u03b2-carot\u00e8ne [&#8230;]\n","protected":false},"featured_media":2841,"template":"","meta":{"jetpack_publicize_message":"","jetpack_publicize_feature_enabled":true,"jetpack_social_post_already_shared":true,"jetpack_social_options":{"image_generator_settings":{"template":"highway","default_image_id":0,"font":"","enabled":false},"version":2}},"product_brand":[],"product_cat":[218,219,127],"product_tag":[],"class_list":{"0":"post-2833","1":"product","2":"type-product","3":"status-publish","4":"has-post-thumbnail","6":"product_cat-complement-alimentaire","7":"product_cat-complement-alimentaire-hygiene-et-soins-pour-chat","8":"product_cat-huile-de-saumon","10":"first","11":"instock","12":"taxable","13":"shipping-taxable","14":"purchasable","15":"product-type-simple"},"supplier_id":5589,"supplier_sku":"","barcode":null,"atum_controlled":true,"out_stock_date":null,"out_stock_threshold":null,"inheritable":false,"inbound_stock":0,"stock_on_hold":0,"sold_today":0,"sales_last_days":1,"reserved_stock":0,"customer_returns":0,"warehouse_damage":0,"lost_in_post":0,"other_logs":0,"out_stock_days":0,"lost_sales":0,"has_location":false,"update_date":"2026-05-12T08:55:16","atum_locations":[],"atum_stock_status":"instock","restock_status":false,"low_stock_amount":4,"sales_update_date":"2026-05-12T08:55:15","calc_backorders":null,"jetpack_publicize_connections":[],"jetpack_sharing_enabled":true,"batches":[{"id":"6","date_created":"2024-09-11 09:14:03","date_expiry":"2026-06-02 00:00:00","user_id":"1","batch_number":"HuileSaumonOptima011225","location":"","quantity":"33.0000","quantity_available":"0.0000","units":"1","status":"archived","order_ids":"[11877,12239,13256,16370,20034,20446,21801,21808,22671,23452,23638,23658,24789,25222]","supplier":"Zooluxe","po":{"id":"5","date_created":"2024-09-11 09:14:04","batch_id":"6","po_number":"","supplier":"Zooluxe","cost":null,"regular_price":null,"sale_price":null,"price_margin":null,"price_discount":null}},{"id":"1663","date_created":"2025-01-16 21:32:57","date_expiry":"2026-02-28 00:00:00","user_id":"1","batch_number":"HuileSaumonOptima280226","location":"","quantity":"6.0000","quantity_available":"0.0000","units":"1","status":"archived","order_ids":"[18311,18405,18516,19745,20034,30624,30888,30893,30905]","supplier":"Zooluxe","po":{"id":"1637","date_created":"2025-01-16 21:33:00","batch_id":"1663","po_number":"","supplier":"Zooluxe","cost":null,"regular_price":null,"sale_price":null,"price_margin":null,"price_discount":null}},{"id":"4597","date_created":"2025-07-30 12:01:05","date_expiry":"2025-12-31 00:00:00","user_id":"1","batch_number":"HuileSaumonOptima311225","location":"","quantity":"13.0000","quantity_available":"0.0000","units":"1","status":"archived","order_ids":"[25356,25789,26112,27428,27632,27989,28848,29061,29076,29101,29254,29267]","supplier":"Zooluxe","po":{"id":"4561","date_created":"2025-07-30 12:01:06","batch_id":"4597","po_number":"","supplier":"Zooluxe","cost":null,"regular_price":null,"sale_price":null,"price_margin":null,"price_discount":null}},{"id":"6934","date_created":"2025-12-26 08:51:50","date_expiry":"2027-03-31 00:00:00","user_id":"1","batch_number":"HuileSaumonOptima310327","location":"","quantity":"12.0000","quantity_available":"3.0000","units":"1","status":"active","order_ids":"[36127,36245,37501,38148,40140,40318,41743]","supplier":"Zooluxe","po":{"id":"6873","date_created":"2025-12-26 08:51:51","batch_id":"6934","po_number":"","supplier":"Zooluxe","cost":null,"regular_price":null,"sale_price":null,"price_margin":null,"price_discount":null}}],"_links":{"self":[{"href":"https:\/\/petworld.ma\/index.php\/wp-json\/wp\/v2\/product\/2833","targetHints":{"allow":["GET"]}}],"collection":[{"href":"https:\/\/petworld.ma\/index.php\/wp-json\/wp\/v2\/product"}],"about":[{"href":"https:\/\/petworld.ma\/index.php\/wp-json\/wp\/v2\/types\/product"}],"wp:featuredmedia":[{"embeddable":true,"href":"https:\/\/petworld.ma\/index.php\/wp-json\/wp\/v2\/media\/2841"}],"wp:attachment":[{"href":"https:\/\/petworld.ma\/index.php\/wp-json\/wp\/v2\/media?parent=2833"}],"wp:term":[{"taxonomy":"product_brand","embeddable":true,"href":"https:\/\/petworld.ma\/index.php\/wp-json\/wp\/v2\/product_brand?post=2833"},{"taxonomy":"product_cat","embeddable":true,"href":"https:\/\/petworld.ma\/index.php\/wp-json\/wp\/v2\/product_cat?post=2833"},{"taxonomy":"product_tag","embeddable":true,"href":"https:\/\/petworld.ma\/index.php\/wp-json\/wp\/v2\/product_tag?post=2833"}],"curies":[{"name":"wp","href":"https:\/\/api.w.org\/{rel}","templated":true}]}}