{"id":2835,"date":"2023-06-13T15:28:09","date_gmt":"2023-06-13T15:28:09","guid":{"rendered":"https:\/\/petworld.ma\/?post_type=product&#038;p=2835"},"modified":"2026-02-17T14:59:34","modified_gmt":"2026-02-17T14:59:34","slug":"complement-alimentaire-chat-opti-form-oropharma-100-comprimes","status":"publish","type":"product","link":"https:\/\/petworld.ma\/index.php\/produit\/complement-alimentaire-chat-opti-form-oropharma-100-comprimes\/","title":{"rendered":"Oro Pharma Compl\u00e9ment alimentaire Chat Opti Form  (100 comprim\u00e9s)"},"content":{"rendered":"<p><b>Suppl\u00e9ment alimentaire, renforce la condition physique g\u00e9n\u00e9rale<\/b><\/p>\n<p>Oropharma Opti Form sont des comprim\u00e9s de levure de bi\u00e8re enrichis de pr\u00e9biotiques, de s\u00e9l\u00e9nium organique et de b\u00eata-glucanes.<\/p>\n<ul>\n<li>Enrichi de pr\u00e9biotiques sous forme de Mannan-Oligo-Saccharides (MOS), ces sucres naturels favorisent le d\u00e9veloppement d&rsquo;une flore intestinale saine<\/li>\n<li>Les b\u00eata-glucanes renforcent la r\u00e9sistance<\/li>\n<li>Le s\u00e9l\u00e9nium organique est un antioxydant important qui augmente la r\u00e9sistance et qui est indispensable \u00e0 la peau saine.<\/li>\n<\/ul>\n<div class=\"row\">\n<div class=\"col-12\">\n<div class=\"rich-text\">\n<p><strong>COMPOSITION<\/strong><\/p>\n<p>saccharomyces cerevisiae (88,5%), \u03b2-glucanes (3%), mannane-oligosaccharides (MOS) (1,5%)<\/p>\n<\/div>\n<\/div>\n<\/div>\n<div class=\"row\">\n<div class=\"col-12\">\n<div class=\"rich-text\">\n<p><strong>CONSTITUANTS ANALYTIQUES<\/strong><\/p>\n<p>prot\u00e9ine 40%, teneur en mati\u00e8res grasses 0,8%, cellulose brute 0,06%, cendres brutes 6%<\/p>\n<\/div>\n<\/div>\n<\/div>\n<p><strong>ADDITIFS\/KG<\/strong><\/p>\n<div class=\"row\">\n<div class=\"col-12\">\n<div class=\"rich-text\">\n<h4>ADDITIFS NUTRITIONNELS<\/h4>\n<p>forme organique du s\u00e9l\u00e9nium produite par saccharomyces cerevisiae CNCM I-3060 0,32 mg<\/p>\n<\/div>\n<\/div>\n<\/div>\n<p><strong>MODE D&rsquo;EMPLOI<\/strong><\/p>\n<p>Dosage : 1 comprim\u00e9 par jour.<\/p>\n","protected":false},"excerpt":{"rendered":"<p>Suppl\u00e9ment alimentaire, renforce la condition physique g\u00e9n\u00e9rale Oropharma Opti Form sont des comprim\u00e9s de levure de bi\u00e8re enrichis de pr\u00e9biotiques, de s\u00e9l\u00e9nium organique et de b\u00eata-glucanes. Enrichi de pr\u00e9biotiques sous forme de Mannan-Oligo-Saccharides (MOS), ces sucres naturels favorisent le d\u00e9veloppement d&rsquo;une flore intestinale saine Les b\u00eata-glucanes renforcent la r\u00e9sistance Le s\u00e9l\u00e9nium organique est un antioxydant [&#8230;]\n","protected":false},"featured_media":2842,"template":"","meta":{"jetpack_publicize_message":"","jetpack_publicize_feature_enabled":true,"jetpack_social_post_already_shared":false,"jetpack_social_options":{"image_generator_settings":{"template":"highway","default_image_id":0,"font":"","enabled":false},"version":2}},"product_brand":[],"product_cat":[219],"product_tag":[],"class_list":{"0":"post-2835","1":"product","2":"type-product","3":"status-publish","4":"has-post-thumbnail","6":"product_cat-complement-alimentaire-hygiene-et-soins-pour-chat","8":"first","9":"outofstock","10":"sale","11":"taxable","12":"shipping-taxable","13":"purchasable","14":"product-type-simple"},"supplier_id":5589,"supplier_sku":"","barcode":null,"atum_controlled":true,"out_stock_date":"2024-12-18 14:49:37","out_stock_threshold":null,"inheritable":false,"inbound_stock":0,"stock_on_hold":0,"sold_today":0,"sales_last_days":0,"reserved_stock":0,"customer_returns":0,"warehouse_damage":0,"lost_in_post":0,"other_logs":0,"out_stock_days":495,"lost_sales":0,"has_location":false,"update_date":"2026-04-28T00:13:04","atum_locations":[],"atum_stock_status":"outofstock","restock_status":false,"low_stock_amount":4,"sales_update_date":"2026-04-28T00:13:04","calc_backorders":null,"jetpack_publicize_connections":[],"jetpack_sharing_enabled":true,"batches":[],"_links":{"self":[{"href":"https:\/\/petworld.ma\/index.php\/wp-json\/wp\/v2\/product\/2835","targetHints":{"allow":["GET"]}}],"collection":[{"href":"https:\/\/petworld.ma\/index.php\/wp-json\/wp\/v2\/product"}],"about":[{"href":"https:\/\/petworld.ma\/index.php\/wp-json\/wp\/v2\/types\/product"}],"wp:featuredmedia":[{"embeddable":true,"href":"https:\/\/petworld.ma\/index.php\/wp-json\/wp\/v2\/media\/2842"}],"wp:attachment":[{"href":"https:\/\/petworld.ma\/index.php\/wp-json\/wp\/v2\/media?parent=2835"}],"wp:term":[{"taxonomy":"product_brand","embeddable":true,"href":"https:\/\/petworld.ma\/index.php\/wp-json\/wp\/v2\/product_brand?post=2835"},{"taxonomy":"product_cat","embeddable":true,"href":"https:\/\/petworld.ma\/index.php\/wp-json\/wp\/v2\/product_cat?post=2835"},{"taxonomy":"product_tag","embeddable":true,"href":"https:\/\/petworld.ma\/index.php\/wp-json\/wp\/v2\/product_tag?post=2835"}],"curies":[{"name":"wp","href":"https:\/\/api.w.org\/{rel}","templated":true}]}}