{"id":28386,"date":"2025-10-03T15:45:52","date_gmt":"2025-10-03T15:45:52","guid":{"rendered":"https:\/\/petworld.ma\/?post_type=product&#038;p=28386"},"modified":"2026-05-13T13:51:00","modified_gmt":"2026-05-13T13:51:00","slug":"gifyy-plus-nourriture-pour-chat-adulte-au-poulet-15-kg","status":"publish","type":"product","link":"https:\/\/petworld.ma\/index.php\/produit\/gifyy-plus-nourriture-pour-chat-adulte-au-poulet-15-kg\/","title":{"rendered":"Gifyy Plus Nourriture pour Chat Adulte Au Poulet 15 kg"},"content":{"rendered":"<div id=\"divUrunOzellikAlani\" class=\"urunOzellik col-md-12 col-lg-12 col-xs-12 col-sm-12\">\n<div id=\"divTabOzellikler\" class=\"urunDetayPanel\">\n<div class=\"urunTabAlt\">\n<p><span dir=\"auto\">Nourriture pour chat adulte &#8211; Nourriture pour chat adulte<\/span><br \/>\n<span dir=\"auto\">&#8211; Gr\u00e2ce \u00e0 sa formule sp\u00e9ciale compos\u00e9e de sources alimentaires fra\u00eeches et 100% naturelles, elle r\u00e9pond de mani\u00e8re compl\u00e8te et \u00e9quilibr\u00e9e aux besoins nutritionnels de votre chat adulte d\u00e9coulant de son activit\u00e9 quotidienne.<\/span><\/p>\n<p><span dir=\"auto\">&#8211; Pour le d\u00e9veloppement des os et des muscles et l&rsquo;\u00e9nergie n\u00e9cessaire ; La viande de poulet est enrichie de prot\u00e9ines suppl\u00e9mentaires, de vitamines, de calcium, de phosphore et d&rsquo;autres min\u00e9raux.<\/span><\/p>\n<p><span dir=\"auto\">Contient des min\u00e9raux organiques pour le d\u00e9veloppement osseux. Il contient \u00e9galement de la glucosamine et de la chondro\u00eftine pour le bon d\u00e9veloppement des articulations et du cartilage.<\/span><\/p>\n<p><span dir=\"auto\">&#8211; Renforce le syst\u00e8me immunitaire gr\u00e2ce \u00e0 ses additifs vitaminiques et antioxydants de haute qualit\u00e9, augmentant la r\u00e9sistance des d\u00e9fenses contre les maladies.<\/span><\/p>\n<p><span dir=\"auto\">L&rsquo;\u00e9quilibre en acides gras essentiels om\u00e9ga 3, om\u00e9ga 6 et autres acides gras est atteint. Il contribue au d\u00e9veloppement du syst\u00e8me nerveux, \u00e0 la formation d&rsquo;une peau et de cheveux sains, ainsi qu&rsquo;\u00e0 la r\u00e9gulation de la sant\u00e9 articulaire et vasculaire.<\/span><\/p>\n<p><span dir=\"auto\">L&rsquo;\u00e9quilibre calcium-phosphore de sa teneur favorise le d\u00e9veloppement de dents et d&rsquo;un squelette sains. De plus, la structure physique des grains pr\u00e9vient la formation de tartre en assurant un nettoyage m\u00e9canique.<\/span><\/p>\n<p><strong><span dir=\"auto\">Ingr\u00e9dients<\/span><\/strong><span dir=\"auto\"><strong>:<\/strong> <\/span><\/p>\n<p><span dir=\"auto\">Viande de poulet d\u00e9shydrat\u00e9e, ma\u00efs, riz, semoule de bl\u00e9, huile de poulet, huile de poisson, acides gras om\u00e9ga-3 et om\u00e9ga-6, vitamines et min\u00e9raux.<\/span><\/p>\n<p><span dir=\"auto\">Prot\u00e9ines brutes 28,00 %<\/span><br \/>\n<span dir=\"auto\">Mati\u00e8res grasses brutes 14,00 %<\/span><br \/>\n<span dir=\"auto\">Humidit\u00e9 8,00 %<\/span><br \/>\n<span dir=\"auto\">Cendres brutes 9,00 %<\/span><br \/>\n<span dir=\"auto\">Fibres brutes 4,50 %<\/span><br \/>\n<span dir=\"auto\">Calcium 2,00 % Phosphore<\/span><br \/>\n<span dir=\"auto\">1,00 %<\/span><br \/>\n<span dir=\"auto\">Sodium 0,50 %<\/span><br \/>\n<span dir=\"auto\">Vitamines et min\u00e9raux<\/span><br \/>\n<span dir=\"auto\">Vitamine A (E672) 12\u00a0500 UI\/kg<\/span><br \/>\n<span dir=\"auto\">Vitamine D (E671) 1\u00a0000 UI\/kg<\/span><br \/>\n<span dir=\"auto\">Vitamine C (E301) 120 mg\/kg<\/span><br \/>\n<span dir=\"auto\">Vitamine E (3A700) 80 mg\/kg Apports journaliers<\/span><\/p>\n<p><strong>Doses Journali\u00e8res:<\/strong><\/p>\n<p><span dir=\"auto\">1<\/span><span dir=\"auto\">&#8211; 2 kg 35 &#8211; 45 g<\/span><br \/>\n<span dir=\"auto\">2 &#8211; 3 kg 45 &#8211; 60 g<\/span><br \/>\n<span dir=\"auto\">3 &#8211; 4 kg 60 &#8211; 80 g<\/span><br \/>\n<span dir=\"auto\">4 &#8211; 5 kg 80 &#8211; 100 g<\/span><br \/>\n<span dir=\"auto\">5 &#8211; 6 kg 100 &#8211; 120 g<\/span><br \/>\n<span dir=\"auto\">6 &#8211; 7 kg 120 &#8211; 140 g<\/span><br \/>\n<span dir=\"auto\">7 &#8211; 8 kg 140 &#8211; 160 g<\/span><\/p>\n<\/div>\n<\/div>\n<\/div>\n","protected":false},"excerpt":{"rendered":"<p>Nourriture pour chat adulte &#8211; Nourriture pour chat adulte &#8211; Gr\u00e2ce \u00e0 sa formule sp\u00e9ciale compos\u00e9e de sources alimentaires fra\u00eeches et 100% naturelles, elle r\u00e9pond de mani\u00e8re compl\u00e8te et \u00e9quilibr\u00e9e aux besoins nutritionnels de votre chat adulte d\u00e9coulant de son activit\u00e9 quotidienne. &#8211; Pour le d\u00e9veloppement des os et des muscles et l&rsquo;\u00e9nergie n\u00e9cessaire ; [&#8230;]\n","protected":false},"featured_media":28390,"template":"","meta":{"jetpack_publicize_message":"","jetpack_publicize_feature_enabled":true,"jetpack_social_post_already_shared":true,"jetpack_social_options":{"image_generator_settings":{"template":"highway","default_image_id":0,"font":"","enabled":false},"version":2}},"product_brand":[],"product_cat":[37,36,40],"product_tag":[],"class_list":{"0":"post-28386","1":"product","2":"type-product","3":"status-publish","4":"has-post-thumbnail","6":"product_cat-aliments-pour-chat","7":"product_cat-chat","8":"product_cat-coquettes-pour-chat","10":"first","11":"instock","12":"taxable","13":"shipping-taxable","14":"purchasable","15":"product-type-simple"},"supplier_id":5595,"supplier_sku":"180","barcode":null,"atum_controlled":true,"out_stock_date":null,"out_stock_threshold":null,"inheritable":false,"inbound_stock":0,"stock_on_hold":1,"sold_today":0,"sales_last_days":0,"reserved_stock":0,"customer_returns":0,"warehouse_damage":0,"lost_in_post":0,"other_logs":0,"out_stock_days":0,"lost_sales":0,"has_location":false,"update_date":"2026-05-13T19:05:44","atum_locations":[],"atum_stock_status":"instock","restock_status":false,"low_stock_amount":5,"sales_update_date":"2026-05-13T19:05:43","calc_backorders":null,"jetpack_publicize_connections":[],"jetpack_sharing_enabled":true,"batches":[{"id":"5646","date_created":"2025-10-03 15:51:05","date_expiry":"2026-10-27 00:00:00","user_id":"2760","batch_number":"giffyadult271026","location":"","quantity":"5.0000","quantity_available":"0.0000","units":"1","status":"archived","order_ids":"[29317,30392,30739,30741,31083]","supplier":"Ownat","po":{"id":"5602","date_created":"2025-10-03 15:51:08","batch_id":"5646","po_number":"","supplier":"Ownat","cost":null,"regular_price":null,"sale_price":null,"price_margin":null,"price_discount":null}},{"id":"6122","date_created":"2025-11-11 22:55:15","date_expiry":"2026-10-27 00:00:00","user_id":"2760","batch_number":"giffyadult271026","location":"","quantity":"1.0000","quantity_available":"0.0000","units":"1","status":"archived","order_ids":"[30392]","supplier":"Ownat","po":{"id":"6069","date_created":"2025-11-11 22:55:15","batch_id":"6122","po_number":"","supplier":"Ownat","cost":null,"regular_price":null,"sale_price":null,"price_margin":null,"price_discount":null}},{"id":"6660","date_created":"2025-12-13 10:52:04","date_expiry":"2026-10-22 00:00:00","user_id":"2760","batch_number":"giffyadult221026","location":"","quantity":"5.0000","quantity_available":"3.0000","units":"1","status":"active","order_ids":"[32233,34285]","supplier":"Ownat","po":{"id":"6606","date_created":"2025-12-13 10:52:05","batch_id":"6660","po_number":"","supplier":"Ownat","cost":null,"regular_price":null,"sale_price":null,"price_margin":null,"price_discount":null}},{"id":"7058","date_created":"2026-01-06 18:43:17","date_expiry":"2026-10-22 00:00:00","user_id":"2760","batch_number":"giffyadult221026","location":"","quantity":"1.0000","quantity_available":"0.0000","units":"1","status":"archived","order_ids":"[33483]","supplier":"Ownat","po":{"id":"6996","date_created":"2026-01-06 18:43:18","batch_id":"7058","po_number":"","supplier":"Ownat","cost":null,"regular_price":null,"sale_price":null,"price_margin":null,"price_discount":null}},{"id":"7365","date_created":"2026-01-28 10:27:15","date_expiry":"2026-10-22 00:00:00","user_id":"2760","batch_number":"giffyadult221026","location":"","quantity":"1.0000","quantity_available":"0.0000","units":"1","status":"archived","order_ids":"[35043]","supplier":"Ownat","po":{"id":"7301","date_created":"2026-01-28 10:27:16","batch_id":"7365","po_number":"","supplier":"Ownat","cost":null,"regular_price":null,"sale_price":null,"price_margin":null,"price_discount":null}},{"id":"7392","date_created":"2026-01-30 11:33:36","date_expiry":"2026-10-22 00:00:00","user_id":"2760","batch_number":"giffyadult221026","location":"","quantity":"2.0000","quantity_available":"0.0000","units":"1","status":"archived","order_ids":"[37856,37893]","supplier":"Ownat","po":{"id":"7328","date_created":"2026-01-30 11:33:37","batch_id":"7392","po_number":"","supplier":"Ownat","cost":null,"regular_price":null,"sale_price":null,"price_margin":null,"price_discount":null}},{"id":"8641","date_created":"2026-04-03 17:38:30","date_expiry":"2026-10-22 00:00:00","user_id":"2760","batch_number":"giffyadult221026","location":"","quantity":"2.0000","quantity_available":"0.0000","units":"1","status":"archived","order_ids":"[39497,40852]","supplier":"Ownat","po":{"id":"8569","date_created":"2026-04-03 17:38:30","batch_id":"8641","po_number":"","supplier":"Ownat","cost":null,"regular_price":null,"sale_price":null,"price_margin":null,"price_discount":null}},{"id":"8968","date_created":"2026-04-20 14:26:57","date_expiry":"2026-10-22 00:00:00","user_id":"2760","batch_number":"giffyadult221026","location":"","quantity":"1.0000","quantity_available":"0.0000","units":"1","status":"archived","order_ids":"[40912]","supplier":"Ownat","po":{"id":"8892","date_created":"2026-04-20 14:26:58","batch_id":"8968","po_number":"","supplier":"Ownat","cost":null,"regular_price":null,"sale_price":null,"price_margin":null,"price_discount":null}},{"id":"9256","date_created":"2026-04-30 14:55:37","date_expiry":"2026-10-22 00:00:00","user_id":"2760","batch_number":"giffyadult221026","location":"","quantity":"1.0000","quantity_available":"0.0000","units":"1","status":"archived","order_ids":"[41730]","supplier":"Ownat","po":{"id":"9179","date_created":"2026-04-30 14:55:37","batch_id":"9256","po_number":"","supplier":"Ownat","cost":null,"regular_price":null,"sale_price":null,"price_margin":null,"price_discount":null}},{"id":"9395","date_created":"2026-05-13 13:50:59","date_expiry":"2026-10-22 00:00:00","user_id":"2760","batch_number":"giffyadult221026","location":"","quantity":"1.0000","quantity_available":"1.0000","units":"1","status":"active","order_ids":null,"supplier":"Ownat","po":{"id":"9310","date_created":"2026-05-13 13:51:00","batch_id":"9395","po_number":"","supplier":"Ownat","cost":null,"regular_price":null,"sale_price":null,"price_margin":null,"price_discount":null}}],"_links":{"self":[{"href":"https:\/\/petworld.ma\/index.php\/wp-json\/wp\/v2\/product\/28386","targetHints":{"allow":["GET"]}}],"collection":[{"href":"https:\/\/petworld.ma\/index.php\/wp-json\/wp\/v2\/product"}],"about":[{"href":"https:\/\/petworld.ma\/index.php\/wp-json\/wp\/v2\/types\/product"}],"wp:featuredmedia":[{"embeddable":true,"href":"https:\/\/petworld.ma\/index.php\/wp-json\/wp\/v2\/media\/28390"}],"wp:attachment":[{"href":"https:\/\/petworld.ma\/index.php\/wp-json\/wp\/v2\/media?parent=28386"}],"wp:term":[{"taxonomy":"product_brand","embeddable":true,"href":"https:\/\/petworld.ma\/index.php\/wp-json\/wp\/v2\/product_brand?post=28386"},{"taxonomy":"product_cat","embeddable":true,"href":"https:\/\/petworld.ma\/index.php\/wp-json\/wp\/v2\/product_cat?post=28386"},{"taxonomy":"product_tag","embeddable":true,"href":"https:\/\/petworld.ma\/index.php\/wp-json\/wp\/v2\/product_tag?post=28386"}],"curies":[{"name":"wp","href":"https:\/\/api.w.org\/{rel}","templated":true}]}}