{"id":28498,"date":"2025-10-05T18:51:23","date_gmt":"2025-10-05T18:51:23","guid":{"rendered":"https:\/\/petworld.ma\/?post_type=product&#038;p=28498"},"modified":"2026-01-19T17:25:37","modified_gmt":"2026-01-19T17:25:37","slug":"bac-a-litiere-ferme-pour-chat-plusieurs-couleurs","status":"publish","type":"product","link":"https:\/\/petworld.ma\/index.php\/produit\/bac-a-litiere-ferme-pour-chat-plusieurs-couleurs\/","title":{"rendered":"Bac \u00e0 liti\u00e8re ferm\u00e9 pour chat plusieurs couleurs"},"content":{"rendered":"<p><span dir=\"auto\">Un bac \u00e0 liti\u00e8re confortable et pratique, dot\u00e9 d&rsquo;une porte et d&rsquo;un filtre anti-odeurs au charbon actif. Ses surfaces brillantes facilitent le nettoyage.<\/span><\/p>\n<ul>\n<li><span dir=\"auto\">Equip\u00e9 d&rsquo;une entr\u00e9e avec porte<\/span><\/li>\n<li><span dir=\"auto\">Equip\u00e9 d&rsquo;un filtre anti-odeurs au charbon actif<\/span><\/li>\n<\/ul>\n<p>&nbsp;<\/p>\n<p><strong><em><span dir=\"auto\">Dimensions :<\/span><\/em><\/strong><br \/>\n<span dir=\"auto\">Toilettes Ariel \u2013 57x39x38h<\/span><br \/>\n<span dir=\"auto\">Filtre de toilettes \u2013 19x10h<\/span><\/p>\n","protected":false},"excerpt":{"rendered":"<p>Un bac \u00e0 liti\u00e8re confortable et pratique, dot\u00e9 d&rsquo;une porte et d&rsquo;un filtre anti-odeurs au charbon actif. Ses surfaces brillantes facilitent le nettoyage. Equip\u00e9 d&rsquo;une entr\u00e9e avec porte Equip\u00e9 d&rsquo;un filtre anti-odeurs au charbon actif &nbsp; Dimensions : Toilettes Ariel \u2013 57x39x38h Filtre de toilettes \u2013 19x10h<\/p>\n","protected":false},"featured_media":28500,"template":"","meta":{"jetpack_publicize_message":"","jetpack_publicize_feature_enabled":true,"jetpack_social_post_already_shared":true,"jetpack_social_options":{"image_generator_settings":{"template":"highway","default_image_id":0,"font":"","enabled":false},"version":2}},"product_brand":[],"product_cat":[94],"product_tag":[],"class_list":{"0":"post-28498","1":"product","2":"type-product","3":"status-publish","4":"has-post-thumbnail","6":"product_cat-litieres-et-bacs","8":"first","9":"outofstock","10":"taxable","11":"shipping-taxable","12":"purchasable","13":"product-type-variable"},"supplier_id":5588,"supplier_sku":"","barcode":null,"atum_controlled":true,"out_stock_date":null,"out_stock_threshold":null,"inheritable":true,"inbound_stock":0,"stock_on_hold":0,"sold_today":0,"sales_last_days":0,"reserved_stock":0,"customer_returns":0,"warehouse_damage":0,"lost_in_post":0,"other_logs":0,"out_stock_days":0,"lost_sales":0,"has_location":false,"update_date":"2026-04-28T00:13:09","atum_locations":[],"atum_stock_status":"outofstock","restock_status":false,"low_stock_amount":"","sales_update_date":"2026-04-28T00:13:09","calc_backorders":null,"jetpack_publicize_connections":[],"jetpack_sharing_enabled":true,"batches":[],"_links":{"self":[{"href":"https:\/\/petworld.ma\/index.php\/wp-json\/wp\/v2\/product\/28498","targetHints":{"allow":["GET"]}}],"collection":[{"href":"https:\/\/petworld.ma\/index.php\/wp-json\/wp\/v2\/product"}],"about":[{"href":"https:\/\/petworld.ma\/index.php\/wp-json\/wp\/v2\/types\/product"}],"wp:featuredmedia":[{"embeddable":true,"href":"https:\/\/petworld.ma\/index.php\/wp-json\/wp\/v2\/media\/28500"}],"wp:attachment":[{"href":"https:\/\/petworld.ma\/index.php\/wp-json\/wp\/v2\/media?parent=28498"}],"wp:term":[{"taxonomy":"product_brand","embeddable":true,"href":"https:\/\/petworld.ma\/index.php\/wp-json\/wp\/v2\/product_brand?post=28498"},{"taxonomy":"product_cat","embeddable":true,"href":"https:\/\/petworld.ma\/index.php\/wp-json\/wp\/v2\/product_cat?post=28498"},{"taxonomy":"product_tag","embeddable":true,"href":"https:\/\/petworld.ma\/index.php\/wp-json\/wp\/v2\/product_tag?post=28498"}],"curies":[{"name":"wp","href":"https:\/\/api.w.org\/{rel}","templated":true}]}}