{"id":28602,"date":"2025-10-07T09:40:56","date_gmt":"2025-10-07T09:40:56","guid":{"rendered":"https:\/\/petworld.ma\/?post_type=product&#038;p=28602"},"modified":"2026-04-23T15:22:25","modified_gmt":"2026-04-23T15:22:25","slug":"beaphar-comprimes-au-calcium-180pcs","status":"publish","type":"product","link":"https:\/\/petworld.ma\/index.php\/produit\/beaphar-comprimes-au-calcium-180pcs\/","title":{"rendered":"Comprim\u00e9s au calcium 180pcs &#8211; Beaphar"},"content":{"rendered":"<p>Contient des min\u00e9raux de haute qualit\u00e9, tels que le calcium, le phosphore et le magn\u00e9sium, et extraits d&rsquo;algues, pour aider \u00e0 promouvoir une croissance saine des os, des dents, de la peau et du pelage. Ce produit est id\u00e9al pour les jeunes chiens, les chiennes de soins et de chiens. Contient suffisamment de tablettes pour compl\u00e9ter un grand chien jusqu&rsquo;\u00e0 30 jours.<\/p>\n<p><strong>Dosage Journalier<\/strong><\/p>\n<ul>\n<li>Chiens de petite taille\u202f: 2 comprim\u00e9s<\/li>\n<li>Chiens de taille moyenne\u202f: 4 comprim\u00e9s<\/li>\n<li>Grands chiens\u202f: 6 comprim\u00e9s<\/li>\n<\/ul>\n<p>Prendre directement ou m\u00e9langer dans la nourriture. Toujours garder l&rsquo;eau potable fra\u00eeche disponible.<\/p>\n<p>&nbsp;<\/p>\n<p>&nbsp;<\/p>\n","protected":false},"excerpt":{"rendered":"<p>Contient des min\u00e9raux de haute qualit\u00e9, tels que le calcium, le phosphore et le magn\u00e9sium, et extraits d&rsquo;algues, pour aider \u00e0 promouvoir une croissance saine des os, des dents, de la peau et du pelage. Ce produit est id\u00e9al pour les jeunes chiens, les chiennes de soins et de chiens. Contient suffisamment de tablettes pour [&#8230;]\n","protected":false},"featured_media":28603,"template":"","meta":{"jetpack_publicize_message":"","jetpack_publicize_feature_enabled":true,"jetpack_social_post_already_shared":true,"jetpack_social_options":{"image_generator_settings":{"template":"highway","default_image_id":0,"font":"","enabled":false},"version":2}},"product_brand":[],"product_cat":[218],"product_tag":[],"class_list":{"0":"post-28602","1":"product","2":"type-product","3":"status-publish","4":"has-post-thumbnail","6":"product_cat-complement-alimentaire","8":"first","9":"instock","10":"taxable","11":"shipping-taxable","12":"purchasable","13":"product-type-simple"},"supplier_id":5603,"supplier_sku":"","barcode":"8711231106455","atum_controlled":true,"out_stock_date":null,"out_stock_threshold":null,"inheritable":false,"inbound_stock":0,"stock_on_hold":0,"sold_today":0,"sales_last_days":1,"reserved_stock":0,"customer_returns":0,"warehouse_damage":0,"lost_in_post":0,"other_logs":0,"out_stock_days":0,"lost_sales":0,"has_location":false,"update_date":"2026-04-25T11:05:49","atum_locations":[],"atum_stock_status":"instock","restock_status":false,"low_stock_amount":2,"sales_update_date":"2026-04-25T11:05:48","calc_backorders":null,"jetpack_publicize_connections":[],"jetpack_sharing_enabled":true,"batches":[{"id":"5651","date_created":"2025-10-07 09:47:22","date_expiry":"2027-01-18 00:00:00","user_id":"1","batch_number":"beapharcalcium180126","location":"","quantity":"6.0000","quantity_available":"3.0000","units":"1","status":"active","order_ids":"[31036,31760,40634]","supplier":"HILLS","po":{"id":"5607","date_created":"2025-10-07 09:47:23","batch_id":"5651","po_number":"","supplier":"HILLS","cost":null,"regular_price":null,"sale_price":null,"price_margin":null,"price_discount":null}}],"_links":{"self":[{"href":"https:\/\/petworld.ma\/index.php\/wp-json\/wp\/v2\/product\/28602","targetHints":{"allow":["GET"]}}],"collection":[{"href":"https:\/\/petworld.ma\/index.php\/wp-json\/wp\/v2\/product"}],"about":[{"href":"https:\/\/petworld.ma\/index.php\/wp-json\/wp\/v2\/types\/product"}],"wp:featuredmedia":[{"embeddable":true,"href":"https:\/\/petworld.ma\/index.php\/wp-json\/wp\/v2\/media\/28603"}],"wp:attachment":[{"href":"https:\/\/petworld.ma\/index.php\/wp-json\/wp\/v2\/media?parent=28602"}],"wp:term":[{"taxonomy":"product_brand","embeddable":true,"href":"https:\/\/petworld.ma\/index.php\/wp-json\/wp\/v2\/product_brand?post=28602"},{"taxonomy":"product_cat","embeddable":true,"href":"https:\/\/petworld.ma\/index.php\/wp-json\/wp\/v2\/product_cat?post=28602"},{"taxonomy":"product_tag","embeddable":true,"href":"https:\/\/petworld.ma\/index.php\/wp-json\/wp\/v2\/product_tag?post=28602"}],"curies":[{"name":"wp","href":"https:\/\/api.w.org\/{rel}","templated":true}]}}