{"id":28970,"date":"2025-10-14T16:41:18","date_gmt":"2025-10-14T16:41:18","guid":{"rendered":"https:\/\/petworld.ma\/?post_type=product&#038;p=28970"},"modified":"2026-04-23T09:00:37","modified_gmt":"2026-04-23T09:00:37","slug":"pro-nutrition-prestige-chat-adulte-2kg-10kg-saveur-volaille-et-legumes","status":"publish","type":"product","link":"https:\/\/petworld.ma\/index.php\/produit\/pro-nutrition-prestige-chat-adulte-2kg-10kg-saveur-volaille-et-legumes\/","title":{"rendered":"Pro-Nutrition Prestige Chat Adulte (2kg | 10kg)- Saveur Volaille Et L\u00e9gumes"},"content":{"rendered":"<p><strong>\ud83d\udcaa VITALIT\u00c9 &#8211; PEAU SAINE &amp; PELAGE SOYEUX \u2728<\/strong><\/p>\n<p>Offrez \u00e0 votre chat adulte une alimentation\u00a0<strong>compl\u00e8te<\/strong>\u00a0et\u00a0<strong>\u00e9quilibr\u00e9e<\/strong>\u00a0avec les croquettes\u00a0<strong>PRESTIGE CHAT Multi<\/strong>\u00a0\u00e0 la volaille et aux l\u00e9gumes. Cette recette savoureuse, riche en nutriments, est sp\u00e9cialement con\u00e7ue pour maintenir une\u00a0<strong>vitalit\u00e9 optimale<\/strong>\u00a0et garantir une peau saine et un pelage brillant \ud83c\udf1f. Un choix parfait pour un compagnon plein d&rsquo;\u00e9nergie et en bonne sant\u00e9 !<\/p>\n<h3>Les avantages des croquettes\u00a0<strong>Prestige Adult Multi<\/strong>\u00a0\ud83c\udfc5<\/h3>\n<ul>\n<li><strong>\ud83c\udf57 Prot\u00e9ines de qualit\u00e9 :<\/strong>\u00a0Avec des prot\u00e9ines d\u2019origine animale, ces croquettes soutiennent la\u00a0<strong>masse musculaire<\/strong>\u00a0et offrent l\u2019\u00e9nergie n\u00e9cessaire pour une vie active.<\/li>\n<li><strong>\ud83c\udf4f Sant\u00e9 digestive :<\/strong>\u00a0Des\u00a0<strong>fibres naturelles<\/strong>\u00a0(pommes, f\u00e9veroles) et des\u00a0<strong>probiotiques<\/strong>\u00a0renforcent la flore intestinale et la digestion, pour un ventre heureux et une meilleure absorption des nutriments.<\/li>\n<li><strong>\ud83d\udc85 Peau et pelage :<\/strong>\u00a0La\u00a0<strong>biotine<\/strong>, le\u00a0<strong>zinc<\/strong>, les\u00a0<strong>graines de lin<\/strong>\u00a0et l&rsquo;<strong>autolysat de poisson<\/strong>\u00a0nourrissent la peau et pr\u00e9servent un pelage\u00a0<strong>soyeux et brillant<\/strong>\u00a0\ud83c\udf1f.<\/li>\n<li><strong>\ud83d\udca7 Sant\u00e9 urinaire :<\/strong>\u00a0Des\u00a0<strong>min\u00e9raux \u00e9quilibr\u00e9s<\/strong>\u00a0aident \u00e0 maintenir un\u00a0<strong>pH urinaire optimal<\/strong>\u00a0et pr\u00e9vient la formation de calculs urinaires pour une meilleure sant\u00e9 des voies urinaires.<\/li>\n<li><strong>\ud83d\udc3e Boules de poils :<\/strong>\u00a0L\u2019ajout de\u00a0<strong>bl\u00e9 malt\u00e9<\/strong>\u00a0et\u00a0<strong>extraits de plantes<\/strong>\u00a0aide \u00e0 limiter la formation de boules de poils, pour un\u00a0<strong>confort optimal<\/strong>\u00a0au quotidien.<\/li>\n<\/ul>\n<p>Les croquettes\u00a0<strong>PRESTIGE CHAT Multi<\/strong>\u00a0sont l&rsquo;aliment id\u00e9al pour votre chat adulte, lui fournissant une\u00a0<strong>nutrition de qualit\u00e9<\/strong>, tout en maintenant son poids et sa forme physique. Offrez-lui ce qu&rsquo;il y a de meilleur pour sa\u00a0<strong>long\u00e9vit\u00e9 et sa sant\u00e9<\/strong>\u00a0\ud83d\udc31\ud83d\udc9a.<\/p>\n<p><strong>\u26a0\ufe0f \u00c0 ne pas utiliser pour les chatons, femelles en gestation ou en lactation.<\/strong><\/p>\n<div class=\"c-pdt-section__content c-pdt-section__desc\">\n<div class=\"u-d-flex u-gap-1\">\n<div class=\"u-d-flex u-gap-1\">\n<div class=\"c-pdt-carac\">\n<div class=\"u-d-flex u-gap-1\">\n<p><img decoding=\"async\" src=\"https:\/\/www.pro-nutrition.fr\/themes\/pro-nutrition\/assets\/img\/carac\/1056.svg\" alt=\"Ultra-App\u00e9tente\" width=\"40\" height=\"40\" \/><\/p>\n<div>\n<h3 class=\"u-h6\"><strong>Ultra-App\u00e9tente<\/strong><\/h3>\n<p>Ultra-app\u00e9tentes, nos recettes sont con\u00e7ues avec des ingr\u00e9dients sp\u00e9cifiquement s\u00e9lectionn\u00e9s pour leurs notes aromatiques, pour le plus grand plaisir de votre chat.<\/p>\n<\/div>\n<\/div>\n<div class=\"u-d-flex u-gap-1\">\n<p><img decoding=\"async\" src=\"https:\/\/www.pro-nutrition.fr\/themes\/pro-nutrition\/assets\/img\/carac\/1058.svg\" alt=\"Digestibilit\u00e9\" width=\"40\" height=\"40\" \/><\/p>\n<div>\n<h3 class=\"u-h6\"><strong>Digestibilit\u00e9<\/strong><\/h3>\n<p>Tous nos aliments contiennent des probiotiques (micro-organismes b\u00e9n\u00e9fiques vivants) qui apportent au quotidien un v\u00e9ritable confort digestif et un \u00e9quilibre optimal de la flore intestinale. Nos prot\u00e9ines sont \u00e9galement rigoureusement s\u00e9lectionn\u00e9es pour leur haute digestibilit\u00e9.<\/p>\n<\/div>\n<\/div>\n<div class=\"u-d-flex u-gap-1\">\n<p><img decoding=\"async\" src=\"https:\/\/www.pro-nutrition.fr\/themes\/pro-nutrition\/assets\/img\/carac\/1060.svg\" alt=\"Peau saine et pelage soyeux\" width=\"40\" height=\"40\" \/><\/p>\n<div>\n<h3 class=\"u-h6\"><strong>Peau saine et pelage soyeux<\/strong><\/h3>\n<p>Une peau saine et un pelage soyeux gr\u00e2ce \u00e0 l&rsquo;incorporation de biotine et de zinc, et \u00e0 un apport optimal en acides gras essentiels om\u00e9ga 6 et om\u00e9ga 3.<\/p>\n<\/div>\n<\/div>\n<div class=\"u-d-flex u-gap-1\">\n<p><img decoding=\"async\" src=\"https:\/\/www.pro-nutrition.fr\/themes\/pro-nutrition\/assets\/img\/carac\/1061.svg\" alt=\"pH Urinaire\" width=\"40\" height=\"40\" \/><\/p>\n<div>\n<h3 class=\"u-h6\"><strong>pH Urinaire<\/strong><\/h3>\n<p>L&rsquo;\u00e9quilibre en min\u00e9raux et leur teneur mod\u00e9r\u00e9e permettent d&rsquo;\u00e9viter la surcharge r\u00e9nale et conf\u00e8rent un pH urinaire optimal.<\/p>\n<\/div>\n<\/div>\n<\/div>\n<\/div>\n<\/div>\n<div class=\"u-d-flex u-gap-1\">\n<div id=\"rmjs-1\" class=\"has-readmore\" data-readmore=\"\" aria-expanded=\"true\">\n<h3 class=\"u-h6\"><strong>Composition<\/strong><\/h3>\n<\/div>\n<div id=\"rmjs-2\" class=\"c-readmore-container--table has-readmore\" data-readmore=\"\" aria-expanded=\"true\">\n<div class=\"c-pdt-section__content c-pdt-section__rationing\">\n<div id=\"rmjs-5\" class=\"has-readmore\" data-readmore=\"\" aria-expanded=\"true\">\n<div id=\"rmjs-1\" class=\"has-readmore\" data-readmore=\"\" aria-expanded=\"true\">\n<div id=\"rmjs-1\" class=\"has-readmore\" data-readmore=\"\" aria-expanded=\"true\">\n<p>Prot\u00e9ines animales d\u00e9shydrat\u00e9es 20% (volaille 17%, porc). Ma\u00efs. Bl\u00e9. Gluten de ma\u00efs. Graisse de volaille. Pois (4%). Riz. Pulpes de betterave. Hydrolysats de prot\u00e9ines animales. Concentr\u00e9 prot\u00e9ique de luzerne. Graines de lin. Levure de bi\u00e8re. Fibres de pomme (0,6%). Fibres de f\u00e9veroles. Sel de mer. Carbonate de calcium. Autolysats de poissons (0,4%). Carottes d\u00e9shydrat\u00e9es (0,1%). Chlorure de potassium. Fructo-oligosaccharides. Sulfate de calcium. Yucca. Enterococcus faecium (4b1707) (Probiotiques). Vitamines et oligo-\u00e9l\u00e9ments.<\/p>\n<\/div>\n<div id=\"rmjs-2\" class=\"c-readmore-container--table has-readmore\" data-readmore=\"\" aria-expanded=\"true\">\n<table class=\"c-pdt-tab\">\n<thead>\n<tr>\n<th colspan=\"2\">\n<h3 class=\"u-h6\">Les constituants analytiques<\/h3>\n<\/th>\n<\/tr>\n<\/thead>\n<tbody>\n<tr class=\"c-pdt-tab__tr\">\n<th>Prot\u00e9ine brute<\/th>\n<td class=\"u-d-flex\">30<span style=\"font-family: inherit; font-size: inherit; color: #333333;\">%<\/span><\/td>\n<\/tr>\n<tr class=\"c-pdt-tab__tr\">\n<th>Mati\u00e8re grasse<\/th>\n<td class=\"u-d-flex\">12<span style=\"font-family: inherit; font-size: inherit; color: #333333;\">%<\/span><\/td>\n<\/tr>\n<tr class=\"c-pdt-tab__tr\">\n<th>Cellulose Brute<\/th>\n<td class=\"u-d-flex\">2.5<span style=\"font-family: inherit; font-size: inherit; color: #333333;\">%<\/span><\/td>\n<\/tr>\n<tr class=\"c-pdt-tab__tr\">\n<th>Mati\u00e8re min\u00e9rale<\/th>\n<td class=\"u-d-flex\">7<span style=\"font-family: inherit; font-size: inherit; color: #333333;\">%<\/span><\/td>\n<\/tr>\n<tr class=\"c-pdt-tab__tr\">\n<th>Energie m\u00e9tabolisable<\/th>\n<td class=\"u-d-flex\">3776 kcal\/kg<\/td>\n<\/tr>\n<\/tbody>\n<\/table>\n<\/div>\n<\/div>\n<h2 class=\"u-h4 c-pdt-section__title\"><strong>Rationnement<\/strong><\/h2>\n<div class=\"c-pdt-section__content c-pdt-section__rationing\">\n<div id=\"rationing\" class=\"c-pdt-section\">\n<div class=\"c-pdt-section__content c-pdt-section__rationing\">\n<table>\n<tbody>\n<tr>\n<td>Poids optimal du chat<\/td>\n<td><\/td>\n<td>2 kg<\/td>\n<td>3 kg<\/td>\n<td>4 kg<\/td>\n<td>5 kg<\/td>\n<td>6 kg<\/td>\n<td>7 kg<\/td>\n<td>8 kg<\/td>\n<td>9 kg<\/td>\n<td>10 kg<\/td>\n<\/tr>\n<tr>\n<td>Ext\u00e9rieur<\/td>\n<td>Quantit\u00e9 par jour<\/td>\n<td>46 g<\/td>\n<td>61 g<\/td>\n<td>74 g<\/td>\n<td>86 g<\/td>\n<td>97 g<\/td>\n<td>107 g<\/td>\n<td>117 g<\/td>\n<td>127 g<\/td>\n<td>136 g<\/td>\n<\/tr>\n<tr>\n<td><\/td>\n<td>Dur\u00e9e moyenne (en jours) (sac de 2 kg)<\/td>\n<td>43<\/td>\n<td>33<\/td>\n<td>27<\/td>\n<td>23<\/td>\n<td>21<\/td>\n<td>19<\/td>\n<td>17<\/td>\n<td>16<\/td>\n<td>15<\/td>\n<\/tr>\n<tr>\n<td><\/td>\n<td>Dur\u00e9e moyenne (en jours) (sac de 10 kg)<\/td>\n<td>217<\/td>\n<td>164<\/td>\n<td>135<\/td>\n<td>116<\/td>\n<td>103<\/td>\n<td>93<\/td>\n<td>85<\/td>\n<td>79<\/td>\n<td>74<\/td>\n<\/tr>\n<tr>\n<td>Int\u00e9rieur<\/td>\n<td>Quantit\u00e9 par jour<\/td>\n<td>42 g<\/td>\n<td>55 g<\/td>\n<td>67 g<\/td>\n<td>78 g<\/td>\n<td>88 g<\/td>\n<td>98 g<\/td>\n<td>107 g<\/td>\n<td>115 g<\/td>\n<td>124 g<\/td>\n<\/tr>\n<tr>\n<td><\/td>\n<td>Dur\u00e9e moyenne (en jours) (sac de 2 kg)<\/td>\n<td>48<\/td>\n<td>36<\/td>\n<td>30<\/td>\n<td>26<\/td>\n<td>23<\/td>\n<td>20<\/td>\n<td>19<\/td>\n<td>17<\/td>\n<td>16<\/td>\n<\/tr>\n<tr>\n<td><\/td>\n<td>Dur\u00e9e moyenne (en jours) (sac de 10 kg)<\/td>\n<td>238<\/td>\n<td>182<\/td>\n<td>149<\/td>\n<td>128<\/td>\n<td>114<\/td>\n<td>102<\/td>\n<td>93<\/td>\n<td>87<\/td>\n<td>81<\/td>\n<\/tr>\n<\/tbody>\n<\/table>\n<\/div>\n<\/div>\n<\/div>\n<\/div>\n<\/div>\n<\/div>\n<\/div>\n<\/div>\n","protected":false},"excerpt":{"rendered":"<div class=\"c-pdt-origin__item\">\n<div class=\"c-pdt-origin__pourcent u-d-flex\">\n<ul>\n<li>100 <span style=\"color: #333333;\">% <\/span>Fabriqu\u00e9 en France<\/li>\n<li>53 % <span style=\"color: #555555;\">Des prot\u00e9ines d&rsquo;origine animale dans les prot\u00e9ines brutes totales<\/span><\/li>\n<li>90 % <span style=\"color: #555555;\">Ingr\u00e9dients origine France<\/span><\/li>\n<\/ul>\n<\/div>\n<\/div>\n","protected":false},"featured_media":28973,"template":"","meta":{"jetpack_publicize_message":"","jetpack_publicize_feature_enabled":true,"jetpack_social_post_already_shared":true,"jetpack_social_options":{"image_generator_settings":{"template":"highway","default_image_id":0,"font":"","enabled":false},"version":2}},"product_brand":[],"product_cat":[40],"product_tag":[],"class_list":{"0":"post-28970","1":"product","2":"type-product","3":"status-publish","4":"has-post-thumbnail","6":"product_cat-coquettes-pour-chat","8":"first","9":"instock","10":"taxable","11":"shipping-taxable","12":"purchasable","13":"product-type-variable"},"supplier_id":22725,"supplier_sku":"","barcode":null,"atum_controlled":true,"out_stock_date":null,"out_stock_threshold":null,"inheritable":true,"inbound_stock":0,"stock_on_hold":0,"sold_today":0,"sales_last_days":0,"reserved_stock":0,"customer_returns":0,"warehouse_damage":0,"lost_in_post":0,"other_logs":0,"out_stock_days":0,"lost_sales":0,"has_location":false,"update_date":"2026-05-06T00:16:27","atum_locations":[],"atum_stock_status":"instock","restock_status":false,"low_stock_amount":2,"sales_update_date":"2026-05-06T00:16:27","calc_backorders":null,"jetpack_publicize_connections":[],"jetpack_sharing_enabled":true,"batches":[],"_links":{"self":[{"href":"https:\/\/petworld.ma\/index.php\/wp-json\/wp\/v2\/product\/28970","targetHints":{"allow":["GET"]}}],"collection":[{"href":"https:\/\/petworld.ma\/index.php\/wp-json\/wp\/v2\/product"}],"about":[{"href":"https:\/\/petworld.ma\/index.php\/wp-json\/wp\/v2\/types\/product"}],"wp:featuredmedia":[{"embeddable":true,"href":"https:\/\/petworld.ma\/index.php\/wp-json\/wp\/v2\/media\/28973"}],"wp:attachment":[{"href":"https:\/\/petworld.ma\/index.php\/wp-json\/wp\/v2\/media?parent=28970"}],"wp:term":[{"taxonomy":"product_brand","embeddable":true,"href":"https:\/\/petworld.ma\/index.php\/wp-json\/wp\/v2\/product_brand?post=28970"},{"taxonomy":"product_cat","embeddable":true,"href":"https:\/\/petworld.ma\/index.php\/wp-json\/wp\/v2\/product_cat?post=28970"},{"taxonomy":"product_tag","embeddable":true,"href":"https:\/\/petworld.ma\/index.php\/wp-json\/wp\/v2\/product_tag?post=28970"}],"curies":[{"name":"wp","href":"https:\/\/api.w.org\/{rel}","templated":true}]}}