{"id":28978,"date":"2025-10-14T16:55:44","date_gmt":"2025-10-14T16:55:44","guid":{"rendered":"https:\/\/petworld.ma\/?post_type=product&#038;p=28978"},"modified":"2026-04-24T18:34:34","modified_gmt":"2026-04-24T18:34:34","slug":"pro-nutrition-protect-chat-adulte-urinary-2kg","status":"publish","type":"product","link":"https:\/\/petworld.ma\/index.php\/produit\/pro-nutrition-protect-chat-adulte-urinary-2kg\/","title":{"rendered":"Pro-Nutrition Protect+ Chat Adulte Urinary 2Kg"},"content":{"rendered":"<h3 class=\"u-mb-1\"><strong>Protect Urinary : L\u2019aliment di\u00e9t\u00e9tique pour chats souffrant de troubles urinaires \ud83d\udc31\ud83d\udca7<\/strong><\/h3>\n<p class=\"u-mb-1\">Protect Urinary est un aliment complet con\u00e7u pour\u00a0<strong>soutenir la sant\u00e9 urinaire des chats<\/strong>. Il favorise la<strong>\u00a0dissolution des calculs de struvite, r\u00e9duit leur r\u00e9cidive et aide \u00e0 pr\u00e9venir la formation des calculs d\u2019oxalate de calcium.<\/strong><\/p>\n<h3 class=\"u-mb-1\">\ud83c\udf1f R\u00e9sultats prouv\u00e9s<\/h3>\n<p class=\"u-mb-1\">\u2705\u00a0<strong>Jusqu\u2019\u00e0 100% de dissolution des calculs de struvite en 17 jours<\/strong>\u00a0(\u00c9tude en \u00e9cole v\u00e9t\u00e9rinaire).<\/p>\n<h3 class=\"u-mb-1\">\ud83d\udca7 Dissolution et pr\u00e9vention des calculs urinaires<\/h3>\n<p class=\"u-mb-1\">\u00c9quilibre optimal en min\u00e9raux et acides amin\u00e9s pour limiter la cristallisation et\u00a0<strong>maintenir un pH urinaire adapt\u00e9<\/strong>.<\/p>\n<p class=\"u-mb-1\">Enrichi en reine des pr\u00e9s et vergerette du Canada, reconnues pour leur\u00a0<strong>effet apaisant sur le syst\u00e8me urinaire<\/strong>.<\/p>\n<h3 class=\"u-mb-1\">\ud83e\ude7a Pr\u00e9vention des calculs d\u2019oxalate de calcium<\/h3>\n<p class=\"u-mb-1\">Teneur r\u00e9duite en oxalates pour\u00a0<strong>minimiser les risques de formation de nouveaux calculs<\/strong>.<\/p>\n<p class=\"u-mb-1\">Formul\u00e9 avec un m\u00e9lange de plantes (bruy\u00e8re, tilleul, sureau, busserole et canneberge) pour un\u00a0<strong>bon fonctionnement urinaire.<\/strong><\/p>\n<h3 class=\"u-mb-1\">\ud83d\udccb Indications<\/h3>\n<p>\u2714\ufe0f Dissolution et pr\u00e9vention des calculs de struvite<\/p>\n<p>\u2714\ufe0f Pr\u00e9vention des calculs d\u2019oxalate de calcium<\/p>\n<p>\u2714\ufe0f Cystite idiopathique<\/p>\n<h3 class=\"u-mb-1\">\u26a0\ufe0f Contre-indications<\/h3>\n<p>\u274c Croissance et reproduction<\/p>\n<p>\u274c Insuffisance cardiaque ou r\u00e9nale<\/p>\n<p>\u274c Traitement acidifiant l&rsquo;urine<\/p>\n<p>\u274c Calculs de cystine et d\u2019urate<\/p>\n<h3 class=\"u-mb-1\">\ud83c\udf31 Plant Active Benefit<\/h3>\n<p>\u2714\ufe0f\u00a0<strong>Bruy\u00e8re, Busserole<\/strong>\u00a0: propri\u00e9t\u00e9s antiseptiques<\/p>\n<p>\u2714\ufe0f\u00a0<strong>Vergerette du Canada, Reine des pr\u00e9s<\/strong>\u00a0: action anti-inflammatoire et analg\u00e9sique<\/p>\n<p>\u2714\ufe0f\u00a0<strong>Sureau, Tilleul, Canneberge<\/strong>\u00a0: effet diur\u00e9tique et anti-inflammatoire<\/p>\n<p>\u2714\ufe0f\u00a0<strong>Curcuma, Cassis, Romarin, Canneberge<\/strong>\u00a0: puissants antioxydants<\/p>\n<p>\u2714\ufe0f\u00a0<strong>Tilleul<\/strong>\u00a0: action antispasmodique<\/p>\n<p class=\"u-mb-1\"><strong>Avec Protect Urinary, offrez \u00e0 votre chat une solution efficace et naturelle pour pr\u00e9venir et traiter les troubles urinaires ! \ud83d\udc3e\ud83d\udc99<\/strong><\/p>\n<div class=\"c-pdt-section__content c-pdt-section__desc\">\n<div class=\"u-d-flex u-gap-1\">\n<p><img decoding=\"async\" src=\"https:\/\/www.pro-nutrition.fr\/themes\/pro-nutrition\/assets\/img\/carac\/1056.svg\" alt=\"Ultra-App\u00e9tente\" width=\"40\" height=\"40\" \/><\/p>\n<div>\n<h3 class=\"u-h6\"><strong>Ultra-App\u00e9tente<\/strong><\/h3>\n<p>Ultra-app\u00e9tentes, nos recettes sont con\u00e7ues avec des ingr\u00e9dients sp\u00e9cifiquement s\u00e9lectionn\u00e9s pour leurs notes aromatiques, pour le plus grand plaisir de votre chat.<\/p>\n<\/div>\n<\/div>\n<div class=\"u-d-flex u-gap-1\">\n<p><img decoding=\"async\" src=\"https:\/\/www.pro-nutrition.fr\/themes\/pro-nutrition\/assets\/img\/carac\/1058.svg\" alt=\"Digestibilit\u00e9\" width=\"40\" height=\"40\" \/><\/p>\n<div>\n<h3 class=\"u-h6\"><strong>Digestibilit\u00e9<\/strong><\/h3>\n<p>Tous nos aliments contiennent des probiotiques (micro-organismes b\u00e9n\u00e9fiques vivants) qui apportent au quotidien un v\u00e9ritable confort digestif et un \u00e9quilibre optimal de la flore intestinale. Nos prot\u00e9ines sont \u00e9galement rigoureusement s\u00e9lectionn\u00e9es pour leur haute digestibilit\u00e9.<\/p>\n<\/div>\n<\/div>\n<div class=\"u-d-flex u-gap-1\">\n<p><img decoding=\"async\" src=\"https:\/\/www.pro-nutrition.fr\/themes\/pro-nutrition\/assets\/img\/carac\/1061.svg\" alt=\"pH Urinaire\" width=\"40\" height=\"40\" \/><\/p>\n<div>\n<h3 class=\"u-h6\"><strong>pH Urinaire<\/strong><\/h3>\n<p>L&rsquo;\u00e9quilibre en min\u00e9raux et leur teneur mod\u00e9r\u00e9e permettent d&rsquo;\u00e9viter la surcharge r\u00e9nale et conf\u00e8rent un pH urinaire optimal.<\/p>\n<\/div>\n<\/div>\n<div class=\"u-d-flex u-gap-1\">\n<p><strong><img decoding=\"async\" src=\"https:\/\/www.pro-nutrition.fr\/themes\/pro-nutrition\/assets\/img\/carac\/1063.svg\" alt=\"Sant\u00e9 urinaire\" width=\"40\" height=\"40\" \/><\/strong><\/p>\n<div>\n<h3 class=\"u-h6\"><strong>Sant\u00e9 urinaire<\/strong><\/h3>\n<p>Test\u00e9 sous contr\u00f4le v\u00e9t\u00e9rinaire, cet aliment conf\u00e8re un pH urinaire optimal pour la bonne sant\u00e9 de votre chat.<\/p>\n<\/div>\n<div id=\"rmjs-1\" class=\"has-readmore\" data-readmore=\"\" aria-expanded=\"true\"><strong>\u00a0Composition<\/strong><\/div>\n<div id=\"rmjs-2\" class=\"c-readmore-container--table has-readmore\" data-readmore=\"\" aria-expanded=\"true\">\n<div class=\"c-pdt-section__content c-pdt-section__rationing\">\n<div id=\"rmjs-5\" class=\"has-readmore\" data-readmore=\"\" aria-expanded=\"true\">\n<p class=\"u-mb-1\"><em>Propri\u00e9t\u00e9s de sous-saturation de l\u2019urine permettant la dissolution des calculs de struvite. Propri\u00e9t\u00e9s d\u2019acidification de l\u2019urine. Aliment \u00e0 teneur r\u00e9duite en oxalate de calcium. Substance alcalinisant l&rsquo;urine : Citrate de potassium (0,5%).<\/em><\/p>\n<p class=\"u-mb-1\">Prot\u00e9ines animales d\u00e9shydrat\u00e9es 21% (poulet, canard, dinde, porc). Riz. Graisse de canard. Gluten de ma\u00efs. Pois. Tapioca. F\u00e9cule de pomme de terre. Poissons d\u00e9shydrat\u00e9s. Fibres de pomme. Hydrolysats de prot\u00e9ines animales. Graines de lin. Sel de mer. Levure de bi\u00e8re. Huile de poisson. Sulfate de calcium. Autolysats de poissons (0,6%). Chlorure de potassium. Fructo-oligosaccharides. Bruy\u00e8re. Tilleul. Vergerette du Canada. Reine des pr\u00e9s. Su-reau. Busserole. Canneberge. Extraits de levure (Saccharomyces cerevisiae, Cyberlindnera jadinii). Yucca.<\/p>\n<h3 class=\"u-mb-1\"><strong>Teneurs Analytiques<\/strong><\/h3>\n<p class=\"u-mb-1\">Prot\u00e9ines 33 %. Mati\u00e8res grasses 16 %. Cellulose 2 %. Mati\u00e8res min\u00e9rales 7 %. Amidon 29 %. ENA 33 %. Calcium 0,9 %. Phosphore 0,7 %. Sodium 0,7 %. Potassium 1 %. Magn\u00e9sium 0,08 %. Soufre 0,5 %. Chlorure 1,5 % Om\u00e9ga 6 2,1 %. Om\u00e9ga 3 1 %. EPA + DHA 0,35 %. Lysine 15,8 g\/kg. M\u00e9thionine 11,2 g\/kg. Taurine 1800 mg\/kg. Cuivre 19 mg\/kg. Zinc 130 mg\/kg (dont Zinc ch\u00e9lat\u00e9 32 mg\/kg). Mangan\u00e8se 78 mg\/kg. Iode 1,8 mg\/kg. S\u00e9l\u00e9nium 0,51 mg\/kg (dont S\u00e9l\u00e9nium organique 0,05 mg\/kg). Vitamine A 17600 UI\/kg. Vitamine D3 1600 UI\/kg. Vitamine E 310 UI\/kg. Vitamine B1 96 mg\/kg. Vitamine B2 4 mg\/kg. Vitamine B6 4,8 mg\/kg. Vitamine B12 0,02 mg\/kg. Vitamine PP 52 mg\/kg. Biotine 1,6 mg\/kg. Acide folique 1 mg\/kg. Acide pantoth\u00e9nique 14 mg\/kg. Chlorure de choline 3525 mg\/kg Energie m\u00e9tabolisable 3889 kcal\/kg. 64% des prot\u00e9ines sont d&rsquo;origine animale.<\/p>\n<h3 class=\"u-mb-1\"><strong>Mode d&#8217;emploi<\/strong><\/h3>\n<p>Laisser de l&rsquo;eau potable \u00e0 disposition en permanence. Il est recommand\u00e9 de consulter un v\u00e9t\u00e9rinaire avant utilisation ou prolongation de la p\u00e9riode d\u2019utilisation. Afin d&rsquo;obtenir un r\u00e9sultat optimal, veiller \u00e0 respecter les quantit\u00e9s journali\u00e8res recommand\u00e9es et \u00e9viter la distribution de toute autre nourriture. Dur\u00e9e d&rsquo;utilisation recommand\u00e9e (dissolution des calculs de struvites) : 5 \u00e0 12 semaines. Dur\u00e9e d&rsquo;utilisation recommand\u00e9e (r\u00e9duction de la formation de calculs de struvites ou d&rsquo;oxalates de calcium) : Au d\u00e9part, jusqu&rsquo;\u00e0 6 mois.<\/p>\n<h2 class=\"u-h4 c-pdt-section__title\"><strong>Rationnement<\/strong><\/h2>\n<table style=\"font-weight: 400\" width=\"643\">\n<tbody>\n<tr>\n<td width=\"59\"><\/td>\n<td width=\"129\"><b><strong>Poids optimal du chat<\/strong><\/b><\/td>\n<td width=\"45\">2 kg<\/td>\n<td width=\"46\">3 kg<\/td>\n<td width=\"46\">4 kg<\/td>\n<td width=\"45\">5 kg<\/td>\n<td width=\"46\">6 kg<\/td>\n<td width=\"46\">7 kg<\/td>\n<td width=\"45\">8 kg<\/td>\n<td width=\"46\">9 kg<\/td>\n<td width=\"46\">10 kg<\/td>\n<td width=\"46\">11 kg<\/td>\n<\/tr>\n<tr>\n<td rowspan=\"3\" width=\"59\"><b><strong>Maigre<\/strong><\/b><\/td>\n<td width=\"129\">Quantit\u00e9 par jour<\/td>\n<td width=\"45\">44 g<\/td>\n<td width=\"46\">57 g<\/td>\n<td width=\"46\">70 g<\/td>\n<td width=\"45\">81 g<\/td>\n<td width=\"46\">91 g<\/td>\n<td width=\"46\">101 g<\/td>\n<td width=\"45\">111 g<\/td>\n<td width=\"46\">120 g<\/td>\n<td width=\"46\">129 g<\/td>\n<td width=\"46\">137 g<\/td>\n<\/tr>\n<tr>\n<td width=\"129\">Dur\u00e9e moyenne (j) (sac 8kg)<\/td>\n<td width=\"45\">182<\/td>\n<td width=\"46\">140<\/td>\n<td width=\"46\">114<\/td>\n<td width=\"45\">99<\/td>\n<td width=\"46\">88<\/td>\n<td width=\"46\">79<\/td>\n<td width=\"45\">72<\/td>\n<td width=\"46\">67<\/td>\n<td width=\"46\">62<\/td>\n<td width=\"46\">58<\/td>\n<\/tr>\n<tr>\n<td width=\"129\">Dur\u00e9e moyenne (j) (sac 2kg)<\/td>\n<td width=\"45\">45<\/td>\n<td width=\"46\">35<\/td>\n<td width=\"46\">29<\/td>\n<td width=\"45\">25<\/td>\n<td width=\"46\">22<\/td>\n<td width=\"46\">20<\/td>\n<td width=\"45\">18<\/td>\n<td width=\"46\">17<\/td>\n<td width=\"46\">16<\/td>\n<td width=\"46\">15<\/td>\n<\/tr>\n<tr>\n<td rowspan=\"3\" width=\"59\"><b><strong>Normal<\/strong><\/b><\/td>\n<td width=\"129\">Quantit\u00e9 par jour<\/td>\n<td width=\"45\">40 g<\/td>\n<td width=\"46\">52 g<\/td>\n<td width=\"46\">63 g<\/td>\n<td width=\"45\">74 g<\/td>\n<td width=\"46\">83 g<\/td>\n<td width=\"46\">92 g<\/td>\n<td width=\"45\">101 g<\/td>\n<td width=\"46\">109 g<\/td>\n<td width=\"46\">117 g<\/td>\n<td width=\"46\">125 g<\/td>\n<\/tr>\n<tr>\n<td width=\"129\">Dur\u00e9e moyenne (j) (sac 8kg)<\/td>\n<td width=\"45\">200<\/td>\n<td width=\"46\">154<\/td>\n<td width=\"46\">127<\/td>\n<td width=\"45\">108<\/td>\n<td width=\"46\">96<\/td>\n<td width=\"46\">87<\/td>\n<td width=\"45\">79<\/td>\n<td width=\"46\">73<\/td>\n<td width=\"46\">68<\/td>\n<td width=\"46\">64<\/td>\n<\/tr>\n<tr>\n<td width=\"129\">Dur\u00e9e moyenne (j) (sac 2kg)<\/td>\n<td width=\"45\">50<\/td>\n<td width=\"46\">38<\/td>\n<td width=\"46\">32<\/td>\n<td width=\"45\">27<\/td>\n<td width=\"46\">24<\/td>\n<td width=\"46\">22<\/td>\n<td width=\"45\">20<\/td>\n<td width=\"46\">18<\/td>\n<td width=\"46\">17<\/td>\n<td width=\"46\">16<\/td>\n<\/tr>\n<tr>\n<td rowspan=\"3\" width=\"59\"><b><strong>Surpoids<\/strong><\/b><\/td>\n<td width=\"129\">Quantit\u00e9 par jour<\/td>\n<td width=\"45\">30 g<\/td>\n<td width=\"46\">39 g<\/td>\n<td width=\"46\">47 g<\/td>\n<td width=\"45\">55 g<\/td>\n<td width=\"46\">62 g<\/td>\n<td width=\"46\">69 g<\/td>\n<td width=\"45\">76 g<\/td>\n<td width=\"46\">82 g<\/td>\n<td width=\"46\">88 g<\/td>\n<td width=\"46\">94 g<\/td>\n<\/tr>\n<tr>\n<td width=\"129\">Dur\u00e9e moyenne (j) (sac 8kg)<\/td>\n<td width=\"45\">267<\/td>\n<td width=\"46\">205<\/td>\n<td width=\"46\">170<\/td>\n<td width=\"45\">145<\/td>\n<td width=\"46\">129<\/td>\n<td width=\"46\">116<\/td>\n<td width=\"45\">105<\/td>\n<td width=\"46\">98<\/td>\n<td width=\"46\">91<\/td>\n<td width=\"46\">85<\/td>\n<\/tr>\n<tr>\n<td width=\"129\">Dur\u00e9e moyenne (j) (sac 2kg)<\/td>\n<td width=\"45\">67<\/td>\n<td width=\"46\">51<\/td>\n<td width=\"46\">43<\/td>\n<td width=\"45\">36<\/td>\n<td width=\"46\">32<\/td>\n<td width=\"46\">29<\/td>\n<td width=\"45\">26<\/td>\n<td width=\"46\">24<\/td>\n<td width=\"46\">23<\/td>\n<td width=\"46\">21<\/td>\n<\/tr>\n<\/tbody>\n<\/table>\n<\/div>\n<\/div>\n<\/div>\n<\/div>\n<\/div>\n","protected":false},"excerpt":{"rendered":"<div class=\"c-pdt-origin__item\">\n<div class=\"c-pdt-origin__pourcent u-d-flex\">\n<ul>\n<li>100 <span style=\"color: #333333\">% <\/span>Fabriqu\u00e9 en France<\/li>\n<li>64 % Des prot\u00e9ines d&rsquo;origine animale dans les prot\u00e9ines brutes totales<\/li>\n<li>65.64 % Ingr\u00e9dients origine France<\/li>\n<\/ul>\n<\/div>\n<\/div>\n","protected":false},"featured_media":28979,"template":"","meta":{"jetpack_publicize_message":"","jetpack_publicize_feature_enabled":true,"jetpack_social_post_already_shared":true,"jetpack_social_options":{"image_generator_settings":{"template":"highway","default_image_id":0,"font":"","enabled":false},"version":2}},"product_brand":[],"product_cat":[40],"product_tag":[],"class_list":{"0":"post-28978","1":"product","2":"type-product","3":"status-publish","4":"has-post-thumbnail","6":"product_cat-coquettes-pour-chat","8":"first","9":"outofstock","10":"taxable","11":"shipping-taxable","12":"purchasable","13":"product-type-simple"},"supplier_id":22725,"supplier_sku":"810206","barcode":"3269876810206","atum_controlled":true,"out_stock_date":"2026-04-24 18:34:34","out_stock_threshold":null,"inheritable":false,"inbound_stock":0,"stock_on_hold":0,"sold_today":0,"sales_last_days":1,"reserved_stock":0,"customer_returns":0,"warehouse_damage":0,"lost_in_post":0,"other_logs":0,"out_stock_days":12,"lost_sales":385,"has_location":false,"update_date":"2026-05-07T15:09:04","atum_locations":[],"atum_stock_status":"outofstock","restock_status":false,"low_stock_amount":1,"sales_update_date":"2026-05-07T15:09:04","calc_backorders":null,"jetpack_publicize_connections":[],"jetpack_sharing_enabled":true,"batches":[{"id":"5734","date_created":"2025-10-14 16:58:55","date_expiry":"2026-10-09 00:00:00","user_id":"50","batch_number":"Pro-NutritionUrinary091026","location":"","quantity":"1.0000","quantity_available":"0.0000","units":"1","status":"archived","order_ids":"[29460]","supplier":"PETPLANET","po":{"id":"5688","date_created":"2025-10-14 16:58:56","batch_id":"5734","po_number":"","supplier":"PETPLANET","cost":null,"regular_price":null,"sale_price":null,"price_margin":null,"price_discount":null}},{"id":"7000","date_created":"2025-12-28 15:02:30","date_expiry":"2026-11-30 00:00:00","user_id":"50","batch_number":"Pro-NutritionUrinary301126","location":"","quantity":"4.0000","quantity_available":"0.0000","units":"1","status":"archived","order_ids":"[33073,33594,35657,37053]","supplier":"PETPLANET","po":{"id":"6939","date_created":"2025-12-28 15:02:30","batch_id":"7000","po_number":"","supplier":"PETPLANET","cost":null,"regular_price":null,"sale_price":null,"price_margin":null,"price_discount":null}},{"id":"8130","date_created":"2026-03-07 12:00:07","date_expiry":"2027-06-30 00:00:00","user_id":"50","batch_number":"Pro-NutritionUrinary300627","location":"","quantity":"1.0000","quantity_available":"0.0000","units":"1","status":"archived","order_ids":"[37745]","supplier":"PETPLANET","po":{"id":"8069","date_created":"2026-03-07 12:00:07","batch_id":"8130","po_number":"","supplier":"PETPLANET","cost":null,"regular_price":null,"sale_price":null,"price_margin":null,"price_discount":null}},{"id":"8618","date_created":"2026-04-02 10:13:56","date_expiry":"2027-06-30 00:00:00","user_id":"50","batch_number":"Pro-NutritionUrinary300627","location":"","quantity":"2.0000","quantity_available":"0.0000","units":"1","status":"archived","order_ids":"[39342,39553]","supplier":"PETPLANET","po":{"id":"8546","date_created":"2026-04-02 10:13:57","batch_id":"8618","po_number":"","supplier":"PETPLANET","cost":null,"regular_price":null,"sale_price":null,"price_margin":null,"price_discount":null}},{"id":"9010","date_created":"2026-04-22 10:03:56","date_expiry":"2026-11-30 00:00:00","user_id":"50","batch_number":"Pro-NutritionUrinary3001126","location":"","quantity":"1.0000","quantity_available":"0.0000","units":"1","status":"archived","order_ids":"[40688]","supplier":"PETPLANET","po":{"id":"8934","date_created":"2026-04-22 10:03:56","batch_id":"9010","po_number":"","supplier":"PETPLANET","cost":null,"regular_price":null,"sale_price":null,"price_margin":null,"price_discount":null}}],"_links":{"self":[{"href":"https:\/\/petworld.ma\/index.php\/wp-json\/wp\/v2\/product\/28978","targetHints":{"allow":["GET"]}}],"collection":[{"href":"https:\/\/petworld.ma\/index.php\/wp-json\/wp\/v2\/product"}],"about":[{"href":"https:\/\/petworld.ma\/index.php\/wp-json\/wp\/v2\/types\/product"}],"wp:featuredmedia":[{"embeddable":true,"href":"https:\/\/petworld.ma\/index.php\/wp-json\/wp\/v2\/media\/28979"}],"wp:attachment":[{"href":"https:\/\/petworld.ma\/index.php\/wp-json\/wp\/v2\/media?parent=28978"}],"wp:term":[{"taxonomy":"product_brand","embeddable":true,"href":"https:\/\/petworld.ma\/index.php\/wp-json\/wp\/v2\/product_brand?post=28978"},{"taxonomy":"product_cat","embeddable":true,"href":"https:\/\/petworld.ma\/index.php\/wp-json\/wp\/v2\/product_cat?post=28978"},{"taxonomy":"product_tag","embeddable":true,"href":"https:\/\/petworld.ma\/index.php\/wp-json\/wp\/v2\/product_tag?post=28978"}],"curies":[{"name":"wp","href":"https:\/\/api.w.org\/{rel}","templated":true}]}}