{"id":29732,"date":"2025-11-02T18:52:33","date_gmt":"2025-11-02T18:52:33","guid":{"rendered":"https:\/\/petworld.ma\/?post_type=product&#038;p=29732"},"modified":"2026-04-22T19:21:24","modified_gmt":"2026-04-22T19:21:24","slug":"my-love-pochons-en-sauce-pour-chat-au-boeuf-carottes-85-g","status":"publish","type":"product","link":"https:\/\/petworld.ma\/index.php\/produit\/my-love-pochons-en-sauce-pour-chat-au-boeuf-carottes-85-g\/","title":{"rendered":"My Love Pochons en Sauce Pour Chat Au B\u0153uf Carottes en jelly 85 g"},"content":{"rendered":"<div class=\"hidden-xs\">\n<div class=\"hidden-xs\">\n<div class=\"hidden-xs\">\n<div class=\"hidden-xs\">\n<p><span dir=\"auto\">Aliment humide en sauce pour chats adultes. Contribue \u00e0 maintenir une peau saine et un pelage brillant.<\/span><\/p>\n<p><strong><span dir=\"auto\">Composition:<\/span><\/strong><\/p>\n<ul>\n<li><span dir=\"auto\">75 % de viande et de sous-produits animaux en morceaux (4 % de b\u0153uf)<\/span><\/li>\n<li><span dir=\"auto\">c\u00e9r\u00e9ales<\/span><\/li>\n<li><span dir=\"auto\">sels inorganiques<\/span><\/li>\n<li><span dir=\"auto\">extraits de prot\u00e9ines v\u00e9g\u00e9tales<\/span><\/li>\n<li><span dir=\"auto\">d\u00e9riv\u00e9s d&rsquo;origine v\u00e9g\u00e9tale<\/span><\/li>\n<\/ul>\n<p><strong><span dir=\"auto\">Constituants analytiques :<\/span><\/strong><\/p>\n<ul>\n<li><span dir=\"auto\">prot\u00e9ines brutes 7%<\/span><\/li>\n<li><span dir=\"auto\">mati\u00e8res grasses brutes 4,5%<\/span><\/li>\n<li><span dir=\"auto\">cendres brutes 2,5%<\/span><\/li>\n<li><span dir=\"auto\">fibres brutes 0,3%<\/span><\/li>\n<li><span dir=\"auto\">humidit\u00e9 82%<\/span><\/li>\n<\/ul>\n<p><strong><span dir=\"auto\">Additifs (par kg) :<\/span><\/strong><\/p>\n<ul>\n<li><span dir=\"auto\">Vitamine A<\/span><\/li>\n<li><span dir=\"auto\">Vitamine D3<\/span><\/li>\n<li><span dir=\"auto\">Vitamine E<\/span><\/li>\n<li><span dir=\"auto\">Vitamine B1<\/span><\/li>\n<li><span dir=\"auto\">acide folique<\/span><\/li>\n<li><span dir=\"auto\">taurine<\/span><\/li>\n<li><span dir=\"auto\">choline<\/span><\/li>\n<li><span dir=\"auto\">zinc<\/span><\/li>\n<li><span dir=\"auto\">mangan\u00e8se<\/span><\/li>\n<li><span dir=\"auto\">cuivre<\/span><\/li>\n<li><span dir=\"auto\">iode<\/span><\/li>\n<\/ul>\n<\/div>\n<\/div>\n<\/div>\n<\/div>\n","protected":false},"excerpt":{"rendered":"<p class=\"page-title\"><span dir=\"auto\">My Love, p\u00e2t\u00e9e pour chats adultes en sachets au b\u0153uf, 85 g<\/span><\/p>\n","protected":false},"featured_media":29733,"template":"","meta":{"jetpack_publicize_message":"","jetpack_publicize_feature_enabled":true,"jetpack_social_post_already_shared":true,"jetpack_social_options":{"image_generator_settings":{"template":"highway","default_image_id":0,"font":"","enabled":false},"version":2}},"product_brand":[],"product_cat":[41,239],"product_tag":[],"class_list":{"0":"post-29732","1":"product","2":"type-product","3":"status-publish","4":"has-post-thumbnail","6":"product_cat-friandises-et-pate-pour-chat","7":"product_cat-pate-humides-chat","9":"first","10":"instock","11":"taxable","12":"shipping-taxable","13":"purchasable","14":"product-type-simple"},"supplier_id":5589,"supplier_sku":"MYL004","barcode":null,"atum_controlled":true,"out_stock_date":null,"out_stock_threshold":null,"inheritable":false,"inbound_stock":0,"stock_on_hold":0,"sold_today":0,"sales_last_days":5,"reserved_stock":0,"customer_returns":0,"warehouse_damage":0,"lost_in_post":0,"other_logs":0,"out_stock_days":0,"lost_sales":0,"has_location":false,"update_date":"2026-05-06T00:17:41","atum_locations":[],"atum_stock_status":"instock","restock_status":false,"low_stock_amount":48,"sales_update_date":"2026-05-06T00:17:41","calc_backorders":null,"jetpack_publicize_connections":[],"jetpack_sharing_enabled":true,"batches":[{"id":"5963","date_created":"2025-11-02 19:01:31","date_expiry":"2027-03-18 00:00:00","user_id":"1","batch_number":"MyloveBoeufCarotte180327","location":"","quantity":"120.0000","quantity_available":"81.0000","units":"1","status":"active","order_ids":"[30671,30745,31014,31270,32033,32424,32681,34266,34974,35304,39050,39341,40567]","supplier":"Zoolux","po":{"id":"5902","date_created":"2025-11-02 19:01:32","batch_id":"5963","po_number":"","supplier":"Zoolux","cost":null,"regular_price":null,"sale_price":null,"price_margin":null,"price_discount":null}}],"_links":{"self":[{"href":"https:\/\/petworld.ma\/index.php\/wp-json\/wp\/v2\/product\/29732","targetHints":{"allow":["GET"]}}],"collection":[{"href":"https:\/\/petworld.ma\/index.php\/wp-json\/wp\/v2\/product"}],"about":[{"href":"https:\/\/petworld.ma\/index.php\/wp-json\/wp\/v2\/types\/product"}],"wp:featuredmedia":[{"embeddable":true,"href":"https:\/\/petworld.ma\/index.php\/wp-json\/wp\/v2\/media\/29733"}],"wp:attachment":[{"href":"https:\/\/petworld.ma\/index.php\/wp-json\/wp\/v2\/media?parent=29732"}],"wp:term":[{"taxonomy":"product_brand","embeddable":true,"href":"https:\/\/petworld.ma\/index.php\/wp-json\/wp\/v2\/product_brand?post=29732"},{"taxonomy":"product_cat","embeddable":true,"href":"https:\/\/petworld.ma\/index.php\/wp-json\/wp\/v2\/product_cat?post=29732"},{"taxonomy":"product_tag","embeddable":true,"href":"https:\/\/petworld.ma\/index.php\/wp-json\/wp\/v2\/product_tag?post=29732"}],"curies":[{"name":"wp","href":"https:\/\/api.w.org\/{rel}","templated":true}]}}