{"id":30134,"date":"2025-11-11T14:29:19","date_gmt":"2025-11-11T14:29:19","guid":{"rendered":"https:\/\/petworld.ma\/?post_type=product&#038;p=30134"},"modified":"2026-04-08T18:47:24","modified_gmt":"2026-04-08T18:47:24","slug":"camon-cubes-pour-chien-poulet-et-patate-douce-80g","status":"publish","type":"product","link":"https:\/\/petworld.ma\/index.php\/produit\/camon-cubes-pour-chien-poulet-et-patate-douce-80g\/","title":{"rendered":"Camon Cubes Poulet et Patate Douce pour Chien 80g"},"content":{"rendered":"<p>De d\u00e9licieuses friandises au poulet et \u00e0 la patate douce<br \/>\n\u200bUne alternative utile pour compl\u00e9ter le r\u00e9gime alimentaire quotidien de votre chien.<br \/>\n\u200bMonoprot\u00e9ine (ou : \u00e0 source de prot\u00e9ines unique)<br \/>\n\u200bFormule sans gluten (ou : sans ingr\u00e9dients contenant du gluten)<br \/>\n\u200bSans additifs<br \/>\n\u200bD\u00e9tails du produit:<br \/>\n\u200bQuantit\u00e9 : 80 g<br \/>\n\u200bTaille : 2,5 x 1 cm<\/p>\n","protected":false},"excerpt":{"rendered":"<ul>\n<li>Aliment compl\u00e9mentaire pour chiens adultes, \u00e0 base de poulet et patate douce.<\/li>\n<li>\u200bFormule sans gluten (ou : sans ingr\u00e9dients contenant du gluten)<\/li>\n<li>Sans additifs.<\/li>\n<li>\u200bMonoprot\u00e9ine (ou : \u00e0 source de prot\u00e9ines unique)<\/li>\n<\/ul>\n","protected":false},"featured_media":30135,"template":"","meta":{"jetpack_publicize_message":"","jetpack_publicize_feature_enabled":true,"jetpack_social_post_already_shared":true,"jetpack_social_options":{"image_generator_settings":{"template":"highway","default_image_id":0,"font":"","enabled":false},"version":2}},"product_brand":[],"product_cat":[39,106],"product_tag":[],"class_list":{"0":"post-30134","1":"product","2":"type-product","3":"status-publish","4":"has-post-thumbnail","6":"product_cat-friandises-et-pates-pour-chien","7":"product_cat-jouet-et-dressage","9":"first","10":"instock","11":"taxable","12":"shipping-taxable","13":"purchasable","14":"product-type-simple"},"supplier_id":8770,"supplier_sku":"","barcode":null,"atum_controlled":true,"out_stock_date":null,"out_stock_threshold":null,"inheritable":false,"inbound_stock":0,"stock_on_hold":0,"sold_today":0,"sales_last_days":0,"reserved_stock":0,"customer_returns":0,"warehouse_damage":0,"lost_in_post":0,"other_logs":0,"out_stock_days":0,"lost_sales":0,"has_location":false,"update_date":"2026-05-10T00:20:48","atum_locations":[],"atum_stock_status":"instock","restock_status":false,"low_stock_amount":2,"sales_update_date":"2026-05-10T00:20:47","calc_backorders":null,"jetpack_publicize_connections":[],"jetpack_sharing_enabled":true,"batches":[{"id":"6076","date_created":"2025-11-11 14:34:25","date_expiry":"2027-05-21 00:00:00","user_id":"9","batch_number":"Camon Cubes pour Chien Poulet et Patate Douce 80g 210527","location":"","quantity":"12.0000","quantity_available":"9.0000","units":"1","status":"active","order_ids":"[30416,38294,39205]","supplier":"GreenTown kennel","po":{"id":"6022","date_created":"2025-11-11 14:34:26","batch_id":"6076","po_number":"","supplier":"GreenTown kennel","cost":null,"regular_price":null,"sale_price":null,"price_margin":null,"price_discount":null}}],"_links":{"self":[{"href":"https:\/\/petworld.ma\/index.php\/wp-json\/wp\/v2\/product\/30134","targetHints":{"allow":["GET"]}}],"collection":[{"href":"https:\/\/petworld.ma\/index.php\/wp-json\/wp\/v2\/product"}],"about":[{"href":"https:\/\/petworld.ma\/index.php\/wp-json\/wp\/v2\/types\/product"}],"wp:featuredmedia":[{"embeddable":true,"href":"https:\/\/petworld.ma\/index.php\/wp-json\/wp\/v2\/media\/30135"}],"wp:attachment":[{"href":"https:\/\/petworld.ma\/index.php\/wp-json\/wp\/v2\/media?parent=30134"}],"wp:term":[{"taxonomy":"product_brand","embeddable":true,"href":"https:\/\/petworld.ma\/index.php\/wp-json\/wp\/v2\/product_brand?post=30134"},{"taxonomy":"product_cat","embeddable":true,"href":"https:\/\/petworld.ma\/index.php\/wp-json\/wp\/v2\/product_cat?post=30134"},{"taxonomy":"product_tag","embeddable":true,"href":"https:\/\/petworld.ma\/index.php\/wp-json\/wp\/v2\/product_tag?post=30134"}],"curies":[{"name":"wp","href":"https:\/\/api.w.org\/{rel}","templated":true}]}}