{"id":30195,"date":"2025-11-12T15:41:04","date_gmt":"2025-11-12T15:41:04","guid":{"rendered":"https:\/\/petworld.ma\/?post_type=product&#038;p=30195"},"modified":"2026-05-04T18:26:36","modified_gmt":"2026-05-04T18:26:36","slug":"purina-gourmet-revelations-bouchees-en-gelee-au-poulet-pour-chat-4-x-57g","status":"publish","type":"product","link":"https:\/\/petworld.ma\/index.php\/produit\/purina-gourmet-revelations-bouchees-en-gelee-au-poulet-pour-chat-4-x-57g\/","title":{"rendered":"Purina Gourmet R\u00e9v\u00e9lations Bouch\u00e9es en gel\u00e9e au Poulet pour Chat (4 x 57g)"},"content":{"rendered":"<p>GOURMET\u2122 REVELATIONS\u2122 Bouch\u00e9es en Gel\u00e9e.<\/p>\n<p>Un repas raffin\u00e9 dans une forme parfaite, pour des moments d&rsquo;exception qui raviront votre chat. Chaque recette de cette collection de mets succulents, associe une d\u00e9licate gel\u00e9e transparente \u00e0 d&rsquo;exquises bouch\u00e9es.<br \/>\nCes d\u00e9licieuses pyramides \u00e0 la forme parfaite offrent de succulentes saveurs, pr\u00eates \u00e0 \u00e9veiller les papilles de votre chat \u00e0 chaque portion.<\/p>\n<p>Cette collection all\u00e9chante est disponible en plusieurs saveurs. Trouvez la recette parfaite pour ravir le palais de votre chat.<\/p>\n<p>GOURMET\u2122 REVELATIONS\u2122 : des mets succulents pour des moments d&rsquo;exception.<\/p>\n<p><strong>Caract\u00e9ristiques<\/strong><\/p>\n<ul>\n<li>Des portions dans un emballage unique en forme de pyramide.<\/li>\n<li>Une forme parfaite pour r\u00e9v\u00e9ler un moment d&rsquo;exception.<\/li>\n<li>Une collection de mets succulents.<\/li>\n<li>De tendres bouch\u00e9es finement tranch\u00e9es dans une \u00e9l\u00e9gante gel\u00e9e.<\/li>\n<li>\u00c9labor\u00e9e avec des ingr\u00e9dients de haute qualit\u00e9, sans colorants.<\/li>\n<li>Facile \u00e0 ouvrir, facile \u00e0 servir.<\/li>\n<li>Presser doucement les angles de la pyramide pour en extraire le produit.<\/li>\n<\/ul>\n<p><strong>Composition<\/strong><\/p>\n<p>Viandes et sous-produits animaux (32% dont poulet 18%)<br \/>\nSucres<br \/>\nSubstances min\u00e9rales<\/p>\n<p><strong>Nutrition et constituants analytiques<\/strong><\/p>\n<p>Humidit\u00e9 : 83 %<br \/>\nProt\u00e9ine : 9,0 %<br \/>\nTeneur en mati\u00e8res grasses : 3,0 %<br \/>\nCendres brutes : 2,6 %<br \/>\nCellulose brute : 0,05 %<\/p>\n","protected":false},"excerpt":{"rendered":"<ul>\n<li>Des portions dans un emballage unique en forme de pyramide .<\/li>\n<li>Une forme parfaite pour r\u00e9v\u00e9ler un moment d&rsquo;exception .<\/li>\n<li>Une collection de mets succulents.<\/li>\n<li>De tendres bouch\u00e9es finement tranch\u00e9es dans une \u00e9l\u00e9gante gel\u00e9e .<\/li>\n<\/ul>\n","protected":false},"featured_media":30196,"template":"","meta":{"jetpack_publicize_message":"","jetpack_publicize_feature_enabled":true,"jetpack_social_post_already_shared":true,"jetpack_social_options":{"image_generator_settings":{"template":"highway","default_image_id":0,"font":"","enabled":false},"version":2}},"product_brand":[],"product_cat":[41,239],"product_tag":[],"class_list":{"0":"post-30195","1":"product","2":"type-product","3":"status-publish","4":"has-post-thumbnail","6":"product_cat-friandises-et-pate-pour-chat","7":"product_cat-pate-humides-chat","9":"first","10":"instock","11":"taxable","12":"shipping-taxable","13":"purchasable","14":"product-type-simple"},"supplier_id":5598,"supplier_sku":"","barcode":"8445291447288","atum_controlled":true,"out_stock_date":null,"out_stock_threshold":null,"inheritable":false,"inbound_stock":0,"stock_on_hold":0,"sold_today":0,"sales_last_days":1,"reserved_stock":0,"customer_returns":0,"warehouse_damage":0,"lost_in_post":0,"other_logs":0,"out_stock_days":0,"lost_sales":0,"has_location":false,"update_date":"2026-05-07T00:16:51","atum_locations":[],"atum_stock_status":"instock","restock_status":false,"low_stock_amount":5,"sales_update_date":"2026-05-07T00:16:51","calc_backorders":null,"jetpack_publicize_connections":[],"jetpack_sharing_enabled":true,"batches":[{"id":"6146","date_created":"2025-11-12 15:45:16","date_expiry":"2027-01-31 00:00:00","user_id":"9","batch_number":"GourmetRevelationEnGeleePoulet0127","location":"","quantity":"42.0000","quantity_available":"14.0000","units":"1","status":"active","order_ids":"[30760,31274,31918,32033,32244,32466,32752,33093,33199,33291,35014,35496,35735,36165,36413,36661,37494,37861,38612,38878,39051,39950,41368]","supplier":"Proplan","po":{"id":"6094","date_created":"2025-11-12 15:45:25","batch_id":"6146","po_number":"","supplier":"Proplan","cost":null,"regular_price":null,"sale_price":null,"price_margin":null,"price_discount":null}}],"_links":{"self":[{"href":"https:\/\/petworld.ma\/index.php\/wp-json\/wp\/v2\/product\/30195","targetHints":{"allow":["GET"]}}],"collection":[{"href":"https:\/\/petworld.ma\/index.php\/wp-json\/wp\/v2\/product"}],"about":[{"href":"https:\/\/petworld.ma\/index.php\/wp-json\/wp\/v2\/types\/product"}],"wp:featuredmedia":[{"embeddable":true,"href":"https:\/\/petworld.ma\/index.php\/wp-json\/wp\/v2\/media\/30196"}],"wp:attachment":[{"href":"https:\/\/petworld.ma\/index.php\/wp-json\/wp\/v2\/media?parent=30195"}],"wp:term":[{"taxonomy":"product_brand","embeddable":true,"href":"https:\/\/petworld.ma\/index.php\/wp-json\/wp\/v2\/product_brand?post=30195"},{"taxonomy":"product_cat","embeddable":true,"href":"https:\/\/petworld.ma\/index.php\/wp-json\/wp\/v2\/product_cat?post=30195"},{"taxonomy":"product_tag","embeddable":true,"href":"https:\/\/petworld.ma\/index.php\/wp-json\/wp\/v2\/product_tag?post=30195"}],"curies":[{"name":"wp","href":"https:\/\/api.w.org\/{rel}","templated":true}]}}