{"id":30243,"date":"2025-11-12T20:18:08","date_gmt":"2025-11-12T20:18:08","guid":{"rendered":"https:\/\/petworld.ma\/?post_type=product&#038;p=30243"},"modified":"2026-05-06T10:59:00","modified_gmt":"2026-05-06T10:59:00","slug":"complement-kelp-naturel-aux-algues-marines-pour-poil-et-peau-sains-chat-et-chien-60g","status":"publish","type":"product","link":"https:\/\/petworld.ma\/index.php\/produit\/complement-kelp-naturel-aux-algues-marines-pour-poil-et-peau-sains-chat-et-chien-60g\/","title":{"rendered":"Compl\u00e9ment Kelp Naturel aux Algues Marines pour Poil et Peau Sains Chat et Chien 60g"},"content":{"rendered":"<p><span dir=\"auto\">L&rsquo;algue marine brune (Ascophyllum nodosum) est une source naturelle de min\u00e9raux importants, tels que l&rsquo;iode, le calcium, le phosphore, le magn\u00e9sium et le potassium, ainsi que du fer, des vitamines B et C et<\/span><br \/>\n<span dir=\"auto\">des acides amin\u00e9s essentiels.<\/span><\/p>\n<p><span dir=\"auto\">Le varech poss\u00e8de des propri\u00e9t\u00e9s antioxydantes uniques et favorise la pigmentation du pelage. Convient aux chiens nourris au r\u00e9gime BARF. En cas de suspicion de maladie thyro\u00efdienne chez un chien, consultez votre v\u00e9t\u00e9rinaire.<\/span><\/p>\n<p><span dir=\"auto\">Aliments compl\u00e9mentaires pour chiens.<\/span><\/p>\n<h4><strong><span dir=\"auto\">Composition:<\/span><\/strong><\/h4>\n<p><span dir=\"auto\">Extrait de varech (Ascophyllum Nodosum) 100%.<\/span><\/p>\n<h4><strong><span dir=\"auto\">Constituants analytiques :<\/span><\/strong><\/h4>\n<p><span dir=\"auto\">fibres brutes 7,14 %, teneur en mati\u00e8res grasses 3,76 %, prot\u00e9ines brutes 6,93 %, cendres brutes 20,23 %, iode 460 mg\/kg.<\/span><\/p>\n<h4><strong><span dir=\"auto\">Instructions d&rsquo;alimentation\u00a0:<\/span><\/strong><\/h4>\n<p><span dir=\"auto\">Le produit est m\u00e9lang\u00e9 aux aliments selon la dose recommand\u00e9e. Une utilisation prolong\u00e9e est recommand\u00e9e pour un effet optimal.<\/span><\/p>\n<h4><strong><span dir=\"auto\">Dosage pour 10 kg de poids corporel :<\/span><\/strong><\/h4>\n<p><span dir=\"auto\">\u00bc de cuill\u00e8re \u00e0 caf\u00e9 par jour<\/span><\/p>\n<h4><strong><span dir=\"auto\">Emballer:<\/span><\/strong><\/h4>\n<p><span dir=\"auto\">Flacon de 180 g pour chiens jusqu&rsquo;\u00e0 10 kg, dur\u00e9e d&rsquo;utilisation : 4 mois<\/span><\/p>\n<h4><strong><span dir=\"auto\">Stockage:<\/span><\/strong><\/h4>\n<p><span dir=\"auto\">\u00c0 conserver dans un endroit sec et sombre, dans son emballage d&rsquo;origine scell\u00e9.<\/span><\/p>\n<h4><strong><span dir=\"auto\">Table d&rsquo;alimentation :<\/span><\/strong><\/h4>\n<table class=\"table-feed\">\n<tbody>\n<tr>\n<th><\/th>\n<th><span dir=\"auto\">Dose journali\u00e8re :<\/span><\/th>\n<\/tr>\n<tr>\n<td><span dir=\"auto\">Petits chiens et chats (1-10 kg)<\/span><\/td>\n<td><span dir=\"auto\">1\/4 de cuill\u00e8re \u00e0 caf\u00e9<\/span><\/td>\n<\/tr>\n<tr>\n<td><span dir=\"auto\">Chiens de taille moyenne (10-25 kg)<\/span><\/td>\n<td><span dir=\"auto\">1\/3 de cuill\u00e8re \u00e0 caf\u00e9<\/span><\/td>\n<\/tr>\n<tr>\n<td><span dir=\"auto\">Chiens de grande taille (25-45 kg)<\/span><\/td>\n<td><span dir=\"auto\">2\/3 cuill\u00e8re \u00e0 caf\u00e9<\/span><\/td>\n<\/tr>\n<tr>\n<td><span dir=\"auto\">Chiens de tr\u00e8s grande taille (plus de 45 kg)<\/span><\/td>\n<td><span dir=\"auto\">1 cuill\u00e8re \u00e0 caf\u00e9<\/span><\/td>\n<\/tr>\n<\/tbody>\n<\/table>\n<p><span dir=\"auto\">\u00a0<\/span><\/p>\n","protected":false},"excerpt":{"rendered":"<p>Algues s\u00e9ch\u00e9es (Ascophyllum nodosum) de qualit\u00e9 biologique pour une bouche et une peau saines.<\/p>\n","protected":false},"featured_media":30245,"template":"","meta":{"jetpack_publicize_message":"","jetpack_publicize_feature_enabled":true,"jetpack_social_post_already_shared":true,"jetpack_social_options":{"image_generator_settings":{"template":"highway","default_image_id":0,"font":"","enabled":false},"version":2}},"product_brand":[],"product_cat":[218,219],"product_tag":[],"class_list":{"0":"post-30243","1":"product","2":"type-product","3":"status-publish","4":"has-post-thumbnail","6":"product_cat-complement-alimentaire","7":"product_cat-complement-alimentaire-hygiene-et-soins-pour-chat","9":"first","10":"instock","11":"taxable","12":"shipping-taxable","13":"purchasable","14":"product-type-simple"},"supplier_id":5590,"supplier_sku":"","barcode":null,"atum_controlled":true,"out_stock_date":null,"out_stock_threshold":null,"inheritable":false,"inbound_stock":0,"stock_on_hold":0,"sold_today":0,"sales_last_days":4,"reserved_stock":0,"customer_returns":0,"warehouse_damage":0,"lost_in_post":0,"other_logs":0,"out_stock_days":0,"lost_sales":0,"has_location":false,"update_date":"2026-05-13T00:22:19","atum_locations":[],"atum_stock_status":"instock","restock_status":true,"low_stock_amount":2,"sales_update_date":"2026-05-13T00:22:19","calc_backorders":null,"jetpack_publicize_connections":[],"jetpack_sharing_enabled":true,"batches":[{"id":"6159","date_created":"2025-11-12 20:45:43","date_expiry":"2027-05-15 00:00:00","user_id":"2461","batch_number":"Canvit BARF Compl\u00e9ment Kelp Naturel aux Algues Marines pour Poil et Peau Sains Chat et Chien 60g150527","location":"","quantity":"10.0000","quantity_available":"3.0000","units":"1","status":"active","order_ids":"[32118,33845,40626,41470]","supplier":"Brit","po":{"id":"6106","date_created":"2025-11-12 20:45:43","batch_id":"6159","po_number":"","supplier":"Brit","cost":null,"regular_price":null,"sale_price":null,"price_margin":null,"price_discount":null}}],"_links":{"self":[{"href":"https:\/\/petworld.ma\/index.php\/wp-json\/wp\/v2\/product\/30243","targetHints":{"allow":["GET"]}}],"collection":[{"href":"https:\/\/petworld.ma\/index.php\/wp-json\/wp\/v2\/product"}],"about":[{"href":"https:\/\/petworld.ma\/index.php\/wp-json\/wp\/v2\/types\/product"}],"wp:featuredmedia":[{"embeddable":true,"href":"https:\/\/petworld.ma\/index.php\/wp-json\/wp\/v2\/media\/30245"}],"wp:attachment":[{"href":"https:\/\/petworld.ma\/index.php\/wp-json\/wp\/v2\/media?parent=30243"}],"wp:term":[{"taxonomy":"product_brand","embeddable":true,"href":"https:\/\/petworld.ma\/index.php\/wp-json\/wp\/v2\/product_brand?post=30243"},{"taxonomy":"product_cat","embeddable":true,"href":"https:\/\/petworld.ma\/index.php\/wp-json\/wp\/v2\/product_cat?post=30243"},{"taxonomy":"product_tag","embeddable":true,"href":"https:\/\/petworld.ma\/index.php\/wp-json\/wp\/v2\/product_tag?post=30243"}],"curies":[{"name":"wp","href":"https:\/\/api.w.org\/{rel}","templated":true}]}}