{"id":30390,"date":"2025-11-15T17:32:25","date_gmt":"2025-11-15T17:32:25","guid":{"rendered":"https:\/\/petworld.ma\/?post_type=product&#038;p=30390"},"modified":"2026-03-12T17:11:36","modified_gmt":"2026-03-12T17:11:36","slug":"gosbi-original-chien-adulte-3kg","status":"publish","type":"product","link":"https:\/\/petworld.ma\/index.php\/produit\/gosbi-original-chien-adulte-3kg\/","title":{"rendered":"Gosbi Croquettes Chien Adulte 3kg"},"content":{"rendered":"<h2 class=\"ng-star-inserted\"><b>Composition<\/b><\/h2>\n<p>Prot\u00e9ine de poulet d\u00e9shydrat\u00e9e (36%), ma\u00efs (19%), riz, graisse de poulet, farine de poisson LT, prot\u00e9ine d&rsquo;agneau d\u00e9shydrat\u00e9, fruits et l\u00e9gumes (pulpe de pomme, pulpe de betterave, carotte d\u00e9shydrat\u00e9e, tomates d\u00e9shydrat\u00e9es, romarin), huile de saumon et huile de lin (source d&rsquo;acides gras om\u00e9ga-3 et om\u00e9ga-6), hydrolysats de poulet, levure de bi\u00e8re, algues marines d\u00e9shydrat\u00e9es, chlorure de potassium.<\/p>\n<div class=\"col-12\">\n<h2 class=\"ng-star-inserted\"><b>Composants analytiques<\/b><\/h2>\n<p>Prot\u00e9ine brute: 28%, mati\u00e8res grasses brutes: 18%, cellulose brute: 1,4%, cendres brutes: 8%, humidit\u00e9: 8,5%, calcium: 1,5%, phosphore: 1%, sodium: 0,4%, om\u00e9ga-3: 0,6%, om\u00e9ga-6: 2,9%.<\/p>\n<\/div>\n<div class=\"col-12\">\n<h2 class=\"ng-star-inserted\"><b>Instructions d\u2019utilisation<\/b><\/h2>\n<p>Conserver dans un endroit sec et frais. Servir en vous aidant des rations quotidiennes recommand\u00e9es. Ces quantit\u00e9s sont indicatives, elles doivent ensuite \u00eatre adapt\u00e9es aux besoins \u00e9nerg\u00e9tiques de votre chien. Peut contenir des traces d\u2019autres ingr\u00e9dients. Laissez toujours de l\u2019eau propre et fraiche \u00e0 disposition du chien.<\/p>\n<\/div>\n<div class=\"col-12 mt-auto\">\n<h2 class=\"ng-star-inserted\"><b>Valeur \u00e9nerg\u00e9tique<\/b><\/h2>\n<p>4.000 kcal\/kg (NRC 2006a).<\/p>\n<\/div>\n","protected":false},"excerpt":{"rendered":"<p>Aliment complet pour chiens adultes \u00e0 base de viande d\u00e9shydrat\u00e9e comme source de prot\u00e9ines de haute qualit\u00e9, atteignant une digestibilit\u00e9 de plus de 90 %.<br \/>\n<strong>Taille de la croquette:\u00a0<\/strong>15 mm<\/p>\n","protected":false},"featured_media":30391,"template":"","meta":{"jetpack_publicize_message":"","jetpack_publicize_feature_enabled":true,"jetpack_social_post_already_shared":true,"jetpack_social_options":{"image_generator_settings":{"template":"highway","default_image_id":0,"font":"","enabled":false},"version":2}},"product_brand":[191],"product_cat":[26],"product_tag":[],"class_list":{"0":"post-30390","1":"product","2":"type-product","3":"status-publish","4":"has-post-thumbnail","6":"product_brand-gosbi","7":"product_cat-croquettes","9":"first","10":"instock","11":"taxable","12":"shipping-taxable","13":"purchasable","14":"product-type-simple"},"supplier_id":30385,"supplier_sku":"800210","barcode":"8436566800365","atum_controlled":true,"out_stock_date":null,"out_stock_threshold":null,"inheritable":false,"inbound_stock":0,"stock_on_hold":0,"sold_today":0,"sales_last_days":0,"reserved_stock":0,"customer_returns":0,"warehouse_damage":0,"lost_in_post":0,"other_logs":0,"out_stock_days":0,"lost_sales":0,"has_location":false,"update_date":"2026-05-13T00:21:24","atum_locations":[],"atum_stock_status":"instock","restock_status":false,"low_stock_amount":1,"sales_update_date":"2026-05-13T00:21:24","calc_backorders":null,"jetpack_publicize_connections":[],"jetpack_sharing_enabled":true,"batches":[{"id":"6214","date_created":"2025-11-15 17:39:16","date_expiry":"2026-12-31 00:00:00","user_id":"9","batch_number":"DosbiChienAfulte311226","location":"","quantity":"2.0000","quantity_available":"2.0000","units":"1","status":"active","order_ids":null,"supplier":"Gosbi","po":{"id":"6161","date_created":"2025-11-15 17:39:18","batch_id":"6214","po_number":"","supplier":"Gosbi","cost":null,"regular_price":null,"sale_price":null,"price_margin":null,"price_discount":null}}],"_links":{"self":[{"href":"https:\/\/petworld.ma\/index.php\/wp-json\/wp\/v2\/product\/30390","targetHints":{"allow":["GET"]}}],"collection":[{"href":"https:\/\/petworld.ma\/index.php\/wp-json\/wp\/v2\/product"}],"about":[{"href":"https:\/\/petworld.ma\/index.php\/wp-json\/wp\/v2\/types\/product"}],"wp:featuredmedia":[{"embeddable":true,"href":"https:\/\/petworld.ma\/index.php\/wp-json\/wp\/v2\/media\/30391"}],"wp:attachment":[{"href":"https:\/\/petworld.ma\/index.php\/wp-json\/wp\/v2\/media?parent=30390"}],"wp:term":[{"taxonomy":"product_brand","embeddable":true,"href":"https:\/\/petworld.ma\/index.php\/wp-json\/wp\/v2\/product_brand?post=30390"},{"taxonomy":"product_cat","embeddable":true,"href":"https:\/\/petworld.ma\/index.php\/wp-json\/wp\/v2\/product_cat?post=30390"},{"taxonomy":"product_tag","embeddable":true,"href":"https:\/\/petworld.ma\/index.php\/wp-json\/wp\/v2\/product_tag?post=30390"}],"curies":[{"name":"wp","href":"https:\/\/api.w.org\/{rel}","templated":true}]}}