{"id":30393,"date":"2025-11-15T17:53:20","date_gmt":"2025-11-15T17:53:20","guid":{"rendered":"https:\/\/petworld.ma\/?post_type=product&#038;p=30393"},"modified":"2026-05-07T11:28:19","modified_gmt":"2026-05-07T11:28:19","slug":"gosbi-original-chat-kitten-1kg-3kg","status":"publish","type":"product","link":"https:\/\/petworld.ma\/index.php\/produit\/gosbi-original-chat-kitten-1kg-3kg\/","title":{"rendered":"Gosbi Croquettes Original Chat Kitten (1kg | 3kg )"},"content":{"rendered":"<div class=\"hidden-xs\">\n<div class=\"hidden-xs\">\n<div class=\"hidden-xs\">\n<div class=\"product-tabs tabs\">\n<div id=\"tab-content\" class=\"tab-content\">\n<h2><strong>Composition:<\/strong><\/h2>\n<p>Prot\u00e9ine de poulet d\u00e9shydrat\u00e9e (22%), riz (min. 20%), saumon, thon, graisse de poulet, ma\u00efs, huile de poisson, levure de bi\u00e8re, huile de saumon, pomme, oeuf entier d\u00e9shydrat\u00e9, pulpe de betterave, fibre de riz, extrait de yucca, algues marines, romarin, DL-m\u00e9thionine.<\/p>\n<h2 class=\"tab-pane fade in active\" role=\"tabpanel\"><strong>Composants analytiques:<\/strong><\/h2>\n<p>Prot\u00e9ine brute: 31%, mati\u00e8res grasses brutes: 10%, fibre brute: 3%, cendres brutes: 8%, humidit\u00e9: 6,5%, calcium : 1,1%, phosphore : 0,6%, sodium : 0,5%.<\/p>\n<h2><strong>Additifs:<\/strong><\/h2>\n<p>Vitamines, provitamines et substances chimiquement d\u00e9finies \u00e0 effet analogue: Vitamine A (3a672a): 22.000 UI\/kg, Vitamine D3 (E671): 1.500 UI\/kg, Vitamine E (3a700) (alpha-tocoph\u00e9rol): 120 mg\/kg, DL-m\u00e9thionine (3c301): 2.000 mg\/kg, Taurine (3a370) 1.200 mg\/kg. Les oligo-\u00e9l\u00e9ments: Fe (E1) (sulfate de fer monohydrate) : 320 mg\/kg, I (E2) (iodate de calcium anhydre): 0,5 mg\/kg, Cu (E4) (sulfate de cuivre pentahydrat\u00e9): 8 mg\/kg, (E-5) Mn (E5) (oxyde manganeux) : 6 mg\/kg, Zn (E6) (sulfate de zinc monohydrat\u00e9): 290 mg\/kg, Se (E8) (s\u00e9l\u00e9nite de sodium) 0,5 mg\/kg<\/p>\n<h2><strong>Ration journali\u00e8re conseill\u00e9 (g\/jour)<\/strong><\/h2>\n<table style=\"height: 278px;\" border=\"1\" width=\"321\">\n<tbody>\n<tr>\n<td>Poids (kg)<\/td>\n<td>Poids ideal<\/td>\n<td>Surpoids<\/td>\n<\/tr>\n<tr>\n<td>2 kg<\/td>\n<td>40<\/td>\n<td>30<\/td>\n<\/tr>\n<tr>\n<td>3 kg<\/td>\n<td>50<\/td>\n<td>40<\/td>\n<\/tr>\n<tr>\n<td>4 kg<\/td>\n<td>60<\/td>\n<td>50<\/td>\n<\/tr>\n<tr>\n<td>5 kg<\/td>\n<td>70<\/td>\n<td>55<\/td>\n<\/tr>\n<tr>\n<td>6 kg<\/td>\n<td>80<\/td>\n<td>65<\/td>\n<\/tr>\n<tr>\n<td>7 kg<\/td>\n<td>90<\/td>\n<td>70<\/td>\n<\/tr>\n<tr>\n<td>8 kg<\/td>\n<td>100<\/td>\n<td>75<\/td>\n<\/tr>\n<tr>\n<td>9 kg<\/td>\n<td>105<\/td>\n<td>85<\/td>\n<\/tr>\n<tr>\n<td>10 kg<\/td>\n<td>110<\/td>\n<td>90<\/td>\n<\/tr>\n<\/tbody>\n<\/table>\n<\/div>\n<\/div>\n<section class=\"category-products block clearfix\"><\/section>\n<\/div>\n<\/div>\n<\/div>\n","protected":false},"excerpt":{"rendered":"<p>Sp\u00e9cialement formul\u00e9 avec des niveaux tr\u00e8s \u00e9lev\u00e9s de prot\u00e9ines et de min\u00e9raux, essentiels pour une croissance ad\u00e9quate.<br \/>\n<strong>Taille de la croquette:\u00a0<\/strong>9 mm<\/p>\n","protected":false},"featured_media":30396,"template":"","meta":{"jetpack_publicize_message":"","jetpack_publicize_feature_enabled":true,"jetpack_social_post_already_shared":true,"jetpack_social_options":{"image_generator_settings":{"template":"highway","default_image_id":0,"font":"","enabled":false},"version":2}},"product_brand":[191],"product_cat":[40],"product_tag":[],"class_list":{"0":"post-30393","1":"product","2":"type-product","3":"status-publish","4":"has-post-thumbnail","6":"product_brand-gosbi","7":"product_cat-coquettes-pour-chat","9":"first","10":"instock","11":"taxable","12":"shipping-taxable","13":"purchasable","14":"product-type-variable"},"supplier_id":5590,"supplier_sku":"","barcode":null,"atum_controlled":true,"out_stock_date":null,"out_stock_threshold":null,"inheritable":true,"inbound_stock":0,"stock_on_hold":0,"sold_today":0,"sales_last_days":1,"reserved_stock":0,"customer_returns":0,"warehouse_damage":0,"lost_in_post":0,"other_logs":0,"out_stock_days":0,"lost_sales":0,"has_location":false,"update_date":"2026-05-13T14:15:16","atum_locations":[],"atum_stock_status":"instock","restock_status":false,"low_stock_amount":"","sales_update_date":"2026-05-13T14:15:16","calc_backorders":null,"jetpack_publicize_connections":[],"jetpack_sharing_enabled":true,"batches":[],"_links":{"self":[{"href":"https:\/\/petworld.ma\/index.php\/wp-json\/wp\/v2\/product\/30393","targetHints":{"allow":["GET"]}}],"collection":[{"href":"https:\/\/petworld.ma\/index.php\/wp-json\/wp\/v2\/product"}],"about":[{"href":"https:\/\/petworld.ma\/index.php\/wp-json\/wp\/v2\/types\/product"}],"wp:featuredmedia":[{"embeddable":true,"href":"https:\/\/petworld.ma\/index.php\/wp-json\/wp\/v2\/media\/30396"}],"wp:attachment":[{"href":"https:\/\/petworld.ma\/index.php\/wp-json\/wp\/v2\/media?parent=30393"}],"wp:term":[{"taxonomy":"product_brand","embeddable":true,"href":"https:\/\/petworld.ma\/index.php\/wp-json\/wp\/v2\/product_brand?post=30393"},{"taxonomy":"product_cat","embeddable":true,"href":"https:\/\/petworld.ma\/index.php\/wp-json\/wp\/v2\/product_cat?post=30393"},{"taxonomy":"product_tag","embeddable":true,"href":"https:\/\/petworld.ma\/index.php\/wp-json\/wp\/v2\/product_tag?post=30393"}],"curies":[{"name":"wp","href":"https:\/\/api.w.org\/{rel}","templated":true}]}}