{"id":3040,"date":"2023-06-28T14:56:57","date_gmt":"2023-06-28T14:56:57","guid":{"rendered":"https:\/\/petworld.ma\/?post_type=product&#038;p=3040"},"modified":"2026-04-27T10:58:17","modified_gmt":"2026-04-27T10:58:17","slug":"purina-pro-plan-sterilised-adult-renal-plus-dinde-pour-chat-1-5kg","status":"publish","type":"product","link":"https:\/\/petworld.ma\/index.php\/produit\/purina-pro-plan-sterilised-adult-renal-plus-dinde-pour-chat-1-5kg\/","title":{"rendered":"Pro Plan Sterilised Adult Renal Plus dinde pour chat ( 1.5Kg | 3Kg )"},"content":{"rendered":"<p>Les croquettes PURINA PRO PLAN Sterilised Adult Renal Plus dinde r\u00e9pondent parfaitement aux besoins nutritionnels des chats castr\u00e9s\/st\u00e9rilis\u00e9s. Apr\u00e8s une castration\/st\u00e9rilisation, le m\u00e9tabolisme du chat se modifie, ses besoins \u00e9nerg\u00e9tiques diminuent tandis que son app\u00e9tit augmente. Les croquettes PRO PLAN Sterilised Adult Renal Plus dinde ont une teneur en prot\u00e9ines \u00e9lev\u00e9e et un taux de mati\u00e8res grasses r\u00e9duit. La st\u00e9rilisation augmente le risque de maladies des voies urinaires (MVUIF). Cette recette sp\u00e9cifique permet de pr\u00e9venir la formation de calculs urinaires. Ces croquettes sont \u00e9quilibr\u00e9es et contiennent tous les nutriments essentiels, dont des vitamines A, C et E ainsi que des acides gras om\u00e9ga 3 &amp; 6.<\/p>\n<p>La formule OPTIRENAL\u00ae et sa combinaison de nutriments associant des acides amin\u00e9s, des acides gras essentiels et des antioxydants, contribue \u00e0 la sant\u00e9 r\u00e9nale de votre chat. La formule OPTIRENAL am\u00e9liore de mani\u00e8re prouv\u00e9e les fonctions r\u00e9nales en ralentissant le processus de vieillissement des reins. Avec leur structure sp\u00e9ciale et la pr\u00e9sence de min\u00e9raux, ces croquettes emp\u00eachent en outre la formation de plaque dentaire et de tartre.<\/p>\n<p><b>Caract\u00e9ristiques de PURINA PRO PLAN Sterilised Adult Renal Plus dinde pour chat :<\/b><\/p>\n<ul>\n<li>croquettes pour chats adultes st\u00e9rilis\u00e9s\/castr\u00e9s<\/li>\n<li>recette adapt\u00e9e aux modification du m\u00e9tabolisme apr\u00e8s une castration\/st\u00e9rilisation<\/li>\n<li><b>teneur \u00e9lev\u00e9e en prot\u00e9ines, taux de mati\u00e8res grasses r\u00e9duit :<\/b>\u00a041 % de prot\u00e9ines et seulement 12 % de mati\u00e8res grasses afin de favoriser le maintien du poids de forme apr\u00e8s une modification du m\u00e9tabolisme<\/li>\n<li><b>favorisent la sant\u00e9 des voies urinaires :<\/b>\u00a0afin de pr\u00e9venir la formation de calculs urinaires<\/li>\n<li><b>OPTIRENAL\u00ae pour des reins en bonne sant\u00e9 :<\/b>\u00a0combinaison de nutriments associant des acides amin\u00e9s, des acides gras essentiels et des antioxydants<\/li>\n<li><b>emp\u00eachent la formation de plaque dentaire et de tartre :<\/b>\u00a0gr\u00e2ce \u00e0 leur structure sp\u00e9ciale et \u00e0 la pr\u00e9sence de min\u00e9raux<\/li>\n<li><b>Natural Feline Protection :<\/b>\n<ul>\n<li><b>peau et poil :<\/b>\u00a0la vitamine A, l&rsquo;acide linol\u00e9ique et le zinc assurent l&rsquo;\u00e9lasticit\u00e9 et un taux d&rsquo;humidit\u00e9 \u00e9quilibr\u00e9 de la peau. L&rsquo;huile de poisson de mer renferme les acides gras essentiels pour un poil dense et brillant.<\/li>\n<li><b>syst\u00e8me digestif :<\/b>\u00a0la haute teneur en prot\u00e9ines de poisson ainsi que l&rsquo;apport r\u00e9duit en glucides permet de limiter l&rsquo;absorption de glucose et de r\u00e9duire la r\u00e9serve de graisses.<\/li>\n<li><b>syst\u00e8me r\u00e9nal :\u00a0<\/b>la recette permet d&rsquo;\u00e9viter la formation de calculs r\u00e9naux, de pr\u00e9server les fonctions r\u00e9nales et les voies urinaires en bonne sant\u00e9, et de r\u00e9duire les risques de formation de calculs r\u00e9naux, fr\u00e9quents chez les chats st\u00e9rilis\u00e9s.<\/li>\n<li><b>syst\u00e8me immunitaire :\u00a0<\/b>forte teneur en prot\u00e9ines n\u00e9cessaires \u00e0 la formation d&rsquo;anticorps et d&rsquo;antioxydants efficaces pour une meilleure r\u00e9sistance.<\/li>\n<\/ul>\n<\/li>\n<\/ul>\n<p><a class=\"Ingredients_goToConstituents__YAp15\" data-zta=\"goToConstituents\">Voir les composants analytiques<\/a><\/p>\n<div><b>Ingr\u00e9dients :<\/b><br \/>\nviande de dinde (20 %), prot\u00e9ines de volaille d\u00e9shydrat\u00e9es, riz, farine de prot\u00e9ines de ma\u00efs, ma\u00efs, gluten de bl\u00e9, farine de fourrage de bl\u00e9, fibres v\u00e9g\u00e9tales d\u00e9shydrat\u00e9es, \u0153uf d\u00e9shydrat\u00e9, min\u00e9raux, huile de poisson, graisses animales,\u00a0autolysat, levures.<br \/>\n<b>Additifs :<\/b><br \/>\n<i>Additifs nutritionnels :<\/i><br \/>\nvitamine A (32\u00a0000 UI\/kg), vitamine D3 (1 000 UI\/kg), vitamine E (670 UI\/kg), vitamine C (140 mg\/kg), sulfate de fer (II) monohydrat\u00e9 (120\u00a0mg\/kg), iodate de calcium anhydre (1,9 mg\/kg), sulfate de cuivre pentahydrat\u00e9 (13\u00a0mg\/kg), sulfate de mangan\u00e8se monohydrat\u00e9 (45\u00a0mg\/kg), sulfate de zinc monohydrat\u00e9 (110 mg\/kg), s\u00e9l\u00e9nite de sodium (0,13\u00a0mg\/kg).<br \/>\nAvec des antioxydants.<\/div>\n<hr class=\"Ingredients_space__GQd_b\" \/>\n<p class=\"paragraph\"><b>Composants analytiques<\/b><\/p>\n<table class=\"Table_table__jYGxt\" data-zta=\"constituentsTable\">\n<tbody>\n<tr>\n<td>prot\u00e9ines brutes<\/td>\n<td>41.0\u00a0%<\/td>\n<\/tr>\n<tr>\n<td>graisses brutes<\/td>\n<td>12.0\u00a0%<\/td>\n<\/tr>\n<tr>\n<td>fibres brutes<\/td>\n<td>4.0\u00a0%<\/td>\n<\/tr>\n<tr>\n<td>cendres brutes<\/td>\n<td>7.5\u00a0%<\/td>\n<\/tr>\n<tr>\n<td>humidit\u00e9<\/td>\n<td>6.0\u00a0%<\/td>\n<\/tr>\n<\/tbody>\n<\/table>\n<p><b>Quantit\u00e9s recommand\u00e9es par le fabricant :<\/b><\/p>\n<p>PRO PLAN Sterilised Adult riche en dinde constituent un aliment complet.<\/p>\n<table border=\"1\" width=\"80%\" cellspacing=\"1\" cellpadding=\"1\">\n<tbody>\n<tr>\n<td align=\"center\"><small><b>Poids du chat<\/b><\/small><\/td>\n<td align=\"center\"><small><b>Croquettes<\/b><\/small><\/td>\n<td align=\"center\"><small><strong>Croquettes + Nourriture humide (85 g)<\/strong><\/small><\/td>\n<\/tr>\n<tr>\n<td align=\"center\"><small>2 kg<\/small><\/td>\n<td align=\"center\"><small>25 g<\/small><\/td>\n<td align=\"center\"><small>5 g +\u00a0Nourriture humide<\/small><\/td>\n<\/tr>\n<tr>\n<td align=\"center\"><small>3 kg<\/small><\/td>\n<td align=\"center\"><small>40 g<\/small><\/td>\n<td align=\"center\"><small>20 g\u00a0+\u00a0Nourriture humide<\/small><\/td>\n<\/tr>\n<tr>\n<td align=\"center\"><small>4 kg<\/small><\/td>\n<td align=\"center\"><small>55 g<\/small><\/td>\n<td align=\"center\"><small>30 g\u00a0+\u00a0Nourriture humide<\/small><\/td>\n<\/tr>\n<tr>\n<td align=\"center\"><small>5 kg<\/small><\/td>\n<td align=\"center\"><small>65 g<\/small><\/td>\n<td align=\"center\"><small>45 g\u00a0+\u00a0Nourriture humide<\/small><\/td>\n<\/tr>\n<tr>\n<td align=\"center\"><small>6 kg<\/small><\/td>\n<td align=\"center\"><small>80 g<\/small><\/td>\n<td align=\"center\"><small>60 g\u00a0+\u00a0Nourriture humide<\/small><\/td>\n<\/tr>\n<tr>\n<td align=\"center\"><small>\u00a0&gt; 6 kg<\/small><\/td>\n<td align=\"center\"><small>+15 g \/ kg<\/small><\/td>\n<td align=\"center\"><small>+15 g \/ kg\u00a0+\u00a0Nourriture humide<\/small><\/td>\n<\/tr>\n<\/tbody>\n<\/table>\n<p>Veillez \u00e0 toujours mettre de l&rsquo;eau propre et fra\u00eeche \u00e0 disposition de votre chat.<\/p>\n","protected":false},"excerpt":{"rendered":"<p>Croquettes \u00e9quilibr\u00e9es pour chats adultes st\u00e9rilis\u00e9s\/castr\u00e9s,\u00a0<b>teneur en prot\u00e9ines \u00e9lev\u00e9e (41 %), taux de mati\u00e8res grasses r\u00e9duit,\u00a0<\/b>favorisent la sant\u00e9 des voies urinaires, agissent contre le tartre.<\/p>\n","protected":false},"featured_media":3043,"template":"","meta":{"jetpack_publicize_message":"","jetpack_publicize_feature_enabled":true,"jetpack_social_post_already_shared":false,"jetpack_social_options":{"image_generator_settings":{"template":"highway","default_image_id":0,"font":"","enabled":false},"version":2}},"product_brand":[],"product_cat":[40],"product_tag":[],"class_list":{"0":"post-3040","1":"product","2":"type-product","3":"status-publish","4":"has-post-thumbnail","6":"product_cat-coquettes-pour-chat","8":"first","9":"instock","10":"taxable","11":"shipping-taxable","12":"purchasable","13":"product-type-variable"},"supplier_id":5598,"supplier_sku":"","barcode":null,"atum_controlled":true,"out_stock_date":null,"out_stock_threshold":null,"inheritable":true,"inbound_stock":0,"stock_on_hold":1,"sold_today":1,"sales_last_days":1,"reserved_stock":0,"customer_returns":0,"warehouse_damage":0,"lost_in_post":0,"other_logs":0,"out_stock_days":0,"lost_sales":0,"has_location":false,"update_date":"2026-04-27T10:58:20","atum_locations":[],"atum_stock_status":"instock","restock_status":false,"low_stock_amount":2,"sales_update_date":"2026-04-27T00:15:22","calc_backorders":0,"jetpack_publicize_connections":[],"jetpack_sharing_enabled":true,"batches":[{"id":"286","date_created":"2024-09-29 16:31:49","date_expiry":"2025-06-30 00:00:00","user_id":"2461","batch_number":"ProPlanSterAdultRenalPlusdindepourchat1.5kg0625","location":"","quantity":"1.0000","quantity_available":"0.0000","units":"1","status":"archived","order_ids":"[16941]","supplier":"Proplan","po":{"id":"281","date_created":"2024-09-29 16:32:44","batch_id":"286","po_number":"","supplier":"Proplan","cost":null,"regular_price":null,"sale_price":null,"price_margin":null,"price_discount":null}},{"id":"287","date_created":"2024-09-29 16:32:44","date_expiry":"2025-03-31 00:00:00","user_id":"2461","batch_number":"ProPlanSterAdultRenalPlusdindepourchat1.5kg0325","location":"","quantity":"6.0000","quantity_available":"0.0000","units":"1","status":"archived","order_ids":"[16748,16905]","supplier":"Proplan","po":{"id":"282","date_created":"2024-09-29 16:32:45","batch_id":"287","po_number":"","supplier":"Proplan","cost":null,"regular_price":null,"sale_price":null,"price_margin":null,"price_discount":null}},{"id":"1816","date_created":"2025-01-29 20:43:58","date_expiry":"2025-03-31 00:00:00","user_id":"2461","batch_number":"ProPlanSterAdultRenalPlusdindepourchat1.5kg0325","location":"","quantity":"2.0000","quantity_available":"0.0000","units":"1","status":"archived","order_ids":"[17424]","supplier":"Proplan","po":{"id":"1790","date_created":"2025-01-29 20:44:01","batch_id":"1816","po_number":"","supplier":"Proplan","cost":null,"regular_price":null,"sale_price":null,"price_margin":null,"price_discount":null}},{"id":"1886","date_created":"2025-02-06 23:07:39","date_expiry":"2026-04-30 00:00:00","user_id":"2461","batch_number":"ProPlanSterAdultRenalPlusdindepourchat1.5kg0426","location":"","quantity":"6.0000","quantity_available":"0.0000","units":"1","status":"archived","order_ids":"[18120,18896,19229,19538,19643,20352]","supplier":"Rabat","po":{"id":"1860","date_created":"2025-02-06 23:07:42","batch_id":"1886","po_number":"","supplier":"Rabat","cost":null,"regular_price":null,"sale_price":null,"price_margin":null,"price_discount":null}},{"id":"1887","date_created":"2025-02-06 23:09:39","date_expiry":"2025-03-31 00:00:00","user_id":"2461","batch_number":"ProPlanSterAdultRenalPlusdindepourchat1.5kg0325","location":"","quantity":"2.0000","quantity_available":"0.0000","units":"1","status":"archived","order_ids":"[17966,18024]","supplier":"Proplan","po":{"id":"1861","date_created":"2025-02-06 23:09:42","batch_id":"1887","po_number":"","supplier":"Proplan","cost":null,"regular_price":null,"sale_price":null,"price_margin":null,"price_discount":null}},{"id":"2834","date_created":"2025-04-10 00:11:43","date_expiry":"2025-10-30 00:00:00","user_id":"2461","batch_number":"ProPlanSterAdultRenalPlusdindepourchat1.5kg1025","location":"","quantity":"1.0000","quantity_available":"0.0000","units":"1","status":"archived","order_ids":"[21081]","supplier":"Proplan","po":{"id":"2803","date_created":"2025-04-10 00:11:49","batch_id":"2834","po_number":"","supplier":"Proplan","cost":null,"regular_price":null,"sale_price":null,"price_margin":null,"price_discount":null}},{"id":"3143","date_created":"2025-04-24 09:01:04","date_expiry":"2025-10-30 00:00:00","user_id":"2461","batch_number":"ProPlanSterAdultRenalPlusdindepourchat1.5kg1025","location":"","quantity":"1.0000","quantity_available":"0.0000","units":"1","status":"archived","order_ids":"[21357]","supplier":"Proplan","po":{"id":"3110","date_created":"2025-04-24 09:01:05","batch_id":"3143","po_number":"","supplier":"Proplan","cost":null,"regular_price":null,"sale_price":null,"price_margin":null,"price_discount":null}},{"id":"3328","date_created":"2025-05-07 23:48:30","date_expiry":"2025-10-30 00:00:00","user_id":"2461","batch_number":"ProPlanSterAdultRenalPlusdindepourchat1.5kg1025","location":"","quantity":"1.0000","quantity_available":"0.0000","units":"1","status":"archived","order_ids":"[22374]","supplier":"Proplan","po":{"id":"3295","date_created":"2025-05-07 23:48:30","batch_id":"3328","po_number":"","supplier":"Proplan","cost":null,"regular_price":null,"sale_price":null,"price_margin":null,"price_discount":null}},{"id":"3398","date_created":"2025-05-12 21:05:31","date_expiry":"2026-04-30 00:00:00","user_id":"2461","batch_number":"ProPlanSterAdultRenalPlusdindepourchat1.5kg0426","location":"","quantity":"1.0000","quantity_available":"0.0000","units":"1","status":"archived","order_ids":"[24480]","supplier":"Proplan","po":{"id":"3365","date_created":"2025-05-12 21:05:31","batch_id":"3398","po_number":"","supplier":"Proplan","cost":null,"regular_price":null,"sale_price":null,"price_margin":null,"price_discount":null}},{"id":"3649","date_created":"2025-05-29 08:54:34","date_expiry":"2025-10-30 00:00:00","user_id":"2461","batch_number":"ProPlanSterAdultRenalPlusdindepourchat1.5kg1025","location":"","quantity":"2.0000","quantity_available":"0.0000","units":"1","status":"archived","order_ids":"[23045,23350]","supplier":"Proplan","po":{"id":"3616","date_created":"2025-05-29 08:54:34","batch_id":"3649","po_number":"","supplier":"Proplan","cost":null,"regular_price":null,"sale_price":null,"price_margin":null,"price_discount":null}},{"id":"3871","date_created":"2025-06-05 09:56:35","date_expiry":"2025-10-30 00:00:00","user_id":"2461","batch_number":"ProPlanSterAdultRenalPlusdindepourchat1.5kg1025","location":"","quantity":"1.0000","quantity_available":"0.0000","units":"1","status":"archived","order_ids":"[22987]","supplier":"Proplan","po":{"id":"3835","date_created":"2025-06-05 09:56:35","batch_id":"3871","po_number":"","supplier":"Proplan","cost":null,"regular_price":null,"sale_price":null,"price_margin":null,"price_discount":null}},{"id":"4068","date_created":"2025-06-20 12:55:10","date_expiry":"2025-10-30 00:00:00","user_id":"2461","batch_number":"ProPlanSterAdultRenalPlusdindepourchat1.5kg1025","location":"","quantity":"1.0000","quantity_available":"0.0000","units":"1","status":"archived","order_ids":"[23845]","supplier":"Proplan","po":{"id":"4032","date_created":"2025-06-20 12:55:10","batch_id":"4068","po_number":"","supplier":"Proplan","cost":null,"regular_price":null,"sale_price":null,"price_margin":null,"price_discount":null}},{"id":"4202","date_created":"2025-07-02 20:25:16","date_expiry":"2025-10-30 00:00:00","user_id":"2461","batch_number":"ProPlanSterAdultRenalPlusdindepourchat1.5kg1025","location":"","quantity":"1.0000","quantity_available":"0.0000","units":"1","status":"archived","order_ids":"[24413]","supplier":"Proplan","po":{"id":"4165","date_created":"2025-07-02 20:25:16","batch_id":"4202","po_number":"","supplier":"Proplan","cost":null,"regular_price":null,"sale_price":null,"price_margin":null,"price_discount":null}},{"id":"4509","date_created":"2025-07-17 17:53:49","date_expiry":"2025-10-30 00:00:00","user_id":"2461","batch_number":"ProPlanSterAdultRenalPlusdindepourchat1.5kg1025","location":"","quantity":"2.0000","quantity_available":"0.0000","units":"1","status":"archived","order_ids":"[25978,27008]","supplier":"Proplan","po":{"id":"4473","date_created":"2025-07-17 17:53:49","batch_id":"4509","po_number":"","supplier":"Proplan","cost":null,"regular_price":null,"sale_price":null,"price_margin":null,"price_discount":null}},{"id":"4606","date_created":"2025-07-31 13:26:50","date_expiry":"2025-10-30 00:00:00","user_id":"2461","batch_number":"ProPlanSterAdultRenalPlusdindepourchat1.5kg1025","location":"","quantity":"2.0000","quantity_available":"0.0000","units":"1","status":"archived","order_ids":"[29392]","supplier":"Proplan","po":{"id":"4570","date_created":"2025-07-31 13:26:50","batch_id":"4606","po_number":"","supplier":"Proplan","cost":null,"regular_price":null,"sale_price":null,"price_margin":null,"price_discount":null}},{"id":"5994","date_created":"2025-11-04 16:56:54","date_expiry":"2026-10-30 00:00:00","user_id":"2461","batch_number":"ProPlanSterAdultRenalPlusdindepourchat1.5kg1025","location":"","quantity":"2.0000","quantity_available":"0.0000","units":"1","status":"archived","order_ids":"[30705,31047]","supplier":"Proplan","po":{"id":"5937","date_created":"2025-11-04 16:56:55","batch_id":"5994","po_number":"","supplier":"Proplan","cost":null,"regular_price":null,"sale_price":null,"price_margin":null,"price_discount":null}},{"id":"6338","date_created":"2025-11-24 12:47:09","date_expiry":"2026-10-30 00:00:00","user_id":"2461","batch_number":"ProPlanSterAdultRenalPlusdindepourchat1.5kg1025","location":"","quantity":"1.0000","quantity_available":"0.0000","units":"1","status":"archived","order_ids":"[31443]","supplier":"Proplan","po":{"id":"6284","date_created":"2025-11-24 12:47:10","batch_id":"6338","po_number":"","supplier":"Proplan","cost":null,"regular_price":null,"sale_price":null,"price_margin":null,"price_discount":null}},{"id":"6425","date_created":"2025-12-02 11:26:17","date_expiry":"2026-10-30 00:00:00","user_id":"2461","batch_number":"ProPlanSterAdultRenalPlusdindepourchat1.5kg1025","location":"","quantity":"1.0000","quantity_available":"0.0000","units":"1","status":"archived","order_ids":"[31672]","supplier":"Proplan","po":{"id":"6371","date_created":"2025-12-02 11:26:17","batch_id":"6425","po_number":"","supplier":"Proplan","cost":null,"regular_price":null,"sale_price":null,"price_margin":null,"price_discount":null}},{"id":"6648","date_created":"2025-12-12 15:19:15","date_expiry":"2026-10-31 00:00:00","user_id":"2461","batch_number":"ProPlanSterAdultRenalPlusdindepourchat1.5kg1025","location":"","quantity":"2.0000","quantity_available":"0.0000","units":"1","status":"archived","order_ids":"[31982,32972]","supplier":"Proplan","po":{"id":"6594","date_created":"2025-12-12 15:19:16","batch_id":"6648","po_number":"","supplier":"Proplan","cost":null,"regular_price":null,"sale_price":null,"price_margin":null,"price_discount":null}},{"id":"6720","date_created":"2025-12-16 16:18:55","date_expiry":"2026-10-31 00:00:00","user_id":"2461","batch_number":"ProPlanSterAdultRenalPlusdindepourchat1.5kg1026","location":"","quantity":"1.0000","quantity_available":"0.0000","units":"1","status":"archived","order_ids":"[33654]","supplier":"Proplan","po":{"id":"6666","date_created":"2025-12-16 16:18:55","batch_id":"6720","po_number":"","supplier":"Proplan","cost":null,"regular_price":null,"sale_price":null,"price_margin":null,"price_discount":null}},{"id":"6787","date_created":"2025-12-20 17:16:19","date_expiry":"2026-10-31 00:00:00","user_id":"2461","batch_number":"ProPlanSterAdultRenalPlusdindepourchat1.5kg1026","location":"","quantity":"1.0000","quantity_available":"0.0000","units":"1","status":"archived","order_ids":"[34017]","supplier":"Proplan","po":{"id":"6733","date_created":"2025-12-20 17:16:19","batch_id":"6787","po_number":"","supplier":"Proplan","cost":null,"regular_price":null,"sale_price":null,"price_margin":null,"price_discount":null}},{"id":"6946","date_created":"2025-12-26 14:39:37","date_expiry":"2026-12-01 00:00:00","user_id":"2461","batch_number":"ProPlanSterAdultRenalPlusdindepourchat1.5kg1226","location":"","quantity":"1.0000","quantity_available":"0.0000","units":"1","status":"archived","order_ids":"[34935]","supplier":"Proplan","po":{"id":"6885","date_created":"2025-12-26 14:39:37","batch_id":"6946","po_number":"","supplier":"Proplan","cost":null,"regular_price":null,"sale_price":null,"price_margin":null,"price_discount":null}},{"id":"7050","date_created":"2026-01-02 11:21:02","date_expiry":"2026-12-01 00:00:00","user_id":"2461","batch_number":"ProPlanSterAdultRenalPlusdindepourchat1.5kg1226","location":"","quantity":"1.0000","quantity_available":"1.0000","units":"1","status":"active","order_ids":null,"supplier":"Proplan","po":{"id":"6988","date_created":"2026-01-02 11:21:05","batch_id":"7050","po_number":"","supplier":"Proplan","cost":null,"regular_price":null,"sale_price":null,"price_margin":null,"price_discount":null}},{"id":"7072","date_created":"2026-01-07 10:33:03","date_expiry":"2026-12-31 00:00:00","user_id":"2461","batch_number":"ProPlanSterAdultRenalPlusdindepourchat1.5kg1226","location":"","quantity":"1.0000","quantity_available":"1.0000","units":"1","status":"active","order_ids":null,"supplier":"Proplan","po":{"id":"7010","date_created":"2026-01-07 10:33:04","batch_id":"7072","po_number":"","supplier":"Proplan","cost":null,"regular_price":null,"sale_price":null,"price_margin":null,"price_discount":null}},{"id":"7227","date_created":"2026-01-19 12:49:42","date_expiry":"2026-12-31 00:00:00","user_id":"2461","batch_number":"ProPlanSterAdultRenalPlusdindepourchat1.5kg1226","location":"","quantity":"1.0000","quantity_available":"1.0000","units":"1","status":"active","order_ids":null,"supplier":"Proplan","po":{"id":"7163","date_created":"2026-01-19 12:49:43","batch_id":"7227","po_number":"","supplier":"Proplan","cost":null,"regular_price":null,"sale_price":null,"price_margin":null,"price_discount":null}}],"_links":{"self":[{"href":"https:\/\/petworld.ma\/index.php\/wp-json\/wp\/v2\/product\/3040","targetHints":{"allow":["GET"]}}],"collection":[{"href":"https:\/\/petworld.ma\/index.php\/wp-json\/wp\/v2\/product"}],"about":[{"href":"https:\/\/petworld.ma\/index.php\/wp-json\/wp\/v2\/types\/product"}],"wp:featuredmedia":[{"embeddable":true,"href":"https:\/\/petworld.ma\/index.php\/wp-json\/wp\/v2\/media\/3043"}],"wp:attachment":[{"href":"https:\/\/petworld.ma\/index.php\/wp-json\/wp\/v2\/media?parent=3040"}],"wp:term":[{"taxonomy":"product_brand","embeddable":true,"href":"https:\/\/petworld.ma\/index.php\/wp-json\/wp\/v2\/product_brand?post=3040"},{"taxonomy":"product_cat","embeddable":true,"href":"https:\/\/petworld.ma\/index.php\/wp-json\/wp\/v2\/product_cat?post=3040"},{"taxonomy":"product_tag","embeddable":true,"href":"https:\/\/petworld.ma\/index.php\/wp-json\/wp\/v2\/product_tag?post=3040"}],"curies":[{"name":"wp","href":"https:\/\/api.w.org\/{rel}","templated":true}]}}