{"id":30413,"date":"2025-11-15T18:42:33","date_gmt":"2025-11-15T18:42:33","guid":{"rendered":"https:\/\/petworld.ma\/?post_type=product&#038;p=30413"},"modified":"2026-04-03T22:55:00","modified_gmt":"2026-04-03T22:55:00","slug":"gosbi-original-chat-urinary-3kg-7kg","status":"publish","type":"product","link":"https:\/\/petworld.ma\/index.php\/produit\/gosbi-original-chat-urinary-3kg-7kg\/","title":{"rendered":"Gosbi Croquettes Original Chat Urinary (3kg | 7kg )"},"content":{"rendered":"<div class=\"product-tabs tabs\">\n<div id=\"tab-content\" class=\"tab-content\">\n<div id=\"description\" class=\"tab-pane fade in active\" role=\"tabpanel\">\n<div class=\"product-description\">\n<h2><strong>Composition:<\/strong><\/h2>\n<p>Prot\u00e9ine de poulet d\u00e9shydrat\u00e9e (28%), riz (min. 19%),saumon, thon , ma\u00efs, graisse de poulet, huile de poisson, levure de bi\u00e8re, huile de saumon, pulpe de betterave, fibre de riz, hydrolysat de crustac\u00e9s (source naturelle de glucosamine), extrait de yucca, algues marines, romarin.<\/p>\n<h2><strong>Composants analytiques:<\/strong><\/h2>\n<p>Prot\u00e9ine brute: 35%, mati\u00e8res grasses brutes: 15%, fibre brute: 3,1%, cendres brutes: 7,8%, humidit\u00e9: 6,5%, calcium : 1,1%, phosphore : 0,6%, sodium : 0,5%.<\/p>\n<h2><strong>Additifs:<\/strong><\/h2>\n<p>Vitamines, provitamines et substances chimiquement d\u00e9finies \u00e0 effet analogue: Vitamine A (3a672a): 22.000 UI\/kg, Vitamine D3 (E671): 1.500 UI\/kg, Vitamine E (3a700) (alpha-tocoph\u00e9rol): 120 mg\/kg, Glucosamine: 1.200 mg\/kg, Taurine (3a370) : 1.200 mg\/kg. Les oligo-\u00e9l\u00e9ments: Fe (E1) (sulfate de fer monohydrate) : 320 mg\/kg, I (E2) (iodate de calcium anhydre): 0,5 mg\/kg, Cu (E4) (sulfate de cuivre pentahydrat\u00e9): 8 mg \/ kg, Mn (E5) (oxyde manganeux) : 6 mg\/kg, Zn (E6) (sulfate de zinc monohydrat\u00e9): 290 mg\/kg, Se (E8) (s\u00e9l\u00e9nite de sodium) 0,5 mg \/ kg. Conservateurs et antioxydants naturels.<\/p>\n<p>&nbsp;<\/p>\n<h3><strong>Ration journali\u00e8re conseill\u00e9 (g\/jour)<\/strong><\/h3>\n<table style=\"height: 282px;\" border=\"1\" width=\"324\">\n<tbody>\n<tr>\n<td>Poids<\/td>\n<td>Maigre<\/td>\n<td>Poids id\u00e9al<\/td>\n<td>Surpoids<\/td>\n<\/tr>\n<tr>\n<td>2 kg<\/td>\n<td>45<\/td>\n<td>35<\/td>\n<td>30<\/td>\n<\/tr>\n<tr>\n<td>3 kg<\/td>\n<td>55<\/td>\n<td>50<\/td>\n<td>35<\/td>\n<\/tr>\n<tr>\n<td>4 kg<\/td>\n<td>70<\/td>\n<td>60<\/td>\n<td>45<\/td>\n<\/tr>\n<tr>\n<td>5 kg<\/td>\n<td>80<\/td>\n<td>70<\/td>\n<td>55<\/td>\n<\/tr>\n<tr>\n<td>6 kg<\/td>\n<td>90<\/td>\n<td>80<\/td>\n<td>60<\/td>\n<\/tr>\n<tr>\n<td>7 kg<\/td>\n<td>100<\/td>\n<td>85<\/td>\n<td>65<\/td>\n<\/tr>\n<tr>\n<td>8 kg<\/td>\n<td>110<\/td>\n<td>95<\/td>\n<td>70<\/td>\n<\/tr>\n<tr>\n<td>9 kg<\/td>\n<td>115<\/td>\n<td>100<\/td>\n<td>80<\/td>\n<\/tr>\n<tr>\n<td>10 kg<\/td>\n<td>125<\/td>\n<td>110<\/td>\n<td>85<\/td>\n<\/tr>\n<\/tbody>\n<\/table>\n<\/div>\n<\/div>\n<\/div>\n<\/div>\n<section class=\"category-products block clearfix\"><\/section>\n","protected":false},"excerpt":{"rendered":"<p>Sp\u00e9cialement formul\u00e9 pour maintenir les voies urinaires en bonne sant\u00e9, et ainsi \u00e9viter un probl\u00e8me de sant\u00e9 tr\u00e8s courant chez les chats.<br \/>\n<strong>Taille de la croquette:\u00a0<\/strong>10 mm<\/p>\n","protected":false},"featured_media":30417,"template":"","meta":{"jetpack_publicize_message":"","jetpack_publicize_feature_enabled":true,"jetpack_social_post_already_shared":true,"jetpack_social_options":{"image_generator_settings":{"template":"highway","default_image_id":0,"font":"","enabled":false},"version":2}},"product_brand":[],"product_cat":[40],"product_tag":[],"class_list":{"0":"post-30413","1":"product","2":"type-product","3":"status-publish","4":"has-post-thumbnail","6":"product_cat-coquettes-pour-chat","8":"first","9":"instock","10":"taxable","11":"shipping-taxable","12":"purchasable","13":"product-type-variable"},"supplier_id":5590,"supplier_sku":"","barcode":null,"atum_controlled":true,"out_stock_date":null,"out_stock_threshold":null,"inheritable":true,"inbound_stock":0,"stock_on_hold":0,"sold_today":0,"sales_last_days":1,"reserved_stock":0,"customer_returns":0,"warehouse_damage":0,"lost_in_post":0,"other_logs":0,"out_stock_days":0,"lost_sales":0,"has_location":false,"update_date":"2026-04-03T22:55:01","atum_locations":[],"atum_stock_status":"instock","restock_status":false,"low_stock_amount":"","sales_update_date":"2026-04-02T15:15:36","calc_backorders":null,"jetpack_publicize_connections":[],"jetpack_sharing_enabled":true,"batches":[],"_links":{"self":[{"href":"https:\/\/petworld.ma\/index.php\/wp-json\/wp\/v2\/product\/30413","targetHints":{"allow":["GET"]}}],"collection":[{"href":"https:\/\/petworld.ma\/index.php\/wp-json\/wp\/v2\/product"}],"about":[{"href":"https:\/\/petworld.ma\/index.php\/wp-json\/wp\/v2\/types\/product"}],"wp:featuredmedia":[{"embeddable":true,"href":"https:\/\/petworld.ma\/index.php\/wp-json\/wp\/v2\/media\/30417"}],"wp:attachment":[{"href":"https:\/\/petworld.ma\/index.php\/wp-json\/wp\/v2\/media?parent=30413"}],"wp:term":[{"taxonomy":"product_brand","embeddable":true,"href":"https:\/\/petworld.ma\/index.php\/wp-json\/wp\/v2\/product_brand?post=30413"},{"taxonomy":"product_cat","embeddable":true,"href":"https:\/\/petworld.ma\/index.php\/wp-json\/wp\/v2\/product_cat?post=30413"},{"taxonomy":"product_tag","embeddable":true,"href":"https:\/\/petworld.ma\/index.php\/wp-json\/wp\/v2\/product_tag?post=30413"}],"curies":[{"name":"wp","href":"https:\/\/api.w.org\/{rel}","templated":true}]}}