{"id":30439,"date":"2025-11-16T14:57:25","date_gmt":"2025-11-16T14:57:25","guid":{"rendered":"https:\/\/petworld.ma\/?post_type=product&#038;p=30439"},"modified":"2026-05-05T15:45:13","modified_gmt":"2026-05-05T15:45:13","slug":"gosbi-delicat-adulte-poulet-saumon-aliment-complet-cour-chat-70-g","status":"publish","type":"product","link":"https:\/\/petworld.ma\/index.php\/produit\/gosbi-delicat-adulte-poulet-saumon-aliment-complet-cour-chat-70-g\/","title":{"rendered":"Gosbi Delicat Adulte Poulet &amp; Saumon Loaf Aliment Complet Pour Chat 70 g"},"content":{"rendered":"<p>Delicat est le choix parfait pour ceux qui cherchent une alimentation saine et \u00e9quilibr\u00e9e pour leurs chats. Elle est \u00e9labor\u00e9e avec une teneur \u00e9lev\u00e9e en viande fra\u00eeche et uniquement avec des ingr\u00e9dients naturels et frais, sans c\u00e9r\u00e9ales, et en plus cuit \u00e0 la vapeur \u00e0 basse temp\u00e9rature pour pr\u00e9server toutes ses propri\u00e9t\u00e9s nutritives, pr\u00e9sentant une texture p\u00e2t\u00e9 au go\u00fbt irr\u00e9sistible.<\/p>\n<h4 class=\"ng-star-inserted\"><b>Composition<\/b><\/h4>\n<p>Poulet (42%), saumon (26%), bouillon, carotte (4%), min\u00e9raux, produits \u00e0 base de levure, inuline de chicor\u00e9e, algues marines.<\/p>\n<h4 class=\"ng-star-inserted\"><b>Composants analytiques<\/b><\/h4>\n<p>Prot\u00e9ine brute: 12%, mati\u00e8res grasses brutes: 8%, mati\u00e8res inorganiques: 1,5%, cellulose brute: 0,5%, humidit\u00e9: 75%.<\/p>\n<h2 class=\"ng-star-inserted\"><b>Instructions d\u2019utilisation<\/b><\/h2>\n<p>Conserver dans un endroit sec et frais. Apr\u00e8s ouverture, conserver au r\u00e9frig\u00e9rateur et utiliser avant 2 jours. Servir en vous aidant des rations quotidiennes recommand\u00e9es. Ces quantit\u00e9s sont indicatives, elles doivent \u00eatre adapt\u00e9es aux besoins \u00e9nerg\u00e9tiques de votre chat. Laissez toujours de l\u2019eau propre et fraiche \u00e0 disposition du chat<\/p>\n","protected":false},"excerpt":{"rendered":"<p>Offrez \u00e0 votre chat une alimentation saine et \u00e9quilibr\u00e9e avec cette recette \u00e0 base de poulet et de saumon. Cet aliment complet est tout ce que votre chat a besoin de manger pour une vie saine et heureuse !<\/p>\n","protected":false},"featured_media":30440,"template":"","meta":{"jetpack_publicize_message":"","jetpack_publicize_feature_enabled":true,"jetpack_social_post_already_shared":true,"jetpack_social_options":{"image_generator_settings":{"template":"highway","default_image_id":0,"font":"","enabled":false},"version":2}},"product_brand":[191],"product_cat":[41,239],"product_tag":[],"class_list":{"0":"post-30439","1":"product","2":"type-product","3":"status-publish","4":"has-post-thumbnail","6":"product_brand-gosbi","7":"product_cat-friandises-et-pate-pour-chat","8":"product_cat-pate-humides-chat","10":"first","11":"instock","12":"taxable","13":"shipping-taxable","14":"purchasable","15":"product-type-simple"},"supplier_id":30385,"supplier_sku":"900303","barcode":null,"atum_controlled":true,"out_stock_date":null,"out_stock_threshold":null,"inheritable":false,"inbound_stock":0,"stock_on_hold":0,"sold_today":0,"sales_last_days":0,"reserved_stock":0,"customer_returns":0,"warehouse_damage":0,"lost_in_post":0,"other_logs":0,"out_stock_days":0,"lost_sales":0,"has_location":false,"update_date":"2026-05-15T00:04:32","atum_locations":[],"atum_stock_status":"instock","restock_status":false,"low_stock_amount":16,"sales_update_date":"2026-05-15T00:04:32","calc_backorders":null,"jetpack_publicize_connections":[],"jetpack_sharing_enabled":true,"batches":[{"id":"6242","date_created":"2025-11-16 15:07:14","date_expiry":"2026-07-31 00:00:00","user_id":"2461","batch_number":"Gosbi Delicat Adulte Poulet & Saumon Aliment Complet Cour Chat 70 g310726","location":"","quantity":"16.0000","quantity_available":"1.0000","units":"1","status":"active","order_ids":"[30564,31121,31761,33940,34651,35268,36880,37034,40663]","supplier":"Gosbi","po":{"id":"6188","date_created":"2025-11-16 15:07:15","batch_id":"6242","po_number":"","supplier":"Gosbi","cost":null,"regular_price":null,"sale_price":null,"price_margin":null,"price_discount":null}}],"_links":{"self":[{"href":"https:\/\/petworld.ma\/index.php\/wp-json\/wp\/v2\/product\/30439","targetHints":{"allow":["GET"]}}],"collection":[{"href":"https:\/\/petworld.ma\/index.php\/wp-json\/wp\/v2\/product"}],"about":[{"href":"https:\/\/petworld.ma\/index.php\/wp-json\/wp\/v2\/types\/product"}],"wp:featuredmedia":[{"embeddable":true,"href":"https:\/\/petworld.ma\/index.php\/wp-json\/wp\/v2\/media\/30440"}],"wp:attachment":[{"href":"https:\/\/petworld.ma\/index.php\/wp-json\/wp\/v2\/media?parent=30439"}],"wp:term":[{"taxonomy":"product_brand","embeddable":true,"href":"https:\/\/petworld.ma\/index.php\/wp-json\/wp\/v2\/product_brand?post=30439"},{"taxonomy":"product_cat","embeddable":true,"href":"https:\/\/petworld.ma\/index.php\/wp-json\/wp\/v2\/product_cat?post=30439"},{"taxonomy":"product_tag","embeddable":true,"href":"https:\/\/petworld.ma\/index.php\/wp-json\/wp\/v2\/product_tag?post=30439"}],"curies":[{"name":"wp","href":"https:\/\/api.w.org\/{rel}","templated":true}]}}