{"id":30450,"date":"2025-11-16T15:37:58","date_gmt":"2025-11-16T15:37:58","guid":{"rendered":"https:\/\/petworld.ma\/?post_type=product&#038;p=30450"},"modified":"2026-05-03T13:25:45","modified_gmt":"2026-05-03T13:25:45","slug":"natsbi-steamed-pour-chat-boeuf-80g","status":"publish","type":"product","link":"https:\/\/petworld.ma\/index.php\/produit\/natsbi-steamed-pour-chat-boeuf-80g\/","title":{"rendered":"Gosbi Natsbi Steamed Pour Chat Boeuf 80g"},"content":{"rendered":"<p>Natsbi Chat\u00a0est l&rsquo;alternative propos\u00e9e par Gosbi pour que les f\u00e9lins puissent \u00e9galement profiter d&rsquo;une\u00a0<strong>alimentation naturelle cuisin\u00e9e.<\/strong><\/p>\n<p>Offrant une saveur maximale et une\u00a0<strong>nutrition optimale<\/strong>\u00a0gr\u00e2ce \u00e0 sa haute teneur en viande et en poisson, ce produit contient des\u00a0<strong>ingr\u00e9dients naturels et frais<\/strong>, sans c\u00e9r\u00e9ales ni \u00e9l\u00e9ments de remplissage.<\/p>\n<p>Con\u00e7u pour les\u00a0<strong>chats adultes et les chatons<\/strong>, avec des morceaux de viande baign\u00e9s dans une sauce savoureuse avec des options monoprot\u00e9iques de b\u0153uf, de saumon, d&rsquo;agneau ou de poulet.<\/p>\n<h4 class=\"ng-star-inserted\"><b>Composition<\/b><\/h4>\n<div class=\"col-12 col-md-7\">\n<div class=\"col-12 col-md-7\">\n<div class=\"col-12 col-md-7\">\n<div class=\"col-12 col-md-7\">\n<div class=\"col-12 col-md-7\">\n<p>Bouillon*, boeuf* (45%), tomate d\u00e9shydrat\u00e9e*, brocoli d\u00e9shydrat\u00e9*, huile de saumon, substances min\u00e9rales, produits \u00e0 base de levure, inuline de chicor\u00e9e, algues marines*.<\/p>\n<\/div>\n<\/div>\n<\/div>\n<\/div>\n<\/div>\n<h4 class=\"ng-star-inserted\"><b>Composants analytiques<\/b><\/h4>\n<div class=\"col-12\">\n<div class=\"col-12\">\n<div class=\"col-12\">\n<div class=\"col-12\">\n<div class=\"col-12\">\n<p>Prot\u00e9ine brute: 12%, mati\u00e8res grasses brutes: 4%, cendres brutes: 1,5%, cellulose brute: 0,8%, humidit\u00e9: 80%.<\/p>\n<\/div>\n<\/div>\n<\/div>\n<\/div>\n<\/div>\n<h2 class=\"ng-star-inserted\"><b>Instructions d\u2019utilisation<\/b><\/h2>\n<div class=\"col-12\">\n<div class=\"col-12\">\n<div class=\"col-12\">\n<div class=\"col-12\">\n<p>Conserver dans un endroit sec et frais et \u00e0 l\u2019abri de la lumi\u00e8re directe du soleil. Apr\u00e8s ouverture, conserver au r\u00e9frig\u00e9rateur et utiliser avant 2 jours. Servir en vous aidant des rations journali\u00e8res recommand\u00e9es. Ces quantit\u00e9s sont indicatives, elles doivent \u00eatre adapt\u00e9es aux besoins \u00e9nerg\u00e9tiques de votre chat. Laissez toujours de l\u2019eau propre et fraiche \u00e0 disposition du chat.<\/p>\n<\/div>\n<\/div>\n<\/div>\n<\/div>\n","protected":false},"excerpt":{"rendered":"<p>Une d\u00e9licieuse recette de b\u0153uf avec des tomates et des l\u00e9gumes \u00e0 laquelle votre chaton ne pourra pas r\u00e9sister. De plus, vous pourrez \u00eatre tranquille en sachant qu&rsquo;il b\u00e9n\u00e9ficiera d&rsquo;une nutrition compl\u00e8te et riche en taurine, un nutriment essentiel pour les chats.<\/p>\n","protected":false},"featured_media":30451,"template":"","meta":{"jetpack_publicize_message":"","jetpack_publicize_feature_enabled":true,"jetpack_social_post_already_shared":true,"jetpack_social_options":{"image_generator_settings":{"template":"highway","default_image_id":0,"font":"","enabled":false},"version":2}},"product_brand":[191],"product_cat":[41,239],"product_tag":[],"class_list":{"0":"post-30450","1":"product","2":"type-product","3":"status-publish","4":"has-post-thumbnail","6":"product_brand-gosbi","7":"product_cat-friandises-et-pate-pour-chat","8":"product_cat-pate-humides-chat","10":"first","11":"instock","12":"taxable","13":"shipping-taxable","14":"purchasable","15":"product-type-simple"},"supplier_id":30385,"supplier_sku":"900401","barcode":null,"atum_controlled":true,"out_stock_date":null,"out_stock_threshold":null,"inheritable":false,"inbound_stock":0,"stock_on_hold":4,"sold_today":0,"sales_last_days":5,"reserved_stock":0,"customer_returns":0,"warehouse_damage":0,"lost_in_post":0,"other_logs":0,"out_stock_days":0,"lost_sales":0,"has_location":false,"update_date":"2026-05-07T11:24:03","atum_locations":[],"atum_stock_status":"instock","restock_status":false,"low_stock_amount":8,"sales_update_date":"2026-05-07T11:24:03","calc_backorders":null,"jetpack_publicize_connections":[],"jetpack_sharing_enabled":true,"batches":[{"id":"6247","date_created":"2025-11-16 15:46:42","date_expiry":"2026-12-31 00:00:00","user_id":"2760","batch_number":"Natsbi Steamed Pour Chat Boeuf 80g311226","location":"","quantity":"16.0000","quantity_available":"0.0000","units":"1","status":"archived","order_ids":"[30727,31049,31121,32025,32363,33121,34048]","supplier":"Gosbi","po":{"id":"6193","date_created":"2025-11-16 15:46:42","batch_id":"6247","po_number":"","supplier":"Gosbi","cost":null,"regular_price":null,"sale_price":null,"price_margin":null,"price_discount":null}},{"id":"6806","date_created":"2025-12-21 14:26:50","date_expiry":"2027-06-30 00:00:00","user_id":"2760","batch_number":"Natsbi Steamed Pour Chat Boeuf 80g300627","location":"","quantity":"32.0000","quantity_available":"0.0000","units":"1","status":"archived","order_ids":"[34048,35906,36463,36556,36809,36850,36881,38383,38455,38500,38964,39238,39418,40429]","supplier":"Gosbi","po":{"id":"6752","date_created":"2025-12-21 14:26:50","batch_id":"6806","po_number":"","supplier":"Gosbi","cost":null,"regular_price":null,"sale_price":null,"price_margin":null,"price_discount":null}},{"id":"7748","date_created":"2026-02-18 11:16:41","date_expiry":"2027-08-30 00:00:00","user_id":"2760","batch_number":"Natsbi Steamed Pour Chat Boeuf 80g300827","location":"","quantity":"16.0000","quantity_available":"10.0000","units":"1","status":"active","order_ids":"[40626,40988,41268]","supplier":"Gosbi","po":{"id":"7683","date_created":"2026-02-18 11:16:41","batch_id":"7748","po_number":"","supplier":"Gosbi","cost":null,"regular_price":null,"sale_price":null,"price_margin":null,"price_discount":null}}],"_links":{"self":[{"href":"https:\/\/petworld.ma\/index.php\/wp-json\/wp\/v2\/product\/30450","targetHints":{"allow":["GET"]}}],"collection":[{"href":"https:\/\/petworld.ma\/index.php\/wp-json\/wp\/v2\/product"}],"about":[{"href":"https:\/\/petworld.ma\/index.php\/wp-json\/wp\/v2\/types\/product"}],"wp:featuredmedia":[{"embeddable":true,"href":"https:\/\/petworld.ma\/index.php\/wp-json\/wp\/v2\/media\/30451"}],"wp:attachment":[{"href":"https:\/\/petworld.ma\/index.php\/wp-json\/wp\/v2\/media?parent=30450"}],"wp:term":[{"taxonomy":"product_brand","embeddable":true,"href":"https:\/\/petworld.ma\/index.php\/wp-json\/wp\/v2\/product_brand?post=30450"},{"taxonomy":"product_cat","embeddable":true,"href":"https:\/\/petworld.ma\/index.php\/wp-json\/wp\/v2\/product_cat?post=30450"},{"taxonomy":"product_tag","embeddable":true,"href":"https:\/\/petworld.ma\/index.php\/wp-json\/wp\/v2\/product_tag?post=30450"}],"curies":[{"name":"wp","href":"https:\/\/api.w.org\/{rel}","templated":true}]}}