{"id":30452,"date":"2025-11-16T15:46:56","date_gmt":"2025-11-16T15:46:56","guid":{"rendered":"https:\/\/petworld.ma\/?post_type=product&#038;p=30452"},"modified":"2026-05-04T11:52:35","modified_gmt":"2026-05-04T11:52:35","slug":"natsbi-steamed-pour-chat-agneau-80g","status":"publish","type":"product","link":"https:\/\/petworld.ma\/index.php\/produit\/natsbi-steamed-pour-chat-agneau-80g\/","title":{"rendered":"Gosbi Natsbi Steamed Pour Chat Agneau 80g"},"content":{"rendered":"<p>Natsbi Chat\u00a0est l&rsquo;alternative propos\u00e9e par Gosbi pour que les f\u00e9lins puissent \u00e9galement profiter d&rsquo;une\u00a0<strong>alimentation naturelle cuisin\u00e9e.<\/strong><\/p>\n<p>Offrant une saveur maximale et une\u00a0<strong>nutrition optimale<\/strong>\u00a0gr\u00e2ce \u00e0 sa haute teneur en viande et en poisson, ce produit contient des\u00a0<strong>ingr\u00e9dients naturels et frais<\/strong>, sans c\u00e9r\u00e9ales ni \u00e9l\u00e9ments de remplissage.<\/p>\n<p>Con\u00e7u pour les\u00a0<strong>chats adultes et les chatons<\/strong>, avec des morceaux de viande baign\u00e9s dans une sauce savoureuse avec des options monoprot\u00e9iques de b\u0153uf, de saumon, d&rsquo;agneau ou de poulet.<\/p>\n<h4 class=\"ng-star-inserted\"><b>Composition<\/b><\/h4>\n<div class=\"col-12 col-md-7\">\n<div class=\"col-12 col-md-7\">\n<div class=\"col-12 col-md-7\">\n<div class=\"col-12 col-md-7\">\n<div class=\"col-12 col-md-7\">\n<div class=\"col-12 col-md-7\">\n<p>Bouillon*, agneau* (43%), carotte*, panais*, tomate d\u00e9shydrat\u00e9e*, substances min\u00e9rales, produits \u00e0 base de levure, inuline de chicor\u00e9e, algues marines*.<\/p>\n<\/div>\n<\/div>\n<\/div>\n<\/div>\n<\/div>\n<\/div>\n<h4 class=\"ng-star-inserted\"><b>Composants analytiques<\/b><\/h4>\n<div class=\"col-12\">\n<div class=\"col-12\">\n<div class=\"col-12\">\n<div class=\"col-12\">\n<div class=\"col-12\">\n<div class=\"col-12\">\n<p>Prot\u00e9ine brute: 11%, mati\u00e8res grasses brutes: 6%, mati\u00e8res inorganiques: 1,5%, cellulose brute: 1%, humidit\u00e9: 80%.<\/p>\n<\/div>\n<\/div>\n<\/div>\n<\/div>\n<\/div>\n<\/div>\n<h2 class=\"ng-star-inserted\"><b>Instructions d\u2019utilisation<\/b><\/h2>\n<div class=\"col-12\">\n<div class=\"col-12\">\n<div class=\"col-12\">\n<div class=\"col-12\">\n<div class=\"col-12\">\n<p>Conserver dans un endroit frais et sec, \u00e0 l\u2019abri de la lumi\u00e8re directe du soleil. Apr\u00e8s ouverture, conserver au r\u00e9frig\u00e9rateur et utiliser avant 2 jours. Servir en vous aidant des rations quotidiennes recommand\u00e9es. Ces quantit\u00e9s sont indicatives, elles doivent \u00eatre adapt\u00e9es aux besoins \u00e9nerg\u00e9tiques de votre chat. Laissez toujours de l\u2019eau propre et fraiche \u00e0 disposition du chat.<\/p>\n<\/div>\n<\/div>\n<\/div>\n<\/div>\n<\/div>\n","protected":false},"excerpt":{"rendered":"<p>D\u00e9licieux agneau avec bouillon et l\u00e9gumes que votre chat adorera et d\u00e9vorera tout en se nourrissant d&rsquo;ingr\u00e9dients naturels et de premi\u00e8re qualit\u00e9. L&rsquo;agneau offre une saveur distincte et apporte \u00e9galement des nutriments pour maintenir votre chat en bonne sant\u00e9.<\/p>\n","protected":false},"featured_media":30453,"template":"","meta":{"jetpack_publicize_message":"","jetpack_publicize_feature_enabled":true,"jetpack_social_post_already_shared":true,"jetpack_social_options":{"image_generator_settings":{"template":"highway","default_image_id":0,"font":"","enabled":false},"version":2}},"product_brand":[191],"product_cat":[41,239],"product_tag":[],"class_list":{"0":"post-30452","1":"product","2":"type-product","3":"status-publish","4":"has-post-thumbnail","6":"product_brand-gosbi","7":"product_cat-friandises-et-pate-pour-chat","8":"product_cat-pate-humides-chat","10":"first","11":"instock","12":"taxable","13":"shipping-taxable","14":"purchasable","15":"product-type-simple"},"supplier_id":30385,"supplier_sku":"900402","barcode":null,"atum_controlled":true,"out_stock_date":null,"out_stock_threshold":null,"inheritable":false,"inbound_stock":0,"stock_on_hold":4,"sold_today":0,"sales_last_days":6,"reserved_stock":0,"customer_returns":0,"warehouse_damage":0,"lost_in_post":0,"other_logs":0,"out_stock_days":0,"lost_sales":0,"has_location":false,"update_date":"2026-05-10T00:22:07","atum_locations":[],"atum_stock_status":"instock","restock_status":false,"low_stock_amount":8,"sales_update_date":"2026-05-10T00:22:07","calc_backorders":null,"jetpack_publicize_connections":[],"jetpack_sharing_enabled":true,"batches":[{"id":"6248","date_created":"2025-11-16 15:51:28","date_expiry":"2026-12-31 00:00:00","user_id":"2461","batch_number":"Natsbi Steamed Pour Chat Agneau 80g 311226","location":"","quantity":"16.0000","quantity_available":"0.0000","units":"1","status":"archived","order_ids":"[31040,31049,31121,33786,34940,35529,35906,38034,38455,39238]","supplier":"Gosbi","po":{"id":"6194","date_created":"2025-11-16 15:51:29","batch_id":"6248","po_number":"","supplier":"Gosbi","cost":null,"regular_price":null,"sale_price":null,"price_margin":null,"price_discount":null}},{"id":"6805","date_created":"2025-12-21 14:25:12","date_expiry":"2027-07-30 00:00:00","user_id":"2461","batch_number":"Natsbi Steamed Pour Chat Agneau 80g 300727","location":"","quantity":"32.0000","quantity_available":"21.0000","units":"1","status":"active","order_ids":"[39238,40429,41268,41339]","supplier":"Gosbi","po":{"id":"6751","date_created":"2025-12-21 14:25:12","batch_id":"6805","po_number":"","supplier":"Gosbi","cost":null,"regular_price":null,"sale_price":null,"price_margin":null,"price_discount":null}}],"_links":{"self":[{"href":"https:\/\/petworld.ma\/index.php\/wp-json\/wp\/v2\/product\/30452","targetHints":{"allow":["GET"]}}],"collection":[{"href":"https:\/\/petworld.ma\/index.php\/wp-json\/wp\/v2\/product"}],"about":[{"href":"https:\/\/petworld.ma\/index.php\/wp-json\/wp\/v2\/types\/product"}],"wp:featuredmedia":[{"embeddable":true,"href":"https:\/\/petworld.ma\/index.php\/wp-json\/wp\/v2\/media\/30453"}],"wp:attachment":[{"href":"https:\/\/petworld.ma\/index.php\/wp-json\/wp\/v2\/media?parent=30452"}],"wp:term":[{"taxonomy":"product_brand","embeddable":true,"href":"https:\/\/petworld.ma\/index.php\/wp-json\/wp\/v2\/product_brand?post=30452"},{"taxonomy":"product_cat","embeddable":true,"href":"https:\/\/petworld.ma\/index.php\/wp-json\/wp\/v2\/product_cat?post=30452"},{"taxonomy":"product_tag","embeddable":true,"href":"https:\/\/petworld.ma\/index.php\/wp-json\/wp\/v2\/product_tag?post=30452"}],"curies":[{"name":"wp","href":"https:\/\/api.w.org\/{rel}","templated":true}]}}