{"id":30454,"date":"2025-11-16T15:52:13","date_gmt":"2025-11-16T15:52:13","guid":{"rendered":"https:\/\/petworld.ma\/?post_type=product&#038;p=30454"},"modified":"2026-05-06T22:15:16","modified_gmt":"2026-05-06T22:15:16","slug":"natsbi-steamed-pour-chat-saumon-80g","status":"publish","type":"product","link":"https:\/\/petworld.ma\/index.php\/produit\/natsbi-steamed-pour-chat-saumon-80g\/","title":{"rendered":"Gosbi Natsbi Steamed Pour Chat Saumon 80g"},"content":{"rendered":"<p>Natsbi Chat\u00a0est l&rsquo;alternative propos\u00e9e par Gosbi pour que les f\u00e9lins puissent \u00e9galement profiter d&rsquo;une\u00a0<strong>alimentation naturelle cuisin\u00e9e.<\/strong><\/p>\n<p>Offrant une saveur maximale et une\u00a0<strong>nutrition optimale<\/strong>\u00a0gr\u00e2ce \u00e0 sa haute teneur en viande et en poisson, ce produit contient des\u00a0<strong>ingr\u00e9dients naturels et frais<\/strong>, sans c\u00e9r\u00e9ales ni \u00e9l\u00e9ments de remplissage.<\/p>\n<p>Con\u00e7u pour les\u00a0<strong>chats adultes et les chatons<\/strong>, avec des morceaux de viande baign\u00e9s dans une sauce savoureuse avec des options monoprot\u00e9iques de b\u0153uf, de saumon, d&rsquo;agneau ou de poulet.<\/p>\n<h4 class=\"ng-star-inserted\"><b>Composition<\/b><\/h4>\n<div class=\"col-12 col-md-7\">\n<div class=\"col-12 col-md-7\">\n<div class=\"col-12 col-md-7\">\n<div class=\"col-12 col-md-7\">\n<div class=\"col-12 col-md-7\">\n<div class=\"col-12 col-md-7\">\n<div class=\"col-12 col-md-7\">\n<p>Bouillon*, saumon* (45%), carotte*, tomate d\u00e9shydrat\u00e9e*, persil*, substances min\u00e9rales, produits \u00e0 base de levure, inuline de chicor\u00e9e, algues marines*.<\/p>\n<\/div>\n<\/div>\n<\/div>\n<\/div>\n<\/div>\n<\/div>\n<\/div>\n<h4 class=\"ng-star-inserted\"><b>Composants analytiques<\/b><\/h4>\n<div class=\"col-12\">\n<div class=\"col-12\">\n<div class=\"col-12\">\n<div class=\"col-12\">\n<div class=\"col-12\">\n<div class=\"col-12\">\n<div class=\"col-12\">\n<p>Prot\u00e9ine brute: 11%, mati\u00e8res grasses brutes: 8%, mati\u00e8res inorganiques: 1,5%, cellulose brute: 1%, humidit\u00e9: 75%.<\/p>\n<\/div>\n<\/div>\n<\/div>\n<\/div>\n<\/div>\n<\/div>\n<\/div>\n<h2 class=\"ng-star-inserted\"><b>Instructions d\u2019utilisation<\/b><\/h2>\n<div class=\"col-12\">\n<div class=\"col-12\">\n<div class=\"col-12\">\n<div class=\"col-12\">\n<div class=\"col-12\">\n<div class=\"col-12\">\n<p>Conserver dans un endroit frais et sec, \u00e0 l\u2019abri de la lumi\u00e8re directe du soleil. Apr\u00e8s ouverture, conserver au r\u00e9frig\u00e9rateur et utiliser avant 2 jours. Servir en vous aidant des rations quotidiennes recommand\u00e9es. Ces quantit\u00e9s sont indicatives, elles doivent \u00eatre adapt\u00e9es aux besoins \u00e9nerg\u00e9tiques de votre chat. Laissez toujours de l\u2019eau propre et fraiche \u00e0 disposition du chat.<\/p>\n<\/div>\n<\/div>\n<\/div>\n<\/div>\n<\/div>\n<\/div>\n","protected":false},"excerpt":{"rendered":"<p>Notre recette Natsbi Steamed avec poisson sera le plaisir ultime de votre chat. Nous utilisons du saumon, qui apporte des acides gras polyinsatur\u00e9s, sp\u00e9cifiquement des om\u00e9ga-3. Qu&rsquo;est-ce que cela signifie ? Cela signifie que nous nous soucions de sa sant\u00e9 cardiovasculaire, r\u00e9nale et articulaire, ainsi que de la sant\u00e9 de sa peau et de son pelage.<\/p>\n","protected":false},"featured_media":30455,"template":"","meta":{"jetpack_publicize_message":"","jetpack_publicize_feature_enabled":true,"jetpack_social_post_already_shared":true,"jetpack_social_options":{"image_generator_settings":{"template":"highway","default_image_id":0,"font":"","enabled":false},"version":2}},"product_brand":[191],"product_cat":[41,239],"product_tag":[],"class_list":{"0":"post-30454","1":"product","2":"type-product","3":"status-publish","4":"has-post-thumbnail","6":"product_brand-gosbi","7":"product_cat-friandises-et-pate-pour-chat","8":"product_cat-pate-humides-chat","10":"first","11":"instock","12":"taxable","13":"shipping-taxable","14":"purchasable","15":"product-type-simple"},"supplier_id":30385,"supplier_sku":"900403","barcode":null,"atum_controlled":true,"out_stock_date":null,"out_stock_threshold":null,"inheritable":false,"inbound_stock":0,"stock_on_hold":7,"sold_today":0,"sales_last_days":22,"reserved_stock":0,"customer_returns":0,"warehouse_damage":0,"lost_in_post":0,"other_logs":0,"out_stock_days":0,"lost_sales":0,"has_location":false,"update_date":"2026-05-07T19:11:21","atum_locations":[],"atum_stock_status":"instock","restock_status":true,"low_stock_amount":8,"sales_update_date":"2026-05-07T19:11:21","calc_backorders":null,"jetpack_publicize_connections":[],"jetpack_sharing_enabled":true,"batches":[{"id":"6249","date_created":"2025-11-16 15:55:11","date_expiry":"2026-10-30 00:00:00","user_id":"2760","batch_number":"Natsbi Steamed Pour Chat Saumon 80g 301026","location":"","quantity":"16.0000","quantity_available":"0.0000","units":"1","status":"archived","order_ids":"[30476,30727,31049,33786,33941,35529,36336,36467,36690,36806]","supplier":"Gosbi","po":{"id":"6195","date_created":"2025-11-16 15:55:12","batch_id":"6249","po_number":"","supplier":"Gosbi","cost":null,"regular_price":null,"sale_price":null,"price_margin":null,"price_discount":null}},{"id":"6804","date_created":"2025-12-21 14:23:16","date_expiry":"2027-06-30 00:00:00","user_id":"2760","batch_number":"Natsbi Steamed Pour Chat Saumon 80g 300627","location":"","quantity":"48.0000","quantity_available":"19.0000","units":"1","status":"active","order_ids":"[39418,40030,40429,40851,41215,41268,41295,41386,41446,41503]","supplier":"Gosbi","po":{"id":"6750","date_created":"2025-12-21 14:23:16","batch_id":"6804","po_number":"","supplier":"Gosbi","cost":null,"regular_price":null,"sale_price":null,"price_margin":null,"price_discount":null}},{"id":"7749","date_created":"2026-02-18 11:22:25","date_expiry":"2027-06-30 00:00:00","user_id":"2760","batch_number":"Natsbi Steamed Pour Chat Saumon 80g 300627","location":"","quantity":"16.0000","quantity_available":"0.0000","units":"1","status":"archived","order_ids":"[36806,36850,38455,38500,38867,39238,39418]","supplier":"Gosbi","po":{"id":"7684","date_created":"2026-02-18 11:22:25","batch_id":"7749","po_number":"","supplier":"Gosbi","cost":null,"regular_price":null,"sale_price":null,"price_margin":null,"price_discount":null}}],"_links":{"self":[{"href":"https:\/\/petworld.ma\/index.php\/wp-json\/wp\/v2\/product\/30454","targetHints":{"allow":["GET"]}}],"collection":[{"href":"https:\/\/petworld.ma\/index.php\/wp-json\/wp\/v2\/product"}],"about":[{"href":"https:\/\/petworld.ma\/index.php\/wp-json\/wp\/v2\/types\/product"}],"wp:featuredmedia":[{"embeddable":true,"href":"https:\/\/petworld.ma\/index.php\/wp-json\/wp\/v2\/media\/30455"}],"wp:attachment":[{"href":"https:\/\/petworld.ma\/index.php\/wp-json\/wp\/v2\/media?parent=30454"}],"wp:term":[{"taxonomy":"product_brand","embeddable":true,"href":"https:\/\/petworld.ma\/index.php\/wp-json\/wp\/v2\/product_brand?post=30454"},{"taxonomy":"product_cat","embeddable":true,"href":"https:\/\/petworld.ma\/index.php\/wp-json\/wp\/v2\/product_cat?post=30454"},{"taxonomy":"product_tag","embeddable":true,"href":"https:\/\/petworld.ma\/index.php\/wp-json\/wp\/v2\/product_tag?post=30454"}],"curies":[{"name":"wp","href":"https:\/\/api.w.org\/{rel}","templated":true}]}}