{"id":3046,"date":"2023-06-28T15:12:36","date_gmt":"2023-06-28T15:12:36","guid":{"rendered":"https:\/\/petworld.ma\/?post_type=product&#038;p=3046"},"modified":"2026-03-08T13:21:58","modified_gmt":"2026-03-08T13:21:58","slug":"distributeur-de-sacs-lifestyle-vace-15-sacs-iparfume-4nclus","status":"publish","type":"product","link":"https:\/\/petworld.ma\/index.php\/produit\/distributeur-de-sacs-lifestyle-vace-15-sacs-iparfume-4nclus\/","title":{"rendered":"Distributeur de sacs Lifestyle (avec 15 sacs parfum\u00e9 inclus)"},"content":{"rendered":"<h3><span style=\"color: #555555;font-size: 14.4px\">Caract\u00e9ristiques de l&rsquo;article<\/span><\/h3>\n<div class=\"product-block\">\n<div class=\"rte\">\n<div class=\"none\">\n<ul>\n<li>TAILLE : 9,1 x 4,3 x 4,3 cm<\/li>\n<li>Design : sac et support Lifestyle 4 pour animaux de compagnie.<\/li>\n<\/ul>\n<div class=\"block active\">\n<p>Description de l&rsquo;article<\/p>\n<\/div>\n<div class=\"none\">\n<ul>\n<li>Facile \u00e0 attacher \u00e0 la laisse<\/li>\n<li>Contient un rouleau de 15 sacs (inclus)<\/li>\n<li>Parfum\u00e9 \u00e0 la lavande<\/li>\n<\/ul>\n<\/div>\n<\/div>\n<\/div>\n<\/div>\n","protected":false},"excerpt":{"rendered":"<p>Caract\u00e9ristiques de l&rsquo;article TAILLE : 9,1 x 4,3 x 4,3 cm Design : sac et support Lifestyle 4 pour animaux de compagnie. Description de l&rsquo;article Facile \u00e0 attacher \u00e0 la laisse Contient un rouleau de 15 sacs (inclus) Parfum\u00e9 \u00e0 la lavande<\/p>\n","protected":false},"featured_media":3054,"template":"","meta":{"jetpack_publicize_message":"","jetpack_publicize_feature_enabled":true,"jetpack_social_post_already_shared":true,"jetpack_social_options":{"image_generator_settings":{"template":"highway","default_image_id":0,"font":"","enabled":false},"version":2}},"product_brand":[],"product_cat":[92,106,94],"product_tag":[],"class_list":{"0":"post-3046","1":"product","2":"type-product","3":"status-publish","4":"has-post-thumbnail","6":"product_cat-harnais-et-laisses-pour-chien","7":"product_cat-jouet-et-dressage","8":"product_cat-litieres-et-bacs","10":"first","11":"instock","12":"sale","13":"taxable","14":"shipping-taxable","15":"purchasable","16":"product-type-simple"},"supplier_id":5603,"supplier_sku":"5778","barcode":"847922057787","atum_controlled":true,"out_stock_date":null,"out_stock_threshold":null,"inheritable":false,"inbound_stock":0,"stock_on_hold":0,"sold_today":0,"sales_last_days":0,"reserved_stock":0,"customer_returns":0,"warehouse_damage":0,"lost_in_post":0,"other_logs":0,"out_stock_days":0,"lost_sales":0,"has_location":false,"update_date":"2026-04-05T10:35:41","atum_locations":[],"atum_stock_status":"instock","restock_status":false,"low_stock_amount":5,"sales_update_date":"2026-04-05T10:35:40","calc_backorders":null,"jetpack_publicize_connections":[],"jetpack_sharing_enabled":true,"batches":[],"_links":{"self":[{"href":"https:\/\/petworld.ma\/index.php\/wp-json\/wp\/v2\/product\/3046","targetHints":{"allow":["GET"]}}],"collection":[{"href":"https:\/\/petworld.ma\/index.php\/wp-json\/wp\/v2\/product"}],"about":[{"href":"https:\/\/petworld.ma\/index.php\/wp-json\/wp\/v2\/types\/product"}],"wp:featuredmedia":[{"embeddable":true,"href":"https:\/\/petworld.ma\/index.php\/wp-json\/wp\/v2\/media\/3054"}],"wp:attachment":[{"href":"https:\/\/petworld.ma\/index.php\/wp-json\/wp\/v2\/media?parent=3046"}],"wp:term":[{"taxonomy":"product_brand","embeddable":true,"href":"https:\/\/petworld.ma\/index.php\/wp-json\/wp\/v2\/product_brand?post=3046"},{"taxonomy":"product_cat","embeddable":true,"href":"https:\/\/petworld.ma\/index.php\/wp-json\/wp\/v2\/product_cat?post=3046"},{"taxonomy":"product_tag","embeddable":true,"href":"https:\/\/petworld.ma\/index.php\/wp-json\/wp\/v2\/product_tag?post=3046"}],"curies":[{"name":"wp","href":"https:\/\/api.w.org\/{rel}","templated":true}]}}